{"id":461,"date":"2012-06-02T03:00:54","date_gmt":"2012-06-02T03:00:54","guid":{"rendered":"http:\/\/www2.unifap.br\/direito\/?page_id=461"},"modified":"2022-09-05T02:35:15","modified_gmt":"2022-09-05T02:35:15","slug":"sobre-o-curso","status":"publish","type":"page","link":"https:\/\/www2.unifap.br\/direito\/sobre-o-curso\/","title":{"rendered":"Sobre o Curso"},"content":{"rendered":"<p>O curso de Bacharelado em Direito est\u00e1 presente desde o primeiro vestibular ofertado pela Universidade Federal do Amap\u00e1 (UNIFAP), em 1991. Com ingresso de 50 vagas anuais o curso j\u00e1 formou mais de 1.000 bachar\u00e9is no Estado do Amap\u00e1 que atuam profissionalmente em diversas \u00e1reas.<\/p>\n<p>\u00c9 um curso de s\u00f3lida forma\u00e7\u00e3o te\u00f3rica e pr\u00e1tica, o que se pode constatar pela constante aprova\u00e7\u00e3o de nossos egressos em concursos p\u00fablicos, na atua\u00e7\u00e3o de qualidade dos profissionais advogados formados pela UNIFAP, pelo constante excelente desempenho no Exame Nacional de Desempenho de Estudante (ENADE) e pelo reconhecimento reiterado da Ordem dos Advogados do Brasil em premiar o curso com o selo de qualidade OAB RECOMENDA.<\/p>\n<p>Estes resultados somente podem ser alcan\u00e7ados pela conjuga\u00e7\u00e3o de esfor\u00e7os de alunos comprometidos com a carga de leitura e an\u00e1lise que o curso exige, de um corpo docente de excel\u00eancia, de uma equipe t\u00e9cnica sempre atenta \u00e0s necessidades do curso e pelo suporte institucional. \u00c9 um curso desenvolvido em 10 semestres, nos quais o formando ter\u00e1 uma s\u00e9rie de estudos e atividades a desenvolver, com aulas no per\u00edodo da noite e tamb\u00e9m pela manh\u00e3 e tarde.<\/p>\n<p>Ao final do per\u00edodo formativo, quando receber a outorga de grau de Bacharel em Direito o egresso poder\u00e1 escolher sua carreira, dentro de um leque de possibilidades, tais como tornar-se advogado, assessor jur\u00eddico, consultor, delegado de pol\u00edcia, promotor de justi\u00e7a, juiz, analista judici\u00e1rio e muitas outras oportunidades.<\/p>\n","protected":false},"excerpt":{"rendered":"<p>O curso de Bacharelado em Direito est\u00e1 presente desde o primeiro vestibular ofertado pela Universidade Federal do Amap\u00e1 (UNIFAP), em 1991. Com ingresso de 50 vagas anuais o curso j\u00e1 formou mais de 1.000 bachar\u00e9is no Estado do Amap\u00e1 que&hellip; <\/p>\n<p><a href=\"https:\/\/www2.unifap.br\/direito\/sobre-o-curso\/\" class=\"readmore-button\">Continue Reading<\/a><\/p>\n","protected":false},"author":63,"featured_media":0,"parent":0,"menu_order":0,"comment_status":"open","ping_status":"open","template":"","meta":{"inline_featured_image":false,"ngg_post_thumbnail":0,"footnotes":""},"class_list":["post-461","page","type-page","status-publish","hentry"],"_links":{"self":[{"href":"https:\/\/www2.unifap.br\/direito\/wp-json\/wp\/v2\/pages\/461","targetHints":{"allow":["GET"]}}],"collection":[{"href":"https:\/\/www2.unifap.br\/direito\/wp-json\/wp\/v2\/pages"}],"about":[{"href":"https:\/\/www2.unifap.br\/direito\/wp-json\/wp\/v2\/types\/page"}],"author":[{"embeddable":true,"href":"https:\/\/www2.unifap.br\/direito\/wp-json\/wp\/v2\/users\/63"}],"replies":[{"embeddable":true,"href":"https:\/\/www2.unifap.br\/direito\/wp-json\/wp\/v2\/comments?post=461"}],"version-history":[{"count":9,"href":"https:\/\/www2.unifap.br\/direito\/wp-json\/wp\/v2\/pages\/461\/revisions"}],"predecessor-version":[{"id":3742,"href":"https:\/\/www2.unifap.br\/direito\/wp-json\/wp\/v2\/pages\/461\/revisions\/3742"}],"wp:attachment":[{"href":"https:\/\/www2.unifap.br\/direito\/wp-json\/wp\/v2\/media?parent=461"}],"curies":[{"name":"wp","href":"https:\/\/api.w.org\/{rel}","templated":true}]}}