{"id":611,"date":"2013-11-22T20:38:35","date_gmt":"2013-11-22T20:38:35","guid":{"rendered":"http:\/\/www2.unifap.br\/direito\/?page_id=611"},"modified":"2022-09-05T02:37:39","modified_gmt":"2022-09-05T02:37:39","slug":"planos-de-ensino-2","status":"publish","type":"page","link":"https:\/\/www2.unifap.br\/direito\/planos-de-ensino-2\/","title":{"rendered":"Planos de Ensino"},"content":{"rendered":"<p style=\"text-align: center\"><strong style=\"font-size: 2em\">&nbsp;<\/strong><em><strong><a title=\"Planos 2016.2\" href=\"http:\/\/www2.unifap.br\/direito\/planos-de-ensino-2\/planos-2016-2\/\">PLANOS 2016.2<\/a><\/strong><\/em><\/p>\n<p style=\"text-align: center\"><a title=\"Planos 2016.1\" href=\"http:\/\/www2.unifap.br\/direito\/planos-de-ensino-2\/2624-2\/\"><i><b>PLANOS 2016.1<\/b><\/i><\/a><\/p>\n<p>&nbsp;<\/p>\n<p style=\"text-align: center\"><b><i>&nbsp;<\/i><\/b><\/p>\n<ul>\n<li>\n<h1><strong>1\u00ba SEMESTRE<\/strong><\/h1>\n<\/li>\n<\/ul>\n<p><a href=\"http:\/\/www2.unifap.br\/direito\/files\/2013\/11\/PE-Antropologia-Jur\u00eddica2.pdf\">Antropologia Jur\u00eddica<\/a><\/p>\n<p><a href=\"http:\/\/www2.unifap.br\/direito\/files\/2013\/11\/PE-Direito-Humanos2.pdf\">Direito Humanos<\/a><\/p>\n<p><a href=\"http:\/\/www2.unifap.br\/direito\/files\/2013\/11\/PE-IED-I2.pdf\">Introdu\u00e7\u00e3o ao Estudo do Direito I<\/a><\/p>\n<p><a href=\"http:\/\/www2.unifap.br\/direito\/files\/2013\/11\/PE-LPC1.pdf\">L\u00edngua Portuguesa e Comunica\u00e7\u00e3o<\/a><\/p>\n<p><a href=\"http:\/\/www2.unifap.br\/direito\/files\/2013\/11\/PE-TGE1.pdf\">Teoria Geral do Estado<\/a><\/p>\n<p><a href=\"http:\/\/www2.unifap.br\/direito\/files\/2013\/11\/METODOLOGIA-CIENT\u00cdFICA.pdf\">Metodologia Cient\u00edfica<\/a><\/p>\n<ul>\n<li>\n<h1><strong>2\u00b0 SEMESTRE<\/strong><\/h1>\n<\/li>\n<\/ul>\n<p><a href=\"http:\/\/www2.unifap.br\/direito\/files\/2013\/11\/PE-Filosofia-Jur\u00eddica1.pdf\">Filosofia Jur\u00eddica<\/a><\/p>\n<p><a href=\"http:\/\/www2.unifap.br\/direito\/files\/2013\/11\/PE-Fundamentos-da-Economia.pdf\">Fundamentos da Economia<\/a><\/p>\n<p><a href=\"http:\/\/www2.unifap.br\/direito\/files\/2013\/11\/PE-IED-II.pdf\">Introdu\u00e7\u00e3o ao Estudo do Direito II<\/a><\/p>\n<ul>\n<li>\n<h1><strong>3\u00ba SEMESTRE<\/strong><\/h1>\n<\/li>\n<\/ul>\n<p><a href=\"http:\/\/www2.unifap.br\/direito\/files\/2013\/11\/PE-Deontologia-Jur\u00eddica.pdf\">Deontologia Jur\u00eddica<\/a><\/p>\n<p><a href=\"http:\/\/www2.unifap.br\/direito\/files\/2013\/11\/PE-Direito-Administrativo-I.pdf\">Direito Administrativo I<\/a><\/p>\n<p><a href=\"http:\/\/www2.unifap.br\/direito\/files\/2013\/11\/PE-Direito-Civil-II.pdf\">Direito Civil II<\/a><\/p>\n<p><a href=\"http:\/\/www2.unifap.br\/direito\/files\/2013\/11\/PE-Direito-Penal-I.pdf\">Direito Penal I<\/a><\/p>\n<p><a href=\"http:\/\/www2.unifap.br\/direito\/files\/2013\/11\/PE-Teoria-Geral-do-Processo.pdf\">Teoria Geral do Processo<\/a><\/p>\n<ul>\n<li>\n<h6><strong><span style=\"color: #000000;font-size: 2.4em;line-height: 1.5em\">4\u00ba SEMESTRE<\/span><\/strong><\/h6>\n<\/li>\n<\/ul>\n<p><a href=\"http:\/\/www2.unifap.br\/direito\/files\/2013\/11\/PE-Direito-Internacional-privado.pdf\">Direito Internacional privado<\/a><\/p>\n<p><a href=\"http:\/\/www2.unifap.br\/direito\/files\/2013\/11\/PE-Direito-Penal-II.pdf\">Direito Penal II<\/a><\/p>\n<p><a href=\"http:\/\/www2.unifap.br\/direito\/files\/2013\/11\/PE-Direito-Processual-Civil-I.pdf\">Direito Processual Civil I<\/a><\/p>\n<ul>\n<li>\n<h6><strong><span style=\"color: #000000;font-size: 2.4em;line-height: 1.5em\">5\u00ba SEMESTRE<\/span><\/strong><\/h6>\n<\/li>\n<\/ul>\n<p><a href=\"http:\/\/www2.unifap.br\/direito\/files\/2013\/11\/PE-Direito-Empresarial-I.pdf\">Direito Empresarial I<\/a><\/p>\n<p><a href=\"http:\/\/www2.unifap.br\/direito\/files\/2013\/11\/PE-Direito-Internacional-P\u00fablico.pdf\">Direito Internacional P\u00fablico<\/a><\/p>\n<p><a href=\"http:\/\/www2.unifap.br\/direito\/files\/2013\/11\/PE-Direito-Penal-III.pdf\">Direito Penal III<\/a><\/p>\n<p><a href=\"http:\/\/www2.unifap.br\/direito\/files\/2013\/11\/PE-Direito-Tribut\u00e1rio.pdf\">Direito Tribut\u00e1rio<\/a><\/p>\n<p><a href=\"http:\/\/www2.unifap.br\/direito\/files\/2013\/11\/PE-Est\u00e1gio-e-Pr\u00e1tica-Jur\u00eddica-I.pdf\">Est\u00e1gio e Pr\u00e1tica Jur\u00eddica I<\/a><\/p>\n<ul>\n<li>\n<h6><strong><span style=\"color: #000000;font-size: 2.4em;line-height: 1.5em\">6\u00ba SEMESTRE<\/span><\/strong><\/h6>\n<\/li>\n<\/ul>\n<p><a href=\"http:\/\/www2.unifap.br\/direito\/files\/2013\/11\/PE-Direito-agr\u00e1rio.pdf\">Direito agr\u00e1rio<\/a><\/p>\n<p><a href=\"http:\/\/www2.unifap.br\/direito\/files\/2013\/11\/PE-Direito-Civil-V.pdf\">Direito Civil V<\/a><\/p>\n<p><a href=\"http:\/\/www2.unifap.br\/direito\/files\/2013\/11\/PE-Direito-empresarial-II.pdf\">Direito empresarial II<\/a><\/p>\n<p><a href=\"http:\/\/www2.unifap.br\/direito\/files\/2013\/11\/PE-Direito-Penal-IV.pdf\">Direito Penal IV<\/a><\/p>\n<p><a href=\"http:\/\/www2.unifap.br\/direito\/files\/2013\/11\/PE-Est\u00e1gio-e-Pr\u00e1tica-Jur\u00eddica-II.pdf\">Est\u00e1gio e Pr\u00e1tica Jur\u00eddica II<\/a><\/p>\n<p><a href=\"http:\/\/www2.unifap.br\/direito\/files\/2013\/11\/PE-Sociologia-Jur\u00eddica.pdf\">Sociologia Jur\u00eddica<\/a><\/p>\n<ul>\n<li>\n<h1><strong>7\u00ba SEMESTRE<\/strong><\/h1>\n<\/li>\n<\/ul>\n<p><a href=\"http:\/\/www2.unifap.br\/direito\/files\/2013\/11\/PE-Direito-Ambiental-I.pdf\">Direito Ambiental I<\/a><\/p>\n<p><a href=\"http:\/\/www2.unifap.br\/direito\/files\/2013\/11\/PE-Direito-das-sucess\u00f5es-VI.pdf\">Direito das sucess\u00f5es VI<\/a><\/p>\n<p><a href=\"http:\/\/www2.unifap.br\/direito\/files\/2013\/11\/PE-Direito-Processual-Penal-I.pdf\">Direito Processual Penal I<\/a><\/p>\n<p><a href=\"http:\/\/www2.unifap.br\/direito\/files\/2013\/11\/PE-Est\u00e1gio-e-Pr\u00e1tica-Juridica-III.pdf\">Est\u00e1gio e Pr\u00e1tica Juridica III<\/a><\/p>\n<p><a href=\"http:\/\/www2.unifap.br\/direito\/files\/2013\/11\/PE-Estatuto-da-Crian\u00e7a-e-do-Adolescente.pdf\">Estatuto da Crian\u00e7a e do Adolescente<\/a><\/p>\n<ul>\n<li>\n<h1><strong>8\u00ba SEMESTRE<\/strong><\/h1>\n<\/li>\n<\/ul>\n<p><a href=\"http:\/\/www2.unifap.br\/direito\/files\/2013\/11\/PE-Direito-ambiental-II.pdf\">Direito ambiental II<\/a><\/p>\n<p><a href=\"http:\/\/www2.unifap.br\/direito\/files\/2013\/11\/PE-Direito-economico.pdf\">Direito economico<\/a><\/p>\n<p><a href=\"http:\/\/www2.unifap.br\/direito\/files\/2013\/11\/PE-Direito-Empresarial-IV.pdf\">Direito Empresarial IV<\/a><\/p>\n<p><a href=\"http:\/\/www2.unifap.br\/direito\/files\/2013\/11\/PE-Direito-Processual-Penal-II.pdf\">Direito Processual Penal II<\/a><\/p>\n<ul>\n<li>\n<h1><strong>9\u00ba SEMESTRE<\/strong><\/h1>\n<\/li>\n<\/ul>\n<p><a href=\"http:\/\/www2.unifap.br\/direito\/files\/2013\/11\/PE-Arbitragem-e-Media\u00e7\u00e3o.pdf\">Arbitragem e Media\u00e7\u00e3o<\/a><\/p>\n<p><a href=\"http:\/\/www2.unifap.br\/direito\/files\/2013\/11\/PE-Direito-da-Navega\u00e7\u00e3o.pdf\">Direito da Navega\u00e7\u00e3o<\/a><\/p>\n<p><a href=\"http:\/\/www2.unifap.br\/direito\/files\/2013\/11\/PE-Direito-da-Seguridade-Social.pdf\">Direito da Seguridade Social<\/a><\/p>\n<p><a href=\"http:\/\/www2.unifap.br\/direito\/files\/2013\/11\/PE-Direito-eleitoral.pdf\">Direito eleitoral<\/a><\/p>\n<p><a href=\"http:\/\/www2.unifap.br\/direito\/files\/2013\/11\/PE-Estagio-e-Pr\u00e1tica-Jur\u00eddica-V.pdf\">Estagio e Pr\u00e1tica Jur\u00eddica V<\/a><\/p>\n<ul>\n<li>\n<h1><strong>10\u00ba SEMESTRE<\/strong><\/h1>\n<\/li>\n<\/ul>\n<p><a href=\"http:\/\/www2.unifap.br\/direito\/files\/2013\/11\/PE-Direito-do-Consumidor.pdf\">Direito do Consumidor<\/a><\/p>\n<p><a href=\"http:\/\/www2.unifap.br\/direito\/files\/2013\/11\/PE-Direito-Ind\u00edgena.pdf\">Direito Ind\u00edgena<\/a><\/p>\n<p><a href=\"http:\/\/www2.unifap.br\/direito\/files\/2013\/11\/Plano-de-Ensino-Direito-da-Inform\u00e1tica.pdf\">Direito da Inform\u00e1tica<\/a><\/p>\n<p><a href=\"http:\/\/www2.unifap.br\/direito\/files\/2013\/11\/PE-Psicologia-Jur\u00eddica.pdf\"> Psicologia Jur\u00eddica<\/a><\/p>\n<p><a href=\"http:\/\/www2.unifap.br\/direito\/files\/2013\/11\/PE-Temas-Emergentes.pdf\">Temas Emergentes<\/a><\/p>\n<p>&nbsp;<\/p>\n","protected":false},"excerpt":{"rendered":"<p>&nbsp;PLANOS 2016.2 PLANOS 2016.1 &nbsp; &nbsp; 1\u00ba SEMESTRE Antropologia Jur\u00eddica Direito Humanos Introdu\u00e7\u00e3o ao Estudo do Direito I L\u00edngua Portuguesa e Comunica\u00e7\u00e3o Teoria Geral do Estado Metodologia Cient\u00edfica 2\u00b0 SEMESTRE Filosofia Jur\u00eddica Fundamentos da Economia Introdu\u00e7\u00e3o ao Estudo do Direito&hellip; <\/p>\n<p><a href=\"https:\/\/www2.unifap.br\/direito\/planos-de-ensino-2\/\" class=\"readmore-button\">Continue Reading<\/a><\/p>\n","protected":false},"author":63,"featured_media":0,"parent":0,"menu_order":0,"comment_status":"open","ping_status":"closed","template":"","meta":{"inline_featured_image":false,"ngg_post_thumbnail":0,"footnotes":""},"class_list":["post-611","page","type-page","status-publish","hentry"],"_links":{"self":[{"href":"https:\/\/www2.unifap.br\/direito\/wp-json\/wp\/v2\/pages\/611","targetHints":{"allow":["GET"]}}],"collection":[{"href":"https:\/\/www2.unifap.br\/direito\/wp-json\/wp\/v2\/pages"}],"about":[{"href":"https:\/\/www2.unifap.br\/direito\/wp-json\/wp\/v2\/types\/page"}],"author":[{"embeddable":true,"href":"https:\/\/www2.unifap.br\/direito\/wp-json\/wp\/v2\/users\/63"}],"replies":[{"embeddable":true,"href":"https:\/\/www2.unifap.br\/direito\/wp-json\/wp\/v2\/comments?post=611"}],"version-history":[{"count":31,"href":"https:\/\/www2.unifap.br\/direito\/wp-json\/wp\/v2\/pages\/611\/revisions"}],"predecessor-version":[{"id":3749,"href":"https:\/\/www2.unifap.br\/direito\/wp-json\/wp\/v2\/pages\/611\/revisions\/3749"}],"wp:attachment":[{"href":"https:\/\/www2.unifap.br\/direito\/wp-json\/wp\/v2\/media?parent=611"}],"curies":[{"name":"wp","href":"https:\/\/api.w.org\/{rel}","templated":true}]}}