{"id":679,"date":"2013-11-25T11:49:48","date_gmt":"2013-11-25T11:49:48","guid":{"rendered":"http:\/\/www2.unifap.br\/direito\/?page_id=679"},"modified":"2022-09-19T13:16:30","modified_gmt":"2022-09-19T13:16:30","slug":"legislacao","status":"publish","type":"page","link":"https:\/\/www2.unifap.br\/direito\/legislacao\/","title":{"rendered":"Legisla\u00e7\u00f5es e Normas"},"content":{"rendered":"<p><a href=\"http:\/\/www.planalto.gov.br\/ccivil_03\/constituicao\/ConstituicaoCompilado.htm\">Constitui\u00e7\u00e3o Federal<\/a><\/p>\n<p><a href=\"http:\/\/www.planalto.gov.br\/ccivil_03\/leis\/L9394compilado.htm\">Lei de Diretrizes e Bases da Educa\u00e7\u00e3o<\/a><\/p>\n<p><a href=\"http:\/\/www2.unifap.br\/direito\/legislacao\/regimento-geral-unifap\/\" rel=\"attachment wp-att-3174\">REGIMENTO GERAL UNIFAP<\/a><\/p>\n<p><a href=\"http:\/\/www2.unifap.br\/direito\/files\/2022\/09\/PORTARIA-DE-RENOVACAO-DO-RECONHECIMENTO-DO-CURSO-DE-DIREITO-UNIFAP.pdf\">PORTARIA DE RENOVA\u00c7\u00c3O DO RECONHECIMENTO DO CURSO DE DIREITO &#8211; UNIFAP<\/a><\/p>\n<p><a href=\"http:\/\/www2.unifap.br\/direito\/files\/2013\/11\/Resolu\u00e7a\u00f5-de-abono-de-falta.pdf\">Orienta\u00e7\u00e3o sobre abono de falta<\/a><\/p>\n<p><a href=\"http:\/\/www2.unifap.br\/direito\/files\/2013\/11\/Decreto-Lei-715-1969.pdf\">Abono de faltas para acad\u00eamicos com afec\u00e7\u00f5es (Decreto-Lei 715-1969)<\/a><\/p>\n<p><a href=\"http:\/\/www2.unifap.br\/direito\/files\/2013\/11\/Resolu\u00e7\u00e3o-n-26-2011.pdf\">Sistem\u00e1tica de avalia\u00e7\u00e3o e aprendizagem (Resolu\u00e7\u00e3o n\u00ba 26-2011)<\/a><\/p>\n<p><a href=\"http:\/\/www2.unifap.br\/direito\/files\/2022\/09\/RESOLUCAO-N.-11-2010-CONSU_UNIFAP.pdf\">Resolu\u00e7\u00e3o n.\u00ba 11\/2010 &#8211; Regulamenta o aproveitamento de disciplina<\/a><\/p>\n<p><a href=\"http:\/\/www2.unifap.br\/direito\/files\/2016\/10\/Resolu\u00e7\u00e3o-n\u00ba-020-2015-Estabelece-as-diretrizes-do-PAID.-Revoga-a-resolu\u00e7\u00e3o-07-2015.pdf\">Resolu\u00e7\u00e3o-n\u00ba-020-2015-Estabelece-as-diretrizes-do-PAID.<\/a><\/p>\n<p><a href=\"http:\/\/www2.unifap.br\/direito\/files\/2016\/10\/Resolu\u00e7\u00e3o-n\u00ba-06-2016-Aprova-altera\u00e7\u00e3o-na-Res.-020-2015.pdf\">Resolu\u00e7\u00e3o-n\u00ba-06-2016-Aprova-altera\u00e7\u00e3o-na-Res.-020-2015<\/a><\/p>\n<p>&nbsp;<\/p>\n","protected":false},"excerpt":{"rendered":"<p>Constitui\u00e7\u00e3o Federal Lei de Diretrizes e Bases da Educa\u00e7\u00e3o REGIMENTO GERAL UNIFAP PORTARIA DE RENOVA\u00c7\u00c3O DO RECONHECIMENTO DO CURSO DE DIREITO &#8211; UNIFAP Orienta\u00e7\u00e3o sobre abono de falta Abono de faltas para acad\u00eamicos com afec\u00e7\u00f5es (Decreto-Lei 715-1969) Sistem\u00e1tica de avalia\u00e7\u00e3o&hellip; <\/p>\n<p><a href=\"https:\/\/www2.unifap.br\/direito\/legislacao\/\" class=\"readmore-button\">Continue Reading<\/a><\/p>\n","protected":false},"author":63,"featured_media":0,"parent":0,"menu_order":1,"comment_status":"open","ping_status":"open","template":"","meta":{"inline_featured_image":false,"ngg_post_thumbnail":0,"footnotes":""},"class_list":["post-679","page","type-page","status-publish","hentry"],"_links":{"self":[{"href":"https:\/\/www2.unifap.br\/direito\/wp-json\/wp\/v2\/pages\/679","targetHints":{"allow":["GET"]}}],"collection":[{"href":"https:\/\/www2.unifap.br\/direito\/wp-json\/wp\/v2\/pages"}],"about":[{"href":"https:\/\/www2.unifap.br\/direito\/wp-json\/wp\/v2\/types\/page"}],"author":[{"embeddable":true,"href":"https:\/\/www2.unifap.br\/direito\/wp-json\/wp\/v2\/users\/63"}],"replies":[{"embeddable":true,"href":"https:\/\/www2.unifap.br\/direito\/wp-json\/wp\/v2\/comments?post=679"}],"version-history":[{"count":14,"href":"https:\/\/www2.unifap.br\/direito\/wp-json\/wp\/v2\/pages\/679\/revisions"}],"predecessor-version":[{"id":3768,"href":"https:\/\/www2.unifap.br\/direito\/wp-json\/wp\/v2\/pages\/679\/revisions\/3768"}],"wp:attachment":[{"href":"https:\/\/www2.unifap.br\/direito\/wp-json\/wp\/v2\/media?parent=679"}],"curies":[{"name":"wp","href":"https:\/\/api.w.org\/{rel}","templated":true}]}}