{"id":14,"date":"2014-12-02T12:20:04","date_gmt":"2014-12-02T12:20:04","guid":{"rendered":"http:\/\/www2.unifap.br\/dmad\/?page_id=14"},"modified":"2017-02-15T22:27:22","modified_gmt":"2017-02-15T22:27:22","slug":"pos-graduacao","status":"publish","type":"page","link":"https:\/\/www2.unifap.br\/dmad\/pos-graduacao\/","title":{"rendered":"P\u00d3S-GRADUA\u00c7\u00c3O"},"content":{"rendered":"","protected":false},"excerpt":{"rendered":"","protected":false},"author":601,"featured_media":0,"parent":0,"menu_order":4,"comment_status":"open","ping_status":"closed","template":"","meta":{"inline_featured_image":false,"ngg_post_thumbnail":0,"footnotes":""},"class_list":["post-14","page","type-page","status-publish","hentry"],"_links":{"self":[{"href":"https:\/\/www2.unifap.br\/dmad\/wp-json\/wp\/v2\/pages\/14","targetHints":{"allow":["GET"]}}],"collection":[{"href":"https:\/\/www2.unifap.br\/dmad\/wp-json\/wp\/v2\/pages"}],"about":[{"href":"https:\/\/www2.unifap.br\/dmad\/wp-json\/wp\/v2\/types\/page"}],"author":[{"embeddable":true,"href":"https:\/\/www2.unifap.br\/dmad\/wp-json\/wp\/v2\/users\/601"}],"replies":[{"embeddable":true,"href":"https:\/\/www2.unifap.br\/dmad\/wp-json\/wp\/v2\/comments?post=14"}],"version-history":[{"count":18,"href":"https:\/\/www2.unifap.br\/dmad\/wp-json\/wp\/v2\/pages\/14\/revisions"}],"predecessor-version":[{"id":233,"href":"https:\/\/www2.unifap.br\/dmad\/wp-json\/wp\/v2\/pages\/14\/revisions\/233"}],"wp:attachment":[{"href":"https:\/\/www2.unifap.br\/dmad\/wp-json\/wp\/v2\/media?parent=14"}],"curies":[{"name":"wp","href":"https:\/\/api.w.org\/{rel}","templated":true}]}}