{"id":218,"date":"2017-02-15T21:51:18","date_gmt":"2017-02-15T21:51:18","guid":{"rendered":"http:\/\/www2.unifap.br\/dmad\/?page_id=218"},"modified":"2018-04-19T17:59:08","modified_gmt":"2018-04-19T17:59:08","slug":"especializacao-cemapg","status":"publish","type":"page","link":"https:\/\/www2.unifap.br\/dmad\/pos-graduacao\/especializacao-cemapg\/","title":{"rendered":"Especializa\u00e7\u00e3o (CEMAPG)"},"content":{"rendered":"<p><strong>Bem vindo ao Curso de Especializa\u00e7\u00e3o em Meio Ambiente, Petr\u00f3leo e G\u00e1s (CEMAPG)<\/strong><br \/>\nP\u00f3s-gradua\u00e7\u00e3o <em>Lato Sensu <\/em> em parceria entre UNIFAP e SEBRAE\/AP.<\/p>\n<p><strong>AULA INAUGURAL: 18 DE ABRIL DE 2017, AUDIT\u00d3RIO DO SEBRAE\/AP, 19:00.<\/strong><br \/>\nConfer\u00eancia: \u201cA Ind\u00fastria de Explora\u00e7\u00e3o e Produ\u00e7\u00e3o do Petr\u00f3leo e G\u00e1s e sua Rela\u00e7\u00e3o com o Meio Ambiente\u201d<br \/>\nPor Aline Wyllie Rodrigues e Henri Houllevigue (Total E&amp;P do Brasil)<\/p>\n<p><strong><a href=\"http:\/\/www2.unifap.br\/dmad\/files\/2017\/02\/Calendario-aulas-CEMAPG.pdf\">CALEND\u00c1RIO DE AULAS<\/a><\/strong> <\/p>\n","protected":false},"excerpt":{"rendered":"<p>Bem vindo ao Curso de Especializa\u00e7\u00e3o em Meio Ambiente, Petr\u00f3leo e G\u00e1s (CEMAPG) P\u00f3s-gradua\u00e7\u00e3o Lato Sensu em parceria entre UNIFAP e SEBRAE\/AP. AULA INAUGURAL: 18 DE ABRIL DE 2017, AUDIT\u00d3RIO DO SEBRAE\/AP, 19:00. Confer\u00eancia: \u201cA Ind\u00fastria de Explora\u00e7\u00e3o e Produ\u00e7\u00e3o&hellip; <\/p>\n<p><a href=\"https:\/\/www2.unifap.br\/dmad\/pos-graduacao\/especializacao-cemapg\/\" class=\"readmore-button\">Continue Reading<\/a><\/p>\n","protected":false},"author":601,"featured_media":0,"parent":14,"menu_order":0,"comment_status":"open","ping_status":"open","template":"","meta":{"inline_featured_image":false,"ngg_post_thumbnail":0,"footnotes":""},"class_list":["post-218","page","type-page","status-publish","hentry"],"_links":{"self":[{"href":"https:\/\/www2.unifap.br\/dmad\/wp-json\/wp\/v2\/pages\/218","targetHints":{"allow":["GET"]}}],"collection":[{"href":"https:\/\/www2.unifap.br\/dmad\/wp-json\/wp\/v2\/pages"}],"about":[{"href":"https:\/\/www2.unifap.br\/dmad\/wp-json\/wp\/v2\/types\/page"}],"author":[{"embeddable":true,"href":"https:\/\/www2.unifap.br\/dmad\/wp-json\/wp\/v2\/users\/601"}],"replies":[{"embeddable":true,"href":"https:\/\/www2.unifap.br\/dmad\/wp-json\/wp\/v2\/comments?post=218"}],"version-history":[{"count":14,"href":"https:\/\/www2.unifap.br\/dmad\/wp-json\/wp\/v2\/pages\/218\/revisions"}],"predecessor-version":[{"id":409,"href":"https:\/\/www2.unifap.br\/dmad\/wp-json\/wp\/v2\/pages\/218\/revisions\/409"}],"up":[{"embeddable":true,"href":"https:\/\/www2.unifap.br\/dmad\/wp-json\/wp\/v2\/pages\/14"}],"wp:attachment":[{"href":"https:\/\/www2.unifap.br\/dmad\/wp-json\/wp\/v2\/media?parent=218"}],"curies":[{"name":"wp","href":"https:\/\/api.w.org\/{rel}","templated":true}]}}