{"id":234,"date":"2017-02-15T22:29:42","date_gmt":"2017-02-15T22:29:42","guid":{"rendered":"http:\/\/www2.unifap.br\/dmad\/?page_id=234"},"modified":"2017-04-19T17:16:34","modified_gmt":"2017-04-19T17:16:34","slug":"apresentacao","status":"publish","type":"page","link":"https:\/\/www2.unifap.br\/dmad\/pos-graduacao\/especializacao-cemapg\/apresentacao\/","title":{"rendered":"Apresenta\u00e7\u00e3o"},"content":{"rendered":"<p>A 11\u00aa Rodada de Licita\u00e7\u00e3o promovida pela Ag\u00eancia Nacional de Petr\u00f3leo, G\u00e1s Natural e Biocombust\u00edveis (ANP) contemplou blocos das bacias mar\u00edtimas da Foz do Amazonas, alguns destes localizados na costa amapaense<br \/>\nAs empresas Total (grupo empresarial franc\u00eas), Petrobr\u00e1s, British Petroleum (brit\u00e2nica) e Queiroz Galv\u00e3o venceram a maioria dos blocos licitados para pesquisa na Bacia da Foz do Amazonas e diante da poss\u00edvel viabilidade de ocorr\u00eancia de petr\u00f3leo e g\u00e1s t\u00eam sinalizado interesse em dialogar com os Governos locais para antecipar oportunidades e preven\u00e7\u00f5es.<br \/>\nO Bloco FZA-M-57 do Setor SFZA-AP1, localizado mais ao norte do setor, em \u00e1guas profundas da costa amapaense, teve b\u00f4nus de assinatura no valor de R$ 345.950.100,00 ofertado pelo cons\u00f3rcio vencedor liderado pela empresa Total (40%) e tendo a participa\u00e7\u00e3o da Petrobras (30%) e British Petroleum (30%). Esse foi o maior b\u00f4nus pago na 11\u00aa Rodada da ANP.<br \/>\nA Ag\u00eancia Nacional de Petr\u00f3leo (ANP) estima exist\u00eancia de reserva (ainda n\u00e3o comprovada) da ordem de 14 bilh\u00f5es de barris de petr\u00f3leo e 1.132,8 bilh\u00f5es de metros c\u00fabicos de g\u00e1s. Em termos comparativos, o montante de reservas do Pa\u00eds provadas atualmente \u00e9 de 15,6 bilh\u00f5es de barris de petr\u00f3leo, al\u00e9m de 458,2 bilh\u00f5es de metros c\u00fabicos de g\u00e1s natural. Caso as reservas dos blocos da bacia da Foz do Amazonas sejam provadas, a produ\u00e7\u00e3o do Pa\u00eds poder\u00e1 duplicar nos pr\u00f3ximos anos.<br \/>\nOs blocos da costa do Amap\u00e1 s\u00e3o classificados em termos de localiza\u00e7\u00e3o em: blocos de \u00e1guas rasas (AR) e blocos de \u00e1guas profundas (AP). Os blocos de \u00e1guas profundas s\u00e3o os que apresentam maior expectativa de viabilidade econ\u00f4mica. S\u00e3o blocos afastados da costa (Offshore) que apresentam dist\u00e2ncia maior que 60 quil\u00f4metros da linha de costa e profundidade superior a 3.000 metros.<br \/>\nUm dos maiores problemas a ser enfrentado pelas empresas de petr\u00f3leo para se instalar na costa amapaense \u00e9 a vulnerabilidade ambiental dos ecossistemas e a expectativa de benef\u00edcios imediatos.<br \/>\nQuanto \u00e0 quest\u00e3o ambiental, pareceres pr\u00e9vios emitidos pelo Governo Federal apontam lacunas de informa\u00e7\u00f5es e a necessidade de levantamentos sobre os meios f\u00edsico, bi\u00f3tico e socioecon\u00f4mico para compor estudos de impactos ambientais. Al\u00e9m do mais, a regi\u00e3o costeira do Amap\u00e1 \u00e9 preenchida por Unidades de Conserva\u00e7\u00e3o de Prote\u00e7\u00e3o Integral.<br \/>\nO licenciamento ambiental \u00e9 prioridade neste momento da pesquisa de petr\u00f3leo e g\u00e1s, mas a constru\u00e7\u00e3o de uma pol\u00edtica ambiental com sustentabilidade faz-se necess\u00e1rio para que a poss\u00edvel explora\u00e7\u00e3o possa gerar benef\u00edcios equ\u00e2nimes entre empresas e seus stakeholders.<br \/>\nA expectativa de benef\u00edcios imediatos \u00e9 sintom\u00e1tica a empreendimentos que exploram recursos naturais em regi\u00f5es carentes e de alguma forma imp\u00f5e a necessidade de antecipa\u00e7\u00e3o de di\u00e1logos e forma\u00e7\u00e3o de compet\u00eancia local para melhorar o conhecimento local sobre a atividade, principalmente quanto ao aproveitamento de oportunidades direta e indireta dos neg\u00f3cios que envolvem a cadeia produtiva do petr\u00f3leo e g\u00e1s.<br \/>\nA iniciativa de estruturar um Programa de P\u00f3s-Gradua\u00e7\u00e3o Lato Sensu em Meio Ambiente, Petr\u00f3leo e G\u00e1s na Universidade Federal do Amap\u00e1 (UNIFAP), tendo como parceiro o Servi\u00e7o Brasileiro de Apoio \u00e0s Micro e Pequenas Empresas (SEBRAE\/Amap\u00e1), \u00e9 uma oportunidade em ofertar a sociedade uma qualifica\u00e7\u00e3o sobre um dos setores que dever\u00e1 pautar o debate (ambiental e econ\u00f4mico) n\u00f3s pr\u00f3ximos anos no Amap\u00e1.<br \/>\nSobre as parcerias formadas em torno do curso relata-se que em reuni\u00e3o realizada no SEBRAE dia 18 de novembro de 2014 foi dado o primeiro passo para a forma\u00e7\u00e3o de uma \u201cRede\u201d institucional vinculada \u00e0 cadeia de petr\u00f3leo e g\u00e1s (P&amp;G) no estado do Amap\u00e1. Estiveram presentes institui\u00e7\u00f5es de diferentes \u00e2mbitos, incluindo a UNIFAP.<br \/>\nA \u201cRede Petr\u00f3leo e G\u00e1s do Amap\u00e1\u201d conta com apoio de diversos segmentos que tem interesse em se capacitar para interagir com o setor, quais sejam: Federa\u00e7\u00e3o do Com\u00e9rcio do Estado do Amap\u00e1 (FECOMERCIO), Associa\u00e7\u00e3o Comercial e Industrial do Amap\u00e1 (ACIA), Federa\u00e7\u00e3o das Ind\u00fastrias do Estado do Amap\u00e1 (FIEAP), Federa\u00e7\u00e3o da Agricultura e da Pecu\u00e1ria do Estado do Amap\u00e1 (FAEAP), C\u00e2mara de Dirigentes Lojistas de Macap\u00e1 (CDL), C\u00e2mara de Dirigentes Lojistas de Santana (CDL), entre outros. A proposta de ofertar o Curso de Especializa\u00e7\u00e3o em Meio Ambiente, Petr\u00f3leo e G\u00e1s (CEMAPG) surgiu dentro da Rede e recebeu forte ades\u00e3o dos seus integrantes.<br \/>\nO CEMAPG est\u00e1 estruturado em tr\u00eas (03) m\u00f3dulos que se integram por meio de teorias e pr\u00e1ticas de campo que visam colocar o aluno em contato com a din\u00e2mica econ\u00f4mica do setor de petr\u00f3leo e g\u00e1s, considerando princ\u00edpios de respeito ao meio ambiente e \u00e0 sustentabilidade. Esta p\u00f3s-gradua\u00e7\u00e3o Lato Sensu \u00e9 uma contribui\u00e7\u00e3o \u00e0 forma\u00e7\u00e3o especializada em rela\u00e7\u00e3o a um dos temas que cada vez mais pautam as agendas ambiental e econ\u00f4mica do Poder P\u00fablico, das Empresas e da Sociedade Civil Organizada: a explora\u00e7\u00e3o de recursos naturais n\u00e3o renov\u00e1veis.<\/p>\n<p><strong><a href=\"http:\/\/www2.unifap.br\/dmad\/files\/2017\/02\/Calendario-aulas-CEMAPG.pdf\">VER AQUI CALEND\u00c1RIO DE AULAS DO CURSO<\/a><\/strong><\/p>\n","protected":false},"excerpt":{"rendered":"<p>A 11\u00aa Rodada de Licita\u00e7\u00e3o promovida pela Ag\u00eancia Nacional de Petr\u00f3leo, G\u00e1s Natural e Biocombust\u00edveis (ANP) contemplou blocos das bacias mar\u00edtimas da Foz do Amazonas, alguns destes localizados na costa amapaense As empresas Total (grupo empresarial franc\u00eas), Petrobr\u00e1s, British Petroleum&hellip; <\/p>\n<p><a href=\"https:\/\/www2.unifap.br\/dmad\/pos-graduacao\/especializacao-cemapg\/apresentacao\/\" class=\"readmore-button\">Continue Reading<\/a><\/p>\n","protected":false},"author":601,"featured_media":0,"parent":218,"menu_order":0,"comment_status":"open","ping_status":"open","template":"","meta":{"inline_featured_image":false,"ngg_post_thumbnail":0,"footnotes":""},"class_list":["post-234","page","type-page","status-publish","hentry"],"_links":{"self":[{"href":"https:\/\/www2.unifap.br\/dmad\/wp-json\/wp\/v2\/pages\/234","targetHints":{"allow":["GET"]}}],"collection":[{"href":"https:\/\/www2.unifap.br\/dmad\/wp-json\/wp\/v2\/pages"}],"about":[{"href":"https:\/\/www2.unifap.br\/dmad\/wp-json\/wp\/v2\/types\/page"}],"author":[{"embeddable":true,"href":"https:\/\/www2.unifap.br\/dmad\/wp-json\/wp\/v2\/users\/601"}],"replies":[{"embeddable":true,"href":"https:\/\/www2.unifap.br\/dmad\/wp-json\/wp\/v2\/comments?post=234"}],"version-history":[{"count":5,"href":"https:\/\/www2.unifap.br\/dmad\/wp-json\/wp\/v2\/pages\/234\/revisions"}],"predecessor-version":[{"id":271,"href":"https:\/\/www2.unifap.br\/dmad\/wp-json\/wp\/v2\/pages\/234\/revisions\/271"}],"up":[{"embeddable":true,"href":"https:\/\/www2.unifap.br\/dmad\/wp-json\/wp\/v2\/pages\/218"}],"wp:attachment":[{"href":"https:\/\/www2.unifap.br\/dmad\/wp-json\/wp\/v2\/media?parent=234"}],"curies":[{"name":"wp","href":"https:\/\/api.w.org\/{rel}","templated":true}]}}