{"id":40,"date":"2015-04-10T23:34:35","date_gmt":"2015-04-10T23:34:35","guid":{"rendered":"http:\/\/www2.unifap.br\/dmad\/?page_id=40"},"modified":"2017-02-15T18:38:32","modified_gmt":"2017-02-15T18:38:32","slug":"nossa-historia","status":"publish","type":"page","link":"https:\/\/www2.unifap.br\/dmad\/nossa-historia\/","title":{"rendered":"NOSSA HIST\u00d3RIA"},"content":{"rendered":"<blockquote><p> O Departamento de Meio Ambiente e Desenvolvimento\u2013DMAD integra a estrutura departamental da UNIFAP. A cria\u00e7\u00e3o do Departamento de Meio Ambiente e Desenvolvimento\u2013DMAD se deu em 22 de mar\u00e7o de 2012 (aprova\u00e7\u00e3o em reuni\u00e3o do Conselho Universit\u00e1rio da UNIFAP-CONSU) e foi objeto de luta dos professores e estudantes que n\u00e3o aceitaram ser \u201cenquadrados\u201d pelos departamentos existentes na estrutura regimental da institui\u00e7\u00e3o, a considerar que defendiam [e seguem defendendo] uma proposta de ensino interdisciplinar e com flexibilidade na montagem das propostas pedag\u00f3gicas de seus cursos.<br \/>\nO manifesto abaixo \u00e9 um testemunho dessa luta:<br \/>\n<a href=\"http:\/\/www2.unifap.br\/dmad\/files\/2015\/04\/Planfleto_Manifesto.jpg\"><img fetchpriority=\"high\" decoding=\"async\" src=\"http:\/\/www2.unifap.br\/dmad\/files\/2015\/04\/Planfleto_Manifesto-229x300.jpg\" alt=\"Planfleto_Manifesto\" width=\"229\" height=\"300\" class=\"alignnone size-medium wp-image-41\" srcset=\"https:\/\/www2.unifap.br\/dmad\/files\/2015\/04\/Planfleto_Manifesto-229x300.jpg 229w, https:\/\/www2.unifap.br\/dmad\/files\/2015\/04\/Planfleto_Manifesto.jpg 473w\" sizes=\"(max-width: 229px) 100vw, 229px\" \/><\/a><br \/>\nO primeiro diretor eleito do DMAD para o bi\u00eanio 2014-2016 foi o professor Dr. Marco Antonio Chagas, juntamente com a professora doutora Cl\u00e1udia Chelala, vice-diretora. Em 18 de abril de 2016 assume em car\u00e1ter <em> pr\u00f3 tempore <\/em> o professor Dr. S\u00e1vio Carmona para conduzir o DMAD pelo pr\u00f3ximo per\u00edodo. <\/p>\n<p>O DMAD tem suas a\u00e7\u00f5es definidas pelo Conselho Departamental e atualmente trabalha para consolidar o Plano Estrat\u00e9gico 2015-2018 proposto no documento Relat\u00f3rio de Atividades 2014.<\/p>\n","protected":false},"excerpt":{"rendered":"<p>O Departamento de Meio Ambiente e Desenvolvimento\u2013DMAD integra a estrutura departamental da UNIFAP. A cria\u00e7\u00e3o do Departamento de Meio Ambiente e Desenvolvimento\u2013DMAD se deu em 22 de mar\u00e7o de 2012 (aprova\u00e7\u00e3o em reuni\u00e3o do Conselho Universit\u00e1rio da UNIFAP-CONSU) e foi&hellip; <\/p>\n<p><a href=\"https:\/\/www2.unifap.br\/dmad\/nossa-historia\/\" class=\"readmore-button\">Continue Reading<\/a><\/p>\n","protected":false},"author":601,"featured_media":0,"parent":0,"menu_order":1,"comment_status":"closed","ping_status":"closed","template":"","meta":{"inline_featured_image":false,"ngg_post_thumbnail":0,"footnotes":""},"class_list":["post-40","page","type-page","status-publish","hentry"],"_links":{"self":[{"href":"https:\/\/www2.unifap.br\/dmad\/wp-json\/wp\/v2\/pages\/40","targetHints":{"allow":["GET"]}}],"collection":[{"href":"https:\/\/www2.unifap.br\/dmad\/wp-json\/wp\/v2\/pages"}],"about":[{"href":"https:\/\/www2.unifap.br\/dmad\/wp-json\/wp\/v2\/types\/page"}],"author":[{"embeddable":true,"href":"https:\/\/www2.unifap.br\/dmad\/wp-json\/wp\/v2\/users\/601"}],"replies":[{"embeddable":true,"href":"https:\/\/www2.unifap.br\/dmad\/wp-json\/wp\/v2\/comments?post=40"}],"version-history":[{"count":5,"href":"https:\/\/www2.unifap.br\/dmad\/wp-json\/wp\/v2\/pages\/40\/revisions"}],"predecessor-version":[{"id":43,"href":"https:\/\/www2.unifap.br\/dmad\/wp-json\/wp\/v2\/pages\/40\/revisions\/43"}],"wp:attachment":[{"href":"https:\/\/www2.unifap.br\/dmad\/wp-json\/wp\/v2\/media?parent=40"}],"curies":[{"name":"wp","href":"https:\/\/api.w.org\/{rel}","templated":true}]}}