{"id":427,"date":"2018-05-15T18:10:21","date_gmt":"2018-05-15T18:10:21","guid":{"rendered":"http:\/\/www2.unifap.br\/dmad\/?page_id=427"},"modified":"2018-05-15T19:14:13","modified_gmt":"2018-05-15T19:14:13","slug":"eleicoes","status":"publish","type":"page","link":"https:\/\/www2.unifap.br\/dmad\/documentos\/eleicoes\/","title":{"rendered":"Elei\u00e7\u00f5es"},"content":{"rendered":"<p><a href=\"http:\/\/www2.unifap.br\/dmad\/files\/2018\/05\/Relatorio_CE-DMAD.pdf\">Relat\u00f3rio Final da Comiss\u00e3o Eleitoral DMAD 2017 &#8211; Elei\u00e7\u00f5es para Dire\u00e7\u00e3o e Conselho<\/a><\/p>\n<p><a href=\"http:\/\/www2.unifap.br\/dmad\/files\/2018\/05\/Edital-DMAD-2017.pdf\">Edital eleitoral para escolha da Dire\u00e7\u00e3o e Representantes no Conselho do DMAD-2017<\/a><\/p>\n","protected":false},"excerpt":{"rendered":"<p>Relat\u00f3rio Final da Comiss\u00e3o Eleitoral DMAD 2017 &#8211; Elei\u00e7\u00f5es para Dire\u00e7\u00e3o e Conselho Edital eleitoral para escolha da Dire\u00e7\u00e3o e Representantes no Conselho do DMAD-2017<\/p>\n","protected":false},"author":601,"featured_media":0,"parent":47,"menu_order":0,"comment_status":"open","ping_status":"open","template":"","meta":{"inline_featured_image":false,"ngg_post_thumbnail":0,"footnotes":""},"class_list":["post-427","page","type-page","status-publish","hentry"],"_links":{"self":[{"href":"https:\/\/www2.unifap.br\/dmad\/wp-json\/wp\/v2\/pages\/427","targetHints":{"allow":["GET"]}}],"collection":[{"href":"https:\/\/www2.unifap.br\/dmad\/wp-json\/wp\/v2\/pages"}],"about":[{"href":"https:\/\/www2.unifap.br\/dmad\/wp-json\/wp\/v2\/types\/page"}],"author":[{"embeddable":true,"href":"https:\/\/www2.unifap.br\/dmad\/wp-json\/wp\/v2\/users\/601"}],"replies":[{"embeddable":true,"href":"https:\/\/www2.unifap.br\/dmad\/wp-json\/wp\/v2\/comments?post=427"}],"version-history":[{"count":3,"href":"https:\/\/www2.unifap.br\/dmad\/wp-json\/wp\/v2\/pages\/427\/revisions"}],"predecessor-version":[{"id":438,"href":"https:\/\/www2.unifap.br\/dmad\/wp-json\/wp\/v2\/pages\/427\/revisions\/438"}],"up":[{"embeddable":true,"href":"https:\/\/www2.unifap.br\/dmad\/wp-json\/wp\/v2\/pages\/47"}],"wp:attachment":[{"href":"https:\/\/www2.unifap.br\/dmad\/wp-json\/wp\/v2\/media?parent=427"}],"curies":[{"name":"wp","href":"https:\/\/api.w.org\/{rel}","templated":true}]}}