{"id":7,"date":"2014-12-02T12:12:34","date_gmt":"2014-12-02T12:12:34","guid":{"rendered":"http:\/\/www2.unifap.br\/dmad\/?page_id=7"},"modified":"2024-01-04T13:19:15","modified_gmt":"2024-01-04T13:19:15","slug":"quem-somos","status":"publish","type":"page","link":"https:\/\/www2.unifap.br\/dmad\/quem-somos\/","title":{"rendered":"QUEM SOMOS?"},"content":{"rendered":"\t\t<div data-elementor-type=\"wp-page\" data-elementor-id=\"7\" class=\"elementor elementor-7\">\n\t\t\t\t\t\t<section class=\"elementor-section elementor-top-section elementor-element elementor-element-5b17019d elementor-section-boxed elementor-section-height-default elementor-section-height-default\" data-id=\"5b17019d\" data-element_type=\"section\" data-e-type=\"section\">\n\t\t\t\t\t\t<div class=\"elementor-container elementor-column-gap-default\">\n\t\t\t\t\t<div class=\"elementor-column elementor-col-100 elementor-top-column elementor-element elementor-element-248be527\" data-id=\"248be527\" data-element_type=\"column\" data-e-type=\"column\">\n\t\t\t<div class=\"elementor-widget-wrap elementor-element-populated\">\n\t\t\t\t\t\t<div class=\"elementor-element elementor-element-600ba183 elementor-widget elementor-widget-text-editor\" data-id=\"600ba183\" data-element_type=\"widget\" data-e-type=\"widget\" data-widget_type=\"text-editor.default\">\n\t\t\t\t<div class=\"elementor-widget-container\">\n\t\t\t\t\t\t\t\t\t<p><a href=\"http:\/\/www2.unifap.br\/dmad\/files\/2014\/12\/quem-somos-1.jpg\"><img decoding=\"async\" alt=\"quem-somos (1)\" src=\"http:\/\/www2.unifap.br\/dmad\/files\/2014\/12\/quem-somos-1-300x93.jpg\" width=\"300\" height=\"93\"><\/a><\/p>\n<ul>\n\t<strong><p><\/p>\n<li>Diretoria&nbsp;<em><\/em> do DMAD (2022 &#8211; atual)<\/li>\n<\/strong><p><strong><\/strong><\/p>\n<p><strong><\/strong><\/p>\n<p><strong><\/strong><\/p>\n<p><strong><\/strong><\/p>\n<p><strong><\/strong><\/p>\n<p><strong><\/strong><\/p>\n<p><strong><\/strong><\/p>\n<p>Diretor: Prof. Dr. Marcelo Jos\u00e9 de Oliveira<br><\/p>\n<p><strong><\/strong>Vice-Diretora: Julieta Bramorski<br>\tSecret\u00e1ria Executiva: Gilvana dos Santos S\u00e1<br>\tT\u00e9cnico em Assuntos Educacionais: Jos\u00e9 Leonardo Lima Magalh\u00e3es<br>\tAssistente em Administra\u00e7\u00e3o: Marilene Trajano<\/p>\n<p>Contatos:&nbsp;<strong>dmad.unifap@gmail.com \/ 3312-1825<\/strong><br><\/p>\n<p><strong><\/strong><\/p>\n<p><strong><\/strong><\/p>\n<p><strong><\/strong><\/p>\n<p><strong><\/strong><\/p>\n<p><strong><\/strong><\/p>\n<p><strong><\/strong><\/p>\n<p><strong><\/strong><\/p>\n<p><strong><\/strong><\/p><strong>\n<li>Coordena\u00e7\u00e3o do curso de Bacharelado em Ci\u00eancias Ambientais:&nbsp;<\/li>\n<\/strong><p><strong><\/strong><\/p>\n<p><strong><\/strong><\/p>\n<p><strong><\/strong><\/p>\n<p><strong><\/strong><\/p>\n<p><strong><\/strong><\/p>\n<p><strong><\/strong><\/p>\n<p>Coordenador: Jos\u00e9 Leonardo Lima Magalh\u00e3es<br><\/p>\n<p>Vice-Coordenadora: Profa. Dra. G\u00e9ssica Zila Batista dos Santos<\/p>\n<p>Bolsista Trabalho: Eliene Mira<\/p>\n<p>Contatos:&nbsp;<strong>cienciasambientaisunifap@gmail.com \/ (96) 98125-9951<\/strong><br><\/p>\n<p><strong><\/strong><\/p>\n<p><strong><\/strong><\/p>\n<p><strong><\/strong><\/p>\n<p><strong><\/strong><\/p>\n<p><strong><\/strong><\/p>\n<p><strong><\/strong><\/p>\n<p><strong><\/strong><\/p>\n<p><strong><\/strong><\/p><strong>\n<li>Coordenador do Curso de Especializa\u00e7\u00e3o em Meio Ambiente, Petr\u00f3leo e G\u00e1s (CEMAPG)<\/li>\n<\/strong><p><strong><\/strong><\/p>\n<p><strong><\/strong><\/p>\n<p><strong><\/strong><\/p>\n<p><strong><\/strong><\/p>\n<p><strong><\/strong><\/p>\n<p><strong><\/strong><\/p>\n<p><strong><\/strong><\/p>\n<p><strong><\/strong><\/p>\n<p><strong><\/strong><\/p><strong>\n<li>Coordenador do Programa de P\u00f3s-Gradua\u00e7\u00e3o em Ci\u00eancias Ambientais (PPGCA): Prof. Dr. Alexandro Florentino<\/li>\n<\/strong><p><strong><\/strong><\/p>\n<p><strong><\/strong><\/p>\n<p><strong><\/strong><\/p>\n<p><strong><\/strong><\/p>\n<p><strong><\/strong><\/p>\n<p><strong><\/strong><\/p>\n<p><strong><\/strong><\/p>\n<p><strong><\/strong><\/p>\n<p>Contatos:&nbsp;<strong>ppgca@unifap.br \/ (96) 3312-1757<\/strong><\/p>\n<p><b>https:\/\/ppgca.unifap.br\/<\/b><br><\/p>\n<\/ul>\t\t\t\t\t\t\t\t<\/div>\n\t\t\t\t<\/div>\n\t\t\t\t\t<\/div>\n\t\t<\/div>\n\t\t\t\t\t<\/div>\n\t\t<\/section>\n\t\t\t\t<\/div>\n\t\t","protected":false},"excerpt":{"rendered":"<p>Diretoria&nbsp; do DMAD (2022 &#8211; atual) Diretor: Prof. Dr. Marcelo Jos\u00e9 de Oliveira Vice-Diretora: Julieta Bramorski Secret\u00e1ria Executiva: Gilvana dos Santos S\u00e1 T\u00e9cnico em Assuntos Educacionais: Jos\u00e9 Leonardo Lima Magalh\u00e3es Assistente em Administra\u00e7\u00e3o: Marilene Trajano Contatos:&nbsp;dmad.unifap@gmail.com \/ 3312-1825 Coordena\u00e7\u00e3o do&hellip; <\/p>\n<p><a href=\"https:\/\/www2.unifap.br\/dmad\/quem-somos\/\" class=\"readmore-button\">Continue Reading<\/a><\/p>\n","protected":false},"author":601,"featured_media":0,"parent":0,"menu_order":2,"comment_status":"open","ping_status":"closed","template":"","meta":{"inline_featured_image":false,"ngg_post_thumbnail":0,"footnotes":""},"class_list":["post-7","page","type-page","status-publish","hentry"],"_links":{"self":[{"href":"https:\/\/www2.unifap.br\/dmad\/wp-json\/wp\/v2\/pages\/7","targetHints":{"allow":["GET"]}}],"collection":[{"href":"https:\/\/www2.unifap.br\/dmad\/wp-json\/wp\/v2\/pages"}],"about":[{"href":"https:\/\/www2.unifap.br\/dmad\/wp-json\/wp\/v2\/types\/page"}],"author":[{"embeddable":true,"href":"https:\/\/www2.unifap.br\/dmad\/wp-json\/wp\/v2\/users\/601"}],"replies":[{"embeddable":true,"href":"https:\/\/www2.unifap.br\/dmad\/wp-json\/wp\/v2\/comments?post=7"}],"version-history":[{"count":32,"href":"https:\/\/www2.unifap.br\/dmad\/wp-json\/wp\/v2\/pages\/7\/revisions"}],"predecessor-version":[{"id":924,"href":"https:\/\/www2.unifap.br\/dmad\/wp-json\/wp\/v2\/pages\/7\/revisions\/924"}],"wp:attachment":[{"href":"https:\/\/www2.unifap.br\/dmad\/wp-json\/wp\/v2\/media?parent=7"}],"curies":[{"name":"wp","href":"https:\/\/api.w.org\/{rel}","templated":true}]}}