{"id":1264,"date":"2019-10-23T14:30:27","date_gmt":"2019-10-23T14:30:27","guid":{"rendered":"http:\/\/www2.unifap.br\/dpg\/?page_id=1264"},"modified":"2026-04-10T22:16:41","modified_gmt":"2026-04-10T22:16:41","slug":"formularios","status":"publish","type":"page","link":"https:\/\/www2.unifap.br\/dpg\/formularios\/","title":{"rendered":"Formul\u00e1rios"},"content":{"rendered":"<h3 data-start=\"138\" data-end=\"183\"><a href=\"https:\/\/www2.unifap.br\/dpg\/files\/2025\/07\/Solicitacao-diploma-ou-certificado.pdf\"><strong data-start=\"142\" data-end=\"183\">Solicita\u00e7\u00e3o de Diploma ou Certificado<\/strong><\/a><\/h3>\n<p data-start=\"185\" data-end=\"369\">Solicita\u00e7\u00e3o de emiss\u00e3o de diploma ou certificado, conforme regulamenta\u00e7\u00e3o do programa de p\u00f3s-gradua\u00e7\u00e3o, para comprova\u00e7\u00e3o de conclus\u00e3o de curso ou participa\u00e7\u00e3o em atividades acad\u00eamicas.<\/p>\n<hr data-start=\"371\" data-end=\"374\">\n<h3 data-start=\"376\" data-end=\"411\"><a href=\"https:\/\/docs.google.com\/forms\/d\/e\/1FAIpQLSfWiLLvMCSNEIG6OwK5l1W1u81xy454km1RnCXp85co7SEpGw\/viewform\"><strong data-start=\"380\" data-end=\"411\">Emiss\u00e3o de Certificado ELEP<\/strong><\/a><\/h3>\n<p data-start=\"413\" data-end=\"592\">Solicita\u00e7\u00e3o para emiss\u00e3o de certificado referente \u00e0 participa\u00e7\u00e3o no programa de Exame de L\u00edngua Estrangeira da P\u00f3s Gradua\u00e7\u00e3o (ELEP), conforme as exig\u00eancias e regulamentos espec\u00edficos da institui\u00e7\u00e3o.<\/p>\n<hr data-start=\"1040\" data-end=\"1043\">\n<h3 data-start=\"1045\" data-end=\"1071\"><a href=\"http:\/\/www2.unifap.br\/dpg\/files\/2026\/04\/CADASTRO-DE-PARTICIPANTE-EXTERNO-1.pdf\"><strong data-start=\"1049\" data-end=\"1071\">Fo<\/strong><strong data-start=\"1049\" data-end=\"1071\">rmul\u00e1rio Cadastro de Docente<\/strong><\/a><\/h3>\n<p data-start=\"1073\" data-end=\"1296\">Solicita\u00e7\u00e3o de preenchimento de formul\u00e1rio destinado \u00e0 formaliza\u00e7\u00e3o de informa\u00e7\u00f5es e dados necess\u00e1rios para o cadastro ou atualiza\u00e7\u00e3o do corpo docente no sistema acad\u00eamico\/institucional, conforme regulamento da institui\u00e7\u00e3o.<\/p>\n<h3 data-start=\"180\" data-end=\"246\"><a href=\"https:\/\/www2.unifap.br\/dpg\/files\/2023\/07\/FORMULARIO-DE-SOLICITACAO-DE-AUXILIO-A-DISCENTE-PROAP-CAPES-1.pdf\"><strong data-start=\"184\" data-end=\"246\">Solicita\u00e7\u00e3o de Ajuda de Custo com Recurso PROAP\/PNPD-CAPES<\/strong><\/a><\/h3>\n<p data-start=\"248\" data-end=\"463\">Solicita\u00e7\u00e3o de apoio financeiro, por meio dos recursos do PROAP\/PNPD-CAPES, destinado \u00e0 cobertura de despesas relacionadas \u00e0 realiza\u00e7\u00e3o de atividades acad\u00eamicas e cient\u00edficas vinculadas ao Programa de P\u00f3s-Gradua\u00e7\u00e3o.<\/p>\n<hr data-start=\"465\" data-end=\"468\">\n<h3 data-start=\"470\" data-end=\"535\"><a href=\"https:\/\/www2.unifap.br\/dpg\/files\/2023\/07\/SOLICITACAO-DE-AJUDA-DE-CUSTO-PARA-PARTICIPACAO-EM-EVENTO.pdf\"><strong data-start=\"474\" data-end=\"535\">Solicita\u00e7\u00e3o de Ajuda de Custo para Participa\u00e7\u00e3o em Evento<\/strong><\/a><\/h3>\n<p data-start=\"537\" data-end=\"771\">Solicita\u00e7\u00e3o de aux\u00edlio financeiro para participa\u00e7\u00e3o em evento acad\u00eamico\/cient\u00edfico, com o objetivo de apresenta\u00e7\u00e3o de trabalho e\/ou aprimoramento da forma\u00e7\u00e3o discente, conforme diretrizes institucionais e disponibilidade or\u00e7ament\u00e1ria.<\/p>\n<hr data-start=\"773\" data-end=\"776\">\n<h3 data-start=\"778\" data-end=\"847\"><a href=\"https:\/\/www2.unifap.br\/dpg\/files\/2023\/07\/FORMULARIO-DE-SOLICITACAO-DO-AUXILIO-FINANCEIRO-AO-PESQUISADOR-PROAP.pdf\"><strong data-start=\"782\" data-end=\"847\">Solicita\u00e7\u00e3o de Aux\u00edlio Financeiro a Pesquisador &#8211; PROAP-CAPES<\/strong><\/a><\/h3>\n<p data-start=\"849\" data-end=\"1084\">Solicita\u00e7\u00e3o de apoio financeiro ao pesquisador, com recursos do PROAP-CAPES, destinado \u00e0 execu\u00e7\u00e3o de atividades de pesquisa cient\u00edfica, participa\u00e7\u00e3o em eventos e demais a\u00e7\u00f5es previstas no plano de trabalho do Programa de P\u00f3s-Gradua\u00e7\u00e3o.<\/p>\n<p>&nbsp;<\/p>\n<p>&nbsp;<\/p>\n","protected":false},"excerpt":{"rendered":"<p>Solicita\u00e7\u00e3o de Diploma ou Certificado Solicita\u00e7\u00e3o de emiss\u00e3o de diploma ou certificado, conforme regulamenta\u00e7\u00e3o do programa de p\u00f3s-gradua\u00e7\u00e3o, para comprova\u00e7\u00e3o&#8230;<\/p>\n","protected":false},"author":3840,"featured_media":0,"parent":0,"menu_order":0,"comment_status":"closed","ping_status":"closed","template":"","meta":{"inline_featured_image":false,"site-sidebar-layout":"default","site-content-layout":"","ast-site-content-layout":"default","site-content-style":"default","site-sidebar-style":"default","ast-global-header-display":"","ast-banner-title-visibility":"","ast-main-header-display":"","ast-hfb-above-header-display":"","ast-hfb-below-header-display":"","ast-hfb-mobile-header-display":"","site-post-title":"","ast-breadcrumbs-content":"","ast-featured-img":"","footer-sml-layout":"","theme-transparent-header-meta":"default","adv-header-id-meta":"","stick-header-meta":"","header-above-stick-meta":"","header-main-stick-meta":"","header-below-stick-meta":"","astra-migrate-meta-layouts":"set","ast-page-background-enabled":"default","ast-page-background-meta":{"desktop":{"background-color":"var(--ast-global-color-5)","background-image":"","background-repeat":"repeat","background-position":"center center","background-size":"auto","background-attachment":"scroll","background-type":"","background-media":"","overlay-type":"","overlay-color":"","overlay-opacity":"","overlay-gradient":""},"tablet":{"background-color":"","background-image":"","background-repeat":"repeat","background-position":"center center","background-size":"auto","background-attachment":"scroll","background-type":"","background-media":"","overlay-type":"","overlay-color":"","overlay-opacity":"","overlay-gradient":""},"mobile":{"background-color":"","background-image":"","background-repeat":"repeat","background-position":"center center","background-size":"auto","background-attachment":"scroll","background-type":"","background-media":"","overlay-type":"","overlay-color":"","overlay-opacity":"","overlay-gradient":""}},"ast-content-background-meta":{"desktop":{"background-color":"var(--ast-global-color-4)","background-image":"","background-repeat":"repeat","background-position":"center center","background-size":"auto","background-attachment":"scroll","background-type":"","background-media":"","overlay-type":"","overlay-color":"","overlay-opacity":"","overlay-gradient":""},"tablet":{"background-color":"var(--ast-global-color-4)","background-image":"","background-repeat":"repeat","background-position":"center center","background-size":"auto","background-attachment":"scroll","background-type":"","background-media":"","overlay-type":"","overlay-color":"","overlay-opacity":"","overlay-gradient":""},"mobile":{"background-color":"var(--ast-global-color-4)","background-image":"","background-repeat":"repeat","background-position":"center center","background-size":"auto","background-attachment":"scroll","background-type":"","background-media":"","overlay-type":"","overlay-color":"","overlay-opacity":"","overlay-gradient":""}},"ngg_post_thumbnail":0,"footnotes":""},"class_list":["post-1264","page","type-page","status-publish","hentry"],"_links":{"self":[{"href":"https:\/\/www2.unifap.br\/dpg\/wp-json\/wp\/v2\/pages\/1264","targetHints":{"allow":["GET"]}}],"collection":[{"href":"https:\/\/www2.unifap.br\/dpg\/wp-json\/wp\/v2\/pages"}],"about":[{"href":"https:\/\/www2.unifap.br\/dpg\/wp-json\/wp\/v2\/types\/page"}],"author":[{"embeddable":true,"href":"https:\/\/www2.unifap.br\/dpg\/wp-json\/wp\/v2\/users\/3840"}],"replies":[{"embeddable":true,"href":"https:\/\/www2.unifap.br\/dpg\/wp-json\/wp\/v2\/comments?post=1264"}],"version-history":[{"count":55,"href":"https:\/\/www2.unifap.br\/dpg\/wp-json\/wp\/v2\/pages\/1264\/revisions"}],"predecessor-version":[{"id":3397,"href":"https:\/\/www2.unifap.br\/dpg\/wp-json\/wp\/v2\/pages\/1264\/revisions\/3397"}],"wp:attachment":[{"href":"https:\/\/www2.unifap.br\/dpg\/wp-json\/wp\/v2\/media?parent=1264"}],"curies":[{"name":"wp","href":"https:\/\/api.w.org\/{rel}","templated":true}]}}