{"id":1373,"date":"2019-10-29T11:48:20","date_gmt":"2019-10-29T11:48:20","guid":{"rendered":"http:\/\/www2.unifap.br\/dpg\/?page_id=1373"},"modified":"2025-07-18T12:59:49","modified_gmt":"2025-07-18T12:59:49","slug":"solicitacao-de-diplomas-e-certificados","status":"publish","type":"page","link":"https:\/\/www2.unifap.br\/dpg\/formularios\/solicitacao-de-diplomas-e-certificados\/","title":{"rendered":"Solicita\u00e7\u00e3o de Diplomas e Certificados"},"content":{"rendered":"<p><a href=\"http:\/\/www2.unifap.br\/dpg\/files\/2025\/07\/Solicitacao-diploma-ou-certificado-1.pdf\">Solicitacao-diploma-ou-certificado<\/a><\/p>\n<p><a href=\"https:\/\/www2.unifap.br\/biblioteca\/declaracao_autoria\/\">Termos de Autoriza\u00e7\u00e3o de Publica\u00e7\u00e3o e Declara\u00e7\u00e3o de Autoria<\/a><\/p>\n","protected":false},"excerpt":{"rendered":"<p>Solicitacao-diploma-ou-certificado Termos de Autoriza\u00e7\u00e3o de Publica\u00e7\u00e3o e Declara\u00e7\u00e3o de Autoria<\/p>\n","protected":false},"author":3840,"featured_media":0,"parent":1264,"menu_order":0,"comment_status":"closed","ping_status":"closed","template":"","meta":{"inline_featured_image":false,"site-sidebar-layout":"default","site-content-layout":"","ast-site-content-layout":"default","site-content-style":"default","site-sidebar-style":"default","ast-global-header-display":"","ast-banner-title-visibility":"","ast-main-header-display":"","ast-hfb-above-header-display":"","ast-hfb-below-header-display":"","ast-hfb-mobile-header-display":"","site-post-title":"","ast-breadcrumbs-content":"","ast-featured-img":"","footer-sml-layout":"","theme-transparent-header-meta":"","adv-header-id-meta":"","stick-header-meta":"","header-above-stick-meta":"","header-main-stick-meta":"","header-below-stick-meta":"","astra-migrate-meta-layouts":"default","ast-page-background-enabled":"default","ast-page-background-meta":{"desktop":{"background-color":"var(--ast-global-color-5)","background-image":"","background-repeat":"repeat","background-position":"center center","background-size":"auto","background-attachment":"scroll","background-type":"","background-media":"","overlay-type":"","overlay-color":"","overlay-opacity":"","overlay-gradient":""},"tablet":{"background-color":"","background-image":"","background-repeat":"repeat","background-position":"center center","background-size":"auto","background-attachment":"scroll","background-type":"","background-media":"","overlay-type":"","overlay-color":"","overlay-opacity":"","overlay-gradient":""},"mobile":{"background-color":"","background-image":"","background-repeat":"repeat","background-position":"center center","background-size":"auto","background-attachment":"scroll","background-type":"","background-media":"","overlay-type":"","overlay-color":"","overlay-opacity":"","overlay-gradient":""}},"ast-content-background-meta":{"desktop":{"background-color":"var(--ast-global-color-4)","background-image":"","background-repeat":"repeat","background-position":"center center","background-size":"auto","background-attachment":"scroll","background-type":"","background-media":"","overlay-type":"","overlay-color":"","overlay-opacity":"","overlay-gradient":""},"tablet":{"background-color":"var(--ast-global-color-4)","background-image":"","background-repeat":"repeat","background-position":"center center","background-size":"auto","background-attachment":"scroll","background-type":"","background-media":"","overlay-type":"","overlay-color":"","overlay-opacity":"","overlay-gradient":""},"mobile":{"background-color":"var(--ast-global-color-4)","background-image":"","background-repeat":"repeat","background-position":"center center","background-size":"auto","background-attachment":"scroll","background-type":"","background-media":"","overlay-type":"","overlay-color":"","overlay-opacity":"","overlay-gradient":""}},"ngg_post_thumbnail":0,"footnotes":""},"class_list":["post-1373","page","type-page","status-publish","hentry"],"_links":{"self":[{"href":"https:\/\/www2.unifap.br\/dpg\/wp-json\/wp\/v2\/pages\/1373","targetHints":{"allow":["GET"]}}],"collection":[{"href":"https:\/\/www2.unifap.br\/dpg\/wp-json\/wp\/v2\/pages"}],"about":[{"href":"https:\/\/www2.unifap.br\/dpg\/wp-json\/wp\/v2\/types\/page"}],"author":[{"embeddable":true,"href":"https:\/\/www2.unifap.br\/dpg\/wp-json\/wp\/v2\/users\/3840"}],"replies":[{"embeddable":true,"href":"https:\/\/www2.unifap.br\/dpg\/wp-json\/wp\/v2\/comments?post=1373"}],"version-history":[{"count":23,"href":"https:\/\/www2.unifap.br\/dpg\/wp-json\/wp\/v2\/pages\/1373\/revisions"}],"predecessor-version":[{"id":2487,"href":"https:\/\/www2.unifap.br\/dpg\/wp-json\/wp\/v2\/pages\/1373\/revisions\/2487"}],"up":[{"embeddable":true,"href":"https:\/\/www2.unifap.br\/dpg\/wp-json\/wp\/v2\/pages\/1264"}],"wp:attachment":[{"href":"https:\/\/www2.unifap.br\/dpg\/wp-json\/wp\/v2\/media?parent=1373"}],"curies":[{"name":"wp","href":"https:\/\/api.w.org\/{rel}","templated":true}]}}