{"id":224,"date":"2014-10-31T15:54:48","date_gmt":"2014-10-31T15:54:48","guid":{"rendered":"http:\/\/www2.unifap.br\/dpg\/?page_id=224"},"modified":"2025-10-22T21:18:16","modified_gmt":"2025-10-22T21:18:16","slug":"especializacoes","status":"publish","type":"page","link":"https:\/\/www2.unifap.br\/dpg\/programas-de-pos-graduacao\/especializacoes\/","title":{"rendered":"Lato Sensu"},"content":{"rendered":"<p>Confira <a href=\"http:\/\/www2.unifap.br\/dpg\/files\/2014\/10\/RESOLU\u00c7\u00c3O-09-2008-Lato-Sensu.pdf\">aqui<\/a>&nbsp;a Resolu\u00e7\u00e3o 009\/2008, que apresenta as normas dos cursos de P\u00f3s-gradua\u00e7\u00e3o&nbsp;<em>Lato sensu<\/em> da UNIFAP.<\/p>\n<p>&nbsp;<\/p>\n<p>Para propostas de&nbsp;cria\u00e7\u00e3o de cursos de especializa\u00e7\u00e3o, deve-se observar o disposto na resolu\u00e7\u00e3o 009\/2008 CONSU\/UNIFAP. <a href=\"http:\/\/www2.unifap.br\/dpg\/files\/2023\/05\/Resolucao-09-08-DPQ.pdf\">Clique aqui<\/a>&nbsp;para obter o checklist dos documentos necess\u00e1rios para o tr\u00e2mite do processo.<\/p>\n<p>&nbsp;<\/p>\n<h3><strong>Especializa\u00e7\u00f5es ativas<\/strong><\/h3>\n<ul>\n<li><strong><a href=\"https:\/\/www2.unifap.br\/espefis\/\"><span style=\"color: #000000\"><span style=\"font-family: Verdana, sans-serif\"><span style=\"font-size: xx-small\">CURSO DE ESPECIALIZA\u00c7\u00c3O EM ENSINO DE F\u00cdSICA<\/span><\/span><\/span><\/a><\/strong><\/li>\n<li><strong><a href=\"https:\/\/www2.unifap.br\/geografia\/category\/especializacao-em-geografia\/\"><span style=\"color: #000000\"><span style=\"font-family: Verdana, sans-serif\"><span style=\"font-size: xx-small\">CURSO DE ESPECIALIZA\u00c7\u00c3O EM ENSINO E GEOGRAFIA<\/span><\/span><\/span><\/a><\/strong><\/li>\n<li><strong><a href=\"https:\/\/www2.unifap.br\/eletrica\/portal-administrativo\/curso-de-especializacao-em-sistemas-fotovoltaicos-cesfv\/\"><span style=\"color: #000000\"><span style=\"font-family: Verdana, sans-serif\"><span style=\"font-size: xx-small\">CURSO DE ESPECIALIZA\u00c7\u00c3O SISTEMAS FOTOVOLTAICOS<\/span><\/span><\/span><\/a><\/strong><\/li>\n<li><strong><a href=\"https:\/\/www2.unifap.br\/cepres\/\"><span style=\"color: #000000\"><span style=\"font-family: Verdana, sans-serif\"><span style=\"font-size: xx-small\">CURSO DE ESPECIALIZA\u00c7\u00c3O CI\u00caNCIAS DA RELIGI\u00c3O<\/span><\/span><\/span><\/a><\/strong><\/li>\n<li><strong><a href=\"https:\/\/www2.unifap.br\/eetc\/\"><span style=\"color: #000000\"><span style=\"font-family: Verdana, sans-serif\"><span style=\"font-size: xx-small\">CURSO DE ESPECIALIZA\u00c7\u00c3O ESTUDOS TEATRAIS CONTEMPOR\u00c2NEOS<\/span><\/span><\/span><\/a><\/strong><\/li>\n<li><strong><span style=\"color: #000000\"><span style=\"font-family: Verdana, sans-serif\"><span style=\"font-size: xx-small\">CURSO DE ESPECIALIZA\u00c7\u00c3O GEOGRAFIA EM RELA\u00c7\u00d5ES SOCIOESPACIAIS NA FRONTEIRA FRANCO-BRASILEIRA&nbsp; (Campus Binacional)<\/span><\/span><\/span><\/strong><\/li>\n<li><strong><span style=\"color: #000000\"><span style=\"font-family: Verdana, sans-serif\"><span style=\"font-size: xx-small\">CURSO DE ESPECIALIZA\u00c7\u00c3O POL\u00cdTICA EDUCACIONAL<\/span><\/span><\/span><\/strong><\/li>\n<li><strong><a href=\"https:\/\/www2.unifap.br\/coreme\/\"><span style=\"color: #000000\"><span style=\"font-family: Verdana, sans-serif\"><span style=\"font-size: xx-small\">RESID\u00caNCIA M\u00c9DICA EM ORTOPEDIA E TRAUMATOLOGIA<\/span><\/span><\/span><\/a><\/strong><\/li>\n<li><strong><a href=\"https:\/\/www2.unifap.br\/coreme\/\"><span style=\"color: #000000\"><span style=\"font-family: Verdana, sans-serif\"><span style=\"font-size: xx-small\">RESID\u00caNCIA M\u00c9DICA EM PEDIATRIA<\/span><\/span><\/span><\/a><\/strong><\/li>\n<li><strong><a href=\"https:\/\/www2.unifap.br\/coreme\/\"><span style=\"color: #000000\"><span style=\"font-family: Verdana, sans-serif\"><span style=\"font-size: xx-small\">RESID\u00caNCIA M\u00c9DICA EM CIRURGIA GERAL<\/span><\/span><\/span><\/a><\/strong><\/li>\n<li><strong><a href=\"https:\/\/www2.unifap.br\/coreme\/\"><span style=\"color: #000000\"><span style=\"font-family: Verdana, sans-serif\"><span style=\"font-size: xx-small\">RESID\u00caNCIA M\u00c9DICA EM CL\u00cdNICA M\u00c9DICA<\/span><\/span><\/span><\/a><\/strong><\/li>\n<li><strong><a href=\"https:\/\/www2.unifap.br\/coreme\/\"><span style=\"color: #000000\"><span style=\"font-family: Verdana, sans-serif\"><span style=\"font-size: xx-small\">RESID\u00caNCIA M\u00c9DICA EM GINECOLOGIA E OBSTETR\u00cdCIA<\/span><\/span><\/span><\/a><\/strong><\/li>\n<li><strong><a href=\"https:\/\/www2.unifap.br\/coreme\/\"><span style=\"color: #000000\"><span style=\"font-family: Verdana, sans-serif\"><span style=\"font-size: xx-small\">RESID\u00caNCIA M\u00c9DICA EM CIRURGIA DO TRAUMA<\/span><\/span><\/span><\/a><\/strong><\/li>\n<li><strong><a href=\"https:\/\/www2.unifap.br\/coreme\/\"><span style=\"color: #000000\"><span style=\"font-family: Verdana, sans-serif\"><span style=\"font-size: xx-small\">PROGRAMA DE PR\u00c9-REQUISITO EM \u00c1REA CIR\u00daRGICA B\u00c1SICA <\/span><\/span><\/span><\/a><\/strong><\/li>\n<li><strong><a href=\"https:\/\/www2.unifap.br\/prmsc\/processo-seletivo\/processo-seletivo-2024\/\"><span style=\"color: #000000\"><span style=\"font-family: Verdana, sans-serif\"><span style=\"font-size: xx-small\">RESID\u00caNCIA MULTIPROFISSIONAL EM SA\u00daDE COLETIVA<\/span><\/span><\/span> <\/a><span style=\"color: #000000\"><span style=\"font-family: Verdana, sans-serif\"><span style=\"font-size: xx-small\">RESID\u00caNCIA MULTIPROFISSIONAL EM SA\u00daDE COLETIVA-ASCA\/ENF ( Informa\u00e7\u00f5es coremu@unifap.br)<\/span><\/span><\/span><\/strong><\/li>\n<li><strong><span style=\"color: #000000\"><span style=\"font-family: Verdana, sans-serif\"><span style=\"font-size: xx-small\"><a href=\"https:\/\/www2.unifap.br\/prmsc\/processo-seletivo\/processo-seletivo-2024\/\">RESID\u00caNCIA MULTIPROFISSIONAL EM SA\u00daDE COLETIVA &#8211; ASCA\/ED.F.<\/a> ( Informa\u00e7\u00f5es coremu@unifap.br)<\/span><\/span><\/span><\/strong><\/li>\n<li><strong><span style=\"color: #000000\"><span style=\"font-family: Verdana, sans-serif\"><span style=\"font-size: xx-small\">RESID\u00caNCIA MULTIPROFISSIONAL EM SA\u00daDE COLETIVA \u2013 ASCA\/BIOL ( Informa\u00e7\u00f5es coremu@unifap.br)<\/span><\/span><\/span><\/strong><\/li>\n<li><strong><span style=\"color: #000000\"><span style=\"font-family: Verdana, sans-serif\"><span style=\"font-size: xx-small\"><a href=\"https:\/\/www2.unifap.br\/prmsc\/processo-seletivo\/processo-seletivo-2024\/\">RESID\u00caNCIA MULTIPROFISSIONAL EM SA\u00daDE COLETIVA &#8211; ASCA\/NUT<\/a> ( Informa\u00e7\u00f5es coremu@unifap.br)<\/span><\/span><\/span><\/strong><\/li>\n<li><strong><span style=\"color: #000000\"><span style=\"font-family: Verdana, sans-serif\"><span style=\"font-size: xx-small\">RESID\u00caNCIA MULTIPROFISSIONAL EM SA\u00daDE COLETIVA &#8211; ASAI\/EN ( Informa\u00e7\u00f5es coremu@unifap.br)<\/span><\/span><\/span><\/strong><\/li>\n<li><strong><span style=\"color: #000000\"><span style=\"font-family: Verdana, sans-serif\"><span style=\"font-size: xx-small\"><a href=\"https:\/\/www2.unifap.br\/prmsc\/processo-seletivo\/processo-seletivo-2024\/\">RESID\u00caNCIA MULTIPROFISSIONAL EM SA\u00daDE COLETIVA &#8211; ASAI\/BIOL<\/a> ( Informa\u00e7\u00f5es coremu@unifap.br)<\/span><\/span><\/span><\/strong><\/li>\n<li><strong><span style=\"color: #000000\"><span style=\"font-family: Verdana, sans-serif\"><span style=\"font-size: xx-small\">RESID\u00caNCIA MULTIPROFISSIONAL EM SA\u00daDE COLETIVA &#8211; ASAI\/ED.F ( Informa\u00e7\u00f5es coremu@unifap.br)<\/span><\/span><\/span><\/strong><\/li>\n<li><strong><span style=\"color: #000000\"><span style=\"font-family: Verdana, sans-serif\"><span style=\"font-size: xx-small\"><a href=\"https:\/\/www2.unifap.br\/prmsc\/processo-seletivo\/processo-seletivo-2024\/\">RESID\u00caNCIA MULTIPROFISSIONAL EM SA\u00daDE COLETIVA &#8211; ASAI\/ED.F<\/a> ( Informa\u00e7\u00f5es coremu@unifap.br)<\/span><\/span><\/span><\/strong><\/li>\n<li><strong><span style=\"color: #000000\"><span style=\"font-family: Verdana, sans-serif\"><span style=\"font-size: xx-small\">RESID\u00caNCIA MULTIPROFISSIONAL EM SA\u00daDE COLETIVA &#8211; ASM\/ED.F ( Informa\u00e7\u00f5es coremu@unifap.br)<\/span><\/span><\/span><\/strong><\/li>\n<li><strong><span style=\"color: #000000\"><span style=\"font-family: Verdana, sans-serif\"><span style=\"font-size: xx-small\"><a href=\"https:\/\/www2.unifap.br\/prmsc\/processo-seletivo\/processo-seletivo-2024\/\">RESID\u00caNCIA MULTIPROFISSIONAL EM SA\u00daDE COLETIVA &#8211; ASM\/ENFCAN<\/a> ( Informa\u00e7\u00f5es coremu@unifap.br)<\/span><\/span><\/span><\/strong><\/li>\n<li><strong><span style=\"color: #000000\"><span style=\"font-family: Verdana, sans-serif\"><span style=\"font-size: xx-small\">RESID\u00caNCIA MULTIPROFISSIONAL EM SA\u00daDE COLETIVA &#8211; ASM\/ENF.II ( Informa\u00e7\u00f5es coremu@unifap.br)<\/span><\/span><\/span><\/strong><\/li>\n<li><strong><span style=\"color: #000000\"><span style=\"font-family: Verdana, sans-serif\"><span style=\"font-size: xx-small\"><a href=\"https:\/\/www2.unifap.br\/prmsc\/processo-seletivo\/processo-seletivo-2024\/\">RESID\u00caNCIA MULTIPROFISSIONAL EM SA\u00daDE COLETIVA &#8211; ASM\/PSI<\/a> ( Informa\u00e7\u00f5es coremu@unifap.br)<\/span><\/span><\/span><\/strong><\/li>\n<\/ul>\n","protected":false},"excerpt":{"rendered":"<p>Confira aqui&nbsp;a Resolu\u00e7\u00e3o 009\/2008, que apresenta as normas dos cursos de P\u00f3s-gradua\u00e7\u00e3o&nbsp;Lato sensu da UNIFAP. &nbsp; Para propostas de&nbsp;cria\u00e7\u00e3o de&#8230;<\/p>\n","protected":false},"author":602,"featured_media":0,"parent":97,"menu_order":3,"comment_status":"closed","ping_status":"closed","template":"","meta":{"inline_featured_image":false,"site-sidebar-layout":"default","site-content-layout":"","ast-site-content-layout":"default","site-content-style":"default","site-sidebar-style":"default","ast-global-header-display":"","ast-banner-title-visibility":"","ast-main-header-display":"","ast-hfb-above-header-display":"","ast-hfb-below-header-display":"","ast-hfb-mobile-header-display":"","site-post-title":"","ast-breadcrumbs-content":"","ast-featured-img":"","footer-sml-layout":"","theme-transparent-header-meta":"default","adv-header-id-meta":"","stick-header-meta":"","header-above-stick-meta":"","header-main-stick-meta":"","header-below-stick-meta":"","astra-migrate-meta-layouts":"set","ast-page-background-enabled":"default","ast-page-background-meta":{"desktop":{"background-color":"var(--ast-global-color-5)","background-image":"","background-repeat":"repeat","background-position":"center center","background-size":"auto","background-attachment":"scroll","background-type":"","background-media":"","overlay-type":"","overlay-color":"","overlay-opacity":"","overlay-gradient":""},"tablet":{"background-color":"","background-image":"","background-repeat":"repeat","background-position":"center center","background-size":"auto","background-attachment":"scroll","background-type":"","background-media":"","overlay-type":"","overlay-color":"","overlay-opacity":"","overlay-gradient":""},"mobile":{"background-color":"","background-image":"","background-repeat":"repeat","background-position":"center center","background-size":"auto","background-attachment":"scroll","background-type":"","background-media":"","overlay-type":"","overlay-color":"","overlay-opacity":"","overlay-gradient":""}},"ast-content-background-meta":{"desktop":{"background-color":"var(--ast-global-color-4)","background-image":"","background-repeat":"repeat","background-position":"center center","background-size":"auto","background-attachment":"scroll","background-type":"","background-media":"","overlay-type":"","overlay-color":"","overlay-opacity":"","overlay-gradient":""},"tablet":{"background-color":"var(--ast-global-color-4)","background-image":"","background-repeat":"repeat","background-position":"center center","background-size":"auto","background-attachment":"scroll","background-type":"","background-media":"","overlay-type":"","overlay-color":"","overlay-opacity":"","overlay-gradient":""},"mobile":{"background-color":"var(--ast-global-color-4)","background-image":"","background-repeat":"repeat","background-position":"center center","background-size":"auto","background-attachment":"scroll","background-type":"","background-media":"","overlay-type":"","overlay-color":"","overlay-opacity":"","overlay-gradient":""}},"ngg_post_thumbnail":0,"footnotes":""},"class_list":["post-224","page","type-page","status-publish","hentry"],"_links":{"self":[{"href":"https:\/\/www2.unifap.br\/dpg\/wp-json\/wp\/v2\/pages\/224","targetHints":{"allow":["GET"]}}],"collection":[{"href":"https:\/\/www2.unifap.br\/dpg\/wp-json\/wp\/v2\/pages"}],"about":[{"href":"https:\/\/www2.unifap.br\/dpg\/wp-json\/wp\/v2\/types\/page"}],"author":[{"embeddable":true,"href":"https:\/\/www2.unifap.br\/dpg\/wp-json\/wp\/v2\/users\/602"}],"replies":[{"embeddable":true,"href":"https:\/\/www2.unifap.br\/dpg\/wp-json\/wp\/v2\/comments?post=224"}],"version-history":[{"count":43,"href":"https:\/\/www2.unifap.br\/dpg\/wp-json\/wp\/v2\/pages\/224\/revisions"}],"predecessor-version":[{"id":3106,"href":"https:\/\/www2.unifap.br\/dpg\/wp-json\/wp\/v2\/pages\/224\/revisions\/3106"}],"up":[{"embeddable":true,"href":"https:\/\/www2.unifap.br\/dpg\/wp-json\/wp\/v2\/pages\/97"}],"wp:attachment":[{"href":"https:\/\/www2.unifap.br\/dpg\/wp-json\/wp\/v2\/media?parent=224"}],"curies":[{"name":"wp","href":"https:\/\/api.w.org\/{rel}","templated":true}]}}