{"id":233,"date":"2014-10-31T16:00:12","date_gmt":"2014-10-31T16:00:12","guid":{"rendered":"http:\/\/www2.unifap.br\/dpg\/?page_id=233"},"modified":"2026-01-13T19:54:17","modified_gmt":"2026-01-13T19:54:17","slug":"stricto-sensu","status":"publish","type":"page","link":"https:\/\/www2.unifap.br\/dpg\/programas-de-pos-graduacao\/stricto-sensu\/","title":{"rendered":"Stricto Sensu"},"content":{"rendered":"<h3><strong>MESTRADO<\/strong><\/h3>\n<ul>\n<li><a href=\"https:\/\/ppgbio.unifap.br\/\">PPGBIO &#8211; Programa de P\u00f3s-Gradua\u00e7\u00e3o&nbsp;em Biodiversidade Tropical&nbsp;<\/a><\/li>\n<\/ul>\n<p>&nbsp; &nbsp; &nbsp; &nbsp; &nbsp; Conceito 4&nbsp; &#8211; Ano de cria\u00e7\u00e3o 2006<\/p>\n<ul>\n<li><a href=\"https:\/\/www2.unifap.br\/ppgdas\/\">PPGDAS &#8211; Programa de P\u00f3s-Gradua\u00e7\u00e3o&nbsp; em Desenvolvimento da Amaz\u00f4nia Sustent\u00e1vel<\/a><\/li>\n<\/ul>\n<p>&nbsp; &nbsp; &nbsp; &nbsp; &nbsp; Conceito 4&nbsp; &#8211; Ano de cria\u00e7\u00e3o &#8211;&nbsp; 2006<\/p>\n<ul>\n<li><a href=\"http:\/\/www2.unifap.br\/ppcs\/\">PPGCS &#8211; Programa de P\u00f3s-Gradua\u00e7\u00e3o em Ci\u00eancias da Sa\u00fade<\/a><\/li>\n<\/ul>\n<p>&nbsp; &nbsp; &nbsp; &nbsp; &nbsp; Conceito 4&nbsp; &#8211; Ano de cria\u00e7\u00e3o 2010<\/p>\n<ul>\n<li><a href=\"http:\/\/www2.unifap.br\/ppgcf\/\">PPGCF &#8211; Programa de P\u00f3s-Gradua\u00e7\u00e3o em Ci\u00eancias Farmac\u00eauticas&nbsp;<\/a>&#8211;<\/li>\n<\/ul>\n<p>&nbsp; &nbsp; &nbsp; &nbsp; &nbsp; Conceito 3&nbsp; &#8211; Ano de cria\u00e7\u00e3o 2010<\/p>\n<ul>\n<li><a href=\"http:\/\/www2.unifap.br\/ppged\/\">PPGED &#8211;&nbsp;Programa de P\u00f3s-Gradua\u00e7\u00e3o&nbsp;em Educa\u00e7\u00e3o&nbsp;&nbsp;<\/a><\/li>\n<\/ul>\n<p>&nbsp; &nbsp; &nbsp; &nbsp; &nbsp; Conceito 5 &#8211;&nbsp;&nbsp;Ano de cria\u00e7\u00e3o 2017<\/p>\n<ul>\n<li><a href=\"https:\/\/ppgca.unifap.br\/\">PPGCA &#8211; Programa de P\u00f3s-Gradua\u00e7\u00e3o em Ci\u00eancias Ambientais&nbsp; <\/a><\/li>\n<\/ul>\n<p>&nbsp; &nbsp; &nbsp; &nbsp; &nbsp; Conceito 4&nbsp; &#8211; Ano de cria\u00e7\u00e3o 2017<\/p>\n<ul>\n<li><a href=\"http:\/\/www2.unifap.br\/ppgh\/\">PPGH &#8211; Programa de P\u00f3s-Gradua\u00e7\u00e3o em Hist\u00f3ria&nbsp;<\/a><\/li>\n<\/ul>\n<p>&nbsp; &nbsp; &nbsp; &nbsp; &nbsp; Conceito 4 &#8211;&nbsp;&nbsp;Ano de cria\u00e7\u00e3o 2018<\/p>\n<ul>\n<li><a href=\"https:\/\/www2.unifap.br\/ppglet\/\">PPGLET &#8211; Mestrado em Letras<\/a>&nbsp;<\/li>\n<\/ul>\n<p>&nbsp; &nbsp; &nbsp; &nbsp; &nbsp; Conceito 3&nbsp; &#8211; Ano de cria\u00e7\u00e3o 2018<\/p>\n<ul>\n<li><a href=\"https:\/\/www2.unifap.br\/ppgeo\/\">PPGEO &#8211; Metrado em Geografia<\/a>&nbsp;<\/li>\n<\/ul>\n<p>&nbsp; &nbsp; &nbsp; &nbsp; &nbsp; Conceito 4 &#8211; Ano de cria\u00e7\u00e3o 2019<\/p>\n<ul>\n<li><a href=\"https:\/\/www2.unifap.br\/ppgd\/\">PPGD &#8211; Mestrado em Direito<\/a><\/li>\n<\/ul>\n<p>&nbsp; &nbsp; &nbsp; &nbsp; &nbsp; Conceito 3 &#8211;&nbsp; Ano de cria\u00e7\u00e3o 2024<\/p>\n<ul>\n<li><a href=\"https:\/\/www2.unifap.br\/propespg\/2025\/06\/25\/programa-de-pos-graduacao-em-biociencias\/\">PPGB &#8211; Mestrado em Bioci\u00eancias&nbsp;<\/a><\/li>\n<\/ul>\n<p>&nbsp; &nbsp; &nbsp; &nbsp; &nbsp; Conceito A &#8211; Ano de cria\u00e7\u00e3o 2024<\/p>\n<p>&nbsp;<\/p>\n<h3><strong>MESTRADO PROFISSIONAL<\/strong><\/h3>\n<ul>\n<li><a href=\"http:\/\/www.profmat-sbm.org.br\/\">PROFMAT &#8211; Mestrado Profissional em Matem\u00e1tica em Rede Nacional <\/a><\/li>\n<\/ul>\n<p>&nbsp; &nbsp; &nbsp; &nbsp; &nbsp; Conceito 5 &#8211;&nbsp; Ano de cria\u00e7\u00e3o 2011<\/p>\n<ul>\n<li><a href=\"http:\/\/www2.unifap.br\/profhistoria\/\">PROFHIST\u00d3RIA &#8211; Mestrado em Ensino de Hist\u00f3ria <\/a><\/li>\n<\/ul>\n<p>&nbsp; &nbsp; &nbsp; &nbsp; &nbsp; Conceito 5 \u2013 Ano de Cria\u00e7\u00e3o 2014<\/p>\n<ul>\n<li><a href=\"https:\/\/www2.unifap.br\/ppgef\/\">PPGEF &#8211; Mestrado em Estudo de Fronteiras<\/a><\/li>\n<\/ul>\n<p>&nbsp; &nbsp; &nbsp; &nbsp; &nbsp; Conceito 4 &#8211; Ano de cria\u00e7\u00e3o 2017<\/p>\n<ul>\n<li><a href=\"https:\/\/www2.unifap.br\/profei\/\">PROFEI &#8211; Mestrado Profissional em Educa\u00e7\u00e3o inclusiva em Rede Nacional<\/a><\/li>\n<\/ul>\n<p>&nbsp; &nbsp; &nbsp; &nbsp; &nbsp; Conceito 4 &#8211; Ano de Cria\u00e7\u00e3o 2022<\/p>\n<div id=\"logo\" class=\"site-branding col-xs-12 col-md-2\">\n<div id=\"site-name\">\n<ul>\n<li><a href=\"https:\/\/profsaude-abrasco.fiocruz.br\/instituicoes\/universidade-federal-amapa\">PROFSA\u00daDE &#8211;&nbsp;Mestrado Profissional em Sa\u00fade da Fam\u00edlia<\/a><\/li>\n<\/ul>\n<p>&nbsp; &nbsp; &nbsp; &nbsp; &nbsp; &nbsp; Conceito 4 &#8211; Ano de Cria\u00e7\u00e3o 2022<\/p>\n<ul>\n<li><a href=\"https:\/\/www2.unifap.br\/fisica\/mnpef\/\">MNPEF &#8211; Mestrado Nacional Profissional em Ensino de F\u00edsica<\/a><\/li>\n<\/ul>\n<p>&nbsp; &nbsp; &nbsp; &nbsp; &nbsp; &nbsp; Conceito 5 &#8211; Ano de Cria\u00e7\u00e3o 2023<\/p>\n<ul>\n<li><a href=\"https:\/\/www2.unifap.br\/profnit\/\">PROFNIT &#8211; Mestrado em Propriedade Intelectual e Transfer\u00eancia de Tecnologia para Inova\u00e7\u00e3o<\/a><\/li>\n<\/ul>\n<p>&nbsp; &nbsp; &nbsp; &nbsp; &nbsp; &nbsp; Conceito 4 &#8211; Ano de Cria\u00e7\u00e3o 2016<\/p>\n<ul>\n<li><a href=\"https:\/\/www.unifap.br\/unifap-oferta-mestrado-profissional-em-rede-nacional-em-gestao-e-regulacao-de-recursos-hidricos\/\">PROF\u00c1GUA &#8211; Mestrado Profissional em Gest\u00e3o e Regula\u00e7\u00e3o de Recursos H\u00eddricos&nbsp;<\/a><\/li>\n<\/ul>\n<p>&nbsp; &nbsp; &nbsp; &nbsp; &nbsp; Conceito 4 &#8211; Ano de Cria\u00e7\u00e3o 2024<\/p>\n<ul>\n<li><a href=\"https:\/\/profsocio.ufc.br\/pt\/\">PROFSOCIO &#8211; Mestrado Profissional em Sociologia<\/a><\/li>\n<\/ul>\n<p>&nbsp; &nbsp; &nbsp; &nbsp; &nbsp; &nbsp; Conceito 4 &#8211; Ano de Cria\u00e7\u00e3o 2024<\/p>\n<ul>\n<li><a href=\"https:\/\/www2.unifap.br\/ppcult\/\">PPCULT &#8211; Mestrado Profissional em Estudo de Cultura e Pol\u00edtica&nbsp;<\/a><\/li>\n<\/ul>\n<p>&nbsp; &nbsp; &nbsp; &nbsp; &nbsp; &nbsp; Conceito 3 &#8211; Ano de Cria\u00e7\u00e3o 2023<\/p>\n<ul>\n<li><a href=\"https:\/\/www.unifap.br\/unifap-ofertara-mestrado-profissional-em-enfermagem\/\">PROECE- Mestrado Profissional em Enfermagem para cuidar-educar<\/a><\/li>\n<\/ul>\n<p>&nbsp; &nbsp; &nbsp; &nbsp; &nbsp; &nbsp; Conceito A &#8211; Ano de Cria\u00e7\u00e3o 2024<\/p>\n<ul>\n<li><span data-sheets-root=\"1\">PROFLETRAS <\/span><\/li>\n<\/ul>\n<p><span data-sheets-root=\"1\">&nbsp; &nbsp; &nbsp; &nbsp; &nbsp; &nbsp; Conceito 4 &#8211; Ano de Cria\u00e7\u00e3o 2025<\/span><\/p>\n<ul>\n<li>PROFBIO<\/li>\n<\/ul>\n<p><span data-sheets-root=\"1\">&nbsp; &nbsp; &nbsp; &nbsp; &nbsp; &nbsp;Conceito 5 &#8211; Ano de Cria\u00e7\u00e3o 2025<\/span><\/p>\n<ul>\n<li><span data-sheets-root=\"1\">ALFABETIZA\u00c7\u00c3O<\/span><\/li>\n<\/ul>\n<p>&nbsp; &nbsp; &nbsp; &nbsp; &nbsp;Conceito A &#8211; Ano de Cria\u00e7\u00e3o 2025<\/p>\n<\/div>\n<\/div>\n<h6>&nbsp;<\/h6>\n<h3><strong>DOUTORADO<\/strong><\/h3>\n<ul>\n<li><a href=\"http:\/\/www2.unifap.br\/ppgbio\/\">PPGBIO &#8211; Programa de P\u00f3s-Gradua\u00e7\u00e3o&nbsp;em Biodiversidade Tropical&nbsp;<\/a><\/li>\n<\/ul>\n<p>&nbsp; &nbsp; &nbsp; &nbsp; &nbsp; Conceito 4 &#8211; Ano de cria\u00e7\u00e3o 2006<\/p>\n<ul>\n<li><a href=\"http:\/\/www.bionorte.org.br\/programa-de-pos-graduacao.htm\">PPGBIONORTE &#8211; Programa de P\u00f3s-Gradua\u00e7\u00e3o em Biodiversidade e Biotecnologia&nbsp;<\/a><\/li>\n<\/ul>\n<p>&nbsp; &nbsp; &nbsp; &nbsp; &nbsp; Conceito 5 &#8211; Ano de cria\u00e7\u00e3o 2012<\/p>\n<ul>\n<li><a href=\"http:\/\/www2.unifap.br\/ppgdif\/\">PPGIF &#8211; Doutorado em Inova\u00e7\u00e3o Farmac\u00eautica&nbsp;<\/a><\/li>\n<\/ul>\n<p>&nbsp; &nbsp; &nbsp; &nbsp; &nbsp; Conceito 4 &#8211; &nbsp;Ano de cria\u00e7\u00e3o 2013<\/p>\n<ul>\n<li><a href=\"https:\/\/www2.unifap.br\/ppgef\/\">PPGEF &#8211; Doutorado em Estudo de Fronteiras<\/a><\/li>\n<\/ul>\n<p>&nbsp; &nbsp; &nbsp; &nbsp; &nbsp; Conceito 4 \u2013 &nbsp;Ano de cria\u00e7\u00e3o 2024<\/p>\n<ul>\n<li><a href=\"http:\/\/www2.unifap.br\/ppged\/\">PPGED &#8211;&nbsp;Programa de P\u00f3s-Gradua\u00e7\u00e3o&nbsp;em Educa\u00e7\u00e3o&nbsp;&nbsp;<\/a><\/li>\n<\/ul>\n<p>&nbsp; &nbsp; &nbsp; &nbsp; &nbsp; &nbsp; Conceito 5 &#8211; Ano de cria\u00e7\u00e3o 2024<\/p>\n<ul>\n<li><a style=\"font-size: 16px;background-color: #ffffff\" href=\"http:\/\/site.profhistoria.com.br\/doutorado-profissional-em-ensino-de-historia-aprovado\/\">PROFHISTORIA &#8211; Doutorado Profissional em Historia&nbsp;<\/a><\/li>\n<\/ul>\n<p>&nbsp; &nbsp; &nbsp; &nbsp; &nbsp; Conceito 5 &#8211; Ano de cria\u00e7\u00e3o 2024<\/p>\n","protected":false},"excerpt":{"rendered":"<p>MESTRADO PPGBIO &#8211; Programa de P\u00f3s-Gradua\u00e7\u00e3o&nbsp;em Biodiversidade Tropical&nbsp; &nbsp; &nbsp; &nbsp; &nbsp; &nbsp; Conceito 4&nbsp; &#8211; Ano de cria\u00e7\u00e3o 2006&#8230;<\/p>\n","protected":false},"author":602,"featured_media":0,"parent":97,"menu_order":0,"comment_status":"closed","ping_status":"closed","template":"","meta":{"inline_featured_image":false,"site-sidebar-layout":"default","site-content-layout":"","ast-site-content-layout":"default","site-content-style":"default","site-sidebar-style":"default","ast-global-header-display":"","ast-banner-title-visibility":"","ast-main-header-display":"","ast-hfb-above-header-display":"","ast-hfb-below-header-display":"","ast-hfb-mobile-header-display":"","site-post-title":"","ast-breadcrumbs-content":"","ast-featured-img":"","footer-sml-layout":"","theme-transparent-header-meta":"default","adv-header-id-meta":"","stick-header-meta":"","header-above-stick-meta":"","header-main-stick-meta":"","header-below-stick-meta":"","astra-migrate-meta-layouts":"set","ast-page-background-enabled":"default","ast-page-background-meta":{"desktop":{"background-color":"var(--ast-global-color-5)","background-image":"","background-repeat":"repeat","background-position":"center center","background-size":"auto","background-attachment":"scroll","background-type":"","background-media":"","overlay-type":"","overlay-color":"","overlay-opacity":"","overlay-gradient":""},"tablet":{"background-color":"","background-image":"","background-repeat":"repeat","background-position":"center center","background-size":"auto","background-attachment":"scroll","background-type":"","background-media":"","overlay-type":"","overlay-color":"","overlay-opacity":"","overlay-gradient":""},"mobile":{"background-color":"","background-image":"","background-repeat":"repeat","background-position":"center center","background-size":"auto","background-attachment":"scroll","background-type":"","background-media":"","overlay-type":"","overlay-color":"","overlay-opacity":"","overlay-gradient":""}},"ast-content-background-meta":{"desktop":{"background-color":"var(--ast-global-color-4)","background-image":"","background-repeat":"repeat","background-position":"center center","background-size":"auto","background-attachment":"scroll","background-type":"","background-media":"","overlay-type":"","overlay-color":"","overlay-opacity":"","overlay-gradient":""},"tablet":{"background-color":"var(--ast-global-color-4)","background-image":"","background-repeat":"repeat","background-position":"center center","background-size":"auto","background-attachment":"scroll","background-type":"","background-media":"","overlay-type":"","overlay-color":"","overlay-opacity":"","overlay-gradient":""},"mobile":{"background-color":"var(--ast-global-color-4)","background-image":"","background-repeat":"repeat","background-position":"center center","background-size":"auto","background-attachment":"scroll","background-type":"","background-media":"","overlay-type":"","overlay-color":"","overlay-opacity":"","overlay-gradient":""}},"ngg_post_thumbnail":0,"footnotes":""},"class_list":["post-233","page","type-page","status-publish","hentry"],"_links":{"self":[{"href":"https:\/\/www2.unifap.br\/dpg\/wp-json\/wp\/v2\/pages\/233","targetHints":{"allow":["GET"]}}],"collection":[{"href":"https:\/\/www2.unifap.br\/dpg\/wp-json\/wp\/v2\/pages"}],"about":[{"href":"https:\/\/www2.unifap.br\/dpg\/wp-json\/wp\/v2\/types\/page"}],"author":[{"embeddable":true,"href":"https:\/\/www2.unifap.br\/dpg\/wp-json\/wp\/v2\/users\/602"}],"replies":[{"embeddable":true,"href":"https:\/\/www2.unifap.br\/dpg\/wp-json\/wp\/v2\/comments?post=233"}],"version-history":[{"count":55,"href":"https:\/\/www2.unifap.br\/dpg\/wp-json\/wp\/v2\/pages\/233\/revisions"}],"predecessor-version":[{"id":3319,"href":"https:\/\/www2.unifap.br\/dpg\/wp-json\/wp\/v2\/pages\/233\/revisions\/3319"}],"up":[{"embeddable":true,"href":"https:\/\/www2.unifap.br\/dpg\/wp-json\/wp\/v2\/pages\/97"}],"wp:attachment":[{"href":"https:\/\/www2.unifap.br\/dpg\/wp-json\/wp\/v2\/media?parent=233"}],"curies":[{"name":"wp","href":"https:\/\/api.w.org\/{rel}","templated":true}]}}