{"id":2341,"date":"2025-07-03T20:04:36","date_gmt":"2025-07-03T20:04:36","guid":{"rendered":"https:\/\/www2.unifap.br\/dpg\/?page_id=2341"},"modified":"2025-10-01T14:03:48","modified_gmt":"2025-10-01T14:03:48","slug":"servicos","status":"publish","type":"page","link":"https:\/\/www2.unifap.br\/dpg\/servicos\/","title":{"rendered":"Servi\u00e7os"},"content":{"rendered":"<p>Bolsas:<\/p>\n<blockquote class=\"wp-embedded-content\" data-secret=\"SKLDcWFFtr\"><p><a href=\"https:\/\/www2.unifap.br\/dpg\/bolsas\/\">Bolsas<\/a><\/p><\/blockquote>\n<p><iframe class=\"wp-embedded-content\" sandbox=\"allow-scripts\" security=\"restricted\" style=\"position: absolute; visibility: hidden;\" title=\"&#8220;Bolsas&#8221; &#8212; \" src=\"https:\/\/www2.unifap.br\/dpg\/bolsas\/embed\/#?secret=RFTySASot0#?secret=SKLDcWFFtr\" data-secret=\"SKLDcWFFtr\" width=\"500\" height=\"282\" frameborder=\"0\" marginwidth=\"0\" marginheight=\"0\" scrolling=\"no\"><\/iframe><\/p>\n<p>Formul\u00e1rios:<\/p>\n<blockquote class=\"wp-embedded-content\" data-secret=\"7hxLM2pUng\"><p><a href=\"https:\/\/www2.unifap.br\/dpg\/formularios\/\">Formul\u00e1rios<\/a><\/p><\/blockquote>\n<p><iframe class=\"wp-embedded-content\" sandbox=\"allow-scripts\" security=\"restricted\" style=\"position: absolute; visibility: hidden;\" title=\"&#8220;Formul\u00e1rios&#8221; &#8212; \" src=\"https:\/\/www2.unifap.br\/dpg\/formularios\/embed\/#?secret=NphO3BkYLW#?secret=7hxLM2pUng\" data-secret=\"7hxLM2pUng\" width=\"500\" height=\"282\" frameborder=\"0\" marginwidth=\"0\" marginheight=\"0\" scrolling=\"no\"><\/iframe><\/p>\n<p>Afastamento para qualifica\u00e7\u00e3o:<\/p>\n<blockquote class=\"wp-embedded-content\" data-secret=\"PZW8pWpna5\"><p><a href=\"https:\/\/www2.unifap.br\/dpg\/afastamento-para-qualificacao\/\">Afastamento para qualifica\u00e7\u00e3o<\/a><\/p><\/blockquote>\n<p><iframe class=\"wp-embedded-content\" sandbox=\"allow-scripts\" security=\"restricted\" style=\"position: absolute; visibility: hidden;\" title=\"&#8220;Afastamento para qualifica\u00e7\u00e3o&#8221; &#8212; \" src=\"https:\/\/www2.unifap.br\/dpg\/afastamento-para-qualificacao\/embed\/#?secret=ywjhZpfKdw#?secret=PZW8pWpna5\" data-secret=\"PZW8pWpna5\" width=\"500\" height=\"282\" frameborder=\"0\" marginwidth=\"0\" marginheight=\"0\" scrolling=\"no\"><\/iframe><\/p>\n","protected":false},"excerpt":{"rendered":"<p>Bolsas: Bolsas Formul\u00e1rios: Formul\u00e1rios Afastamento para qualifica\u00e7\u00e3o: Afastamento para qualifica\u00e7\u00e3o<\/p>\n","protected":false},"author":3840,"featured_media":0,"parent":0,"menu_order":0,"comment_status":"closed","ping_status":"closed","template":"","meta":{"inline_featured_image":false,"site-sidebar-layout":"default","site-content-layout":"","ast-site-content-layout":"default","site-content-style":"default","site-sidebar-style":"default","ast-global-header-display":"","ast-banner-title-visibility":"","ast-main-header-display":"","ast-hfb-above-header-display":"","ast-hfb-below-header-display":"","ast-hfb-mobile-header-display":"","site-post-title":"","ast-breadcrumbs-content":"","ast-featured-img":"","footer-sml-layout":"","theme-transparent-header-meta":"default","adv-header-id-meta":"","stick-header-meta":"","header-above-stick-meta":"","header-main-stick-meta":"","header-below-stick-meta":"","astra-migrate-meta-layouts":"set","ast-page-background-enabled":"default","ast-page-background-meta":{"desktop":{"background-color":"var(--ast-global-color-5)","background-image":"","background-repeat":"repeat","background-position":"center center","background-size":"auto","background-attachment":"scroll","background-type":"","background-media":"","overlay-type":"","overlay-color":"","overlay-opacity":"","overlay-gradient":""},"tablet":{"background-color":"","background-image":"","background-repeat":"repeat","background-position":"center center","background-size":"auto","background-attachment":"scroll","background-type":"","background-media":"","overlay-type":"","overlay-color":"","overlay-opacity":"","overlay-gradient":""},"mobile":{"background-color":"","background-image":"","background-repeat":"repeat","background-position":"center center","background-size":"auto","background-attachment":"scroll","background-type":"","background-media":"","overlay-type":"","overlay-color":"","overlay-opacity":"","overlay-gradient":""}},"ast-content-background-meta":{"desktop":{"background-color":"var(--ast-global-color-4)","background-image":"","background-repeat":"repeat","background-position":"center center","background-size":"auto","background-attachment":"scroll","background-type":"","background-media":"","overlay-type":"","overlay-color":"","overlay-opacity":"","overlay-gradient":""},"tablet":{"background-color":"var(--ast-global-color-4)","background-image":"","background-repeat":"repeat","background-position":"center center","background-size":"auto","background-attachment":"scroll","background-type":"","background-media":"","overlay-type":"","overlay-color":"","overlay-opacity":"","overlay-gradient":""},"mobile":{"background-color":"var(--ast-global-color-4)","background-image":"","background-repeat":"repeat","background-position":"center center","background-size":"auto","background-attachment":"scroll","background-type":"","background-media":"","overlay-type":"","overlay-color":"","overlay-opacity":"","overlay-gradient":""}},"ngg_post_thumbnail":0,"footnotes":""},"class_list":["post-2341","page","type-page","status-publish","hentry"],"_links":{"self":[{"href":"https:\/\/www2.unifap.br\/dpg\/wp-json\/wp\/v2\/pages\/2341","targetHints":{"allow":["GET"]}}],"collection":[{"href":"https:\/\/www2.unifap.br\/dpg\/wp-json\/wp\/v2\/pages"}],"about":[{"href":"https:\/\/www2.unifap.br\/dpg\/wp-json\/wp\/v2\/types\/page"}],"author":[{"embeddable":true,"href":"https:\/\/www2.unifap.br\/dpg\/wp-json\/wp\/v2\/users\/3840"}],"replies":[{"embeddable":true,"href":"https:\/\/www2.unifap.br\/dpg\/wp-json\/wp\/v2\/comments?post=2341"}],"version-history":[{"count":5,"href":"https:\/\/www2.unifap.br\/dpg\/wp-json\/wp\/v2\/pages\/2341\/revisions"}],"predecessor-version":[{"id":3241,"href":"https:\/\/www2.unifap.br\/dpg\/wp-json\/wp\/v2\/pages\/2341\/revisions\/3241"}],"wp:attachment":[{"href":"https:\/\/www2.unifap.br\/dpg\/wp-json\/wp\/v2\/media?parent=2341"}],"curies":[{"name":"wp","href":"https:\/\/api.w.org\/{rel}","templated":true}]}}