{"id":99,"date":"2014-02-11T13:28:35","date_gmt":"2014-02-11T13:28:35","guid":{"rendered":"http:\/\/www2.unifap.br\/dpg\/?page_id=99"},"modified":"2026-04-06T19:04:56","modified_gmt":"2026-04-06T19:04:56","slug":"afastamento-para-qualificacao","status":"publish","type":"page","link":"https:\/\/www2.unifap.br\/dpg\/afastamento-para-qualificacao\/","title":{"rendered":"Afastamento para qualifica\u00e7\u00e3o"},"content":{"rendered":"<p style=\"text-align: justify\">Para solicitar o&nbsp;Afastamento para Qualifica\u00e7\u00e3o, o docente deve observar atentamente o disposto na <a href=\"http:\/\/www2.unifap.br\/dpg\/files\/2014\/02\/Resolu\u00e7\u00e3o.pdf\" target=\"_blank\" rel=\"noopener noreferrer\">Resolu\u00e7\u00e3o 022\/2010 CONSU\/UNIFAP<\/a>&nbsp;e na <a href=\"http:\/\/www2.unifap.br\/dpg\/files\/2014\/02\/Resolu\u00e7\u00e3o-n\u00ba-18-2015-Regime-diferenciado-de-deslocamento-de-docentes.pdf\">Resolu\u00e7\u00e3o 018\/2015 CONSU\/UNIFAP<\/a> e encaminhar \u00e0 Coordena\u00e7\u00e3o do Curso\/Programa a qual esteja vinculado a solicita\u00e7\u00e3o do afastamento. Esse colegiado deve encaminhar ao Departamento para autuar processo e posteriormente encaminhar para PROGRAD, juntamente com a ata da reuni\u00e3o na qual se autorizou o afastamento (recomenda-se que conste nesta ata o n\u00famero de afastados atualmente no colegiado), os seguintes documentos:<\/p>\n<ul>\n<li>Plano de Estudo do Requerente<\/li>\n<li><a href=\"http:\/\/www2.unifap.br\/dpg\/files\/2021\/12\/Requerimento.pdf\">Requerimento do Afastamento<\/a><\/li>\n<li><a href=\"http:\/\/www2.unifap.br\/dpg\/files\/2021\/12\/FORMUL\u00c1RIO-DE-AFASTAMENTO.pdf\">Ficha de Solicita\u00e7\u00e3o de&nbsp;Afastamento de Docente para Forma\u00e7\u00e3o no Pais ou no Exterior<\/a><\/li>\n<li><a href=\"http:\/\/www2.unifap.br\/dpg\/files\/2021\/12\/TermodeCompromisso-Afastamento-UNIFAP.pdf\">Termo de Compromisso<\/a><\/li>\n<\/ul>\n<p style=\"text-align: justify\">O docente afastado deve enviar semestralmente o relat\u00f3rio das atividades executadas na sua atividade de qualifica\u00e7\u00e3o, comprovante de matricula e hist\u00f3rico semestral, e ao final da mesma, encaminhar c\u00f3pia em CD da disserta\u00e7\u00e3o\/tese, formul\u00e1rio BDTD, a ata de defesa e carta de retorno \u00e0s atividades da UNIFAP. A n\u00e3o entrega dos referidos documentos poder\u00e1 acarretar em suspens\u00e3o da autoriza\u00e7\u00e3o de afastamento.<\/p>\n<ul>\n<li><a href=\"http:\/\/www2.unifap.br\/dpg\/files\/2026\/04\/Relatorio_Semestral_DOCENTE.pdf\">Modelo de Relat\u00f3rio Semestral<\/a><\/li>\n<li><a href=\"http:\/\/www2.unifap.br\/dpg\/files\/2026\/04\/Relatorio_Final_DOCENTE.pdf\">Relat\u00f3rio de Final<\/a><\/li>\n<li><a href=\"http:\/\/www2.unifap.br\/dpg\/files\/2021\/05\/RELATORIO-FINAL-DOCENTE-POS-DOUTORADO.pdf\">Relat\u00f3rio final de P\u00f3s-Doutorado<\/a><\/li>\n<li><a href=\"https:\/\/www2.unifap.br\/biblioteca\/files\/2021\/09\/DECLARA%c3%87%c3%83O-DE-AUTORIA-E-AUTORIZA%c3%87%c3%83O-PARA-PUBLICA%c3%87%c3%83O_ATUAL.pdf\">Formul\u00e1rio-BDTD<\/a><\/li>\n<\/ul>\n<p style=\"text-align: center\"><strong><a href=\"http:\/\/www2.unifap.br\/dpg\/files\/2014\/02\/Resolu\u00e7\u00e3o.pdf\">Resolu\u00e7\u00e3o&nbsp;022\/2010 CONSU\/UNIFAP<\/a><\/strong><\/p>\n<p style=\"text-align: justify\">Se o docente pretende sair para p\u00f3s-gradua\u00e7\u00e3o no exterior e pretende revalid\u00e1-lo em um dos cursos Stricto sensu da UNIFAP, \u00e9 importante observar a <a href=\"http:\/\/www2.unifap.br\/dpg\/files\/2014\/02\/Revalida\u00e7\u00e3o-de-diploma-por-institui\u00e7\u00f5es-estrangeiras.pdf\">Resolu\u00e7\u00e3o 09\/2007<\/a>, que disp\u00f5e sobre a revalida\u00e7\u00e3o de diplomas de institui\u00e7\u00f5es estrangeiras pela UNIFAP.<\/p>\n<p style=\"text-align: center\"><strong><a href=\"http:\/\/www2.unifap.br\/dpg\/files\/2015\/01\/ORIENTA\u00c7\u00c3O-PARA-ELABORA\u00c7\u00c3O-DO-PQDCP.docx\">Instru\u00e7\u00f5es para Elabora\u00e7\u00e3o do PQDCP<\/a><\/strong><\/p>\n<p style=\"text-align: justify\">Anualmente, os colegiados devem submeter \u00e0 PROPESPG o Plano de Qualifica\u00e7\u00e3o Docente de Colegiados e Programas (PQDCP), que \u00e9 usado pela PROPESPG para a elabora\u00e7\u00e3o do Plano Institucional de Qualifica\u00e7\u00e3o Docente&nbsp;(PIQD). Esse documento \u00e9 usado pelo DPG como diretriz das atividades de qualifica\u00e7\u00e3o docente, portanto \u00e9 indispens\u00e1vel a apresenta\u00e7\u00e3o do PQDCP no per\u00edodo correto. <a href=\"http:\/\/www2.unifap.br\/dpg\/files\/2015\/01\/ORIENTA\u00c7\u00c3O-PARA-ELABORA\u00c7\u00c3O-DO-PQDCP.docx\">Confira aqui um documento com instru\u00e7\u00f5es para a elabora\u00e7\u00e3o do PQDCP<\/a>.<\/p>\n<p style=\"text-align: justify\">&nbsp;<\/p>\n","protected":false},"excerpt":{"rendered":"<p>Para solicitar o&nbsp;Afastamento para Qualifica\u00e7\u00e3o, o docente deve observar atentamente o disposto na Resolu\u00e7\u00e3o 022\/2010 CONSU\/UNIFAP&nbsp;e na Resolu\u00e7\u00e3o 018\/2015 CONSU\/UNIFAP&#8230;<\/p>\n","protected":false},"author":1,"featured_media":0,"parent":0,"menu_order":2,"comment_status":"closed","ping_status":"closed","template":"","meta":{"inline_featured_image":false,"site-sidebar-layout":"default","site-content-layout":"","ast-site-content-layout":"default","site-content-style":"default","site-sidebar-style":"default","ast-global-header-display":"","ast-banner-title-visibility":"","ast-main-header-display":"","ast-hfb-above-header-display":"","ast-hfb-below-header-display":"","ast-hfb-mobile-header-display":"","site-post-title":"","ast-breadcrumbs-content":"","ast-featured-img":"","footer-sml-layout":"","theme-transparent-header-meta":"default","adv-header-id-meta":"","stick-header-meta":"","header-above-stick-meta":"","header-main-stick-meta":"","header-below-stick-meta":"","astra-migrate-meta-layouts":"set","ast-page-background-enabled":"default","ast-page-background-meta":{"desktop":{"background-color":"var(--ast-global-color-5)","background-image":"","background-repeat":"repeat","background-position":"center center","background-size":"auto","background-attachment":"scroll","background-type":"","background-media":"","overlay-type":"","overlay-color":"","overlay-opacity":"","overlay-gradient":""},"tablet":{"background-color":"","background-image":"","background-repeat":"repeat","background-position":"center center","background-size":"auto","background-attachment":"scroll","background-type":"","background-media":"","overlay-type":"","overlay-color":"","overlay-opacity":"","overlay-gradient":""},"mobile":{"background-color":"","background-image":"","background-repeat":"repeat","background-position":"center center","background-size":"auto","background-attachment":"scroll","background-type":"","background-media":"","overlay-type":"","overlay-color":"","overlay-opacity":"","overlay-gradient":""}},"ast-content-background-meta":{"desktop":{"background-color":"var(--ast-global-color-4)","background-image":"","background-repeat":"repeat","background-position":"center center","background-size":"auto","background-attachment":"scroll","background-type":"","background-media":"","overlay-type":"","overlay-color":"","overlay-opacity":"","overlay-gradient":""},"tablet":{"background-color":"var(--ast-global-color-4)","background-image":"","background-repeat":"repeat","background-position":"center center","background-size":"auto","background-attachment":"scroll","background-type":"","background-media":"","overlay-type":"","overlay-color":"","overlay-opacity":"","overlay-gradient":""},"mobile":{"background-color":"var(--ast-global-color-4)","background-image":"","background-repeat":"repeat","background-position":"center center","background-size":"auto","background-attachment":"scroll","background-type":"","background-media":"","overlay-type":"","overlay-color":"","overlay-opacity":"","overlay-gradient":""}},"ngg_post_thumbnail":0,"footnotes":""},"class_list":["post-99","page","type-page","status-publish","hentry"],"_links":{"self":[{"href":"https:\/\/www2.unifap.br\/dpg\/wp-json\/wp\/v2\/pages\/99","targetHints":{"allow":["GET"]}}],"collection":[{"href":"https:\/\/www2.unifap.br\/dpg\/wp-json\/wp\/v2\/pages"}],"about":[{"href":"https:\/\/www2.unifap.br\/dpg\/wp-json\/wp\/v2\/types\/page"}],"author":[{"embeddable":true,"href":"https:\/\/www2.unifap.br\/dpg\/wp-json\/wp\/v2\/users\/1"}],"replies":[{"embeddable":true,"href":"https:\/\/www2.unifap.br\/dpg\/wp-json\/wp\/v2\/comments?post=99"}],"version-history":[{"count":64,"href":"https:\/\/www2.unifap.br\/dpg\/wp-json\/wp\/v2\/pages\/99\/revisions"}],"predecessor-version":[{"id":3387,"href":"https:\/\/www2.unifap.br\/dpg\/wp-json\/wp\/v2\/pages\/99\/revisions\/3387"}],"wp:attachment":[{"href":"https:\/\/www2.unifap.br\/dpg\/wp-json\/wp\/v2\/media?parent=99"}],"curies":[{"name":"wp","href":"https:\/\/api.w.org\/{rel}","templated":true}]}}