{"id":1991,"date":"2014-12-18T19:55:46","date_gmt":"2014-12-18T19:55:46","guid":{"rendered":"http:\/\/www2.unifap.br\/dpq\/?page_id=1991"},"modified":"2024-05-22T18:37:28","modified_gmt":"2024-05-22T21:37:28","slug":"livros-de-resumos-dos-eventos","status":"publish","type":"page","link":"https:\/\/www2.unifap.br\/dpq\/iniciacao-cientifica\/livros-de-resumos-dos-eventos\/","title":{"rendered":"Livros de Resumos"},"content":{"rendered":"<p>Nesta p\u00e1gina est\u00e3o publicados os Livros de Resumos dos eventos realizados pelo Departamento de Pesquisa da Universidade Federal do Amap\u00e1.<\/p>\n<p><a href=\"http:\/\/www2.unifap.br\/dpq\/files\/2024\/05\/Livro-XII-CONAIC_compressed.pdf\">Livro XII CONAIC<\/a><\/p>\n<p>Livro de Resumos 2022 (<a href=\"https:\/\/drive.google.com\/file\/d\/17t9LHf6wRUWWvJ0D5MczYlGkF9BcbNL3\/view?usp=drive_link\" target=\"_blank\" rel=\"noopener\">clique aqui<\/a>)<\/p>\n<p>Livro de Resumos 2021 <a title=\"Livro de Resumos 2021\" href=\"http:\/\/www2.unifap.br\/dpq\/files\/2022\/04\/Livro-de-Resumos-2021-X-Congresso-Amapaense-de-Iniciacao-Cientifica.pdf\" target=\"_blank\" rel=\"noopener\">(clique aqui)<\/a><\/p>\n<p>Livro de Resumos 2020 <a title=\"Livro de Resumos 2020\" href=\"http:\/\/www2.unifap.br\/dpq\/files\/2022\/05\/Livro-de-Resumos-2020-IX-Congresso-Amapaense-de-Iniciacao-Cientifica.pdf\" target=\"_blank\" rel=\"noopener\">(clique aqui)<\/a><\/p>\n<p>Livro de Resumos 2019 <a title=\"Livro de Resumos 2019\" href=\"http:\/\/www2.unifap.br\/dpq\/files\/2021\/10\/Livro-de-Resumos-2019-VIII-Congresso-Amapaense-de-Iniciacao-Cientifica.pdf\" target=\"_blank\" rel=\"noopener noreferrer\">(clique aqui)<\/a><\/p>\n<p>Livro de Resumos 2018 <a title=\"Livro de Resumos 2018\" href=\"http:\/\/www2.unifap.br\/dpq\/files\/2018\/12\/Livro-de-Resumos-2018-VII-Congresso-Amapaense-de-Iniciacao-Cientifica.pdf\" target=\"_blank\" rel=\"noopener noreferrer\">(clique aqui)<\/a><a title=\"Livro de Resumos 2018\" href=\"http:\/\/www2.unifap.br\/dpq\/files\/2018\/10\/Livro_de_Resumos_2018.pdf\"><br \/>\n<\/a><\/p>\n<p>Livro de Resumos 2017 <a title=\"Livro de Resumos 2017\" href=\"http:\/\/www2.unifap.br\/dpq\/files\/2018\/12\/Livro-de-Resumos-2017-VI-Congresso-Amapaense-de-Iniciacao-Cientifica.pdf\" target=\"_blank\" rel=\"noopener noreferrer\">(clique aqui)<\/a><\/p>\n<p>Livro de Resumos 2016 <a title=\"Livro de Resumos 2016\" href=\"http:\/\/www2.unifap.br\/dpq\/files\/2018\/12\/Livro-de-Resumos-2016-Jornada-Integrada-de-IC-UEAP-UNIFAP-e-IEPA.pdf\" target=\"_blank\" rel=\"noopener noreferrer\">(clique aqui)<\/a><\/p>\n<p>Livro de Resumos 2015 <a title=\"Livro de Resumos 2015\" href=\"http:\/\/www2.unifap.br\/dpq\/files\/2018\/12\/Livro-de-Resumos-2015-V-Congresso-Amapaense-de-Inicia\u00e7\u00e3o-Cient\u00edfica.pdf\" target=\"_blank\" rel=\"noopener noreferrer\">(clique aqui)<\/a><a title=\"Livro de Resumos 2014\" href=\"http:\/\/www2.unifap.br\/dpq\/files\/2015\/10\/Livro_de_Resumos_do_V_Congresso_Amapaense_de_Inicia\u00e7\u00e3o_Cient\u00edfica_2015..pdf\"><br \/>\n<\/a><\/p>\n<p>Livro de Resumos 2014 <a title=\"Livro de Resumos 2014\" href=\"http:\/\/www2.unifap.br\/dpq\/files\/2018\/12\/Livro-de-Resumos-2014-do-VI-Semin\u00e1rio-de-Inicia\u00e7\u00e3o-Cient\u00edfica-da-UNIFAP.pdf\" target=\"_blank\" rel=\"noopener noreferrer\">(clique aqui)<\/a><\/p>\n<p>Livro de Resumos 2013 <a title=\"Livro de Resumos 2013 - CB\" href=\"http:\/\/www2.unifap.br\/dpq\/files\/2014\/12\/Livro-de-resumos-Caderno-de-Biologia.pdf\" target=\"_blank\" rel=\"noopener noreferrer\">(Livro de C. Biol.)<\/a> <a title=\"Livro de Resumos 2013 - CE\" href=\"http:\/\/www2.unifap.br\/dpq\/files\/2014\/12\/Livro-de-resumos-Caderno-de-Exatas.pdf\" target=\"_blank\" rel=\"noopener noreferrer\">(Livro de C. Exatas)<\/a> <a title=\"Livro de Resumos 2013 - CH\" href=\"http:\/\/www2.unifap.br\/dpq\/files\/2014\/12\/Livro-de-resumos-Caderno-de-Humanas.pdf\" target=\"_blank\" rel=\"noopener noreferrer\">(Livro de C. Hum.)<\/a> <a title=\"Livro de Resumos 2013 - CSa\u00fade\" href=\"http:\/\/www2.unifap.br\/dpq\/files\/2014\/12\/Livro-de-resumos-Sa\u00fade.pdf\" target=\"_blank\" rel=\"noopener noreferrer\">(Livro de C. Sa\u00fade)<\/a><\/p>\n<p>Livro de Resumos 2012 <a title=\"Livro de Resumos 2012\" href=\"http:\/\/www2.unifap.br\/dpq\/files\/2014\/12\/Livro-de-Resumos-2012-do-3\u00ba-Congresso-Amapaense-de-Inicia\u00e7\u00e3o-Cient\u00edfica-7\u00aa-Mostra-de-TCC\u2019s-e-3\u00aa-Exposi\u00e7\u00e3o-de-Pesquisa-Cient\u00edfica.pdf\" target=\"_blank\" rel=\"noopener noreferrer\">(clique aqui)<\/a><\/p>\n<p>Livro de Resumos 2011 <a title=\"Livro de Resumos 2011\" href=\"http:\/\/www2.unifap.br\/dpq\/files\/2014\/12\/Livro-de-Resumos-2011-do-2\u00ba-Congresso-Amapaense-de-Inicia\u00e7\u00e3o-Cient\u00edfica-da-UEAP-UNIFAP-IEPA-e-Embrapa-Amap\u00e1-6\u00aa-Mostra-de-TCC\u2019s-e-2\u00aa-Exposi\u00e7\u00e3o-de-Pesquisa-Cient\u00edfica.pdf\" target=\"_blank\" rel=\"noopener noreferrer\">(clique aqui)<\/a><\/p>\n<p>Livro de Resumos 2010 <a title=\"Livro de Resumos 2010\" href=\"http:\/\/www2.unifap.br\/dpq\/files\/2014\/12\/Livro-de-Resumos-2010-do-1\u00ba-Congresso-Amapaense-de-Inicia\u00e7\u00e3o-Cient\u00edfica-da-UEAP-UNIFAP-IEPA-e-Embrapa-Amap\u00e1-5\u00aa-Mostra-de-TCC\u2019s-e-1\u00aa-Exposi\u00e7\u00e3o-de-Pesquisa-Cient\u00edfica.pdf\" target=\"_blank\" rel=\"noopener noreferrer\">(clique aqui)<\/a><\/p>\n<p><span style=\"line-height: 1.5em\">Livro de Resumos 2009 <a title=\"Livro de Resumos 2009\" href=\"http:\/\/www2.unifap.br\/dpq\/files\/2014\/12\/Livro-de-Resumos-2009-do-5\u00ba-Semin\u00e1rio-de-Inicia\u00e7\u00e3o-Cient\u00edfica-da-UNIFAP-e-4\u00aa-Mostra-de-TCCs.pdf\" target=\"_blank\" rel=\"noopener noreferrer\">(clique aqui)<\/a><\/span><\/p>\n<p>Livro de Resumos 2008 <a title=\"Livro de Resumos 2008 - capa\" href=\"http:\/\/www2.unifap.br\/dpq\/files\/2014\/12\/Livro-de-Resumos-2008-Capa-do-4\u00ba-Semin\u00e1rio-de-Inicia\u00e7\u00e3o-Cient\u00edfica-da-UNIFAP-3\u00aa-Mostra-de-TCC-e-4\u00aa-Jornada-Cientifica-da-SETEC.pdf\" target=\"_blank\" rel=\"noopener noreferrer\">(clique aqui para Capa)<\/a> <a title=\"Livro de Resumos 2008 - resumos\" href=\"http:\/\/www2.unifap.br\/dpq\/files\/2014\/12\/Livro-de-Resumos-2008-Resumos-do-4\u00ba-Semin\u00e1rio-de-Inicia\u00e7\u00e3o-Cient\u00edfica-da-UNIFAP-3\u00aa-Mostra-de-TCC-e-4\u00aa-Jornada-Cientifica-da-SETEC.pdf\" target=\"_blank\" rel=\"noopener noreferrer\">(clique aqui para Resumos)<\/a><\/p>\n<p>Livro de Resumos 2006 <a title=\"Livro de Resumos 2006\" href=\"http:\/\/www2.unifap.br\/dpq\/files\/2014\/12\/Livro-de-Resumos-2006-do-2\u00ba-Semin\u00e1rio-de-Inicia\u00e7\u00e3o-Cient\u00edfica-e-1\u00aa-Mostra-de-TCCs-da-UNIFAP.pdf\" target=\"_blank\" rel=\"noopener noreferrer\">(clique aqui)<\/a><\/p>\n","protected":false},"excerpt":{"rendered":"<p>Nesta p\u00e1gina est\u00e3o publicados os Livros de Resumos dos eventos realizados pelo Departamento de Pesquisa da Universidade Federal do Amap\u00e1. Livro XII CONAIC Livro de Resumos 2022 (clique aqui) Livro de Resumos 2021 (clique aqui) Livro de Resumos 2020 (clique aqui) Livro de Resumos 2019 (clique aqui) Livro de Resumos 2018 (clique aqui) Livro de&#8230;<\/p>\n","protected":false},"author":82,"featured_media":0,"parent":2670,"menu_order":5,"comment_status":"open","ping_status":"open","template":"","meta":{"inline_featured_image":false,"ngg_post_thumbnail":0,"footnotes":""},"class_list":["post-1991","page","type-page","status-publish","hentry","entry"],"_links":{"self":[{"href":"https:\/\/www2.unifap.br\/dpq\/wp-json\/wp\/v2\/pages\/1991","targetHints":{"allow":["GET"]}}],"collection":[{"href":"https:\/\/www2.unifap.br\/dpq\/wp-json\/wp\/v2\/pages"}],"about":[{"href":"https:\/\/www2.unifap.br\/dpq\/wp-json\/wp\/v2\/types\/page"}],"author":[{"embeddable":true,"href":"https:\/\/www2.unifap.br\/dpq\/wp-json\/wp\/v2\/users\/82"}],"replies":[{"embeddable":true,"href":"https:\/\/www2.unifap.br\/dpq\/wp-json\/wp\/v2\/comments?post=1991"}],"version-history":[{"count":45,"href":"https:\/\/www2.unifap.br\/dpq\/wp-json\/wp\/v2\/pages\/1991\/revisions"}],"predecessor-version":[{"id":5369,"href":"https:\/\/www2.unifap.br\/dpq\/wp-json\/wp\/v2\/pages\/1991\/revisions\/5369"}],"up":[{"embeddable":true,"href":"https:\/\/www2.unifap.br\/dpq\/wp-json\/wp\/v2\/pages\/2670"}],"wp:attachment":[{"href":"https:\/\/www2.unifap.br\/dpq\/wp-json\/wp\/v2\/media?parent=1991"}],"curies":[{"name":"wp","href":"https:\/\/api.w.org\/{rel}","templated":true}]}}