{"id":2167,"date":"2015-04-07T20:31:42","date_gmt":"2015-04-07T20:31:42","guid":{"rendered":"http:\/\/www2.unifap.br\/dpq\/?page_id=2167"},"modified":"2025-08-12T16:44:51","modified_gmt":"2025-08-12T19:44:51","slug":"comite-institucional-de-acompanhamento-e-avaliacao-dos-programas-de-iniciacao-cientifica-da-unifap","status":"publish","type":"page","link":"https:\/\/www2.unifap.br\/dpq\/iniciacao-cientifica\/comite-institucional-de-acompanhamento-e-avaliacao-dos-programas-de-iniciacao-cientifica-da-unifap\/","title":{"rendered":"Comit\u00ea Institucional de IC"},"content":{"rendered":"<p><a href=\"https:\/\/www2.unifap.br\/dpq\/iniciacao-cientifica\/comite-institucional-de-acompanhamento-e-avaliacao-dos-programas-de-iniciacao-cientifica-da-unifap\/portaria-7\/\" target=\"_blank\" rel=\"attachment noopener wp-att-8034\">PORTARIA COMIT\u00ca INICIA\u00c7\u00c3O CIENT\u00cdFICA 2025-2027<\/a><\/p>\n","protected":false},"excerpt":{"rendered":"<p>PORTARIA COMIT\u00ca INICIA\u00c7\u00c3O CIENT\u00cdFICA 2025-2027<\/p>\n","protected":false},"author":176,"featured_media":0,"parent":2670,"menu_order":2,"comment_status":"open","ping_status":"open","template":"","meta":{"inline_featured_image":false,"ngg_post_thumbnail":0,"footnotes":""},"class_list":["post-2167","page","type-page","status-publish","hentry","entry"],"_links":{"self":[{"href":"https:\/\/www2.unifap.br\/dpq\/wp-json\/wp\/v2\/pages\/2167","targetHints":{"allow":["GET"]}}],"collection":[{"href":"https:\/\/www2.unifap.br\/dpq\/wp-json\/wp\/v2\/pages"}],"about":[{"href":"https:\/\/www2.unifap.br\/dpq\/wp-json\/wp\/v2\/types\/page"}],"author":[{"embeddable":true,"href":"https:\/\/www2.unifap.br\/dpq\/wp-json\/wp\/v2\/users\/176"}],"replies":[{"embeddable":true,"href":"https:\/\/www2.unifap.br\/dpq\/wp-json\/wp\/v2\/comments?post=2167"}],"version-history":[{"count":17,"href":"https:\/\/www2.unifap.br\/dpq\/wp-json\/wp\/v2\/pages\/2167\/revisions"}],"predecessor-version":[{"id":8035,"href":"https:\/\/www2.unifap.br\/dpq\/wp-json\/wp\/v2\/pages\/2167\/revisions\/8035"}],"up":[{"embeddable":true,"href":"https:\/\/www2.unifap.br\/dpq\/wp-json\/wp\/v2\/pages\/2670"}],"wp:attachment":[{"href":"https:\/\/www2.unifap.br\/dpq\/wp-json\/wp\/v2\/media?parent=2167"}],"curies":[{"name":"wp","href":"https:\/\/api.w.org\/{rel}","templated":true}]}}