{"id":2452,"date":"2016-01-13T13:25:01","date_gmt":"2016-01-13T13:25:01","guid":{"rendered":"http:\/\/www2.unifap.br\/dpq\/?page_id=2452"},"modified":"2018-06-13T12:25:38","modified_gmt":"2018-06-13T12:25:38","slug":"registre-sua-pesquisa","status":"publish","type":"page","link":"https:\/\/www2.unifap.br\/dpq\/registro-de-pesquisas\/registre-sua-pesquisa\/","title":{"rendered":"COMO REGISTRAR SUA PESQUISA?"},"content":{"rendered":"<p style=\"text-align: center\"><strong>REGISTRO DE PROJETOS DE PESQUISA NO SIGAA<\/strong><\/p>\n<p style=\"text-align: justify\">1) Ler a\u00a0<strong><span style=\"color: #0000ff\"><a href=\"http:\/\/www2.unifap.br\/dpq\/registro-de-pesquisas\/resolucao-0142010-normas-de-atividades-de-pesquisa\/\"><span style=\"color: #0000ff\">Resolu\u00e7\u00e3o de Pesquisa (clique para acessar)<\/span><\/a>;<\/span><\/strong><\/p>\n<p style=\"text-align: justify\">2) Acessar SIGAA &#8211;&gt; Portal do Docente &#8211;&gt; Pesquisa &#8211;&gt; Submeter Proposta de Projeto Interno;<\/p>\n<p style=\"text-align: justify\">3) Preencher os dados do projeto<strong><span style=\"color: #0000ff\">\u00a0<a href=\"http:\/\/www2.unifap.br\/dpq\/files\/2016\/01\/cadastrar_projeto_interno.pdf\"><span style=\"color: #0000ff\">(clique para baixar tutorial)<\/span><\/a>;<\/span><\/strong><\/p>\n<p style=\"text-align: justify\">4) Anexar ao projeto documentos comprobat\u00f3rios exigidos na resolu\u00e7\u00e3o de pesquisa, quando necess\u00e1rio (parecer de comit\u00ea de \u00e9tica, comprovantes de financiamento). N\u00e3o \u00e9 necess\u00e1rio anexar ata de aprova\u00e7\u00e3o de colegiado, visto que a avalia\u00e7\u00e3o ser\u00e1 realizada no pr\u00f3prio sistema.<\/p>\n<p style=\"text-align: justify\">5) Enviar o projeto (submiss\u00e3o).<\/p>\n<p style=\"text-align: justify\">Ap\u00f3s o envio, o DPq realizar\u00e1 no sistema a distribui\u00e7\u00e3o para aprova\u00e7\u00e3o do consultor de pesquisa*. Ap\u00f3s a realiza\u00e7\u00e3o da a avalia\u00e7\u00e3o, o DPq proceder\u00e1 \u00e0 an\u00e1lise do projeto quanto \u00e0 resolu\u00e7\u00e3o de pesquisa vigente. Caso o projeto tenha alguma pend\u00eancia, o coordenador ser\u00e1 comunicado via e-mail\u00a0 e o projeto ter\u00e1 seu status alterado para\u00a0<strong>&#8220;NECESSITA CORRE\u00c7\u00c3O&#8221;<\/strong>, de forma que possa ser editado. Se n\u00e3o houver pend\u00eancia, o projeto ser\u00e1 aprovado e ter\u00e1 seu status alterado para <strong>&#8220;EM EXECU\u00c7\u00c3O&#8221;<\/strong>.<\/p>\n<p style=\"text-align: justify\">ATEN\u00c7\u00c3O: Solicitamos aos docentes que atualizem seu e-mails no perfil do SIGAA, para que os comunicados possam ser devidamente recebidos. E-mails dos provedores Hotmail, Yahoo ou Outlook devem ser preferencialmente alterados para Gmail ou e-mail institucional, pois apresentam melhor pol\u00edtica de spam, evitando falhas de comunica\u00e7\u00e3o.<\/p>\n<p style=\"text-align: justify\">*O consultor de pesquisa pode ser o(a) diretor(a) do departamento acad\u00eamico, coordenador(a) de curso ou membro de comit\u00ea de pesquisa indicado pelo departamento ou coordena\u00e7\u00e3o de curso.<\/p>\n<p style=\"text-align: justify\">Atenciosamente,<\/p>\n<p style=\"text-align: justify\"><strong>Equipe DPq.<\/strong><\/p>\n<p style=\"text-align: justify\">Este tutorial foi \u00fatil? Envie d\u00favidas e\/ou sugest\u00f5es para <strong>dpq@unifap.br<\/strong><\/p>\n","protected":false},"excerpt":{"rendered":"<p>REGISTRO DE PROJETOS DE PESQUISA NO SIGAA 1) Ler a\u00a0Resolu\u00e7\u00e3o de Pesquisa (clique para acessar); 2) Acessar SIGAA &#8211;&gt; Portal do Docente &#8211;&gt; Pesquisa &#8211;&gt; Submeter Proposta de Projeto Interno; 3) Preencher os dados do projeto\u00a0(clique para baixar tutorial); 4) Anexar ao projeto documentos comprobat\u00f3rios exigidos na resolu\u00e7\u00e3o de pesquisa, quando necess\u00e1rio (parecer de comit\u00ea&#8230;<\/p>\n","protected":false},"author":176,"featured_media":0,"parent":2690,"menu_order":0,"comment_status":"open","ping_status":"open","template":"","meta":{"inline_featured_image":false,"ngg_post_thumbnail":0,"footnotes":""},"class_list":["post-2452","page","type-page","status-publish","hentry","entry"],"_links":{"self":[{"href":"https:\/\/www2.unifap.br\/dpq\/wp-json\/wp\/v2\/pages\/2452","targetHints":{"allow":["GET"]}}],"collection":[{"href":"https:\/\/www2.unifap.br\/dpq\/wp-json\/wp\/v2\/pages"}],"about":[{"href":"https:\/\/www2.unifap.br\/dpq\/wp-json\/wp\/v2\/types\/page"}],"author":[{"embeddable":true,"href":"https:\/\/www2.unifap.br\/dpq\/wp-json\/wp\/v2\/users\/176"}],"replies":[{"embeddable":true,"href":"https:\/\/www2.unifap.br\/dpq\/wp-json\/wp\/v2\/comments?post=2452"}],"version-history":[{"count":13,"href":"https:\/\/www2.unifap.br\/dpq\/wp-json\/wp\/v2\/pages\/2452\/revisions"}],"predecessor-version":[{"id":3674,"href":"https:\/\/www2.unifap.br\/dpq\/wp-json\/wp\/v2\/pages\/2452\/revisions\/3674"}],"up":[{"embeddable":true,"href":"https:\/\/www2.unifap.br\/dpq\/wp-json\/wp\/v2\/pages\/2690"}],"wp:attachment":[{"href":"https:\/\/www2.unifap.br\/dpq\/wp-json\/wp\/v2\/media?parent=2452"}],"curies":[{"name":"wp","href":"https:\/\/api.w.org\/{rel}","templated":true}]}}