{"id":2781,"date":"2016-07-06T20:40:15","date_gmt":"2016-07-06T20:40:15","guid":{"rendered":"http:\/\/www2.unifap.br\/dpq\/?page_id=2781"},"modified":"2024-12-31T09:24:36","modified_gmt":"2024-12-31T12:24:36","slug":"solicitacao-de-cancelamento-de-iniciacao-cientifica","status":"publish","type":"page","link":"https:\/\/www2.unifap.br\/dpq\/iniciacao-cientifica\/solicitacao-de-cancelamento-de-iniciacao-cientifica\/","title":{"rendered":"Solicita\u00e7\u00e3o de Cancelamento ou Substitui\u00e7\u00e3o de Aluno(a) de IC"},"content":{"rendered":"<p>Para realizar esta opera\u00e7\u00e3o, inicialmente o orientador dever\u00e1 acessar o <em>SIGAA \u2192 M\u00f3dulos \u2192 Portal do Docente \u2192 Pesquisa \u2192 Planos de Trabalho \u2192 Indicar\/Substituir Bolsista<\/em>. Realizar a finaliza\u00e7\u00e3o do\/a bolsista.<\/p>\n<p>Em caso de substitui\u00e7\u00e3o, o\/a aluno\/a substituto\/a dever\u00e1 assinar o <a href=\"https:\/\/www2.unifap.br\/dpq\/iniciacao-cientifica\/termos-de-compromisso\/\" target=\"_blank\" rel=\"noopener\">Termo de Compromisso<\/a> e manifestar interesse no plano antes de ser indicado. Para realizar a manifesta\u00e7\u00e3o de interesse, o\/a discente deve acessar o <em>SIGAA \u2192 M\u00f3dulos \u2192 Portal do Discente \u2192 Bolsas \u2192 Oportunidades de Bolsa<\/em>.<\/p>\n<p>O orientador dever\u00e1 indicar o\/a novo\/a discente (<em>SIGAA \u2192 M\u00f3dulos \u2192 Portal do Docente \u2192 Pesquisa \u2192 Planos de Trabalho \u2192 Indicar\/Substituir Bolsista).<\/em><\/p>\n<p>Al\u00e9m dos passos acima, a solicita\u00e7\u00e3o de cancelamento\/substitui\u00e7\u00e3o deve ser formalizada ao DPq atrav\u00e9s do preenchimento do formul\u00e1rio online abaixo:<\/p>\n<p><strong><a href=\"https:\/\/forms.gle\/J8gg6Z8xt5imGWAD7\">Formul\u00e1rio de Cancelamento\/Substitui\u00e7\u00e3o IC<\/a><\/strong><\/p>\n<p style=\"text-align: justify\">Para bolsas do CNPq, caso o\/a bolsista confirme a substitui\u00e7\u00e3o (termo de aceite do CNPq) ap\u00f3s o dia 14, a entrada em folha de pagamento ocorrer\u00e1 somente no m\u00eas subsequente.<\/p>\n","protected":false},"excerpt":{"rendered":"<p>Para realizar esta opera\u00e7\u00e3o, inicialmente o orientador dever\u00e1 acessar o SIGAA \u2192 M\u00f3dulos \u2192 Portal do Docente \u2192 Pesquisa \u2192 Planos de Trabalho \u2192 Indicar\/Substituir Bolsista. Realizar a finaliza\u00e7\u00e3o do\/a bolsista. Em caso de substitui\u00e7\u00e3o, o\/a aluno\/a substituto\/a dever\u00e1 assinar o Termo de Compromisso e manifestar interesse no plano antes de ser indicado. Para realizar&#8230;<\/p>\n","protected":false},"author":176,"featured_media":0,"parent":2670,"menu_order":8,"comment_status":"open","ping_status":"open","template":"","meta":{"inline_featured_image":false,"ngg_post_thumbnail":0,"footnotes":""},"class_list":["post-2781","page","type-page","status-publish","hentry","entry"],"_links":{"self":[{"href":"https:\/\/www2.unifap.br\/dpq\/wp-json\/wp\/v2\/pages\/2781","targetHints":{"allow":["GET"]}}],"collection":[{"href":"https:\/\/www2.unifap.br\/dpq\/wp-json\/wp\/v2\/pages"}],"about":[{"href":"https:\/\/www2.unifap.br\/dpq\/wp-json\/wp\/v2\/types\/page"}],"author":[{"embeddable":true,"href":"https:\/\/www2.unifap.br\/dpq\/wp-json\/wp\/v2\/users\/176"}],"replies":[{"embeddable":true,"href":"https:\/\/www2.unifap.br\/dpq\/wp-json\/wp\/v2\/comments?post=2781"}],"version-history":[{"count":10,"href":"https:\/\/www2.unifap.br\/dpq\/wp-json\/wp\/v2\/pages\/2781\/revisions"}],"predecessor-version":[{"id":5612,"href":"https:\/\/www2.unifap.br\/dpq\/wp-json\/wp\/v2\/pages\/2781\/revisions\/5612"}],"up":[{"embeddable":true,"href":"https:\/\/www2.unifap.br\/dpq\/wp-json\/wp\/v2\/pages\/2670"}],"wp:attachment":[{"href":"https:\/\/www2.unifap.br\/dpq\/wp-json\/wp\/v2\/media?parent=2781"}],"curies":[{"name":"wp","href":"https:\/\/api.w.org\/{rel}","templated":true}]}}