{"id":2828,"date":"2016-07-14T12:30:11","date_gmt":"2016-07-14T12:30:11","guid":{"rendered":"http:\/\/www2.unifap.br\/dpq\/?page_id=2828"},"modified":"2022-10-03T14:33:52","modified_gmt":"2022-10-03T14:33:52","slug":"livros-de-iniciacao-cientifica-coletanea","status":"publish","type":"page","link":"https:\/\/www2.unifap.br\/dpq\/iniciacao-cientifica\/livros-de-iniciacao-cientifica-coletanea\/","title":{"rendered":"Livros de Inicia\u00e7\u00e3o Cient\u00edfica (colet\u00e2nea)"},"content":{"rendered":"<p>Nesta p\u00e1gina est\u00e3o publicados os livros da colet\u00e2nea dos Resultados dos Projetos de Inicia\u00e7\u00e3o Cient\u00edfica da UNIFAP, produzidos por ex-bolsistas e seus respectivos\/as orientadores\/as, sob a gest\u00e3o do Departamento de Pesquisa da Universidade Federal do Amap\u00e1.<\/p>\n<p><strong>Novos livros de IC:<\/strong><\/p>\n<p title=\"Ci\u00eancias Biol\u00f3gicas: resultados dos projetos de inicia\u00e7\u00e3o cient\u00edfica da UNIFAP (2009-2011)\">Ci\u00eancias Biol\u00f3gicas: resultados dos projetos de inicia\u00e7\u00e3o cient\u00edfica da UNIFAP (2012-2016) <a title=\"Ci\u00eancias Biol\u00f3gicas: resultados dos projetos de inicia\u00e7\u00e3o cient\u00edfica da UNIFAP (2012-2016) \" href=\"http:\/\/www2.unifap.br\/dpq\/files\/2017\/03\/Livro-CB-finalizado.pdf\" target=\"_blank\" rel=\"noopener\">(clique aqui)<\/a><\/p>\n<p title=\"Ci\u00eancias Biol\u00f3gicas: resultados dos projetos de inicia\u00e7\u00e3o cient\u00edfica da UNIFAP (2009-2011)\">Ci\u00eancias da Sa\u00fade: resultados dos projetos de inicia\u00e7\u00e3o cient\u00edfica da UNIFAP (2012-2016) <a title=\"Ci\u00eancias da Sa\u00fade: resultados dos projetos de inicia\u00e7\u00e3o cient\u00edfica da UNIFAP (2012-2016)\" href=\"http:\/\/www2.unifap.br\/dpq\/files\/2017\/03\/Livro-CSa\u00fade-finalizado.pdf\" target=\"_blank\" rel=\"noopener\">(clique aqui)<\/a><\/p>\n<p title=\"Ci\u00eancias Biol\u00f3gicas: resultados dos projetos de inicia\u00e7\u00e3o cient\u00edfica da UNIFAP (2009-2011)\">Ci\u00eancias Exatas: resultados dos projetos de inicia\u00e7\u00e3o cient\u00edfica da UNIFAP (2012-2016) <a title=\"Ci\u00eancias Exatas: resultados dos projetos de inicia\u00e7\u00e3o cient\u00edfica da UNIFAP (2012-2016)\" href=\"http:\/\/www2.unifap.br\/dpq\/files\/2017\/03\/Livro-CE-finalizado.pdf\" target=\"_blank\" rel=\"noopener\">(clique aqui)<\/a><\/p>\n<p title=\"Ci\u00eancias Biol\u00f3gicas: resultados dos projetos de inicia\u00e7\u00e3o cient\u00edfica da UNIFAP (2009-2011)\">Ci\u00eancias Humanas: resultados dos projetos de inicia\u00e7\u00e3o cient\u00edfica da UNIFAP (2012-2016) <a title=\"Ci\u00eancias Humanas: resultados dos projetos de inicia\u00e7\u00e3o cient\u00edfica da UNIFAP (2012-2016)\" href=\"http:\/\/www2.unifap.br\/dpq\/files\/2017\/03\/Livro-CH-finalizado.pdf\" target=\"_blank\" rel=\"noopener\">(clique aqui)<\/a><\/p>\n<p title=\"Ci\u00eancias Biol\u00f3gicas: resultados dos projetos de inicia\u00e7\u00e3o cient\u00edfica da UNIFAP (2009-2011)\">Educa\u00e7\u00e3o e L\u00edngu\u00edstica: resultados dos projetos de inicia\u00e7\u00e3o cient\u00edfica da UNIFAP (2012-2016) <a title=\"Educa\u00e7\u00e3o e L\u00edngu\u00edstica: resultados dos projetos de inicia\u00e7\u00e3o cient\u00edfica da UNIFAP (2012-2016)\" href=\"http:\/\/www2.unifap.br\/dpq\/files\/2017\/03\/Livro-ELA-finalizado.pdf\" target=\"_blank\" rel=\"noopener\">(clique aqui)<\/a><\/p>\n<p title=\"Ci\u00eancias Biol\u00f3gicas: resultados dos projetos de inicia\u00e7\u00e3o cient\u00edfica da UNIFAP (2009-2011)\"><strong>Livros do primeiro quinqu\u00eanio de IC na UNIFAP<\/strong><\/p>\n<p title=\"Ci\u00eancias Biol\u00f3gicas: resultados dos projetos de inicia\u00e7\u00e3o cient\u00edfica da UNIFAP (2009-2011)\">Ci\u00eancias Biol\u00f3gicas: resultados dos projetos de inicia\u00e7\u00e3o cient\u00edfica da UNIFAP (2009-2011)\u00a0<a title=\"Ci\u00eancias Biol\u00f3gicas: resultados dos projetos de inicia\u00e7\u00e3o cient\u00edfica da UNIFAP (2009-2011)\" href=\"http:\/\/www2.unifap.br\/dpq\/files\/2016\/07\/Ci\u00eancias-Biol\u00f3gicas-resultados-dos-projetos-de-inicia\u00e7\u00e3o-cient\u00edfica-da-UNIFAP-2009-2011.pdf\" target=\"_blank\" rel=\"noopener\">(clique aqui)<\/a><\/p>\n<p>Ci\u00eancias da Sa\u00fade: resultados dos projetos de inicia\u00e7\u00e3o cient\u00edfica da UNIFAP (2008-2011)\u00a0<a title=\"Ci\u00eancias da Sa\u00fade: resultados dos projetos de inicia\u00e7\u00e3o cient\u00edfica da UNIFAP (2008-2011)\" href=\"http:\/\/www2.unifap.br\/dpq\/files\/2016\/07\/Ci\u00eancias-da-Sa\u00fade-resultados-dos-projetos-de-inicia\u00e7\u00e3o-cient\u00edfica-da-UNIFAP-2008-2011.pdf\" target=\"_blank\" rel=\"noopener\">(clique aqui)<\/a><\/p>\n<p>Ci\u00eancias Exatas: resultados dos projetos de inicia\u00e7\u00e3o cient\u00edfica da UNIFAP (2009-2011)\u00a0<a title=\"Ci\u00eancias Exatas: resultados dos projetos de inicia\u00e7\u00e3o cient\u00edfica da UNIFAP (2009-2011)\" href=\"http:\/\/www2.unifap.br\/dpq\/files\/2016\/07\/Ci\u00eancias-Exatas-resultados-dos-projetos-de-inicia\u00e7\u00e3o-cient\u00edfica-da-UNIFAP-2009-2011.pdf\" target=\"_blank\" rel=\"noopener\">(clique aqui)<\/a><\/p>\n<p>Ci\u00eancias Humanas, Educa\u00e7\u00e3o, Letras e Artes: resultados dos projetos de inicia\u00e7\u00e3o cient\u00edfica da UNIFAP (2007-2011)\u00a0<a title=\"Ci\u00eancias Humanas, Educa\u00e7\u00e3o, Letras e Artes: resultados dos projetos de inicia\u00e7\u00e3o cient\u00edfica da UNIFAP (2007-2011)\" href=\"http:\/\/www2.unifap.br\/dpq\/files\/2016\/07\/Ci\u00eancias-Humanas-Educa\u00e7\u00e3o-Letras-e-Artes-resultados-dos-projetos-de-inicia\u00e7\u00e3o-cient\u00edfica-da-UNIFAP-2007-2011.pdf\" target=\"_blank\" rel=\"noopener\">(clique aqui)<\/a><\/p>\n","protected":false},"excerpt":{"rendered":"<p>Nesta p\u00e1gina est\u00e3o publicados os livros da colet\u00e2nea dos Resultados dos Projetos de Inicia\u00e7\u00e3o Cient\u00edfica da UNIFAP, produzidos por ex-bolsistas e seus respectivos\/as orientadores\/as, sob a gest\u00e3o do Departamento de Pesquisa da Universidade Federal do Amap\u00e1. Novos livros de IC: Ci\u00eancias Biol\u00f3gicas: resultados dos projetos de inicia\u00e7\u00e3o cient\u00edfica da UNIFAP (2012-2016) (clique aqui) Ci\u00eancias da&#8230;<\/p>\n","protected":false},"author":82,"featured_media":0,"parent":2670,"menu_order":4,"comment_status":"open","ping_status":"open","template":"","meta":{"inline_featured_image":false,"ngg_post_thumbnail":0,"footnotes":""},"class_list":["post-2828","page","type-page","status-publish","hentry","entry"],"_links":{"self":[{"href":"https:\/\/www2.unifap.br\/dpq\/wp-json\/wp\/v2\/pages\/2828","targetHints":{"allow":["GET"]}}],"collection":[{"href":"https:\/\/www2.unifap.br\/dpq\/wp-json\/wp\/v2\/pages"}],"about":[{"href":"https:\/\/www2.unifap.br\/dpq\/wp-json\/wp\/v2\/types\/page"}],"author":[{"embeddable":true,"href":"https:\/\/www2.unifap.br\/dpq\/wp-json\/wp\/v2\/users\/82"}],"replies":[{"embeddable":true,"href":"https:\/\/www2.unifap.br\/dpq\/wp-json\/wp\/v2\/comments?post=2828"}],"version-history":[{"count":6,"href":"https:\/\/www2.unifap.br\/dpq\/wp-json\/wp\/v2\/pages\/2828\/revisions"}],"predecessor-version":[{"id":3968,"href":"https:\/\/www2.unifap.br\/dpq\/wp-json\/wp\/v2\/pages\/2828\/revisions\/3968"}],"up":[{"embeddable":true,"href":"https:\/\/www2.unifap.br\/dpq\/wp-json\/wp\/v2\/pages\/2670"}],"wp:attachment":[{"href":"https:\/\/www2.unifap.br\/dpq\/wp-json\/wp\/v2\/media?parent=2828"}],"curies":[{"name":"wp","href":"https:\/\/api.w.org\/{rel}","templated":true}]}}