{"id":3292,"date":"2017-07-05T20:20:51","date_gmt":"2017-07-05T20:20:51","guid":{"rendered":"http:\/\/www2.unifap.br\/dpq\/?page_id=3292"},"modified":"2023-03-23T17:34:19","modified_gmt":"2023-03-23T17:34:19","slug":"perguntas-frequentes-pibic","status":"publish","type":"page","link":"https:\/\/www2.unifap.br\/dpq\/iniciacao-cientifica\/perguntas-frequentes-pibic\/","title":{"rendered":"Perguntas Frequentes &#8211; PIBIC"},"content":{"rendered":"<p style=\"text-align: justify\"><strong>O bolsista n\u00e3o recebeu o e-mail com o Termo de Compromisso. O que fazer?<\/strong><\/p>\n<p style=\"text-align: justify\">Acesse:\u00a0<a href=\"http:\/\/www.cnpq.br\/\">www.cnpq.br<\/a>\u00a0&gt; Plataforma Carlos Chagas &gt; Outros Bolsistas &gt; CPF e SENHA\u00a0 &gt; Avisos: Termo de Compromisso ( AGUARDANDO ACEITE).<\/p>\n<p style=\"text-align: justify\"><strong>O bolsista tem direito \u00e0 f\u00e9rias?<\/strong><\/p>\n<p style=\"text-align: justify\">N\u00e3o, pois a bolsa n\u00e3o \u00e9 regida pela Consolida\u00e7\u00e3o das Leis Trabalhistas (CLT), n\u00e3o havendo, portanto, v\u00ednculo de trabalho com o CNPq ou com a institui\u00e7\u00e3o onde estuda.<\/p>\n<p style=\"text-align: justify\"><strong>\u00c9 obrigat\u00f3rio ter conta no Banco do Brasil?<\/strong><\/p>\n<p style=\"text-align: justify\">Sim.\u00a0Caso o bolsista ainda n\u00e3o tenha conta banc\u00e1ria at\u00e9 o momento do aceite, dever\u00e1 informar a ag\u00eancia do Banco do Brasil para receber o primeiro pagamento, por meio de contrarecibo.\u00a0Ap\u00f3s ter sido indicado pelo coordenador do Programa na institui\u00e7\u00e3o e ter dado o aceite, o pagamento ser\u00e1 depositado na conta banc\u00e1ria indicada pelo bolsista at\u00e9 o quinto dia \u00fatil do m\u00eas seguinte ao do aceite. Caso o estudante tenha indicado somente a ag\u00eancia, ele dever\u00e1 procurar a ag\u00eancia indicada, com seus documentos em m\u00e3os e se dirigir ao atendimento no caixa.<\/p>\n<p style=\"text-align: justify\"><strong>Como posso solicitar uma declara\u00e7\u00e3o de que sou\/fui bolsista do PIBIC\/CNPq?<\/strong><\/p>\n<p style=\"text-align: justify\">Diretamente no Departamento de Pesquisa ou\u00a0Enviando um\u00a0<em>e-mail\u00a0<\/em>para\u00a0<a href=\"mailto:sebfe@cnpq.br\">sebfe@cnpq.br<\/a>\u00a0com o seu nome completo e CPF solicitando a referida declara\u00e7\u00e3o.<\/p>\n<p style=\"text-align: justify\"><strong>O bolsista PIBIC pode exercer est\u00e1gio remunerado?<\/strong><\/p>\n<p style=\"text-align: justify\">Apenas o est\u00e1gio obrigat\u00f3rio que faz parte da grade curricular do curso de forma\u00e7\u00e3o do estudante poder\u00e1 ser realizado pelo bolsista, desde que tenha o aval do orientador, de acordo com a RN 017\/2006 item 8.2.<\/p>\n<p style=\"text-align: justify\"><strong>Como alterar os dados banc\u00e1rios?<\/strong><\/p>\n<p style=\"text-align: justify\">O bolsista deve entrar no\u00a0<em>site<\/em>\u00a0(<a href=\"http:\/\/efomento.cnpq.br\/efomento\/autenticacao.jsp?id=0\" target=\"_self\" rel=\"noopener\">aqui<\/a>) inserir o CPF e Senha (senha do curr\u00edculo Lattes) &gt; Gerenciamento de sua Bolsa &gt; Dados banc\u00e1rios de bolsa.<\/p>\n<p style=\"text-align: justify\"><strong>N\u00e3o recebi a bolsa. O que fazer?<\/strong><\/p>\n<p style=\"text-align: justify\">Primeira possibilidade:<\/p>\n<p style=\"text-align: justify\">Verificar se enviou o Termo de Aceita\u00e7\u00e3o recebido em sua caixa postal dentro do prazo estabelecido: at\u00e9 o dia 15 do m\u00eas. Caso n\u00e3o tenha emitido o termo de concess\u00e3o, entrar na p\u00e1gina e realizar o aceite segundo a orienta\u00e7\u00e3o na resposta 22.<\/p>\n<p style=\"text-align: justify\">Segunda possibilidade:<\/p>\n<p style=\"text-align: justify\">Confirmar se a conta informada n\u00e3o \u00e9 do tipo poupan\u00e7a ou conjunta. Se for uma dessas duas, \u00e9 necess\u00e1rio abrir uma conta corrente no Banco do Brasil, atualizar os dados na p\u00e1gina do CNPq (orienta\u00e7\u00e3o resposta 19). Ap\u00f3s informar corretamente seus dados banc\u00e1rios, solicitar \u00e0 Coordena\u00e7\u00e3o PIBIC de sua Institui\u00e7\u00e3o que encaminhe uma mensagem \u00e0\u00a0<a href=\"mailto:sebpg@cnpq.br\">sebpg@cnpq.br<\/a>\u00a0para realiza\u00e7\u00e3o de re-pagamento.<\/p>\n<p style=\"text-align: justify\">Terceira possibilidade:<\/p>\n<p style=\"text-align: justify\">Confirmar se sua conta corrente no Banco do Brasil n\u00e3o est\u00e1 bloqueada ou desativada. Se tiver, entrar em contato com o Banco e regularizar sua situa\u00e7\u00e3o. Em seguida, solicitar \u00e0 Coordena\u00e7\u00e3o PIBIC de sua Institui\u00e7\u00e3o que encaminhe uma mensagem \u00e0\u00a0<a href=\"mailto:sebfp@cnpq.br\">sebfp@cnpq.br<\/a>\u00a0para realiza\u00e7\u00e3o de repagamento.<\/p>\n<p style=\"text-align: justify\">Quarta possibilidade:<\/p>\n<p style=\"text-align: justify\">Aguardar at\u00e9 o quinto\u00a0<strong>dia \u00fatil<\/strong>\u00a0do m\u00eas, evitando reclama\u00e7\u00f5es precipitadas.<\/p>\n<p>Acessar Informe de Rendimentos: https:\/\/wwws.cnpq.br\/sigef_imp\/owa\/pservicos.entrada?opcao=decrend<\/p>\n<p style=\"text-align: justify\">Fonte:\u00a0<a href=\"http:\/\/cnpq.br\/perguntas-frequentes1?p_p_id=122_INSTANCE_zPF9&amp;p_p_state=normal&amp;p_r_p_564233524_categoryId=180174\">CNPq<\/a><\/p>\n","protected":false},"excerpt":{"rendered":"<p>O bolsista n\u00e3o recebeu o e-mail com o Termo de Compromisso. O que fazer? Acesse:\u00a0www.cnpq.br\u00a0&gt; Plataforma Carlos Chagas &gt; Outros Bolsistas &gt; CPF e SENHA\u00a0 &gt; Avisos: Termo de Compromisso ( AGUARDANDO ACEITE). O bolsista tem direito \u00e0 f\u00e9rias? N\u00e3o, pois a bolsa n\u00e3o \u00e9 regida pela Consolida\u00e7\u00e3o das Leis Trabalhistas (CLT), n\u00e3o havendo, portanto,&#8230;<\/p>\n","protected":false},"author":176,"featured_media":0,"parent":2670,"menu_order":6,"comment_status":"open","ping_status":"open","template":"","meta":{"inline_featured_image":false,"ngg_post_thumbnail":0,"footnotes":""},"class_list":["post-3292","page","type-page","status-publish","hentry","entry"],"_links":{"self":[{"href":"https:\/\/www2.unifap.br\/dpq\/wp-json\/wp\/v2\/pages\/3292","targetHints":{"allow":["GET"]}}],"collection":[{"href":"https:\/\/www2.unifap.br\/dpq\/wp-json\/wp\/v2\/pages"}],"about":[{"href":"https:\/\/www2.unifap.br\/dpq\/wp-json\/wp\/v2\/types\/page"}],"author":[{"embeddable":true,"href":"https:\/\/www2.unifap.br\/dpq\/wp-json\/wp\/v2\/users\/176"}],"replies":[{"embeddable":true,"href":"https:\/\/www2.unifap.br\/dpq\/wp-json\/wp\/v2\/comments?post=3292"}],"version-history":[{"count":5,"href":"https:\/\/www2.unifap.br\/dpq\/wp-json\/wp\/v2\/pages\/3292\/revisions"}],"predecessor-version":[{"id":4924,"href":"https:\/\/www2.unifap.br\/dpq\/wp-json\/wp\/v2\/pages\/3292\/revisions\/4924"}],"up":[{"embeddable":true,"href":"https:\/\/www2.unifap.br\/dpq\/wp-json\/wp\/v2\/pages\/2670"}],"wp:attachment":[{"href":"https:\/\/www2.unifap.br\/dpq\/wp-json\/wp\/v2\/media?parent=3292"}],"curies":[{"name":"wp","href":"https:\/\/api.w.org\/{rel}","templated":true}]}}