{"id":10068,"date":"2018-08-31T13:45:32","date_gmt":"2018-08-31T13:45:32","guid":{"rendered":"http:\/\/www2.unifap.br\/drh\/?page_id=10068"},"modified":"2024-04-23T18:07:56","modified_gmt":"2024-04-23T21:07:56","slug":"incentivo-educacional-2018","status":"publish","type":"page","link":"https:\/\/www2.unifap.br\/drh\/progep-2\/processos-seletivos\/incentivo-educacional-2018\/","title":{"rendered":"INCENTIVO EDUCACIONAL"},"content":{"rendered":"<h4><a href=\"http:\/\/www2.unifap.br\/drh\/files\/2020\/01\/INCEN-1.png\"><img fetchpriority=\"high\" decoding=\"async\" class=\"aligncenter size-large wp-image-12651\" src=\"http:\/\/www2.unifap.br\/drh\/files\/2020\/01\/INCEN-1-1024x576.png\" alt=\"\" width=\"550\" height=\"309\" srcset=\"https:\/\/www2.unifap.br\/drh\/files\/2020\/01\/INCEN-1-1024x576.png 1024w, https:\/\/www2.unifap.br\/drh\/files\/2020\/01\/INCEN-1-300x169.png 300w, https:\/\/www2.unifap.br\/drh\/files\/2020\/01\/INCEN-1-768x432.png 768w, https:\/\/www2.unifap.br\/drh\/files\/2020\/01\/INCEN-1.png 1453w\" sizes=\"(max-width: 550px) 100vw, 550px\" \/><\/a><\/h4>\n<p>Foi aprovado pelo Conselho Universit\u00e1rio da Universidade Federal do Amap\u00e1 a Resolu\u00e7\u00e3o 030\/2016-CONSU, que trata sobre o\u00a0Programa de Incentivo Educacional \u00e0 P\u00f3s-Gradua\u00e7\u00e3o\u00a0<em>stricto sensu<\/em>\u00a0aos Servidores T\u00e9cnico-Administrativos do Quadro Efetivo da Universidade Federal do Amap\u00e1<\/p>\n<ul>\n<li title=\"\"><strong><a href=\"http:\/\/www2.unifap.br\/drh\/files\/2017\/01\/Resolu%C3%A7%C3%A3o-n%C2%BA-030-2016-Revoga-a-Resolu%C3%A7%C3%A3o-n%C2%BA-023-2016-e-aprova-o-Programa-de-Incentivo-Educacional-dos-T%C3%A9cnicos-Administrativos.pdf\">Resolu\u00e7\u00e3o n\u00ba 030\/2016 \u2013 Programa de Incentivo Educacional dos T\u00e9cnicos Administrativos<\/a><\/strong><\/li>\n<\/ul>\n<p>ACOMPANHE\u00a0O PROCESSO SELETIVO NO LINK ABAIXO:<\/p>\n<p><a href=\"http:\/\/www2.unifap.br\/drh\/incentivo-educacional-2019\/\">http:\/\/www2.unifap.br\/drh\/incentivo-educacional-2019\/<\/a><\/p>\n","protected":false},"excerpt":{"rendered":"<p>Foi aprovado pelo Conselho Universit\u00e1rio da Universidade Federal do Amap\u00e1 a Resolu\u00e7\u00e3o 030\/2016-CONSU, que trata sobre o\u00a0Programa de Incentivo Educacional \u00e0 P\u00f3s-Gradua\u00e7\u00e3o\u00a0stricto sensu\u00a0aos Servidores T\u00e9cnico-Administrativos do Quadro Efetivo da Universidade Federal do Amap\u00e1 Resolu\u00e7\u00e3o n\u00ba 030\/2016 \u2013 Programa de Incentivo Educacional dos T\u00e9cnicos Administrativos ACOMPANHE\u00a0O PROCESSO SELETIVO NO LINK ABAIXO: http:\/\/www2.unifap.br\/drh\/incentivo-educacional-2019\/<\/p>\n","protected":false},"author":685,"featured_media":0,"parent":10624,"menu_order":3,"comment_status":"closed","ping_status":"closed","template":"","meta":{"inline_featured_image":false,"ngg_post_thumbnail":0,"footnotes":""},"class_list":["post-10068","page","type-page","status-publish","hentry","entry"],"_links":{"self":[{"href":"https:\/\/www2.unifap.br\/drh\/wp-json\/wp\/v2\/pages\/10068","targetHints":{"allow":["GET"]}}],"collection":[{"href":"https:\/\/www2.unifap.br\/drh\/wp-json\/wp\/v2\/pages"}],"about":[{"href":"https:\/\/www2.unifap.br\/drh\/wp-json\/wp\/v2\/types\/page"}],"author":[{"embeddable":true,"href":"https:\/\/www2.unifap.br\/drh\/wp-json\/wp\/v2\/users\/685"}],"replies":[{"embeddable":true,"href":"https:\/\/www2.unifap.br\/drh\/wp-json\/wp\/v2\/comments?post=10068"}],"version-history":[{"count":21,"href":"https:\/\/www2.unifap.br\/drh\/wp-json\/wp\/v2\/pages\/10068\/revisions"}],"predecessor-version":[{"id":12699,"href":"https:\/\/www2.unifap.br\/drh\/wp-json\/wp\/v2\/pages\/10068\/revisions\/12699"}],"up":[{"embeddable":true,"href":"https:\/\/www2.unifap.br\/drh\/wp-json\/wp\/v2\/pages\/10624"}],"wp:attachment":[{"href":"https:\/\/www2.unifap.br\/drh\/wp-json\/wp\/v2\/media?parent=10068"}],"curies":[{"name":"wp","href":"https:\/\/api.w.org\/{rel}","templated":true}]}}