{"id":12212,"date":"2019-07-02T17:58:56","date_gmt":"2019-07-02T17:58:56","guid":{"rendered":"http:\/\/www2.unifap.br\/drh\/?page_id=12212"},"modified":"2019-07-02T18:03:55","modified_gmt":"2019-07-02T18:03:55","slug":"retribuicao-por-titulacao-rt","status":"publish","type":"page","link":"https:\/\/www2.unifap.br\/drh\/desenvolvimento-na-carreira\/docente\/retribuicao-por-titulacao-rt\/","title":{"rendered":"Retribui\u00e7\u00e3o por Titula\u00e7\u00e3o (RT)"},"content":{"rendered":"\t\t<div data-elementor-type=\"wp-post\" data-elementor-id=\"12212\" class=\"elementor elementor-12212 elementor-bc-flex-widget\">\n\t\t\t\t\t\t<section class=\"elementor-section elementor-top-section elementor-element elementor-element-740e0ad1 elementor-section-boxed elementor-section-height-default elementor-section-height-default\" data-id=\"740e0ad1\" data-element_type=\"section\" data-e-type=\"section\">\n\t\t\t\t\t\t<div class=\"elementor-container elementor-column-gap-default\">\n\t\t\t\t\t<div class=\"elementor-column elementor-col-100 elementor-top-column elementor-element elementor-element-7b05999c\" data-id=\"7b05999c\" data-element_type=\"column\" data-e-type=\"column\">\n\t\t\t<div class=\"elementor-widget-wrap elementor-element-populated\">\n\t\t\t\t\t\t<div class=\"elementor-element elementor-element-1b76105f elementor-widget elementor-widget-text-editor\" data-id=\"1b76105f\" data-element_type=\"widget\" data-e-type=\"widget\" data-widget_type=\"text-editor.default\">\n\t\t\t\t<div class=\"elementor-widget-container\">\n\t\t\t\t\t\t\t\t\t<div id=\"plone-content\"><div id=\"portal-columns\" class=\"row\"><div id=\"portal-column-content\" class=\"cell width-3:4 position-1:4\"><div class=\"\"><div id=\"content\"><div id=\"content-core\"><div id=\"parent-fieldname-text\"><p>A Retribui\u00e7\u00e3o por Titula\u00e7\u00e3o (RT) \u00e9 uma gratifica\u00e7\u00e3o devida aos docentes de <strong>Professor do Magist\u00e9rio Superior<\/strong> em conformidade com a jornada de trabalho, classe, n\u00edvel e titula\u00e7\u00e3o comprovada, independentemente de cumprimento de interst\u00edcio.<\/p><p>A RT est\u00e1 fundamentada legalmente pela Lei n\u00ba 12.772\/2012 e ser\u00e1 considerada no c\u00e1lculo dos proventos de aposentadoria e das pens\u00f5es.<\/p><p>O requisito b\u00e1sico para se ter direito a este benef\u00edcio \u00e9 a obten\u00e7\u00e3o da titula\u00e7\u00e3o exigida em cada fase da progress\u00e3o (aperfei\u00e7oamento, especializa\u00e7\u00e3o, mestrado ou doutorado). Os valores desta retribui\u00e7\u00e3o est\u00e3o descritos no <strong><a href=\"https:\/\/www2.unifap.br\/drh\/files\/2019\/04\/TABELA-DE-REMUNERA%c3%87%c3%83O-PROFESSOR-DO-MAGIST%c3%89RIO-SUPERIOR.pdf\" target=\"_blank\" rel=\"noopener\">Aqui<\/a>.<\/strong><\/p><p>Para solicitar a RT, o servidor dever\u00e1 abrir processo no SIPAC, preenchendo o formul\u00e1rio de solicita\u00e7\u00e3o e anexando c\u00f3pia do certificado ou diploma do t\u00edtulo a ser apresentado. A documenta\u00e7\u00e3o deve ser endere\u00e7ada \u00e0 cppd.<\/p><p>No caso de professor rec\u00e9m-ingresso, basta que um formul\u00e1rio espec\u00edfico seja preenchido no ato da posse e que uma c\u00f3pia do t\u00edtulo de p\u00f3s-gradua\u00e7\u00e3o seja anexada. Dessa forma, a implanta\u00e7\u00e3o da RT acontece de maneira autom\u00e1tica.<\/p><\/div><\/div><\/div><\/div><div id=\"viewlet-below-content\">\u00a0<\/div><\/div><\/div><\/div>\t\t\t\t\t\t\t\t<\/div>\n\t\t\t\t<\/div>\n\t\t\t\t\t<\/div>\n\t\t<\/div>\n\t\t\t\t\t<\/div>\n\t\t<\/section>\n\t\t\t\t<\/div>\n\t\t","protected":false},"excerpt":{"rendered":"<p>A Retribui\u00e7\u00e3o por Titula\u00e7\u00e3o (RT) \u00e9 uma gratifica\u00e7\u00e3o devida aos docentes de Professor do Magist\u00e9rio Superior em conformidade com a jornada de trabalho, classe, n\u00edvel e titula\u00e7\u00e3o comprovada, independentemente de cumprimento de interst\u00edcio. A RT est\u00e1 fundamentada legalmente pela Lei n\u00ba 12.772\/2012 e ser\u00e1 considerada no c\u00e1lculo dos proventos de aposentadoria e das pens\u00f5es. O&#8230;<\/p>\n","protected":false},"author":685,"featured_media":0,"parent":5727,"menu_order":5,"comment_status":"closed","ping_status":"closed","template":"fullwidth.php","meta":{"inline_featured_image":false,"ngg_post_thumbnail":0,"footnotes":""},"class_list":["post-12212","page","type-page","status-publish","hentry","entry"],"_links":{"self":[{"href":"https:\/\/www2.unifap.br\/drh\/wp-json\/wp\/v2\/pages\/12212","targetHints":{"allow":["GET"]}}],"collection":[{"href":"https:\/\/www2.unifap.br\/drh\/wp-json\/wp\/v2\/pages"}],"about":[{"href":"https:\/\/www2.unifap.br\/drh\/wp-json\/wp\/v2\/types\/page"}],"author":[{"embeddable":true,"href":"https:\/\/www2.unifap.br\/drh\/wp-json\/wp\/v2\/users\/685"}],"replies":[{"embeddable":true,"href":"https:\/\/www2.unifap.br\/drh\/wp-json\/wp\/v2\/comments?post=12212"}],"version-history":[{"count":5,"href":"https:\/\/www2.unifap.br\/drh\/wp-json\/wp\/v2\/pages\/12212\/revisions"}],"predecessor-version":[{"id":12219,"href":"https:\/\/www2.unifap.br\/drh\/wp-json\/wp\/v2\/pages\/12212\/revisions\/12219"}],"up":[{"embeddable":true,"href":"https:\/\/www2.unifap.br\/drh\/wp-json\/wp\/v2\/pages\/5727"}],"wp:attachment":[{"href":"https:\/\/www2.unifap.br\/drh\/wp-json\/wp\/v2\/media?parent=12212"}],"curies":[{"name":"wp","href":"https:\/\/api.w.org\/{rel}","templated":true}]}}