{"id":12275,"date":"2019-07-16T17:52:49","date_gmt":"2019-07-16T17:52:49","guid":{"rendered":"http:\/\/www2.unifap.br\/drh\/?page_id=12275"},"modified":"2019-07-16T17:58:09","modified_gmt":"2019-07-16T17:58:09","slug":"convocacao","status":"publish","type":"page","link":"https:\/\/www2.unifap.br\/drh\/convocacao\/","title":{"rendered":"CONVOCA\u00c7\u00c3O"},"content":{"rendered":"\t\t<div data-elementor-type=\"wp-post\" data-elementor-id=\"12275\" class=\"elementor elementor-12275 elementor-bc-flex-widget\">\n\t\t\t\t\t\t<section class=\"elementor-section elementor-top-section elementor-element elementor-element-5c6d602 elementor-section-boxed elementor-section-height-default elementor-section-height-default\" data-id=\"5c6d602\" data-element_type=\"section\" data-e-type=\"section\">\n\t\t\t\t\t\t<div class=\"elementor-container elementor-column-gap-default\">\n\t\t\t\t\t<div class=\"elementor-column elementor-col-100 elementor-top-column elementor-element elementor-element-f896bb8\" data-id=\"f896bb8\" data-element_type=\"column\" data-e-type=\"column\">\n\t\t\t<div class=\"elementor-widget-wrap\">\n\t\t\t\t\t\t\t<\/div>\n\t\t<\/div>\n\t\t\t\t\t<\/div>\n\t\t<\/section>\n\t\t\t\t<section class=\"elementor-section elementor-top-section elementor-element elementor-element-64401c26 elementor-section-content-middle elementor-section-boxed elementor-section-height-default elementor-section-height-default\" data-id=\"64401c26\" data-element_type=\"section\" data-e-type=\"section\">\n\t\t\t\t\t\t<div class=\"elementor-container elementor-column-gap-no\">\n\t\t\t\t\t<div class=\"elementor-column elementor-col-100 elementor-top-column elementor-element elementor-element-12263ac5\" data-id=\"12263ac5\" data-element_type=\"column\" data-e-type=\"column\">\n\t\t\t<div class=\"elementor-widget-wrap elementor-element-populated\">\n\t\t\t\t\t\t<div class=\"elementor-element elementor-element-4df3df56 elementor-widget elementor-widget-heading\" data-id=\"4df3df56\" data-element_type=\"widget\" data-e-type=\"widget\" data-widget_type=\"heading.default\">\n\t\t\t\t<div class=\"elementor-widget-container\">\n\t\t\t\t\t<h4 class=\"elementor-heading-title elementor-size-default\">A Divis\u00e3o de Qualidade de Vida por meio do Departamento de Desenvolvimento de Pessoas (DDP\/PROGEP) informa aos servidores que os <i><b>Exames Peri\u00f3dicos<\/b><\/i> em Sa\u00fade j\u00e1 est\u00e3o sendo realizados, conforme cronograma convocat\u00f3rio estabelecido pela Divis\u00e3o de Qualidade de Vida.<\/h4>\t\t\t\t<\/div>\n\t\t\t\t<\/div>\n\t\t\t\t<div class=\"elementor-element elementor-element-4845f956 elementor-widget elementor-widget-text-editor\" data-id=\"4845f956\" data-element_type=\"widget\" data-e-type=\"widget\" data-widget_type=\"text-editor.default\">\n\t\t\t\t<div class=\"elementor-widget-container\">\n\t\t\t\t\t\t\t\t\t<p><a href=\"http:\/\/www2.unifap.br\/drh\/files\/2019\/07\/site_progep_EXAMES.jpg\"><img fetchpriority=\"high\" decoding=\"async\" class=\"alignnone size-large wp-image-12258\" src=\"http:\/\/www2.unifap.br\/drh\/files\/2019\/07\/site_progep_EXAMES-1024x504.jpg\" alt=\"\" width=\"550\" height=\"271\" srcset=\"https:\/\/www2.unifap.br\/drh\/files\/2019\/07\/site_progep_EXAMES-1024x504.jpg 1024w, https:\/\/www2.unifap.br\/drh\/files\/2019\/07\/site_progep_EXAMES-300x148.jpg 300w, https:\/\/www2.unifap.br\/drh\/files\/2019\/07\/site_progep_EXAMES-768x378.jpg 768w\" sizes=\"(max-width: 550px) 100vw, 550px\" \/><\/a><\/p><p>Neste primeiro semestre, a Divis\u00e3o de Qualidade de Vida\u00a0 esteve realizando visitas setoriais \u00e0s unidades administrativas da UNIFAP convocando e orientando os servidores quanto a participa\u00e7\u00e3o nos Exames Peri\u00f3dicos. Para o segundo semestre, a convocat\u00f3ria se estende para unidades acad\u00eamicas e demais Campis (Campus Santana, \u00a0Binacional e Mazag\u00e3o).<\/p><p>Os exames m\u00e9dicos peri\u00f3dicos t\u00eam como principal objetivo promover a sa\u00fade dos servidores e evitar os riscos oriundos de doen\u00e7as ocupacionais. Com a realiza\u00e7\u00e3o dos exames m\u00e9dicos peri\u00f3dicos, \u00e9 poss\u00edvel detectar situa\u00e7\u00f5es de agravo \u00e0 sa\u00fade o mais cedo poss\u00edvel, de forma a amenizar seus efeitos com a busca do tratamento correto. Com base neles, tamb\u00e9m \u00e9 poss\u00edvel a implementa\u00e7\u00e3o de a\u00e7\u00f5es de promo\u00e7\u00e3o e preven\u00e7\u00e3o \u00e0 sa\u00fade na Institui\u00e7\u00e3o.<\/p><p>Para\u00a0<strong>Emiss\u00e3o das Guias de Exames<\/strong>, e demais orienta\u00e7\u00f5es\u00a0<strong>voc\u00ea poder\u00e1 entrar em contato com a DQV\/DDP\/PROGEP, por meio do contato telef\u00f4nico (96) 3312- 1728\/ dqv@unifap.br<\/strong><\/p>\t\t\t\t\t\t\t\t<\/div>\n\t\t\t\t<\/div>\n\t\t\t\t<section class=\"elementor-section elementor-inner-section elementor-element elementor-element-72f67c66 elementor-section-content-middle elementor-section-boxed elementor-section-height-default elementor-section-height-default\" data-id=\"72f67c66\" data-element_type=\"section\" data-e-type=\"section\">\n\t\t\t\t\t\t<div class=\"elementor-container elementor-column-gap-no\">\n\t\t\t\t\t<div class=\"elementor-column elementor-col-100 elementor-inner-column elementor-element elementor-element-41cdf7c6\" data-id=\"41cdf7c6\" data-element_type=\"column\" data-e-type=\"column\">\n\t\t\t<div class=\"elementor-widget-wrap elementor-element-populated\">\n\t\t\t\t\t\t<div class=\"elementor-element elementor-element-43d4aa0f elementor-align-center elementor-widget elementor-widget-button\" data-id=\"43d4aa0f\" data-element_type=\"widget\" data-e-type=\"widget\" data-widget_type=\"button.default\">\n\t\t\t\t<div class=\"elementor-widget-container\">\n\t\t\t\t\t\t\t\t\t<div class=\"elementor-button-wrapper\">\n\t\t\t\t\t<a class=\"elementor-button elementor-button-link elementor-size-sm elementor-animation-grow\" href=\"#\">\n\t\t\t\t\t\t<span class=\"elementor-button-content-wrapper\">\n\t\t\t\t\t\t\t\t\t<span class=\"elementor-button-text\">DQV\/DDP\/PROGEP<\/span>\n\t\t\t\t\t<\/span>\n\t\t\t\t\t<\/a>\n\t\t\t\t<\/div>\n\t\t\t\t\t\t\t\t<\/div>\n\t\t\t\t<\/div>\n\t\t\t\t\t<\/div>\n\t\t<\/div>\n\t\t\t\t\t<\/div>\n\t\t<\/section>\n\t\t\t\t\t<\/div>\n\t\t<\/div>\n\t\t\t\t\t<\/div>\n\t\t<\/section>\n\t\t\t\t<\/div>\n\t\t","protected":false},"excerpt":{"rendered":"<p>A Divis\u00e3o de Qualidade de Vida por meio do Departamento de Desenvolvimento de Pessoas (DDP\/PROGEP) informa aos servidores que os Exames Peri\u00f3dicos em Sa\u00fade j\u00e1 est\u00e3o sendo realizados, conforme cronograma convocat\u00f3rio estabelecido pela Divis\u00e3o de Qualidade de Vida. Neste primeiro semestre, a Divis\u00e3o de Qualidade de Vida&nbsp; esteve realizando visitas setoriais \u00e0s unidades administrativas da&#8230;<\/p>\n","protected":false},"author":864,"featured_media":0,"parent":0,"menu_order":0,"comment_status":"closed","ping_status":"closed","template":"","meta":{"inline_featured_image":false,"ngg_post_thumbnail":0,"footnotes":""},"class_list":["post-12275","page","type-page","status-publish","hentry","entry"],"_links":{"self":[{"href":"https:\/\/www2.unifap.br\/drh\/wp-json\/wp\/v2\/pages\/12275","targetHints":{"allow":["GET"]}}],"collection":[{"href":"https:\/\/www2.unifap.br\/drh\/wp-json\/wp\/v2\/pages"}],"about":[{"href":"https:\/\/www2.unifap.br\/drh\/wp-json\/wp\/v2\/types\/page"}],"author":[{"embeddable":true,"href":"https:\/\/www2.unifap.br\/drh\/wp-json\/wp\/v2\/users\/864"}],"replies":[{"embeddable":true,"href":"https:\/\/www2.unifap.br\/drh\/wp-json\/wp\/v2\/comments?post=12275"}],"version-history":[{"count":4,"href":"https:\/\/www2.unifap.br\/drh\/wp-json\/wp\/v2\/pages\/12275\/revisions"}],"predecessor-version":[{"id":12279,"href":"https:\/\/www2.unifap.br\/drh\/wp-json\/wp\/v2\/pages\/12275\/revisions\/12279"}],"wp:attachment":[{"href":"https:\/\/www2.unifap.br\/drh\/wp-json\/wp\/v2\/media?parent=12275"}],"curies":[{"name":"wp","href":"https:\/\/api.w.org\/{rel}","templated":true}]}}