{"id":12473,"date":"2019-10-22T21:56:30","date_gmt":"2019-10-22T21:56:30","guid":{"rendered":"http:\/\/www2.unifap.br\/drh\/?page_id=12473"},"modified":"2020-01-28T13:53:08","modified_gmt":"2020-01-28T13:53:08","slug":"selecao-bolsa-trabalho-3","status":"publish","type":"page","link":"https:\/\/www2.unifap.br\/drh\/progep-2\/processos-seletivos\/selecao-bolsa-trabalho-3\/","title":{"rendered":"SELE\u00c7\u00c3O \u2013 BOLSA TRABALHO"},"content":{"rendered":"\t\t<div data-elementor-type=\"wp-post\" data-elementor-id=\"12473\" class=\"elementor elementor-12473 elementor-bc-flex-widget\">\n\t\t\t\t\t\t<section class=\"elementor-section elementor-top-section elementor-element elementor-element-10b3202e elementor-section-boxed elementor-section-height-default elementor-section-height-default\" data-id=\"10b3202e\" data-element_type=\"section\" data-e-type=\"section\">\n\t\t\t\t\t\t<div class=\"elementor-container elementor-column-gap-default\">\n\t\t\t\t\t<div class=\"elementor-column elementor-col-100 elementor-top-column elementor-element elementor-element-6151a14e\" data-id=\"6151a14e\" data-element_type=\"column\" data-e-type=\"column\">\n\t\t\t<div class=\"elementor-widget-wrap elementor-element-populated\">\n\t\t\t\t\t\t<div class=\"elementor-element elementor-element-0fbca87 elementor-widget elementor-widget-text-editor\" data-id=\"0fbca87\" data-element_type=\"widget\" data-e-type=\"widget\" data-widget_type=\"text-editor.default\">\n\t\t\t\t<div class=\"elementor-widget-container\">\n\t\t\t\t\t\t\t\t\t<p style=\"text-align: center;\"><span style=\"color: #0000ff;\"><strong>PROCESSO SELETIVO PARA O PROGRAMA BOLSA TRABALHO UNIVERSIT\u00c1RIA<\/strong><\/span><\/p><p style=\"text-align: center;\"><span style=\"color: #000000;\"><strong>EDITAL N\u00ba 02\/2019\/PROGEP\/UNIFAP DE 22 DE OUTUBRO DE 2019<\/strong><\/span><\/p><p>A Pr\u00f3-Reitoria de Gest\u00e3o de Pessoas (PROGEP) da Universidade Federal do Amap\u00e1 (UNIFAP), no \u00e2mbito de sua compet\u00eancia, torna p\u00fablico o processo seletivo para cadastro de reserva do Programa Bolsa Trabalho Universit\u00e1ria, de acordo com as disposi\u00e7\u00f5es legais e regulamentares vigentes e as normas contidas neste Edital e seus anexos.<\/p><h6>\u00a0<\/h6><p style=\"text-align: center;\"><span style=\"color: #000000;\"><em>Clique nos links abaixo para ter aceso aos documentos do certame<\/em><\/span><\/p>\t\t\t\t\t\t\t\t<\/div>\n\t\t\t\t<\/div>\n\t\t\t\t<div class=\"elementor-element elementor-element-b73d103 elementor-widget elementor-widget-toggle\" data-id=\"b73d103\" data-element_type=\"widget\" data-e-type=\"widget\" data-widget_type=\"toggle.default\">\n\t\t\t\t<div class=\"elementor-widget-container\">\n\t\t\t\t\t\t\t<div class=\"elementor-toggle\">\n\t\t\t\t\t\t\t<div class=\"elementor-toggle-item\">\n\t\t\t\t\t<div id=\"elementor-tab-title-1921\" class=\"elementor-tab-title\" data-tab=\"1\" role=\"button\" aria-controls=\"elementor-tab-content-1921\" aria-expanded=\"false\">\n\t\t\t\t\t\t\t\t\t\t\t\t<span class=\"elementor-toggle-icon elementor-toggle-icon-left\" aria-hidden=\"true\">\n\t\t\t\t\t\t\t\t\t\t\t\t\t\t\t<i class=\"elementor-toggle-icon-closed fa fa-chevron-circle-down\"><\/i>\n\t\t\t\t\t\t\t\t<i class=\"elementor-toggle-icon-opened fa fa-chevron-circle-up\"><\/i>\n\t\t\t\t\t\t\t\t\t\t\t\t\t<\/span>\n\t\t\t\t\t\t\t\t\t\t\t\t<a class=\"elementor-toggle-title\" tabindex=\"0\">EDITAL N\u00ba 02\/2019\/PROGEP\/UNIFAP -  PROCESSO SELETIVO BOLSA TRABALHO 2019 E ANEXOS.<\/a>\n\t\t\t\t\t<\/div>\n\n\t\t\t\t\t<div id=\"elementor-tab-content-1921\" class=\"elementor-tab-content elementor-clearfix\" data-tab=\"1\" role=\"region\" aria-labelledby=\"elementor-tab-title-1921\"><p><a href=\"http:\/\/www2.unifap.br\/drh\/files\/2019\/10\/EDITAL-N\u00b0-002-2019-PROGEP-PROCESSO-SELETIVO-BOLSA-TRABALHO-2019.pdf\" target=\"_blank\" rel=\"noopener\">EDITAL N\u00b0 002-2019-PROGEP &#8211; PROCESSO SELETIVO BOLSA TRABALHO 2019<\/a><\/p><p><a href=\"http:\/\/www2.unifap.br\/drh\/files\/2019\/10\/DECLARA\u00c7\u00c3O-DE-COMPROVA\u00c7\u00c3O-FAMILIAR-E-RENDA-2019.pdf\" target=\"_blank\" rel=\"noopener\">DECLARA\u00c7\u00c3O DE COMPROVA\u00c7\u00c3O FAMILIAR E RENDA &#8211; 2019<\/a><\/p><p><a href=\"http:\/\/www2.unifap.br\/drh\/files\/2019\/10\/FICHA-DE-AVALIA\u00c7\u00c3O.pdf\" target=\"_blank\" rel=\"noopener\">FICHA DE AVALIA\u00c7\u00c3O<\/a><\/p><p><a href=\"http:\/\/www2.unifap.br\/drh\/files\/2019\/10\/FICHA-DE-INSCRI\u00c7\u00c3O.pdf\" target=\"_blank\" rel=\"noopener\">FICHA DE INSCRI\u00c7\u00c3O<\/a><\/p><p><a href=\"http:\/\/www2.unifap.br\/drh\/files\/2019\/11\/RECURSO-EDITAL-N\u00b0-002-2019-PROGEP-PROCESSO-SELETIVO-BOLSA-TRABALHO-2019.pdf\" target=\"_blank\" rel=\"noopener\">RECURSO<\/a><\/p><p><a href=\"http:\/\/www2.unifap.br\/drh\/files\/2019\/11\/RETIFICA\u00c7\u00c3O-01-CRONOGRAMA-EDITAL-N\u00b0-002-2019-PROGEP-PROCESSO-SELETIVO-BOLSA-TRABALHO-2019.pdf\" target=\"_blank\" rel=\"noopener\">RETIFICA\u00c7\u00c3O 01 -CRONOGRAMA &#8211; EDITAL N\u00b0 002-2019-PROGEP &#8211; PROCESSO SELETIVO BOLSA TRABALHO 2019<\/a><\/p><p><a href=\"http:\/\/www2.unifap.br\/drh\/files\/2019\/11\/RETIFICA\u00c7\u00c3O-02-CRONOGRAMA-EDITAL-N\u00b0-002-2019-PROGEP-PROCESSO-SELETIVO-BOLSA-TRABALHO-2019.pdf\" target=\"_blank\" rel=\"noopener\">RETIFICA\u00c7\u00c3O 02 -CRONOGRAMA &#8211; EDITAL N\u00b0 002-2019-PROGEP &#8211; PROCESSO SELETIVO BOLSA TRABALHO 2019<\/a><\/p><\/div>\n\t\t\t\t<\/div>\n\t\t\t\t\t\t\t<div class=\"elementor-toggle-item\">\n\t\t\t\t\t<div id=\"elementor-tab-title-1922\" class=\"elementor-tab-title\" data-tab=\"2\" role=\"button\" aria-controls=\"elementor-tab-content-1922\" aria-expanded=\"false\">\n\t\t\t\t\t\t\t\t\t\t\t\t<span class=\"elementor-toggle-icon elementor-toggle-icon-left\" aria-hidden=\"true\">\n\t\t\t\t\t\t\t\t\t\t\t\t\t\t\t<i class=\"elementor-toggle-icon-closed fa fa-chevron-circle-down\"><\/i>\n\t\t\t\t\t\t\t\t<i class=\"elementor-toggle-icon-opened fa fa-chevron-circle-up\"><\/i>\n\t\t\t\t\t\t\t\t\t\t\t\t\t<\/span>\n\t\t\t\t\t\t\t\t\t\t\t\t<a class=\"elementor-toggle-title\" tabindex=\"0\">RESULTADO PRELIMINAR<\/a>\n\t\t\t\t\t<\/div>\n\n\t\t\t\t\t<div id=\"elementor-tab-content-1922\" class=\"elementor-tab-content elementor-clearfix\" data-tab=\"2\" role=\"region\" aria-labelledby=\"elementor-tab-title-1922\"><p><a href=\"http:\/\/www2.unifap.br\/drh\/files\/2019\/12\/RESULTADO-PRELIMINAR-EDITAL-PRORROGADO.pdf\" target=\"_blank\" rel=\"noopener\">RESULTADO PRELIMINAR\u00a0<\/a><\/p><\/div>\n\t\t\t\t<\/div>\n\t\t\t\t\t\t\t<div class=\"elementor-toggle-item\">\n\t\t\t\t\t<div id=\"elementor-tab-title-1923\" class=\"elementor-tab-title\" data-tab=\"3\" role=\"button\" aria-controls=\"elementor-tab-content-1923\" aria-expanded=\"false\">\n\t\t\t\t\t\t\t\t\t\t\t\t<span class=\"elementor-toggle-icon elementor-toggle-icon-left\" aria-hidden=\"true\">\n\t\t\t\t\t\t\t\t\t\t\t\t\t\t\t<i class=\"elementor-toggle-icon-closed fa fa-chevron-circle-down\"><\/i>\n\t\t\t\t\t\t\t\t<i class=\"elementor-toggle-icon-opened fa fa-chevron-circle-up\"><\/i>\n\t\t\t\t\t\t\t\t\t\t\t\t\t<\/span>\n\t\t\t\t\t\t\t\t\t\t\t\t<a class=\"elementor-toggle-title\" tabindex=\"0\">CONVOCA\u00c7\u00c3O<\/a>\n\t\t\t\t\t<\/div>\n\n\t\t\t\t\t<div id=\"elementor-tab-content-1923\" class=\"elementor-tab-content elementor-clearfix\" data-tab=\"3\" role=\"region\" aria-labelledby=\"elementor-tab-title-1923\"><p><a href=\"http:\/\/www2.unifap.br\/drh\/files\/2020\/01\/CONVOCA\u00c7\u00c3O-BOLSA-TRABALHO-06.01.2020.pdf\" target=\"_blank\" rel=\"noopener\"><strong>CONVOCA\u00c7\u00c3O &#8211; 06\/01\/2020<\/strong><\/a><\/p><p><strong><a href=\"http:\/\/www2.unifap.br\/drh\/files\/2020\/01\/CONVOCA\u00c7\u00c3O-BOLSA-TRABALHO-27.01.2020.pdf\" target=\"_blank\" rel=\"noopener\">CONVOCA\u00c7\u00c3O &#8211;\u00a0 27\/01\/2020<\/a><\/strong><\/p><\/div>\n\t\t\t\t<\/div>\n\t\t\t\t\t\t\t\t<\/div>\n\t\t\t\t\t\t<\/div>\n\t\t\t\t<\/div>\n\t\t\t\t\t<\/div>\n\t\t<\/div>\n\t\t\t\t\t<\/div>\n\t\t<\/section>\n\t\t\t\t<\/div>\n\t\t","protected":false},"excerpt":{"rendered":"<p>PROCESSO SELETIVO PARA O PROGRAMA BOLSA TRABALHO UNIVERSIT\u00c1RIA EDITAL N\u00ba 02\/2019\/PROGEP\/UNIFAP DE 22 DE OUTUBRO DE 2019 A Pr\u00f3-Reitoria de Gest\u00e3o de Pessoas (PROGEP) da Universidade Federal do Amap\u00e1 (UNIFAP), no \u00e2mbito de sua compet\u00eancia, torna p\u00fablico o processo seletivo para cadastro de reserva do Programa Bolsa Trabalho Universit\u00e1ria, de acordo com as disposi\u00e7\u00f5es legais&#8230;<\/p>\n","protected":false},"author":864,"featured_media":0,"parent":10624,"menu_order":0,"comment_status":"closed","ping_status":"closed","template":"fullwidth.php","meta":{"inline_featured_image":false,"ngg_post_thumbnail":0,"footnotes":""},"class_list":["post-12473","page","type-page","status-publish","hentry","entry"],"_links":{"self":[{"href":"https:\/\/www2.unifap.br\/drh\/wp-json\/wp\/v2\/pages\/12473","targetHints":{"allow":["GET"]}}],"collection":[{"href":"https:\/\/www2.unifap.br\/drh\/wp-json\/wp\/v2\/pages"}],"about":[{"href":"https:\/\/www2.unifap.br\/drh\/wp-json\/wp\/v2\/types\/page"}],"author":[{"embeddable":true,"href":"https:\/\/www2.unifap.br\/drh\/wp-json\/wp\/v2\/users\/864"}],"replies":[{"embeddable":true,"href":"https:\/\/www2.unifap.br\/drh\/wp-json\/wp\/v2\/comments?post=12473"}],"version-history":[{"count":11,"href":"https:\/\/www2.unifap.br\/drh\/wp-json\/wp\/v2\/pages\/12473\/revisions"}],"predecessor-version":[{"id":13995,"href":"https:\/\/www2.unifap.br\/drh\/wp-json\/wp\/v2\/pages\/12473\/revisions\/13995"}],"up":[{"embeddable":true,"href":"https:\/\/www2.unifap.br\/drh\/wp-json\/wp\/v2\/pages\/10624"}],"wp:attachment":[{"href":"https:\/\/www2.unifap.br\/drh\/wp-json\/wp\/v2\/media?parent=12473"}],"curies":[{"name":"wp","href":"https:\/\/api.w.org\/{rel}","templated":true}]}}