{"id":12676,"date":"2020-01-29T18:19:00","date_gmt":"2020-01-29T18:19:00","guid":{"rendered":"http:\/\/www2.unifap.br\/drh\/?page_id=12676"},"modified":"2020-01-29T18:19:00","modified_gmt":"2020-01-29T18:19:00","slug":"progressao-por-capacitacao","status":"publish","type":"page","link":"https:\/\/www2.unifap.br\/drh\/progressao-por-capacitacao\/","title":{"rendered":"Progress\u00e3o por Capacita\u00e7\u00e3o"},"content":{"rendered":"<p><a href=\"http:\/\/www2.unifap.br\/drh\/files\/2020\/01\/PROG1.png\"><img fetchpriority=\"high\" decoding=\"async\" class=\"aligncenter size-large wp-image-12648\" src=\"http:\/\/www2.unifap.br\/drh\/files\/2020\/01\/PROG1-1024x583.png\" alt=\"\" width=\"550\" height=\"313\" srcset=\"https:\/\/www2.unifap.br\/drh\/files\/2020\/01\/PROG1-1024x583.png 1024w, https:\/\/www2.unifap.br\/drh\/files\/2020\/01\/PROG1-300x171.png 300w, https:\/\/www2.unifap.br\/drh\/files\/2020\/01\/PROG1-768x437.png 768w, https:\/\/www2.unifap.br\/drh\/files\/2020\/01\/PROG1.png 1449w\" sizes=\"(max-width: 550px) 100vw, 550px\" \/><\/a><\/p>\n<p><strong>ATIVIDADE<\/strong><\/p>\n<p style=\"text-align: left\">Antes de completar o interst\u00edcio de 18 meses para Progress\u00e3o por Capacita\u00e7\u00e3o, o servidor deve criar processo eletr\u00f4nico no SIPAC (<a href=\"https:\/\/sipac.unifap.br\/public\/jsp\/portal.jsf\">https:\/\/sipac.unifap.br\/public\/jsp\/portal.jsf<\/a>) e solicitar, por meio de requerimento e documenta\u00e7\u00e3o necess\u00e1ria sua progress\u00e3o por capacita\u00e7\u00e3o.<\/p>\n<p>Normativas:<\/p>\n<ul>\n<li><a href=\"http:\/\/www.planalto.gov.br\/ccivil_03\/_ato2004-2006\/2005\/lei\/l11091.htm\"><strong>Lei N\u00ba 11.091\/2005<\/strong><\/a><\/li>\n<li><a href=\"http:\/\/www2.unifap.br\/drh\/files\/2018\/12\/Ordem-de-Servi%C3%A7o-n%C2%BA-01-2018-PROGEP1.pdf\" target=\"_blank\" rel=\"noopener\"><strong>Ordem de Servi\u00e7o n\u00ba 01\/2018 \u2013 PROGEP \u2013 Validade de Certificados para Capacita\u00e7\u00e3o<\/strong><\/a><\/li>\n<\/ul>\n<p><strong>TAREFAS<\/strong><\/p>\n<p>Imprimir o requerimento no SIGRH, assin\u00e1-lo\u00a0 e fazer c\u00f3pia dos certificados \u2013\u00a0<strong>AP\u00d3S ISSO, DEVE-SE ESCANEAR A DOCUMENTA\u00c7\u00c3O E SALV\u00c1-LA EM PDF<\/strong>;<\/p>\n<p><em>Orienta\u00e7\u00f5es de como obter o requerimento<\/em>\u00a0&gt;\u00a0<strong><a href=\"http:\/\/www2.unifap.br\/drh\/files\/2010\/04\/SIGRH-FORMUL%C3%81RIOS-INCENTIVO-E-PROGRESS%C3%83O1.pdf\">SIGRH \u2013 REQUERIMENTO (INCENTIVO E PROGRESS\u00c3O<\/a><\/strong>;<\/p>\n<p>Com os arquivos em PDF em m\u00e3os, deve o interessado pedir o cadastro de processo eletr\u00f4nico de Progress\u00e3o Por Capacita\u00e7\u00e3o Profissional no\u00a0<strong><a href=\"https:\/\/sipac.unifap.br\/public\/jsp\/portal.jsf\">SIPAC<\/a><\/strong>\u00a0em sua unidade administrativa.<\/p>\n<p>Ap\u00f3s a cria\u00e7\u00e3o do processo eletr\u00f4nico, encaminhar os autos a Divis\u00e3o de Capacita\u00e7\u00e3o e Educa\u00e7\u00e3o Profissional \u2013 DCEP\/DDP\/PROGEP<\/p>\n<p>Fluxo do Processo de Progress\u00e3o por Capacita\u00e7\u00e3o \u2013\u00a0<a href=\"http:\/\/www2.unifap.br\/drh\/desenvolvimento-na-carreira\/tecnico-administrativo\/progressao-por-capacitacao\/fluxo-do-processo-de-progressao-funcional-por-capacitacao\/\"><strong>Aqui<\/strong><\/a><\/p>\n<p>Consulte no link abaixo a tabela de carga hor\u00e1ria de Progress\u00e3o por Capacita\u00e7\u00e3o<\/p>\n<ul>\n<li><strong><a href=\"http:\/\/www2.unifap.br\/drh\/files\/2015\/08\/TABELA-PARA-PROGRESS%C3%83O-POR-CAPACITA%C3%87%C3%83O-CARGA-HOR%C3%81RIA.pdf\">TABELA PARA PROGRESS\u00c3O POR CAPACITA\u00c7\u00c3O \u2013 CARGA HOR\u00c1RIA<\/a><\/strong><\/li>\n<\/ul>\n<h1><strong>PERGUNTAS FREQUENTES<\/strong><\/h1>\n<p><strong>Qual o n\u00edvel de capacita\u00e7\u00e3o em que me encontro?<\/strong><\/p>\n<p>O n\u00edvel de capacita\u00e7\u00e3o \u00e9 a posi\u00e7\u00e3o do servidor na Matriz Hier\u00e1rquica dos Padr\u00f5es de Vencimento em decorr\u00eancia da capacita\u00e7\u00e3o profissional para o exerc\u00edcio das atividades do cargo ocupado, realizada ap\u00f3s o ingresso.<\/p>\n<p>O N\u00edvel de Capacita\u00e7\u00e3o pode ser verificado no seu contracheque no campo REF\/PADR\u00c3O\/N\u00cdVEL do contracheque.<\/p>\n<p>Exemplo:<\/p>\n<p><a href=\"http:\/\/www2.unifap.br\/drh\/files\/2015\/08\/contra.jpg\"><img decoding=\"async\" src=\"http:\/\/www2.unifap.br\/drh\/files\/2015\/08\/contra.jpg\" alt=\"contra\" width=\"482\" height=\"72\" \/><\/a><\/p>\n<p><strong>O que significa ambiente organizacional?<\/strong><\/p>\n<p>Ambiente organizacional \u00e9 a \u00e1rea espec\u00edfica de atua\u00e7\u00e3o do servidor, integrada por atividades afins ou complementares, organizada a partir das necessidades institucionais e que orienta a pol\u00edtica de desenvolvimento de pessoal.<\/p>\n<p>Por exemplo, o t\u00e9cnico em Enfermagem est\u00e1 no ambiente Ci\u00eancias da Sa\u00fade. Os ambientes s\u00e3o: Administrativo; Infraestrutura; Ci\u00eancias Humanas, Jur\u00eddicas e Econ\u00f4micas; Ci\u00eancias Biol\u00f3gicas; Ci\u00eancias Exatas e da Natureza, Ci\u00eancias da Sa\u00fade; Agropecu\u00e1rio; Informa\u00e7\u00e3o; Artes, Comunica\u00e7\u00e3o e Difus\u00e3o; Mar\u00edtimo, Fluvial e Lacustre.<\/p>\n<p><strong>Como posso saber se os cursos de capacita\u00e7\u00e3o que n\u00e3o sejam de educa\u00e7\u00e3o formal, t\u00eam rela\u00e7\u00e3o direta com o meu ambiente organizacional?<\/strong><\/p>\n<p>Por meio do anexo da\u00a0<a href=\"http:\/\/www2.unifap.br\/drh\/files\/2014\/11\/Portaria_09_2006.pdf\">Portaria n\u00ba 09\/2006 \u2013 MEC<\/a>, de 29 de junho de 2006.<\/p>\n<p><strong>No caso de apresentar um certificado carga hor\u00e1ria superior \u00e0 necess\u00e1ria para progress\u00e3o\u00a0ou certificados em que a somat\u00f3ria da com carga hor\u00e1ria seja tamb\u00e9m superior, o restante das horas poder\u00e1 ser aproveitada posteriormente?<\/strong><\/p>\n<p>Sim. Pois de acordo com a\u00a0<a href=\"http:\/\/www.planalto.gov.br\/ccivil_03\/_ato2011-2014\/2012\/lei\/l12772.htm\">Lei 12.772\/2012<\/a>, \u00e9 permitido o somat\u00f3rio da carga hor\u00e1ria que excedeu \u00e0 exig\u00eancia para progress\u00e3o no interst\u00edcio do n\u00edvel anterior.<\/p>\n<p><strong>Cursos de capacita\u00e7\u00e3o realizados antes de entrar em exerc\u00edcio na UNIFAP s\u00e3o v\u00e1lidos?<\/strong><\/p>\n<p>N\u00e3o. Pois de acordo com a\u00a0<a href=\"http:\/\/www.planalto.gov.br\/ccivil_03\/_ato2004-2006\/2005\/lei\/l11091.htm\">Lei 11.091\/2005<\/a>, os cursos visam \u00e0 capacita\u00e7\u00e3o profissional para o exerc\u00edcio das atividades do\u00a0cargo ocupado, realizada\u00a0ap\u00f3s o ingresso.<\/p>\n<p><strong>O que \u00e9 interst\u00edcio de progress\u00e3o?<\/strong><\/p>\n<p>\u00c9 o per\u00edodo compreendido entre a \u00faltima progress\u00e3o e a pr\u00f3xima progress\u00e3o por capacita\u00e7\u00e3o, ou seja, se a Progress\u00e3o por Capacita\u00e7\u00e3o Profissional (PCP) ocorreu em 29 de outubro de 2016, a pr\u00f3xima PCP dever\u00e1 ser a partir de 29 de abril de 2018, e os 18 meses de intervalo entre estas duas progress\u00f5es \u00e9 considerado o interst\u00edcio de progress\u00e3o. No caso da primeira progress\u00e3o, deve-se contar 18 meses a partir da data de efetivo exerc\u00edcio.<\/p>\n<p><strong>Quais s\u00e3o os requisitos b\u00e1sicos que devem constar no certificado?<\/strong><\/p>\n<p>O certificado deve conter o nome completo do servidor, nome do curso realizado, conte\u00fado program\u00e1tico, per\u00edodo de realiza\u00e7\u00e3o do curso (data de in\u00edcio e t\u00e9rmino), carga hor\u00e1ria total e dados da institui\u00e7\u00e3o que ofereceu o curso.<\/p>\n<p>Obs: Caso o curso seja a dist\u00e2ncia, o certificado deve conter c\u00f3digo de verifica\u00e7\u00e3o on-line<\/p>\n<p><strong>As cargas hor\u00e1rias de certificados podem ser somadas?<\/strong><\/p>\n<p>Sim. Pois de acordo com a Lei 12.772\/2012, \u00e9 permitido o somat\u00f3rio de cargas hor\u00e1rias de cursos realizados pelo servidor durante a perman\u00eancia no n\u00edvel de capacita\u00e7\u00e3o em que se encontra, desde que cada certificado tenha carga hor\u00e1ria m\u00ednima de 20 (vinte) horas-aula.<\/p>\n<p><strong>Se eu entregar um certificado com a carga hor\u00e1ria m\u00e1xima para minha classe vou direto para o n\u00edvel de capacita\u00e7\u00e3o 4?<\/strong>\u00a0N\u00e3o. De acordo com a\u00a0<a href=\"http:\/\/www.planalto.gov.br\/ccivil_03\/_Ato2004-2006\/2005\/Lei\/L11091.htm\" target=\"_blank\" rel=\"noopener\">Lei n\u00ba 11.091\/05<\/a>\u00a0e com o\u00a0<a href=\"http:\/\/wp.ufpel.edu.br\/prgrh\/files\/2010\/04\/Memorando-CGGP-SAA-MEC-2.671-09.pdf\" target=\"_blank\" rel=\"noopener\">Memorando CGGP\/SAA\/MEC 2.671\/09<\/a>, a progress\u00e3o por capacita\u00e7\u00e3o ser\u00e1 do 1 para o 2, do 2 para o 3 e do 3 para o 4.<\/p>\n<p><strong>Pode-se aproveitar a carga hor\u00e1ria de disciplinas isoladas de cursos de p\u00f3s-gradua\u00e7\u00e3o stricto sensu para fins de Progress\u00e3o por Capacita\u00e7\u00e3o?<\/strong><\/p>\n<p>Sim, pois conforme a Lei N\u00ba 11.091\/05, para os servidores titulares de cargos de\u00a0N\u00edvel de Classifica\u00e7\u00e3o E, a conclus\u00e3o, com aproveitamento, na condi\u00e7\u00e3o de aluno regular, de disciplinas isoladas, que tenham rela\u00e7\u00e3o direta com as atividades inerentes ao cargo do servidor, em cursos de Mestrado e Doutorado reconhecidos pelo Minist\u00e9rio da Educa\u00e7\u00e3o \u2013 MEC, desde que devidamente comprovada, poder\u00e1 ser considerada como certifica\u00e7\u00e3o em Programa de Capacita\u00e7\u00e3o para fins de Progress\u00e3o por Capacita\u00e7\u00e3o Profissional.<\/p>\n<ul>\n<li><a href=\"http:\/\/www2.unifap.br\/drh\/files\/2014\/11\/PORTARIA-MEC.pdf\">Portaria 39\/2011-MEC<\/a><\/li>\n<\/ul>\n<p><strong>Como fico sabendo a carga hor\u00e1ria total que sobrou para a pr\u00f3xima progress\u00e3o?<\/strong><\/p>\n<p>Ligue para a Divis\u00e3o de Capacita\u00e7\u00e3o e Educa\u00e7\u00e3o Profissional \u2013 DCEP\/DDP\/PROGEP no telefone\u00a03312-1729\u00a0ou entre em contato pelo e-mail: eliancruz@unifap.br.<\/p>\n<p><strong>Como proceder para encaminhar os certificados para Progress\u00e3o por Capacita\u00e7\u00e3o?<\/strong><\/p>\n<ul>\n<li>Imprimir o requerimento no SIGRH, assin\u00e1-lo\u00a0 e fazer c\u00f3pia dos certificados \u2013\u00a0<strong>AP\u00d3S ISSO, DEVE-SE ESCANEAR A DOCUMENTA\u00c7\u00c3O E SALV\u00c1-LA EM PDF<\/strong>;\n<ul>\n<li><em>Orienta\u00e7\u00f5es de como obter o requerimento<\/em>\u00a0&gt;\u00a0<strong><a href=\"http:\/\/www2.unifap.br\/drh\/files\/2010\/04\/SIGRH-FORMUL%C3%81RIOS-INCENTIVO-E-PROGRESS%C3%83O1.pdf\">SIGRH \u2013 REQUERIMENTO (INCENTIVO E PROGRESS\u00c3O<\/a><\/strong>;<\/li>\n<\/ul>\n<\/li>\n<li>Com os arquivos em PDF em m\u00e3os, deve o interessado pedir o cadastro de processo eletr\u00f4nico de Progress\u00e3o Por Capacita\u00e7\u00e3o Profissional no\u00a0<a href=\"https:\/\/sipac.unifap.br\/public\/jsp\/portal.jsf\">SIPAC<\/a>\u00a0em sua unidade administrativa.<\/li>\n<li>Ap\u00f3s a cria\u00e7\u00e3o do processo eletr\u00f4nico, encaminhar os autos a Divis\u00e3o de Capacita\u00e7\u00e3o e Educa\u00e7\u00e3o Profissional \u2013 DCEP\/DDP\/PROGEP<\/li>\n<\/ul>\n<p><strong>Mais informa\u00e7\u00f5es<\/strong><\/p>\n<p>Divis\u00e3o de Capacita\u00e7\u00e3o e Educa\u00e7\u00e3o Profissional<\/p>\n<p><a href=\"http:\/\/www2.unifap.br\/drh\/files\/2017\/02\/telefone.png\"><img decoding=\"async\" src=\"http:\/\/www2.unifap.br\/drh\/files\/2017\/02\/telefone.png\" alt=\"telefone\" width=\"67\" height=\"64\" \/><\/a>(96) 3312-1729\u00a0<a href=\"http:\/\/www2.unifap.br\/drh\/files\/2017\/02\/email.png\"><img loading=\"lazy\" decoding=\"async\" src=\"http:\/\/www2.unifap.br\/drh\/files\/2017\/02\/email.png\" alt=\"email\" width=\"102\" height=\"89\" \/><\/a>capacitacao@unifap.br<\/p>\n<p>&nbsp;<\/p>\n","protected":false},"excerpt":{"rendered":"<p>ATIVIDADE Antes de completar o interst\u00edcio de 18 meses para Progress\u00e3o por Capacita\u00e7\u00e3o, o servidor deve criar processo eletr\u00f4nico no SIPAC (https:\/\/sipac.unifap.br\/public\/jsp\/portal.jsf) e solicitar, por meio de requerimento e documenta\u00e7\u00e3o necess\u00e1ria sua progress\u00e3o por capacita\u00e7\u00e3o. Normativas: Lei N\u00ba 11.091\/2005 Ordem de Servi\u00e7o n\u00ba 01\/2018 \u2013 PROGEP \u2013 Validade de Certificados para Capacita\u00e7\u00e3o TAREFAS Imprimir o&#8230;<\/p>\n","protected":false},"author":3860,"featured_media":0,"parent":0,"menu_order":0,"comment_status":"closed","ping_status":"closed","template":"","meta":{"inline_featured_image":false,"ngg_post_thumbnail":0,"footnotes":""},"class_list":["post-12676","page","type-page","status-publish","hentry","entry"],"_links":{"self":[{"href":"https:\/\/www2.unifap.br\/drh\/wp-json\/wp\/v2\/pages\/12676","targetHints":{"allow":["GET"]}}],"collection":[{"href":"https:\/\/www2.unifap.br\/drh\/wp-json\/wp\/v2\/pages"}],"about":[{"href":"https:\/\/www2.unifap.br\/drh\/wp-json\/wp\/v2\/types\/page"}],"author":[{"embeddable":true,"href":"https:\/\/www2.unifap.br\/drh\/wp-json\/wp\/v2\/users\/3860"}],"replies":[{"embeddable":true,"href":"https:\/\/www2.unifap.br\/drh\/wp-json\/wp\/v2\/comments?post=12676"}],"version-history":[{"count":1,"href":"https:\/\/www2.unifap.br\/drh\/wp-json\/wp\/v2\/pages\/12676\/revisions"}],"predecessor-version":[{"id":12677,"href":"https:\/\/www2.unifap.br\/drh\/wp-json\/wp\/v2\/pages\/12676\/revisions\/12677"}],"wp:attachment":[{"href":"https:\/\/www2.unifap.br\/drh\/wp-json\/wp\/v2\/media?parent=12676"}],"curies":[{"name":"wp","href":"https:\/\/api.w.org\/{rel}","templated":true}]}}