{"id":12679,"date":"2020-01-29T18:21:08","date_gmt":"2020-01-29T18:21:08","guid":{"rendered":"http:\/\/www2.unifap.br\/drh\/?page_id=12679"},"modified":"2020-01-29T18:21:08","modified_gmt":"2020-01-29T18:21:08","slug":"incentivo-a-qualificacao","status":"publish","type":"page","link":"https:\/\/www2.unifap.br\/drh\/incentivo-a-qualificacao\/","title":{"rendered":"Incentivo \u00e0 Qualifica\u00e7\u00e3o"},"content":{"rendered":"<p><a href=\"http:\/\/www2.unifap.br\/drh\/files\/2020\/01\/INCEN.png\"><img fetchpriority=\"high\" decoding=\"async\" class=\"aligncenter size-large wp-image-12649\" src=\"http:\/\/www2.unifap.br\/drh\/files\/2020\/01\/INCEN-1024x576.png\" alt=\"\" width=\"550\" height=\"309\" srcset=\"https:\/\/www2.unifap.br\/drh\/files\/2020\/01\/INCEN-1024x576.png 1024w, https:\/\/www2.unifap.br\/drh\/files\/2020\/01\/INCEN-300x169.png 300w, https:\/\/www2.unifap.br\/drh\/files\/2020\/01\/INCEN-768x432.png 768w, https:\/\/www2.unifap.br\/drh\/files\/2020\/01\/INCEN.png 1453w\" sizes=\"(max-width: 550px) 100vw, 550px\" \/><\/a><\/p>\n<p>O<strong> que \u00e9?<\/strong><\/p>\n<p><strong>\u00c9 o percentual calculado sobre o padr\u00e3o de vencimento percebido pelo servidor que possuir\u00a0<a href=\"http:\/\/www2.unifap.br\/drh\/files\/2016\/06\/educa%C3%A7%C3%A3o-formal.pdf\">educa\u00e7\u00e3o formal superior<\/a>\u00a0ao exigido para o cargo de que \u00e9 titular.<\/strong><\/p>\n<p>Requisitos m\u00ednimos para ingresso nos cargos integrantes do PCCTAE \u2013\u00a0<strong>(<a href=\"http:\/\/www2.unifap.br\/drh\/files\/2016\/06\/Distribui%C3%A7%C3%A3o-dos-cargos-por-n%C3%ADvel-de-classifica%C3%A7%C3%A3o-e-requisito-m%C3%ADnimo.pdf\">ANEXO II \u2013 Lei n\u00ba 11.091\/2015<\/a>)<\/strong><\/p>\n<p><strong>Requisito<\/strong><\/p>\n<p><strong>A obten\u00e7\u00e3o de diploma\/certificado de educa\u00e7\u00e3o formal, quando excederem a exig\u00eancia de escolaridade m\u00ednima para o cargo do qual o servidor \u00e9 titular.<\/strong><\/p>\n<p>Normativa:<\/p>\n<ul>\n<li><strong><a href=\"http:\/\/www.planalto.gov.br\/ccivil_03\/_Ato2004-2006\/2006\/Decreto\/D5824.htm\">DECRETO n\u00ba 5824\/2006<\/a>\u00a0\u00a0\u2013 \u00a0Procedimentos para a concess\u00e3o do Incentivo \u00e0 Qualifica\u00e7\u00e3o\u00a0<\/strong><\/li>\n<\/ul>\n<p><strong>O que o servidor deve saber<\/strong><\/p>\n<p>O Incentivo \u00e0 Qualifica\u00e7\u00e3o ter\u00e1 a base percentual calculada sobre o padr\u00e3o de vencimento percebido pelo servidor.<\/p>\n<p>A obten\u00e7\u00e3o dos certificados relativos ao ensino fundamental e ao ensino m\u00e9dio, quando\u00a0 excederem a exig\u00eancia de escolaridade m\u00ednima para o cargo do qual o servidor \u00e9 titular, ser\u00e1 considerada, para efeito de pagamento do Incentivo \u00e0 Qualifica\u00e7\u00e3o, como conhecimento relacionado, diretamente ao ambiente organizacional.<\/p>\n<p>Os percentuais do Incentivo \u00e0 Qualifica\u00e7\u00e3o n\u00e3o s\u00e3o acumul\u00e1veis e ser\u00e3o incorporados aos respectivos proventos de aposentadoria e pens\u00e3o.<\/p>\n<p>O Incentivo \u00e0 Qualifica\u00e7\u00e3o somente integrar\u00e1 os proventos da aposentadoria e as pens\u00f5es, quando os certificados dos cursos considerados para a sua concess\u00e3o tiverem sido obtidos at\u00e9 a data que se deu a aposentadoria ou institui\u00e7\u00e3o e pens\u00e3o.<\/p>\n<ul>\n<li style=\"list-style-type: none\">\n<ul>\n<li style=\"list-style-type: none\">\n<ul>\n<li><a href=\"http:\/\/www2.unifap.br\/drh\/files\/2010\/04\/SIGRH-FORMUL%C3%81RIOS-INCENTIVO-E-PROGRESS%C3%83O.pdf\"><strong>SIGRH \u2013 REQUERIMENTOS (INCENTIVO E PROGRESS\u00c3O)<\/strong><\/a><\/li>\n<li><a href=\"http:\/\/www2.unifap.br\/drh\/desenvolvimento-na-carreira\/tecnico-administrativo\/incentivo-a-qualificacao\/incentivo-a-qualificacao-tabela-de-percentuais\/\"><strong>TABELA DE PERCENTUAIS DE INCENTIVO A QUALIFICA\u00c7\u00c3O<\/strong><\/a><\/li>\n<\/ul>\n<\/li>\n<\/ul>\n<\/li>\n<\/ul>\n<p><strong>Normativas correlatas:<\/strong><\/p>\n<ul>\n<li><strong><a href=\"http:\/\/www2.unifap.br\/drh\/files\/2016\/06\/Parecer-N%C2%BA-00021-2015-DEPCONSU-PGF-AGU.pdf\">Parecer N\u00ba 00021\/2015\/DEPCONSU\/PGF\/AGU<\/a><\/strong><strong>\u00a0\u2013\u00a0<\/strong>Orienta\u00e7\u00e3o acerca da \u00a0concess\u00e3o de incentivo \u00e0 qualifica\u00e7\u00e3o referentes a Ensino M\u00e9dio, Ensino M\u00e9dio Profissionalizante e Ensino M\u00e9dio com curso T\u00e9cnico Completo<\/li>\n<li><strong><a href=\"http:\/\/www2.unifap.br\/drh\/files\/2016\/06\/PARECER-CNE-CEB-N%C2%BA-07-2014.pdf\">Parecer CNE\/CEB N\u00ba 07\/2014<\/a>\u00a0\u2013\u00a0<\/strong>Orienta\u00e7\u00e3o acerca da classifica\u00e7\u00e3o de cursos de Educa\u00e7\u00e3o Profissional T\u00e9cnica de N\u00edvel M\u00e9dio<\/li>\n<\/ul>\n<h2><strong>D\u00daVIDAS FREQUENTES<\/strong><\/h2>\n<p><strong>O que significa ambiente organizacional?<\/strong><\/p>\n<p>Ambiente organizacional \u00e9 a \u00e1rea espec\u00edfica de atua\u00e7\u00e3o do servidor, integrada por atividades afins ou complementares, organizada a partir das necessidades institucionais e que orienta a pol\u00edtica de desenvolvimento de pessoal.<\/p>\n<p>Por exemplo, o t\u00e9cnico em Enfermagem est\u00e1 no ambiente Ci\u00eancias da Sa\u00fade. Os ambientes s\u00e3o: Administrativo; Infra-estrutura; Ci\u00eancias Humanas, Jur\u00eddicas e Econ\u00f4micas; Ci\u00eancias Biol\u00f3gicas; Ci\u00eancias Exatas e da Natureza; Ci\u00eancias da Sa\u00fade; Agropecu\u00e1rio; Informa\u00e7\u00e3o; Artes, Comunica\u00e7\u00e3o e Difus\u00e3o; Mar\u00edtimo, Fluvial e Lacustre.<\/p>\n<p>Acesse nos links abaixo as descri\u00e7\u00f5es dos Ambientes Organizacionais:<\/p>\n<ul>\n<li>\n<address><strong><a href=\"http:\/\/www2.unifap.br\/drh\/files\/2016\/06\/Administrativo.pdf\">Administrativo<\/a>\u00a0<\/strong><\/address>\n<\/li>\n<li>\n<address><strong><a href=\"http:\/\/www2.unifap.br\/drh\/files\/2016\/06\/Infraestrutura.pdf\">Infraestrutura<\/a>\u00a0<\/strong><\/address>\n<\/li>\n<li>\n<address><strong><a href=\"http:\/\/www2.unifap.br\/drh\/files\/2016\/06\/Ci%C3%AAncias-Humanas-Jur%C3%ADdicas-e-Econ%C3%B4micas.pdf\">Ci\u00eancias Humanas, Jur\u00eddicas e Econ\u00f4micas<\/a><\/strong><\/address>\n<\/li>\n<li>\n<address><strong><a href=\"http:\/\/www2.unifap.br\/drh\/files\/2016\/06\/Ci%C3%AAncias-Biol%C3%B3gicas.pdf\">Ci\u00eancias Biol\u00f3gicas<\/a><\/strong><\/address>\n<\/li>\n<li>\n<address><strong><a href=\"http:\/\/www2.unifap.br\/drh\/files\/2016\/06\/Ci%C3%AAncias-Exatas-e-da-Natureza.pdf\">Ci\u00eancias Exatas e da Natureza<\/a><\/strong><\/address>\n<\/li>\n<li>\n<address><strong><a href=\"http:\/\/www2.unifap.br\/drh\/files\/2016\/06\/Ci%C3%AAncias-da-Sa%C3%BAde.pdf\">Ci\u00eancias da Sa\u00fade<\/a><\/strong><\/address>\n<\/li>\n<li>\n<address><strong><a href=\"http:\/\/www2.unifap.br\/drh\/files\/2016\/06\/Agropecu%C3%A1rio.pdf\">Agropecu\u00e1rio<\/a><\/strong><\/address>\n<\/li>\n<li>\n<address><strong><a href=\"http:\/\/www2.unifap.br\/drh\/files\/2016\/06\/Informa%C3%A7%C3%A3o.pdf\">Informa\u00e7\u00e3o<\/a><\/strong><\/address>\n<\/li>\n<li>\n<address><strong><a href=\"http:\/\/www2.unifap.br\/drh\/files\/2016\/06\/Artes-Comunica%C3%A7%C3%A3o-e-Difus%C3%A3o.pdf\">Artes, Comunica\u00e7\u00e3o e Difus\u00e3o<\/a><\/strong><\/address>\n<\/li>\n<li>\n<address><strong><a href=\"http:\/\/www2.unifap.br\/drh\/files\/2016\/06\/Mar%C3%ADtimo-Fluvial-e-Lacustre.pdf\">Mar\u00edtimo, Fluvial e Lacustre<\/a><\/strong><\/address>\n<\/li>\n<\/ul>\n<address>\u00a0<\/address>\n<p><strong>Como p<\/strong><strong>osso<\/strong><strong>\u00a0saber\u00a0se o curso de educa\u00e7\u00e3o formal que fiz tem rela\u00e7\u00e3o direta ou indireta com meu ambiente organizacional?<\/strong><\/p>\n<p>Por meio do anexo 3 do\u00a0<a href=\"http:\/\/www.planalto.gov.br\/ccivil_03\/_Ato2004-2006\/2006\/Decreto\/D5824.htm\" target=\"_blank\" rel=\"noopener\">Decreto n\u00ba 5.824\/06<\/a>\u00a0(<a href=\"http:\/\/www2.unifap.br\/drh\/files\/2016\/06\/ANEXO-III-Decreto-5.824-06.pdf\">ANEXO III \u2013 Decreto 5.824\/06<\/a>)<\/p>\n<p><strong>Como posso requerer o Incentivo \u00e0 Qualifica\u00e7\u00e3o?\u00a0<\/strong><\/p>\n<ol>\n<li>Voc\u00ea deve imprimir no\u00a0<a href=\"https:\/\/sigrh.unifap.br\/sigrh\/public\/home.jsf\">SIGRH<\/a>\u00a0o requerimento, assinar e ESCANEAR O DOCUMENTO \u2013\u00a0orienta\u00e7\u00f5es de como obter o requerimento\u00a0<a href=\"http:\/\/www2.unifap.br\/drh\/files\/2010\/04\/SIGRH-FORMUL%C3%81RIOS-INCENTIVO-E-PROGRESS%C3%83O1.pdf\">Aqui<\/a><\/li>\n<li>A esse Requerimento, deve anexar c\u00f3pia\u00a0 do diploma, certificado ou documento que comprove a conclus\u00e3o do curso (com carimbo de confere com o original e assinado por servidor p\u00fablico federal) tamb\u00e9m ESCANEADO.<\/li>\n<li>Deve criar processo eletr\u00f4nico\u00a0de incentivo \u00e0 Qualifica\u00e7\u00e3o\u00a0no\u00a0<a href=\"https:\/\/sipac.unifap.br\/public\/jsp\/portal.jsf\">SIPAC<\/a>\u00a0 e Encaminhar a Divis\u00e3o de Capacita\u00e7\u00e3o e Educa\u00e7\u00e3o Profissional \u2013 DCEP\/DDP\/PROGEP para an\u00e1lise.<\/li>\n<\/ol>\n<p><strong>Posso requerer o Incentivo \u00e0 Qualifica\u00e7\u00e3o apenas com o atestado\/declara\u00e7\u00e3o do curso?\u00a0<\/strong><\/p>\n<p>Sim, conforme:<\/p>\n<p><a href=\"http:\/\/www2.unifap.br\/drh\/files\/2019\/07\/NOTA-T\u00c9CNICA-13-2019-ME.pdf\"><strong>Nota T\u00e9cnica SEI n\u00ba 13\/2019\/CGCAR ASSES\/CGCAR\/DESEN\/SGP\/SEDGG-ME<\/strong><\/a><\/p>\n<p><strong><a style=\"background-color: #ffffff\" href=\"http:\/\/www2.unifap.br\/drh\/files\/2019\/07\/OF\u00cdCIO-CIRCULAR-2-2019-ME.pdf\">OF\u00cdCIO CIRCULAR SEI n\u00ba 2\/2019\/CGCAR ASSES\/CGCAR\/DESEN\/SGP\/SEDGG-ME\u00a0<\/a><\/strong><\/p>\n<p><strong><a href=\"http:\/\/www2.unifap.br\/drh\/files\/2019\/07\/MEMORANDO-CIRCULAR-N\u00ba-121-2019-PROGEP.pdf\">MEMORANDO CIRCULAR N\u00ba 121\/2019 \u2013 PROGEP <\/a><\/strong><\/p>\n<p><strong>Posso utilizar t\u00edtulo de educa\u00e7\u00e3o formal com data anterior ao meu ingresso na institui\u00e7\u00e3o?\u00a0<\/strong><\/p>\n<p>Sim.<\/p>\n<p><strong>E se meu curso de educa\u00e7\u00e3o formal foi realizado no exterior?\u00a0<\/strong><\/p>\n<p>Ser\u00e1 aceito se for revalidado no Brasil.<\/p>\n<p><strong>O efeito financeiro do incentivo \u00e0 Qualifica\u00e7\u00e3o ser\u00e1 a partir de quando?\u00a0<\/strong><\/p>\n<p>A partir da data de cria\u00e7\u00e3o do processo eletr\u00f4nico no\u00a0<a href=\"https:\/\/sipac.unifap.br\/public\/jsp\/portal.jsf\">SIPAC.<\/a><\/p>\n<p><strong>Os percentuais de Incentivo \u00e0 Qualifica\u00e7\u00e3o s\u00e3o somados?\u00a0<\/strong><\/p>\n<p>N\u00e3o. Por exemplo, um servidor que recebe 30% de incentivo por uma especializa\u00e7\u00e3o n\u00e3o vai somar mais 52% se entregar o diploma do mestrado. Ele passar\u00e1 de 30% para 52%.<\/p>\n<p><strong>Se eu entregar um diploma de educa\u00e7\u00e3o formal tenho que esperar 18 meses para entregar um certificado de curso de capacita\u00e7\u00e3o?\u00a0<\/strong><\/p>\n<p>N\u00e3o. Os cursos de capacita\u00e7\u00e3o n\u00e3o est\u00e3o ligados ao percentual de incentivo por cursos de educa\u00e7\u00e3o formal. Os cursos de capacita\u00e7\u00e3o valem para a progress\u00e3o por capacita\u00e7\u00e3o, que mudar\u00e1 o vencimento b\u00e1sico do servidor. J\u00e1 os cursos de educa\u00e7\u00e3o formal geram um percentual sobre o vencimento b\u00e1sico, ficando no contracheque um valor espec\u00edfico para o Incentivo \u00e0 Qualifica\u00e7\u00e3o.<\/p>\n<p><strong>Mudei de unidade e de ambiente organizacional, acho que neste novo ambiente meu curso de educa\u00e7\u00e3o formal passa a ter rela\u00e7\u00e3o direta, o que fa\u00e7o?<\/strong><\/p>\n<p>Neste caso, se o servidor considerar que a movimenta\u00e7\u00e3o possa implicar aumento do percentual de Incentivo \u00e0 Qualifica\u00e7\u00e3o, dever\u00e1 requerer, em at\u00e9 30 dias, a revis\u00e3o da concess\u00e3o inicial\u00a0(<a href=\"http:\/\/www.planalto.gov.br\/ccivil_03\/_Ato2004-2006\/2006\/Decreto\/D5824.htm\" target=\"_blank\" rel=\"noopener\">Decreto n\u00ba 5.824\/06<\/a>).<\/p>\n<p><strong>Mudei de unidade e de ambiente organizacional, o meu percentual de incentivo \u00e0 Qualifica\u00e7\u00e3o poder\u00e1 diminuir?<\/strong><\/p>\n<p>N\u00e3o. Em nenhuma hip\u00f3tese poder\u00e1 haver redu\u00e7\u00e3o do percentual de incentivo.<\/p>\n<p><strong>Qualquer Institui\u00e7\u00e3o pode ofertar um curso de educa\u00e7\u00e3o superior?<\/strong><\/p>\n<p>O reconhecimento do curso \u00e9 condi\u00e7\u00e3o necess\u00e1ria para a validade nacional do diploma. Para saber se uma institui\u00e7\u00e3o \u00e9 credenciada pelo MEC basta consultar no site\u00a0<a href=\"http:\/\/emec.mec.gov.br\/\" target=\"_blank\" rel=\"noopener\">http:\/\/emec.mec.gov.br\/<\/a><\/p>\n<p><strong>Qual a diferen\u00e7a entre p\u00f3s-gradua\u00e7\u00e3o lato sensu e stricto sensu?\u00a0<\/strong><\/p>\n<p>As p\u00f3s-gradua\u00e7\u00f5es lato sensu compreendem programas de especializa\u00e7\u00e3o com dura\u00e7\u00e3o m\u00ednima de 360 horas e ao final do curso ser\u00e1\u00a0 emitido um certificado e n\u00e3o diploma. As p\u00f3s-gradua\u00e7\u00f5es stricto sensu compreendem programas de mestrado e doutorado e ao final do curso ser\u00e1 emitido um diploma.<\/p>\n<ul>\n<li><strong><a href=\"http:\/\/www2.unifap.br\/drh\/files\/2016\/06\/Resolu%C3%A7%C3%A3o-01-2007-CNE.pdf\">Resolu\u00e7\u00e3o 01\/2007-CNE\/CES<\/a>\u00a0\u2013\u00a0<\/strong>normas para funcionamento de p\u00f3s-gradua\u00e7\u00e3o\u00a0<em>lato sensu<\/em><\/li>\n<li><strong><a href=\"http:\/\/www2.unifap.br\/drh\/files\/2016\/06\/Resolu%C3%A7%C3%A3o-05-2008-CNE.pdf\">Resolu\u00e7\u00e3o 05\/2008-CNE\/CES<\/a>\u00a0<\/strong>\u2013\u00a0normas para funcionamento de p\u00f3s-gradua\u00e7\u00e3o\u00a0<em>lato sensu<\/em><\/li>\n<\/ul>\n<p><strong>O que s\u00e3o cursos sequenciais e seu diploma \u00e9 valido para incentivo \u00e0 qualifica\u00e7\u00e3o?\u00a0<\/strong><\/p>\n<p>S\u00e3o o conjunto de atividades sistem\u00e1ticas de forma\u00e7\u00e3o, alternativas ou complementares aos cursos de gradua\u00e7\u00e3o, regulamentado pela\u00a0<a href=\"http:\/\/www2.unifap.br\/drh\/files\/2020\/01\/Resolu\u00e7\u00e3o-01-de-2017-Sobre-Cursos-Sequenciais-n\u00e3o-corresponde-a-gradua\u00e7\u00e3o.pdf\">Resolu\u00e7\u00e3o 01 de 2017 &#8211; Sobre Cursos Sequenciais &#8211; n\u00e3o corresponde a gradua\u00e7\u00e3o,\u00a0<\/a>portanto, conforme esta normativa, Cursos Sequenciais n\u00e3o s\u00e3o v\u00e1lidos para fins de Incentivo \u00e0 Qualifica\u00e7\u00e3o.<\/p>\n<p><strong>O curso de tecn\u00f3logo conta para o meu pedido de incentivo \u00e0 qualifica\u00e7\u00e3o?\u00a0<\/strong><\/p>\n<p>Sim. \u00c9 um curso superior de modalidade de gradua\u00e7\u00e3o, assim como o bacharelado e a licenciatura, e obedecer\u00e1 \u00e0s diretrizes contidas no\u00a0<a href=\"http:\/\/portal.mec.gov.br\/cne\/arquivos\/pdf\/CES0436.pdf\" target=\"_blank\" rel=\"noopener\">Parecer CNE\/CES 436\/2001<\/a>. No final do curso voc\u00ea receber\u00e1 o diploma de tecn\u00f3logo e poder\u00e1 apresentar para fins de incentivo \u00e0 qualifica\u00e7\u00e3o<\/p>\n<p><strong>Ao me aposentar, continuarei recebendo o valor do Incentivo \u00e0 Qualifica\u00e7\u00e3o?<\/strong><\/p>\n<p>Sim. O percentual de incentivo \u00e9 incorporado aos proventos de aposentadoria e pens\u00e3o.<\/p>\n<p><strong>Sou aposentado e terminei um curso de mestrado, posso entrar com o pedido de Incentivo \u00e0 Qualifica\u00e7\u00e3o?<\/strong><\/p>\n<p>N\u00e3o. S\u00f3 ser\u00e1 considerado o que for requerido at\u00e9 a data de aposentadoria do servidor.<\/p>\n<p><strong>Mais informa\u00e7\u00f5es<\/strong><\/p>\n<p>Divis\u00e3o de Capacita\u00e7\u00e3o e Educa\u00e7\u00e3o Profissional<\/p>\n<p><a href=\"http:\/\/www2.unifap.br\/drh\/files\/2017\/02\/telefone.png\"><img decoding=\"async\" src=\"http:\/\/www2.unifap.br\/drh\/files\/2017\/02\/telefone.png\" alt=\"telefone\" width=\"67\" height=\"64\" \/><\/a>(96) 3312-1729\u00a0<a href=\"http:\/\/www2.unifap.br\/drh\/files\/2017\/02\/email.png\"><img decoding=\"async\" src=\"http:\/\/www2.unifap.br\/drh\/files\/2017\/02\/email.png\" alt=\"email\" width=\"102\" height=\"89\" \/><\/a>eliancruz@unifap.br<\/p>\n<p>&nbsp;<\/p>\n","protected":false},"excerpt":{"rendered":"<p>O que \u00e9? \u00c9 o percentual calculado sobre o padr\u00e3o de vencimento percebido pelo servidor que possuir\u00a0educa\u00e7\u00e3o formal superior\u00a0ao exigido para o cargo de que \u00e9 titular. Requisitos m\u00ednimos para ingresso nos cargos integrantes do PCCTAE \u2013\u00a0(ANEXO II \u2013 Lei n\u00ba 11.091\/2015) Requisito A obten\u00e7\u00e3o de diploma\/certificado de educa\u00e7\u00e3o formal, quando excederem a exig\u00eancia de&#8230;<\/p>\n","protected":false},"author":3860,"featured_media":0,"parent":0,"menu_order":0,"comment_status":"closed","ping_status":"closed","template":"","meta":{"inline_featured_image":false,"ngg_post_thumbnail":0,"footnotes":""},"class_list":["post-12679","page","type-page","status-publish","hentry","entry"],"_links":{"self":[{"href":"https:\/\/www2.unifap.br\/drh\/wp-json\/wp\/v2\/pages\/12679","targetHints":{"allow":["GET"]}}],"collection":[{"href":"https:\/\/www2.unifap.br\/drh\/wp-json\/wp\/v2\/pages"}],"about":[{"href":"https:\/\/www2.unifap.br\/drh\/wp-json\/wp\/v2\/types\/page"}],"author":[{"embeddable":true,"href":"https:\/\/www2.unifap.br\/drh\/wp-json\/wp\/v2\/users\/3860"}],"replies":[{"embeddable":true,"href":"https:\/\/www2.unifap.br\/drh\/wp-json\/wp\/v2\/comments?post=12679"}],"version-history":[{"count":1,"href":"https:\/\/www2.unifap.br\/drh\/wp-json\/wp\/v2\/pages\/12679\/revisions"}],"predecessor-version":[{"id":12680,"href":"https:\/\/www2.unifap.br\/drh\/wp-json\/wp\/v2\/pages\/12679\/revisions\/12680"}],"wp:attachment":[{"href":"https:\/\/www2.unifap.br\/drh\/wp-json\/wp\/v2\/media?parent=12679"}],"curies":[{"name":"wp","href":"https:\/\/api.w.org\/{rel}","templated":true}]}}