{"id":12689,"date":"2020-01-29T18:30:21","date_gmt":"2020-01-29T18:30:21","guid":{"rendered":"http:\/\/www2.unifap.br\/drh\/?page_id=12689"},"modified":"2020-01-29T18:33:15","modified_gmt":"2020-01-29T18:33:15","slug":"afastamento-para-qualificacao","status":"publish","type":"page","link":"https:\/\/www2.unifap.br\/drh\/afastamento-para-qualificacao\/","title":{"rendered":"Afastamento para Qualifica\u00e7\u00e3o"},"content":{"rendered":"<p><a href=\"http:\/\/www2.unifap.br\/drh\/files\/2020\/01\/AFAST.png\"><img fetchpriority=\"high\" decoding=\"async\" class=\"aligncenter size-large wp-image-12650\" src=\"http:\/\/www2.unifap.br\/drh\/files\/2020\/01\/AFAST-1024x578.png\" alt=\"\" width=\"550\" height=\"310\" srcset=\"https:\/\/www2.unifap.br\/drh\/files\/2020\/01\/AFAST-1024x578.png 1024w, https:\/\/www2.unifap.br\/drh\/files\/2020\/01\/AFAST-300x169.png 300w, https:\/\/www2.unifap.br\/drh\/files\/2020\/01\/AFAST-768x434.png 768w, https:\/\/www2.unifap.br\/drh\/files\/2020\/01\/AFAST.png 1448w\" sizes=\"(max-width: 550px) 100vw, 550px\" \/><\/a><\/p>\n<p>Normas de afastamento de T\u00e9cnico-Administrativos do quadro da UNIFAP para participa\u00e7\u00e3o em cursos de p\u00f3s-gradua\u00e7\u00e3o em institui\u00e7\u00e3o nacional ou estrangeira<\/p>\n<ul>\n<li title=\"\"><a href=\"http:\/\/www2.unifap.br\/drh\/files\/2017\/01\/Resolu%C3%A7%C3%A3o-n%C2%BA-16-2013-Revoga-a-resolu%C3%A7%C3%A3o-10-2013-e-fixa-normas-para-afastamento-de-t%C3%A9cnicos-para-capacita%C3%A7%C3%A3o.pdf\">Resolu\u00e7\u00e3o n\u00ba 16\/2013-CONSU \u2013 Revoga a resolu\u00e7\u00e3o 10\/2013 e fixa normas para afastamento de t\u00e9cnicos para cursos de p\u00f3s-gradua\u00e7\u00e3o<\/a><\/li>\n<\/ul>\n<p>Possibilidade de Afastamento parcial para participa\u00e7\u00e3o em programa de p\u00f3s-gradua\u00e7\u00e3o stricto sensu no Pa\u00eds<\/p>\n<ul>\n<li title=\"\"><a href=\"http:\/\/www2.unifap.br\/drh\/files\/2014\/11\/Nota-T%C3%A9cnica-SEI-n%C2%BA-6197-2015-MP.pdf\">Nota T\u00e9cnica SEI N\u00ba 6197\/2015-MP<\/a><\/li>\n<\/ul>\n<p>Resolu\u00e7\u00e3o 030\/2016-CONSU, que trata sobre o\u00a0Programa de Incentivo Educacional \u00e0 P\u00f3s-Gradua\u00e7\u00e3o\u00a0<em>stricto sensu<\/em>\u00a0aos Servidores T\u00e9cnico-Administrativos do Quadro Efetivo da Universidade Federal do Amap\u00e1<\/p>\n<ul>\n<li title=\"\"><a href=\"http:\/\/www2.unifap.br\/drh\/files\/2017\/01\/Resolu%C3%A7%C3%A3o-n%C2%BA-030-2016-Revoga-a-Resolu%C3%A7%C3%A3o-n%C2%BA-023-2016-e-aprova-o-Programa-de-Incentivo-Educacional-dos-T%C3%A9cnicos-Administrativos.pdf\">Resolu\u00e7\u00e3o n\u00ba 030\/2016-CONSU \u2013 Programa de Incentivo Educacional dos T\u00e9cnicos Administrativos<\/a><\/li>\n<\/ul>\n<p>&nbsp;<\/p>\n","protected":false},"excerpt":{"rendered":"<p>Normas de afastamento de T\u00e9cnico-Administrativos do quadro da UNIFAP para participa\u00e7\u00e3o em cursos de p\u00f3s-gradua\u00e7\u00e3o em institui\u00e7\u00e3o nacional ou estrangeira Resolu\u00e7\u00e3o n\u00ba 16\/2013-CONSU \u2013 Revoga a resolu\u00e7\u00e3o 10\/2013 e fixa normas para afastamento de t\u00e9cnicos para cursos de p\u00f3s-gradua\u00e7\u00e3o Possibilidade de Afastamento parcial para participa\u00e7\u00e3o em programa de p\u00f3s-gradua\u00e7\u00e3o stricto sensu no Pa\u00eds Nota T\u00e9cnica&#8230;<\/p>\n","protected":false},"author":3860,"featured_media":0,"parent":0,"menu_order":0,"comment_status":"closed","ping_status":"closed","template":"","meta":{"inline_featured_image":false,"ngg_post_thumbnail":0,"footnotes":""},"class_list":["post-12689","page","type-page","status-publish","hentry","entry"],"_links":{"self":[{"href":"https:\/\/www2.unifap.br\/drh\/wp-json\/wp\/v2\/pages\/12689","targetHints":{"allow":["GET"]}}],"collection":[{"href":"https:\/\/www2.unifap.br\/drh\/wp-json\/wp\/v2\/pages"}],"about":[{"href":"https:\/\/www2.unifap.br\/drh\/wp-json\/wp\/v2\/types\/page"}],"author":[{"embeddable":true,"href":"https:\/\/www2.unifap.br\/drh\/wp-json\/wp\/v2\/users\/3860"}],"replies":[{"embeddable":true,"href":"https:\/\/www2.unifap.br\/drh\/wp-json\/wp\/v2\/comments?post=12689"}],"version-history":[{"count":2,"href":"https:\/\/www2.unifap.br\/drh\/wp-json\/wp\/v2\/pages\/12689\/revisions"}],"predecessor-version":[{"id":12691,"href":"https:\/\/www2.unifap.br\/drh\/wp-json\/wp\/v2\/pages\/12689\/revisions\/12691"}],"wp:attachment":[{"href":"https:\/\/www2.unifap.br\/drh\/wp-json\/wp\/v2\/media?parent=12689"}],"curies":[{"name":"wp","href":"https:\/\/api.w.org\/{rel}","templated":true}]}}