{"id":12720,"date":"2020-01-29T19:08:59","date_gmt":"2020-01-29T19:08:59","guid":{"rendered":"http:\/\/www2.unifap.br\/drh\/?page_id=12720"},"modified":"2020-01-29T19:09:49","modified_gmt":"2020-01-29T19:09:49","slug":"exames-periodicos","status":"publish","type":"page","link":"https:\/\/www2.unifap.br\/drh\/exames-periodicos\/","title":{"rendered":"Exames Peri\u00f3dicos"},"content":{"rendered":"<p>Desde 2018, dependendo da idade do servidor e do ambiente de trabalho, todos os servidores s\u00e3o convocados a realizar exames de sa\u00fade e apresenta-los \u00e0 PROGEP\/Divis\u00e3o de Qualidade de Vida.<\/p>\n<p>Tais exames consistem em avalia\u00e7\u00e3o cl\u00ednica e laboratorial peri\u00f3dica do servidor em fun\u00e7\u00e3o dos riscos existentes no ambiente de trabalho e de doen\u00e7as ocupacionais ou profissionais.<\/p>\n<p>Tem por objetivo, prioritariamente, a preserva\u00e7\u00e3o da sa\u00fade, a partir da avalia\u00e7\u00e3o m\u00e9dica e a detec\u00e7\u00e3o precoce dos agravos, relacionados ou n\u00e3o ao trabalho, por meio de exames cl\u00ednicos, avalia\u00e7\u00f5es laboratoriais e de imagens, baseados nos fatores de riscos aos quais os servidores poder\u00e3o estar expostos no exerc\u00edcio das diversas atividades no servi\u00e7o p\u00fablico federal.<\/p>\n<p>Em 2018, 332 servidores receberam as Guias de Exames, sendo 252 t\u00e9cnicos (76%) e 80 docentes (24%). Destes 332 servidores 158 (48%) eram do sexo Masculino, e 174 (52%) Feminino.<\/p>\n<p>Gr\u00e1fico 1: <strong>Guias entregues por Sexo &#8211; 2018<\/strong><\/p>\n<p><a href=\"http:\/\/www2.unifap.br\/drh\/files\/2020\/01\/G1.png\"><img fetchpriority=\"high\" decoding=\"async\" class=\"aligncenter wp-image-12721\" src=\"http:\/\/www2.unifap.br\/drh\/files\/2020\/01\/G1.png\" alt=\"\" width=\"525\" height=\"314\" srcset=\"https:\/\/www2.unifap.br\/drh\/files\/2020\/01\/G1.png 719w, https:\/\/www2.unifap.br\/drh\/files\/2020\/01\/G1-300x179.png 300w\" sizes=\"(max-width: 525px) 100vw, 525px\" \/><\/a><\/p>\n<p>&nbsp;<\/p>\n<p>Gr\u00e1fico 2: <strong>Guias entregues por categoria &#8211; 2018<\/strong><\/p>\n<p><a href=\"http:\/\/www2.unifap.br\/drh\/files\/2020\/01\/G2.png\"><img decoding=\"async\" class=\"aligncenter wp-image-12722\" src=\"http:\/\/www2.unifap.br\/drh\/files\/2020\/01\/G2.png\" alt=\"\" width=\"605\" height=\"361\" srcset=\"https:\/\/www2.unifap.br\/drh\/files\/2020\/01\/G2.png 714w, https:\/\/www2.unifap.br\/drh\/files\/2020\/01\/G2-300x179.png 300w\" sizes=\"(max-width: 605px) 100vw, 605px\" \/><\/a><\/p>\n<p>Entretanto, passaram pela Consulta M\u00e9dica 183 servidores. Destes, 143 (78%) foram t\u00e9cnicos-administrativos, e 40 docentes (22%). Quando classificados por sexo, 85 servidores eram do sexo masculino (46%) e 98 feminino (54%).<\/p>\n<p><a href=\"http:\/\/www2.unifap.br\/drh\/files\/2020\/01\/G3.png\"><img decoding=\"async\" class=\"aligncenter size-full wp-image-12723\" src=\"http:\/\/www2.unifap.br\/drh\/files\/2020\/01\/G3.png\" alt=\"\" width=\"709\" height=\"419\" srcset=\"https:\/\/www2.unifap.br\/drh\/files\/2020\/01\/G3.png 709w, https:\/\/www2.unifap.br\/drh\/files\/2020\/01\/G3-300x177.png 300w\" sizes=\"(max-width: 709px) 100vw, 709px\" \/><\/a><\/p>\n<p>&nbsp;<\/p>\n<p>H\u00e1 de ressaltar que os Exames Peri\u00f3dicos finalizam quando o servidor realiza todos os exames e munido dos resultados, \u00e9 avaliado pelo m\u00e9dico do trabalho, o qual emitir\u00e1 o\u00a0<strong>Atestado de Sa\u00fade Ocupacional \u2013 ASO<\/strong>.<\/p>\n<p>&nbsp;<\/p>\n","protected":false},"excerpt":{"rendered":"<p>Desde 2018, dependendo da idade do servidor e do ambiente de trabalho, todos os servidores s\u00e3o convocados a realizar exames de sa\u00fade e apresenta-los \u00e0 PROGEP\/Divis\u00e3o de Qualidade de Vida. Tais exames consistem em avalia\u00e7\u00e3o cl\u00ednica e laboratorial peri\u00f3dica do servidor em fun\u00e7\u00e3o dos riscos existentes no ambiente de trabalho e de doen\u00e7as ocupacionais ou&#8230;<\/p>\n","protected":false},"author":3860,"featured_media":0,"parent":0,"menu_order":0,"comment_status":"closed","ping_status":"closed","template":"","meta":{"inline_featured_image":false,"ngg_post_thumbnail":0,"footnotes":""},"class_list":["post-12720","page","type-page","status-publish","hentry","entry"],"_links":{"self":[{"href":"https:\/\/www2.unifap.br\/drh\/wp-json\/wp\/v2\/pages\/12720","targetHints":{"allow":["GET"]}}],"collection":[{"href":"https:\/\/www2.unifap.br\/drh\/wp-json\/wp\/v2\/pages"}],"about":[{"href":"https:\/\/www2.unifap.br\/drh\/wp-json\/wp\/v2\/types\/page"}],"author":[{"embeddable":true,"href":"https:\/\/www2.unifap.br\/drh\/wp-json\/wp\/v2\/users\/3860"}],"replies":[{"embeddable":true,"href":"https:\/\/www2.unifap.br\/drh\/wp-json\/wp\/v2\/comments?post=12720"}],"version-history":[{"count":2,"href":"https:\/\/www2.unifap.br\/drh\/wp-json\/wp\/v2\/pages\/12720\/revisions"}],"predecessor-version":[{"id":12725,"href":"https:\/\/www2.unifap.br\/drh\/wp-json\/wp\/v2\/pages\/12720\/revisions\/12725"}],"wp:attachment":[{"href":"https:\/\/www2.unifap.br\/drh\/wp-json\/wp\/v2\/media?parent=12720"}],"curies":[{"name":"wp","href":"https:\/\/api.w.org\/{rel}","templated":true}]}}