{"id":13742,"date":"2021-03-18T21:16:09","date_gmt":"2021-03-18T21:16:09","guid":{"rendered":"http:\/\/www2.unifap.br\/drh\/?page_id=13742"},"modified":"2021-03-30T15:19:33","modified_gmt":"2021-03-30T15:19:33","slug":"plano-de-desenvolvimento-de-pessoas-2","status":"publish","type":"page","link":"https:\/\/www2.unifap.br\/drh\/plano-de-desenvolvimento-de-pessoas-2\/","title":{"rendered":"Plano de Desenvolvimento de Pessoas"},"content":{"rendered":"<p><a href=\"http:\/\/www2.unifap.br\/drh\/files\/2021\/03\/PDP.png\"><img fetchpriority=\"high\" decoding=\"async\" class=\"aligncenter size-full wp-image-13786\" src=\"http:\/\/www2.unifap.br\/drh\/files\/2021\/03\/PDP.png\" alt=\"\" width=\"360\" height=\"140\" srcset=\"https:\/\/www2.unifap.br\/drh\/files\/2021\/03\/PDP.png 360w, https:\/\/www2.unifap.br\/drh\/files\/2021\/03\/PDP-300x117.png 300w\" sizes=\"(max-width: 360px) 100vw, 360px\" \/><\/a><\/p>\n<p style=\"font-weight: 500\"><span style=\"font-weight: inherit;font-style: inherit\">A <strong>Pol\u00edtica Nacional de Desenvolvimento de Pessoas (PNDP)<\/strong> tem como objetivo promover o desenvolvimento dos servidores p\u00fablicos nas compet\u00eancias necess\u00e1rias \u00e0 consecu\u00e7\u00e3o da excel\u00eancia na atua\u00e7\u00e3o dos \u00f3rg\u00e3os e das entidades da administra\u00e7\u00e3o p\u00fablica federal direta, aut\u00e1rquica e fundacional.<\/span><\/p>\n<p style=\"font-weight: 500\"><span style=\"font-weight: inherit;font-style: inherit\">Em virtude de novas determina\u00e7\u00f5es governamentais para essa Pol\u00edtica Nacional de Desenvolvimento de Pessoas (PNDP), a UNIFAP passou a utilizar o LNC (<a href=\"https:\/\/docs.google.com\/forms\/d\/e\/1FAIpQLSfn4M62PV7yextzc9kNZxs_cPJC6N2_NbiagYT7hSSAk5o0wA\/closedform\">Levantamento de Necessidades de Capacita\u00e7\u00e3o<\/a>) como uma ferramenta oficial de formaliza\u00e7\u00e3o dos pedidos de capacita\u00e7\u00e3o e de afastamento. Sendo assim, <strong>os servidores com necessidades de realizar atividades de capacita\u00e7\u00e3o e\/ou afastamentos dever\u00e3o, obrigatoriamente, preencher o LNC<\/strong>.<\/span><\/p>\n<p style=\"font-weight: 500\"><span style=\"font-weight: inherit;font-style: inherit\">Ademais, em atendimento \u00e0s delibera\u00e7\u00f5es do governo federal para o PNDP,&nbsp;<\/span><span style=\"font-weight: inherit;font-style: inherit\">a certifica\u00e7\u00e3o de alguns cursos transversais ofertados pela <strong>Escola Nacional&nbsp;<\/strong><\/span><strong><span style=\"font-style: inherit\">de Administra\u00e7\u00e3o P\u00fablica &#8211;<\/span><\/strong><span style=\"font-weight: inherit;font-style: inherit\"><strong> ENAP<\/strong> passar\u00e1 a ter a mesma equival\u00eancia dos certificados das atividades da Divis\u00e3o de Capacita\u00e7\u00e3o e Educa\u00e7\u00e3o Profissional &#8211; DCEP\/PROGEP.<\/span><\/p>\n<p style=\"font-weight: 500\"><span style=\"font-weight: inherit;font-style: inherit\">Por meio dos documentos a seguir, voc\u00ea ter\u00e1 acesso ao levantamento de cursos de capacita\u00e7\u00e3o 2021 a serem ofertados pela DCEP\/PROGEP e pela ENAP, bem como, aos eventos e cursos de educa\u00e7\u00e3o formal solicitados pelos servidores no LNC 2021.<\/span><\/p>\n<h3><strong><a href=\"http:\/\/www2.unifap.br\/drh\/files\/2021\/03\/CURSOS-DE-CAPACITA\u00c7\u00c3O-2021-3.pdf\">CURSOS DE CAPACITA\u00c7\u00c3O 2021<\/a> <\/strong><\/h3>\n<h3><strong><a href=\"http:\/\/www2.unifap.br\/drh\/files\/2021\/03\/CURSOS-DE-EDUCA\u00c7\u00c3O-FORMAL.pdf\">CURSOS DE EDUCA\u00c7\u00c3O FORMAL 2021<\/a><\/strong><\/h3>\n<h3><a href=\"http:\/\/www2.unifap.br\/drh\/files\/2021\/03\/PARTICIPA\u00c7\u00c3O-EM-EVENTOS-1.pdf\">PARTICIPA\u00c7\u00c3O EM EVENTOS<\/a><\/h3>\n","protected":false},"excerpt":{"rendered":"<p>A Pol\u00edtica Nacional de Desenvolvimento de Pessoas (PNDP) tem como objetivo promover o desenvolvimento dos servidores p\u00fablicos nas compet\u00eancias necess\u00e1rias \u00e0 consecu\u00e7\u00e3o da excel\u00eancia na atua\u00e7\u00e3o dos \u00f3rg\u00e3os e das entidades da administra\u00e7\u00e3o p\u00fablica federal direta, aut\u00e1rquica e fundacional. Em virtude de novas determina\u00e7\u00f5es governamentais para essa Pol\u00edtica Nacional de Desenvolvimento de Pessoas (PNDP), a&#8230;<\/p>\n","protected":false},"author":3860,"featured_media":0,"parent":0,"menu_order":0,"comment_status":"closed","ping_status":"closed","template":"","meta":{"inline_featured_image":false,"ngg_post_thumbnail":0,"footnotes":""},"class_list":["post-13742","page","type-page","status-publish","hentry","entry"],"_links":{"self":[{"href":"https:\/\/www2.unifap.br\/drh\/wp-json\/wp\/v2\/pages\/13742","targetHints":{"allow":["GET"]}}],"collection":[{"href":"https:\/\/www2.unifap.br\/drh\/wp-json\/wp\/v2\/pages"}],"about":[{"href":"https:\/\/www2.unifap.br\/drh\/wp-json\/wp\/v2\/types\/page"}],"author":[{"embeddable":true,"href":"https:\/\/www2.unifap.br\/drh\/wp-json\/wp\/v2\/users\/3860"}],"replies":[{"embeddable":true,"href":"https:\/\/www2.unifap.br\/drh\/wp-json\/wp\/v2\/comments?post=13742"}],"version-history":[{"count":21,"href":"https:\/\/www2.unifap.br\/drh\/wp-json\/wp\/v2\/pages\/13742\/revisions"}],"predecessor-version":[{"id":13819,"href":"https:\/\/www2.unifap.br\/drh\/wp-json\/wp\/v2\/pages\/13742\/revisions\/13819"}],"wp:attachment":[{"href":"https:\/\/www2.unifap.br\/drh\/wp-json\/wp\/v2\/media?parent=13742"}],"curies":[{"name":"wp","href":"https:\/\/api.w.org\/{rel}","templated":true}]}}