{"id":14739,"date":"2022-07-05T18:06:36","date_gmt":"2022-07-05T18:06:36","guid":{"rendered":"https:\/\/www2.unifap.br\/drh\/?page_id=14739"},"modified":"2025-05-29T10:18:32","modified_gmt":"2025-05-29T13:18:32","slug":"legislacao-pgd","status":"publish","type":"page","link":"https:\/\/www2.unifap.br\/drh\/legislacao-pgd\/","title":{"rendered":"Legisla\u00e7\u00e3o"},"content":{"rendered":"\t\t<div data-elementor-type=\"wp-page\" data-elementor-id=\"14739\" class=\"elementor elementor-14739\">\n\t\t\t\t\t\t<section class=\"elementor-section elementor-top-section elementor-element elementor-element-60f0a8f elementor-section-boxed elementor-section-height-default elementor-section-height-default\" data-id=\"60f0a8f\" data-element_type=\"section\" data-e-type=\"section\">\n\t\t\t\t\t\t<div class=\"elementor-container elementor-column-gap-default\">\n\t\t\t\t\t<div class=\"elementor-column elementor-col-100 elementor-top-column elementor-element elementor-element-ae22f53\" data-id=\"ae22f53\" data-element_type=\"column\" data-e-type=\"column\">\n\t\t\t<div class=\"elementor-widget-wrap elementor-element-populated\">\n\t\t\t\t\t\t<div class=\"elementor-element elementor-element-e17fb42 elementor-widget elementor-widget-image\" data-id=\"e17fb42\" data-element_type=\"widget\" data-e-type=\"widget\" data-widget_type=\"image.default\">\n\t\t\t\t<div class=\"elementor-widget-container\">\n\t\t\t\t\t\t\t\t\t\t\t\t\t\t\t<img fetchpriority=\"high\" decoding=\"async\" width=\"1024\" height=\"256\" src=\"https:\/\/www2.unifap.br\/drh\/files\/2023\/09\/Azul-e-Rosa-Pessoas-Coloridas-Ilustracoes-Regras-de-Sala-de-Aula-e-Etiqueta-Online-Educacao-Apresentacao-1-1024x256.png\" class=\"attachment-large size-large wp-image-17234\" alt=\"\" srcset=\"https:\/\/www2.unifap.br\/drh\/files\/2023\/09\/Azul-e-Rosa-Pessoas-Coloridas-Ilustracoes-Regras-de-Sala-de-Aula-e-Etiqueta-Online-Educacao-Apresentacao-1-1024x256.png 1024w, https:\/\/www2.unifap.br\/drh\/files\/2023\/09\/Azul-e-Rosa-Pessoas-Coloridas-Ilustracoes-Regras-de-Sala-de-Aula-e-Etiqueta-Online-Educacao-Apresentacao-1-300x75.png 300w, https:\/\/www2.unifap.br\/drh\/files\/2023\/09\/Azul-e-Rosa-Pessoas-Coloridas-Ilustracoes-Regras-de-Sala-de-Aula-e-Etiqueta-Online-Educacao-Apresentacao-1-768x192.png 768w, https:\/\/www2.unifap.br\/drh\/files\/2023\/09\/Azul-e-Rosa-Pessoas-Coloridas-Ilustracoes-Regras-de-Sala-de-Aula-e-Etiqueta-Online-Educacao-Apresentacao-1-1536x384.png 1536w, https:\/\/www2.unifap.br\/drh\/files\/2023\/09\/Azul-e-Rosa-Pessoas-Coloridas-Ilustracoes-Regras-de-Sala-de-Aula-e-Etiqueta-Online-Educacao-Apresentacao-1.png 1584w\" sizes=\"(max-width: 1024px) 100vw, 1024px\" \/>\t\t\t\t\t\t\t\t\t\t\t\t\t\t\t<\/div>\n\t\t\t\t<\/div>\n\t\t\t\t\t<\/div>\n\t\t<\/div>\n\t\t\t\t\t<\/div>\n\t\t<\/section>\n\t\t\t\t<section class=\"elementor-section elementor-top-section elementor-element elementor-element-1bac156 elementor-section-boxed elementor-section-height-default elementor-section-height-default\" data-id=\"1bac156\" data-element_type=\"section\" data-e-type=\"section\">\n\t\t\t\t\t\t<div class=\"elementor-container elementor-column-gap-default\">\n\t\t\t\t\t<div class=\"elementor-column elementor-col-100 elementor-top-column elementor-element elementor-element-a3958d7\" data-id=\"a3958d7\" data-element_type=\"column\" data-e-type=\"column\">\n\t\t\t<div class=\"elementor-widget-wrap elementor-element-populated\">\n\t\t\t\t\t\t<div class=\"elementor-element elementor-element-9459999 elementor-widget elementor-widget-heading\" data-id=\"9459999\" data-element_type=\"widget\" data-e-type=\"widget\" data-widget_type=\"heading.default\">\n\t\t\t\t<div class=\"elementor-widget-container\">\n\t\t\t\t\t<h2 class=\"elementor-heading-title elementor-size-default\">LEGISLA\u00c7\u00c3O<\/h2>\t\t\t\t<\/div>\n\t\t\t\t<\/div>\n\t\t\t\t\t<\/div>\n\t\t<\/div>\n\t\t\t\t\t<\/div>\n\t\t<\/section>\n\t\t\t\t<section class=\"elementor-section elementor-top-section elementor-element elementor-element-f44f5df elementor-section-boxed elementor-section-height-default elementor-section-height-default\" data-id=\"f44f5df\" data-element_type=\"section\" data-e-type=\"section\">\n\t\t\t\t\t\t<div class=\"elementor-container elementor-column-gap-default\">\n\t\t\t\t\t<div class=\"elementor-column elementor-col-100 elementor-top-column elementor-element elementor-element-fad2a75\" data-id=\"fad2a75\" data-element_type=\"column\" data-e-type=\"column\">\n\t\t\t<div class=\"elementor-widget-wrap elementor-element-populated\">\n\t\t\t\t\t\t<div class=\"elementor-element elementor-element-7aaa36a elementor-widget elementor-widget-text-editor\" data-id=\"7aaa36a\" data-element_type=\"widget\" data-e-type=\"widget\" data-widget_type=\"text-editor.default\">\n\t\t\t\t<div class=\"elementor-widget-container\">\n\t\t\t\t\t\t\t\t\t<ul><li style=\"text-align: justify;\"><a href=\"https:\/\/www.in.gov.br\/en\/web\/dou\/-\/portaria-n-267-de-30-de-abril-de-2021-317433867\"><span style=\"font-weight: 400;\">Portaria N\u00ba 267, de 30 de abril de abril de 2021<\/span><\/a> &#8211; <span class=\"elementor-icon-list-text\">Autoriza a implementa\u00e7\u00e3o do programa de gest\u00e3o pelas unidades do Minist\u00e9rio da Educa\u00e7\u00e3o &#8211; MEC e de suas entidades vinculadas.<\/span><\/li><li style=\"text-align: justify;\"><a href=\"https:\/\/www.planalto.gov.br\/ccivil_03\/_Ato2019-2022\/2022\/Decreto\/D11072.htm\"><span style=\"font-weight: 400;\">Decreto N. 11.072, de 17 de maio de 2022<\/span><\/a> &#8211; <span class=\"elementor-icon-list-text\">Disp\u00f5e sobre o Programa de Gest\u00e3o e Desempenho &#8211; PGD da administra\u00e7\u00e3o p\u00fablica federal direta, aut\u00e1rquica<\/span> e fundacional.<\/li><li style=\"text-align: justify;\"><a href=\"https:\/\/www.in.gov.br\/en\/web\/dou\/-\/instrucao-normativa-conjunta-seges-sgprt-\/mgi-n-24-de-28-de-julho-de-2023-499593248\"><span style=\"font-weight: 400;\">Instru\u00e7\u00e3o Normativa Conjunta SEGES-SGPRT\/MGI N\u00ba 24, de 28 de julho de 2023<\/span><\/a> &#8211; <span style=\"font-weight: 400;\">Estabelece orienta\u00e7\u00f5es a serem observadas pelos \u00f3rg\u00e3os e entidades, relativas \u00e0 implementa\u00e7\u00e3o e execu\u00e7\u00e3o do Programa de Gest\u00e3o e Desempenho &#8211; PGD.<\/span><\/li><li><a href=\"https:\/\/www.in.gov.br\/en\/web\/dou\/-\/instrucao-normativa-conjunta-sgp-srt-seges\/mgi-n-52-de-21-de-dezembro-de-2023-532726070\">INSTRU\u00c7\u00c3O NORMATIVA CONJUNTA SGP-SRT-SEGES\/MGI N\u00ba 52, DE 21 DE DEZEMBRO DE 2023<\/a> &#8211; Estabelece orienta\u00e7\u00f5es a serem observadas pelos \u00f3rg\u00e3os e entidades integrantes do Sistema de Pessoal Civil da Administra\u00e7\u00e3o Federal &#8211; Sipec e do Sistema de Organiza\u00e7\u00e3o e Inova\u00e7\u00e3o Institucional do Governo Federal &#8211; Siorg, relativas \u00e0s regras de gest\u00e3o de pessoas no \u00e2mbito do Programa de Gest\u00e3o e Desempenho &#8211; PGD.<\/li><li><a href=\"https:\/\/www.in.gov.br\/en\/web\/dou\/-\/instrucao-normativa-conjunta-seges-sgp-srt\/mgi-n-21-de-16-de-julho-de-2024-572617003\">INSTRU\u00c7\u00c3O NORMATIVA CONJUNTA SEGES-SGP-SRT\/MGI N\u00ba 21, DE 16 DE JULHO DE 2024<\/a> &#8211; Altera a Instru\u00e7\u00e3o Normativa Conjunta SEGES-SGPRT\/MGI n\u00ba 24, de 28 de julho de 2023, que estabelece orienta\u00e7\u00f5es a serem observadas pelos \u00f3rg\u00e3os e entidades integrantes do Sistema de Pessoal Civil da Administra\u00e7\u00e3o Federal &#8211; Sipec e do Sistema de Organiza\u00e7\u00e3o e Inova\u00e7\u00e3o Institucional do Governo Federal &#8211; Siorg, relativas \u00e0 implementa\u00e7\u00e3o e execu\u00e7\u00e3o do Programa de Gest\u00e3o e Desempenho &#8211; PGD.<\/li><\/ul>\t\t\t\t\t\t\t\t<\/div>\n\t\t\t\t<\/div>\n\t\t\t\t\t<\/div>\n\t\t<\/div>\n\t\t\t\t\t<\/div>\n\t\t<\/section>\n\t\t\t\t<section class=\"elementor-section elementor-top-section elementor-element elementor-element-fbe3fe2 elementor-section-boxed elementor-section-height-default elementor-section-height-default\" data-id=\"fbe3fe2\" data-element_type=\"section\" data-e-type=\"section\">\n\t\t\t\t\t\t<div class=\"elementor-container elementor-column-gap-default\">\n\t\t\t\t\t<div class=\"elementor-column elementor-col-100 elementor-top-column elementor-element elementor-element-a220adb\" data-id=\"a220adb\" data-element_type=\"column\" data-e-type=\"column\">\n\t\t\t<div class=\"elementor-widget-wrap elementor-element-populated\">\n\t\t\t\t\t\t<div class=\"elementor-element elementor-element-b3ad0bc elementor-widget elementor-widget-heading\" data-id=\"b3ad0bc\" data-element_type=\"widget\" data-e-type=\"widget\" data-widget_type=\"heading.default\">\n\t\t\t\t<div class=\"elementor-widget-container\">\n\t\t\t\t\t<h2 class=\"elementor-heading-title elementor-size-default\">NORMATIVAS INTERNAS<\/h2>\t\t\t\t<\/div>\n\t\t\t\t<\/div>\n\t\t\t\t\t<\/div>\n\t\t<\/div>\n\t\t\t\t\t<\/div>\n\t\t<\/section>\n\t\t\t\t<section class=\"elementor-section elementor-top-section elementor-element elementor-element-62fa055 elementor-section-boxed elementor-section-height-default elementor-section-height-default\" data-id=\"62fa055\" data-element_type=\"section\" data-e-type=\"section\">\n\t\t\t\t\t\t<div class=\"elementor-container elementor-column-gap-default\">\n\t\t\t\t\t<div class=\"elementor-column elementor-col-100 elementor-top-column elementor-element elementor-element-03bb791\" data-id=\"03bb791\" data-element_type=\"column\" data-e-type=\"column\">\n\t\t\t<div class=\"elementor-widget-wrap elementor-element-populated\">\n\t\t\t\t\t\t<div class=\"elementor-element elementor-element-a0be1d9 elementor-widget elementor-widget-text-editor\" data-id=\"a0be1d9\" data-element_type=\"widget\" data-e-type=\"widget\" data-widget_type=\"text-editor.default\">\n\t\t\t\t<div class=\"elementor-widget-container\">\n\t\t\t\t\t\t\t\t\t<ul><li style=\"text-align: justify;\"><a href=\"http:\/\/www2.unifap.br\/drh\/files\/2023\/09\/portaria-2023-09-06T153506.900.pdf\">PORTARIA <span style=\"font-weight: 400;\">\u00a0N\u00ba 1711\/2022 &#8211; UNIFAP de 21 de Outubro de 2022<\/span><\/a> &#8211; <span style=\"font-weight: 400;\">Instituir a Comiss\u00e3o Permanente do Programa de Gest\u00e3o e Desempenho CPPGD.<\/span><\/li><li style=\"text-align: justify;\"><a href=\"http:\/\/www2.unifap.br\/drh\/files\/2023\/09\/portaria-2023-09-06T154152.801.pdf\"><span style=\"font-weight: 400;\">PORTARIA N\u00ba 0486\/2023 &#8211; UNIFAP de 21 de Mar\u00e7o de 2023<\/span><\/a> &#8211; <span style=\"font-weight: 400;\">Designar os membros para compor a Comiss\u00e3o Permanente do Programa de Gest\u00e3o e Desempenho CPPGD.<\/span><\/li><li style=\"text-align: justify;\"><a href=\"http:\/\/www2.unifap.br\/drh\/files\/2023\/09\/portaria-2023-09-06T154501.410.pdf\">PORTARIA N\u00ba 811\/2023 &#8211; UNIFAP de <span style=\"font-weight: 400;\">08 de Maio de 2023<\/span><\/a> &#8211; Autorizar e estabelecer crit\u00e9rios e procedimentos, no \u00e2mbito da Universidade Federal do Amap\u00e1 &#8211; UNIFAP, para a ades\u00e3o ao Programa de Gest\u00e3o e Desempenho-PGD.<\/li><li style=\"text-align: justify;\"><a href=\"http:\/\/www2.unifap.br\/drh\/files\/2024\/11\/PORTARIA_PGD_UNIFAP_1824_2024-1-1.pdf\">PORTARIA N\u00ba 1824\/2024 &#8211; UNIFAP de 27 de Novembro de 2024<\/a> &#8211; Autorizar e estabelecer crit\u00e9rios e procedimentos, no \u00e2mbito da Universidade Federal do Amap\u00e1 &#8211; UNIFAP, para a ades\u00e3o ao Programa de Gest\u00e3o e Desempenho-PGD.<\/li><\/ul>\t\t\t\t\t\t\t\t<\/div>\n\t\t\t\t<\/div>\n\t\t\t\t\t<\/div>\n\t\t<\/div>\n\t\t\t\t\t<\/div>\n\t\t<\/section>\n\t\t\t\t<section class=\"elementor-section elementor-top-section elementor-element elementor-element-15be782 elementor-section-boxed elementor-section-height-default elementor-section-height-default\" data-id=\"15be782\" data-element_type=\"section\" data-e-type=\"section\">\n\t\t\t\t\t\t<div class=\"elementor-container elementor-column-gap-default\">\n\t\t\t\t\t<div class=\"elementor-column elementor-col-100 elementor-top-column elementor-element elementor-element-f6dd5b6\" data-id=\"f6dd5b6\" data-element_type=\"column\" data-e-type=\"column\">\n\t\t\t<div class=\"elementor-widget-wrap elementor-element-populated\">\n\t\t\t\t\t\t<div class=\"elementor-element elementor-element-0755d8b elementor-widget elementor-widget-heading\" data-id=\"0755d8b\" data-element_type=\"widget\" data-e-type=\"widget\" data-widget_type=\"heading.default\">\n\t\t\t\t<div class=\"elementor-widget-container\">\n\t\t\t\t\t<h2 class=\"elementor-heading-title elementor-size-default\">LINKS \u00daTEIS<\/h2>\t\t\t\t<\/div>\n\t\t\t\t<\/div>\n\t\t\t\t<div class=\"elementor-element elementor-element-53b216d elementor-widget elementor-widget-toggle\" data-id=\"53b216d\" data-element_type=\"widget\" data-e-type=\"widget\" data-widget_type=\"toggle.default\">\n\t\t\t\t<div class=\"elementor-widget-container\">\n\t\t\t\t\t\t\t<div class=\"elementor-toggle\">\n\t\t\t\t\t\t\t<div class=\"elementor-toggle-item\">\n\t\t\t\t\t<div id=\"elementor-tab-title-8771\" class=\"elementor-tab-title\" data-tab=\"1\" role=\"button\" aria-controls=\"elementor-tab-content-8771\" aria-expanded=\"false\">\n\t\t\t\t\t\t\t\t\t\t\t\t<span class=\"elementor-toggle-icon elementor-toggle-icon-left\" aria-hidden=\"true\">\n\t\t\t\t\t\t\t\t\t\t\t\t\t\t\t<span class=\"elementor-toggle-icon-closed\"><i class=\"fas fa-caret-right\"><\/i><\/span>\n\t\t\t\t\t\t\t\t<span class=\"elementor-toggle-icon-opened\"><i class=\"elementor-toggle-icon-opened fas fa-caret-up\"><\/i><\/span>\n\t\t\t\t\t\t\t\t\t\t\t\t\t<\/span>\n\t\t\t\t\t\t\t\t\t\t\t\t<a class=\"elementor-toggle-title\" tabindex=\"0\">P\u00e1gina do Programa de Gest\u00e3o e Desempenho do Governo Federal<\/a>\n\t\t\t\t\t<\/div>\n\n\t\t\t\t\t<div id=\"elementor-tab-content-8771\" class=\"elementor-tab-content elementor-clearfix\" data-tab=\"1\" role=\"region\" aria-labelledby=\"elementor-tab-title-8771\"><p>O PGD \u00e9 o modelo de gest\u00e3o institu\u00eddo pela Administra\u00e7\u00e3o P\u00fablica Federal por meio do Decreto n\u00ba 11.072\/2022 e regulamentado pelas Instru\u00e7\u00f5es Normativas n\u00ba 24\/2023 e 52\/2023.<\/p><p><a href=\"https:\/\/www.gov.br\/servidor\/pt-br\/assuntos\/programa-de-gestao\" target=\"_blank\" rel=\"noopener\">Programa de Gest\u00e3o e Desempenho<\/a><\/p><\/div>\n\t\t\t\t<\/div>\n\t\t\t\t\t\t\t<div class=\"elementor-toggle-item\">\n\t\t\t\t\t<div id=\"elementor-tab-title-8772\" class=\"elementor-tab-title\" data-tab=\"2\" role=\"button\" aria-controls=\"elementor-tab-content-8772\" aria-expanded=\"false\">\n\t\t\t\t\t\t\t\t\t\t\t\t<span class=\"elementor-toggle-icon elementor-toggle-icon-left\" aria-hidden=\"true\">\n\t\t\t\t\t\t\t\t\t\t\t\t\t\t\t<span class=\"elementor-toggle-icon-closed\"><i class=\"fas fa-caret-right\"><\/i><\/span>\n\t\t\t\t\t\t\t\t<span class=\"elementor-toggle-icon-opened\"><i class=\"elementor-toggle-icon-opened fas fa-caret-up\"><\/i><\/span>\n\t\t\t\t\t\t\t\t\t\t\t\t\t<\/span>\n\t\t\t\t\t\t\t\t\t\t\t\t<a class=\"elementor-toggle-title\" tabindex=\"0\">Manual de Implementa\u00e7\u00e3o do PGD\/UNIFAP<\/a>\n\t\t\t\t\t<\/div>\n\n\t\t\t\t\t<div id=\"elementor-tab-content-8772\" class=\"elementor-tab-content elementor-clearfix\" data-tab=\"2\" role=\"region\" aria-labelledby=\"elementor-tab-title-8772\"><p>A Pr\u00f3-Reitoria de Gest\u00e3o de Passoas disponibiliza o\u00a0<strong>Manual de Implementa\u00e7\u00e3o do Programa de Gest\u00e3o e Desempenho \u2013 PGD\/UNIFAP.\u00a0<\/strong>O\u00a0 prop\u00f3sito do manual \u00e9 assegurar a clareza na apresenta\u00e7\u00e3o das etapas do PGD, facilitando tanto a compreens\u00e3o do programa quanto a sua implementa\u00e7\u00e3o, tornando todo o processo mais acess\u00edvel a todos os participantes.<\/p><p><a href=\"http:\/\/www2.unifap.br\/drh\/files\/2025\/03\/MANUAL-DE-IMPLEMENTACAO-PGD-UNIFAP.pdf\">MANUAL DE IMPLEMENTA\u00c7\u00c3O PGD UNIFAP<\/a><\/p><\/div>\n\t\t\t\t<\/div>\n\t\t\t\t\t\t\t\t<\/div>\n\t\t\t\t\t\t<\/div>\n\t\t\t\t<\/div>\n\t\t\t\t\t<\/div>\n\t\t<\/div>\n\t\t\t\t\t<\/div>\n\t\t<\/section>\n\t\t\t\t<section class=\"elementor-section elementor-top-section elementor-element elementor-element-332eb7d elementor-section-boxed elementor-section-height-default elementor-section-height-default\" data-id=\"332eb7d\" data-element_type=\"section\" data-e-type=\"section\">\n\t\t\t\t\t\t<div class=\"elementor-container elementor-column-gap-default\">\n\t\t\t\t\t<div class=\"elementor-column elementor-col-100 elementor-top-column elementor-element elementor-element-631bf2f\" data-id=\"631bf2f\" data-element_type=\"column\" data-e-type=\"column\">\n\t\t\t<div class=\"elementor-widget-wrap elementor-element-populated\">\n\t\t\t\t\t\t<div class=\"elementor-element elementor-element-58b7460 elementor-grid-1 elementor-grid-tablet-2 elementor-grid-mobile-1 elementor-widget elementor-widget-elementor-blog-posts\" data-id=\"58b7460\" data-element_type=\"widget\" data-e-type=\"widget\" data-settings=\"{&quot;columns&quot;:&quot;1&quot;,&quot;columns_tablet&quot;:&quot;2&quot;,&quot;columns_mobile&quot;:&quot;1&quot;}\" data-widget_type=\"elementor-blog-posts.default\">\n\t\t\t\t<div class=\"elementor-widget-container\">\n\t\t\t\t\t\t\t<div class=\"wpcap-grid\">\n\t\t\t\t\t\t<div class=\"wpcap-grid-container elementor-grid wpcap-grid-desktop-1 wpcap-grid-tablet-2 wpcap-grid-mobile-1\">\n\n\t\t\t\t\n        <article id=\"post-19500\" class=\"wpcap-post post-19500 post type-post status-publish format-standard has-post-thumbnail hentry category-destaques category-pgd entry has-media\">\n         \n            <div class=\"post-grid-inner\">\n            \t\n            \t\t\t\t<div class=\"post-grid-thumbnail\">\n\t\t\t\t<a href=\"https:\/\/www2.unifap.br\/drh\/2025\/03\/progep-disponibiliza-manual-de-implementacao-do-pgd-unifap\/\">\n\t\t\t\t\t<img decoding=\"async\" width=\"1004\" height=\"591\" src=\"https:\/\/www2.unifap.br\/drh\/files\/2025\/03\/White-Blue-Modern-Online-Course-Facebook-Post-Cartao-de-visita-1.png\" class=\"attachment-full size-full wp-post-image\" alt=\"\" srcset=\"https:\/\/www2.unifap.br\/drh\/files\/2025\/03\/White-Blue-Modern-Online-Course-Facebook-Post-Cartao-de-visita-1.png 1004w, https:\/\/www2.unifap.br\/drh\/files\/2025\/03\/White-Blue-Modern-Online-Course-Facebook-Post-Cartao-de-visita-1-300x177.png 300w, https:\/\/www2.unifap.br\/drh\/files\/2025\/03\/White-Blue-Modern-Online-Course-Facebook-Post-Cartao-de-visita-1-768x452.png 768w\" sizes=\"(max-width: 1004px) 100vw, 1004px\" \/>\t\t\t\t<\/a>\n\t\t\t<\/div>\n        \n                <div class=\"post-grid-text-wrap\">\n               \t\t\t\t<h3 class=\"title\">\n\t\t\t<a href=\"https:\/\/www2.unifap.br\/drh\/2025\/03\/progep-disponibiliza-manual-de-implementacao-do-pgd-unifap\/\">PROGEP disponibiliza Manual de Implementa\u00e7\u00e3o do PGD\/UNIFAP<\/a>\n\t\t<\/h3>\n\t\t\t                \t\t<div class=\"post-grid-meta\">\n\t\t\t\n\t\t\t\t<span class=\"post-date\"><time datetime=\"2025-03-26T10:41:27-03:00\">26 de mar\u00e7o de 2025<\/time><\/span>\n\n\t\t\t\t<span class=\"post-categories\"><a href=\"https:\/\/www2.unifap.br\/drh\/category\/destaques\/\" rel=\"category tag\">destaques<\/a>, <a href=\"https:\/\/www2.unifap.br\/drh\/category\/pgd\/\" rel=\"category tag\">PGD<\/a><\/span>\n\t\t\t\t<span class=\"post-comments\">Nenhum coment\u00e1rio<\/span>\n\n\t\t\t\t\t\t<\/div>\n\t\t\t                \t\t<div class=\"post-grid-excerpt\">\n\t\t\t<p>A Pr\u00f3-Reitoria de Gest\u00e3o de Passoas disponibiliza o Manual de Implementa\u00e7\u00e3o do Programa de Gest\u00e3o e Desempenho &#8211; PGD\/UNIFAP. O&nbsp; prop\u00f3sito do manual \u00e9 assegurar&hellip;<\/p>\n\t\t<\/div>\n\t\t\t                \t\t<a class=\"read-more-btn\" href=\"https:\/\/www2.unifap.br\/drh\/2025\/03\/progep-disponibiliza-manual-de-implementacao-do-pgd-unifap\/\">Read More \u00bb<\/a>\n\t\t                <\/div>\n\n            <\/div><!-- .blog-inner -->\n           \n        <\/article>\n\n        \n\t\t\t<\/div>\n\t\t<\/div>\n\t\t\t\t\t\t<\/div>\n\t\t\t\t<\/div>\n\t\t\t\t\t<\/div>\n\t\t<\/div>\n\t\t\t\t\t<\/div>\n\t\t<\/section>\n\t\t\t\t<section class=\"elementor-section elementor-top-section elementor-element elementor-element-615e1ba elementor-section-boxed elementor-section-height-default elementor-section-height-default\" data-id=\"615e1ba\" data-element_type=\"section\" data-e-type=\"section\">\n\t\t\t\t\t\t<div class=\"elementor-container elementor-column-gap-default\">\n\t\t\t\t\t<div class=\"elementor-column elementor-col-100 elementor-top-column elementor-element elementor-element-48f6d576\" data-id=\"48f6d576\" data-element_type=\"column\" data-e-type=\"column\">\n\t\t\t<div class=\"elementor-widget-wrap elementor-element-populated\">\n\t\t\t\t\t\t<div class=\"elementor-element elementor-element-77318e2f elementor-widget elementor-widget-text-editor\" data-id=\"77318e2f\" data-element_type=\"widget\" data-e-type=\"widget\" data-widget_type=\"text-editor.default\">\n\t\t\t\t<div class=\"elementor-widget-container\">\n\t\t\t\t\t\t\t\t\t<ul><li style=\"text-align: justify;\"><a href=\"https:\/\/www.in.gov.br\/en\/web\/dou\/-\/portaria-n-267-de-30-de-abril-de-2021-317433867\"><span style=\"font-weight: 400;\">Portaria N\u00ba 267, de 30 de abril de abril de 2021<\/span><\/a> &#8211; <span class=\"elementor-icon-list-text\">Autoriza a implementa\u00e7\u00e3o do programa de gest\u00e3o pelas unidades do Minist\u00e9rio da Educa\u00e7\u00e3o &#8211; MEC e de suas entidades vinculadas.<\/span><\/li><li style=\"text-align: justify;\"><a href=\"https:\/\/www.planalto.gov.br\/ccivil_03\/_Ato2019-2022\/2022\/Decreto\/D11072.htm\"><span style=\"font-weight: 400;\">Decreto N. 11.072, de 17 de maio de 2022<\/span><\/a> &#8211; <span class=\"elementor-icon-list-text\">Disp\u00f5e sobre o Programa de Gest\u00e3o e Desempenho &#8211; PGD da administra\u00e7\u00e3o p\u00fablica federal direta, aut\u00e1rquica<\/span> e fundacional.<\/li><li style=\"text-align: justify;\"><a href=\"https:\/\/www.in.gov.br\/en\/web\/dou\/-\/instrucao-normativa-conjunta-seges-sgprt-\/mgi-n-24-de-28-de-julho-de-2023-499593248\"><span style=\"font-weight: 400;\">Instru\u00e7\u00e3o Normativa Conjunta SEGES-SGPRT\/MGI N\u00ba 24, de 28 de julho de 2023<\/span><\/a> &#8211; <span style=\"font-weight: 400;\">Estabelece orienta\u00e7\u00f5es a serem observadas pelos \u00f3rg\u00e3os e entidades, relativas \u00e0 implementa\u00e7\u00e3o e execu\u00e7\u00e3o do Programa de Gest\u00e3o e Desempenho &#8211; PGD.<\/span><\/li><li><a href=\"https:\/\/www.in.gov.br\/en\/web\/dou\/-\/instrucao-normativa-conjunta-sgp-srt-seges\/mgi-n-52-de-21-de-dezembro-de-2023-532726070\">INSTRU\u00c7\u00c3O NORMATIVA CONJUNTA SGP-SRT-SEGES\/MGI N\u00ba 52, DE 21 DE DEZEMBRO DE 2023<\/a> &#8211; Estabelece orienta\u00e7\u00f5es a serem observadas pelos \u00f3rg\u00e3os e entidades integrantes do Sistema de Pessoal Civil da Administra\u00e7\u00e3o Federal &#8211; Sipec e do Sistema de Organiza\u00e7\u00e3o e Inova\u00e7\u00e3o Institucional do Governo Federal &#8211; Siorg, relativas \u00e0s regras de gest\u00e3o de pessoas no \u00e2mbito do Programa de Gest\u00e3o e Desempenho &#8211; PGD.<\/li><li><a href=\"https:\/\/www.in.gov.br\/en\/web\/dou\/-\/instrucao-normativa-conjunta-seges-sgp-srt\/mgi-n-21-de-16-de-julho-de-2024-572617003\">INSTRU\u00c7\u00c3O NORMATIVA CONJUNTA SEGES-SGP-SRT\/MGI N\u00ba 21, DE 16 DE JULHO DE 2024<\/a> &#8211; Altera a Instru\u00e7\u00e3o Normativa Conjunta SEGES-SGPRT\/MGI n\u00ba 24, de 28 de julho de 2023, que estabelece orienta\u00e7\u00f5es a serem observadas pelos \u00f3rg\u00e3os e entidades integrantes do Sistema de Pessoal Civil da Administra\u00e7\u00e3o Federal &#8211; Sipec e do Sistema de Organiza\u00e7\u00e3o e Inova\u00e7\u00e3o Institucional do Governo Federal &#8211; Siorg, relativas \u00e0 implementa\u00e7\u00e3o e execu\u00e7\u00e3o do Programa de Gest\u00e3o e Desempenho &#8211; PGD.<\/li><\/ul>\t\t\t\t\t\t\t\t<\/div>\n\t\t\t\t<\/div>\n\t\t\t\t\t<\/div>\n\t\t<\/div>\n\t\t\t\t\t<\/div>\n\t\t<\/section>\n\t\t\t\t<\/div>\n\t\t","protected":false},"excerpt":{"rendered":"<p>LEGISLA\u00c7\u00c3O Portaria N\u00ba 267, de 30 de abril de abril de 2021 &#8211; Autoriza a implementa\u00e7\u00e3o do programa de gest\u00e3o pelas unidades do Minist\u00e9rio da Educa\u00e7\u00e3o &#8211; MEC e de suas entidades vinculadas. Decreto N. 11.072, de 17 de maio de 2022 &#8211; Disp\u00f5e sobre o Programa de Gest\u00e3o e Desempenho &#8211; PGD da administra\u00e7\u00e3o&#8230;<\/p>\n","protected":false},"author":3896,"featured_media":0,"parent":0,"menu_order":0,"comment_status":"closed","ping_status":"closed","template":"","meta":{"inline_featured_image":false,"ngg_post_thumbnail":0,"footnotes":""},"class_list":["post-14739","page","type-page","status-publish","hentry","entry","has-media"],"_links":{"self":[{"href":"https:\/\/www2.unifap.br\/drh\/wp-json\/wp\/v2\/pages\/14739","targetHints":{"allow":["GET"]}}],"collection":[{"href":"https:\/\/www2.unifap.br\/drh\/wp-json\/wp\/v2\/pages"}],"about":[{"href":"https:\/\/www2.unifap.br\/drh\/wp-json\/wp\/v2\/types\/page"}],"author":[{"embeddable":true,"href":"https:\/\/www2.unifap.br\/drh\/wp-json\/wp\/v2\/users\/3896"}],"replies":[{"embeddable":true,"href":"https:\/\/www2.unifap.br\/drh\/wp-json\/wp\/v2\/comments?post=14739"}],"version-history":[{"count":53,"href":"https:\/\/www2.unifap.br\/drh\/wp-json\/wp\/v2\/pages\/14739\/revisions"}],"predecessor-version":[{"id":19792,"href":"https:\/\/www2.unifap.br\/drh\/wp-json\/wp\/v2\/pages\/14739\/revisions\/19792"}],"wp:attachment":[{"href":"https:\/\/www2.unifap.br\/drh\/wp-json\/wp\/v2\/media?parent=14739"}],"curies":[{"name":"wp","href":"https:\/\/api.w.org\/{rel}","templated":true}]}}