{"id":15693,"date":"2023-01-10T12:41:18","date_gmt":"2023-01-10T12:41:18","guid":{"rendered":"https:\/\/www2.unifap.br\/drh\/?page_id=15693"},"modified":"2024-03-26T12:28:22","modified_gmt":"2024-03-26T12:28:22","slug":"manuais-e-normativos","status":"publish","type":"page","link":"https:\/\/www2.unifap.br\/drh\/manuais-e-normativos\/","title":{"rendered":"MANUAIS E NORMATIVOS"},"content":{"rendered":"\t\t<div data-elementor-type=\"wp-page\" data-elementor-id=\"15693\" class=\"elementor elementor-15693\">\n\t\t\t\t\t\t<section class=\"elementor-section elementor-top-section elementor-element elementor-element-81a1d1c elementor-section-boxed elementor-section-height-default elementor-section-height-default\" data-id=\"81a1d1c\" data-element_type=\"section\" data-e-type=\"section\">\n\t\t\t\t\t\t<div class=\"elementor-container elementor-column-gap-default\">\n\t\t\t\t\t<div class=\"elementor-column elementor-col-100 elementor-top-column elementor-element elementor-element-dc3b1f0\" data-id=\"dc3b1f0\" data-element_type=\"column\" data-e-type=\"column\">\n\t\t\t<div class=\"elementor-widget-wrap elementor-element-populated\">\n\t\t\t\t\t\t<div class=\"elementor-element elementor-element-6ba18a7 elementor-widget elementor-widget-text-editor\" data-id=\"6ba18a7\" data-element_type=\"widget\" data-e-type=\"widget\" data-widget_type=\"text-editor.default\">\n\t\t\t\t<div class=\"elementor-widget-container\">\n\t\t\t\t\t\t\t\t\t<p><strong>MANUAIS DE PROCEDIMENTOS<\/strong><\/p>\t\t\t\t\t\t\t\t<\/div>\n\t\t\t\t<\/div>\n\t\t\t\t\t<\/div>\n\t\t<\/div>\n\t\t\t\t\t<\/div>\n\t\t<\/section>\n\t\t\t\t<section class=\"elementor-section elementor-top-section elementor-element elementor-element-33c5023 elementor-section-boxed elementor-section-height-default elementor-section-height-default\" data-id=\"33c5023\" data-element_type=\"section\" data-e-type=\"section\">\n\t\t\t\t\t\t<div class=\"elementor-container elementor-column-gap-default\">\n\t\t\t\t\t<div class=\"elementor-column elementor-col-100 elementor-top-column elementor-element elementor-element-25c9570\" data-id=\"25c9570\" data-element_type=\"column\" data-e-type=\"column\">\n\t\t\t<div class=\"elementor-widget-wrap elementor-element-populated\">\n\t\t\t\t\t\t<div class=\"elementor-element elementor-element-9ed5a2b elementor-widget elementor-widget-text-editor\" data-id=\"9ed5a2b\" data-element_type=\"widget\" data-e-type=\"widget\" data-widget_type=\"text-editor.default\">\n\t\t\t\t<div class=\"elementor-widget-container\">\n\t\t\t\t\t\t\t\t\t<p>\u00a0<\/p><p><strong><a href=\"https:\/\/www2.unifap.br\/drh\/manual-de-procedimentos\/\">MANUAL DA PROGEP<\/a><\/strong><\/p><p>\u00a0<\/p><p><strong><a href=\"https:\/\/www2.unifap.br\/drh\/files\/2022\/03\/MANUAL-PONTO-ELETR%c3%94NICO.pdf\">MANUAL DO PONTO ELETR\u00d4NICO<\/a><\/strong><\/p><p>\u00a0<\/p><p><strong><a href=\"https:\/\/www2.unifap.br\/drh\/files\/2022\/09\/MANUAL-DE-FERIAS-UNIFAP-2022.pdf\">MANUAL DE F\u00c9RIAS<\/a><\/strong><\/p><p>\u00a0<\/p><p><strong style=\"font-size: 14px;letter-spacing: -0.2px\"><a href=\"https:\/\/www2.unifap.br\/drh\/files\/2022\/12\/MANUAL-DE-NOMEACAO_DESIGNACAO.pdf\">MANUAL DE EXONERA\u00c7\u00c3O\/ NOMEA\u00c7\u00c3O DISPENSA\/DESIGNA\u00c7\u00c3O DE CARGOS EM COMISS\u00c3O E DE FUN\u00c7\u00d5ES DE CONFIAN\u00c7A<\/a><\/strong><\/p><p>\u00a0<\/p><p>\u00a0<\/p>\t\t\t\t\t\t\t\t<\/div>\n\t\t\t\t<\/div>\n\t\t\t\t\t<\/div>\n\t\t<\/div>\n\t\t\t\t\t<\/div>\n\t\t<\/section>\n\t\t\t\t<section class=\"elementor-section elementor-top-section elementor-element elementor-element-d28f246 elementor-section-boxed elementor-section-height-default elementor-section-height-default\" data-id=\"d28f246\" data-element_type=\"section\" data-e-type=\"section\">\n\t\t\t\t\t\t<div class=\"elementor-container elementor-column-gap-default\">\n\t\t\t\t\t<div class=\"elementor-column elementor-col-100 elementor-top-column elementor-element elementor-element-d00007b\" data-id=\"d00007b\" data-element_type=\"column\" data-e-type=\"column\">\n\t\t\t<div class=\"elementor-widget-wrap elementor-element-populated\">\n\t\t\t\t\t\t<div class=\"elementor-element elementor-element-d6e20de elementor-widget elementor-widget-heading\" data-id=\"d6e20de\" data-element_type=\"widget\" data-e-type=\"widget\" data-widget_type=\"heading.default\">\n\t\t\t\t<div class=\"elementor-widget-container\">\n\t\t\t\t\t<h2 class=\"elementor-heading-title elementor-size-large\">NORMATIVOS DA PROGEP<\/h2>\t\t\t\t<\/div>\n\t\t\t\t<\/div>\n\t\t\t\t\t<\/div>\n\t\t<\/div>\n\t\t\t\t\t<\/div>\n\t\t<\/section>\n\t\t\t\t<section class=\"elementor-section elementor-top-section elementor-element elementor-element-6b43b10 elementor-section-boxed elementor-section-height-default elementor-section-height-default\" data-id=\"6b43b10\" data-element_type=\"section\" data-e-type=\"section\">\n\t\t\t\t\t\t<div class=\"elementor-container elementor-column-gap-default\">\n\t\t\t\t\t<div class=\"elementor-column elementor-col-100 elementor-top-column elementor-element elementor-element-e614d24\" data-id=\"e614d24\" data-element_type=\"column\" data-e-type=\"column\">\n\t\t\t<div class=\"elementor-widget-wrap elementor-element-populated\">\n\t\t\t\t\t\t<div class=\"elementor-element elementor-element-28bdeb7 elementor-widget elementor-widget-text-editor\" data-id=\"28bdeb7\" data-element_type=\"widget\" data-e-type=\"widget\" data-widget_type=\"text-editor.default\">\n\t\t\t\t<div class=\"elementor-widget-container\">\n\t\t\t\t\t\t\t\t\t<h1><a href=\"https:\/\/www2.unifap.br\/drh\/2022-2\/\"><strong>2022<\/strong><\/a><\/h1>\t\t\t\t\t\t\t\t<\/div>\n\t\t\t\t<\/div>\n\t\t\t\t\t<\/div>\n\t\t<\/div>\n\t\t\t\t\t<\/div>\n\t\t<\/section>\n\t\t\t\t<section class=\"elementor-section elementor-top-section elementor-element elementor-element-6078603 elementor-section-boxed elementor-section-height-default elementor-section-height-default\" data-id=\"6078603\" data-element_type=\"section\" data-e-type=\"section\">\n\t\t\t\t\t\t<div class=\"elementor-container elementor-column-gap-default\">\n\t\t\t\t\t<div class=\"elementor-column elementor-col-100 elementor-top-column elementor-element elementor-element-5c745aa\" data-id=\"5c745aa\" data-element_type=\"column\" data-e-type=\"column\">\n\t\t\t<div class=\"elementor-widget-wrap elementor-element-populated\">\n\t\t\t\t\t\t<div class=\"elementor-element elementor-element-687d6ca elementor-widget elementor-widget-text-editor\" data-id=\"687d6ca\" data-element_type=\"widget\" data-e-type=\"widget\" data-widget_type=\"text-editor.default\">\n\t\t\t\t<div class=\"elementor-widget-container\">\n\t\t\t\t\t\t\t\t\t<h1><a href=\"https:\/\/www2.unifap.br\/drh\/2023-2\/\"><b>2023<\/b><\/a><\/h1>\t\t\t\t\t\t\t\t<\/div>\n\t\t\t\t<\/div>\n\t\t\t\t\t<\/div>\n\t\t<\/div>\n\t\t\t\t\t<\/div>\n\t\t<\/section>\n\t\t\t\t<\/div>\n\t\t","protected":false},"excerpt":{"rendered":"<p>MANUAIS DE PROCEDIMENTOS \u00a0 MANUAL DA PROGEP \u00a0 MANUAL DO PONTO ELETR\u00d4NICO \u00a0 MANUAL DE F\u00c9RIAS \u00a0 MANUAL DE EXONERA\u00c7\u00c3O\/ NOMEA\u00c7\u00c3O DISPENSA\/DESIGNA\u00c7\u00c3O DE CARGOS EM COMISS\u00c3O E DE FUN\u00c7\u00d5ES DE CONFIAN\u00c7A \u00a0 \u00a0 NORMATIVOS DA PROGEP 2022 2023<\/p>\n","protected":false},"author":3852,"featured_media":0,"parent":0,"menu_order":0,"comment_status":"closed","ping_status":"closed","template":"","meta":{"inline_featured_image":false,"ngg_post_thumbnail":0,"footnotes":""},"class_list":["post-15693","page","type-page","status-publish","hentry","entry"],"_links":{"self":[{"href":"https:\/\/www2.unifap.br\/drh\/wp-json\/wp\/v2\/pages\/15693","targetHints":{"allow":["GET"]}}],"collection":[{"href":"https:\/\/www2.unifap.br\/drh\/wp-json\/wp\/v2\/pages"}],"about":[{"href":"https:\/\/www2.unifap.br\/drh\/wp-json\/wp\/v2\/types\/page"}],"author":[{"embeddable":true,"href":"https:\/\/www2.unifap.br\/drh\/wp-json\/wp\/v2\/users\/3852"}],"replies":[{"embeddable":true,"href":"https:\/\/www2.unifap.br\/drh\/wp-json\/wp\/v2\/comments?post=15693"}],"version-history":[{"count":24,"href":"https:\/\/www2.unifap.br\/drh\/wp-json\/wp\/v2\/pages\/15693\/revisions"}],"predecessor-version":[{"id":17882,"href":"https:\/\/www2.unifap.br\/drh\/wp-json\/wp\/v2\/pages\/15693\/revisions\/17882"}],"wp:attachment":[{"href":"https:\/\/www2.unifap.br\/drh\/wp-json\/wp\/v2\/media?parent=15693"}],"curies":[{"name":"wp","href":"https:\/\/api.w.org\/{rel}","templated":true}]}}