{"id":15798,"date":"2023-01-10T16:36:51","date_gmt":"2023-01-10T16:36:51","guid":{"rendered":"https:\/\/www2.unifap.br\/drh\/?page_id=15798"},"modified":"2025-07-04T14:29:01","modified_gmt":"2025-07-04T17:29:01","slug":"incentivo-educacional-2","status":"publish","type":"page","link":"https:\/\/www2.unifap.br\/drh\/incentivo-educacional-2\/","title":{"rendered":"INCENTIVO EDUCACIONAL"},"content":{"rendered":"\t\t<div data-elementor-type=\"wp-page\" data-elementor-id=\"15798\" class=\"elementor elementor-15798\">\n\t\t\t\t\t\t<section class=\"elementor-section elementor-top-section elementor-element elementor-element-3ec1bae elementor-section-boxed elementor-section-height-default elementor-section-height-default\" data-id=\"3ec1bae\" data-element_type=\"section\" data-e-type=\"section\">\n\t\t\t\t\t\t<div class=\"elementor-container elementor-column-gap-default\">\n\t\t\t\t\t<div class=\"elementor-column elementor-col-100 elementor-top-column elementor-element elementor-element-523c8fe\" data-id=\"523c8fe\" data-element_type=\"column\" data-e-type=\"column\">\n\t\t\t<div class=\"elementor-widget-wrap elementor-element-populated\">\n\t\t\t\t\t\t<div class=\"elementor-element elementor-element-72c6e40 elementor-widget elementor-widget-heading\" data-id=\"72c6e40\" data-element_type=\"widget\" data-e-type=\"widget\" data-widget_type=\"heading.default\">\n\t\t\t\t<div class=\"elementor-widget-container\">\n\t\t\t\t\t<h2 class=\"elementor-heading-title elementor-size-default\"><b>PROCESSOS SELETIVOS DE INCENTIVO EDUCACIONAL<\/b><\/h2>\t\t\t\t<\/div>\n\t\t\t\t<\/div>\n\t\t\t\t\t<\/div>\n\t\t<\/div>\n\t\t\t\t\t<\/div>\n\t\t<\/section>\n\t\t\t\t<section class=\"elementor-section elementor-top-section elementor-element elementor-element-7e88387 elementor-section-boxed elementor-section-height-default elementor-section-height-default\" data-id=\"7e88387\" data-element_type=\"section\" data-e-type=\"section\">\n\t\t\t\t\t\t<div class=\"elementor-container elementor-column-gap-default\">\n\t\t\t\t\t<div class=\"elementor-column elementor-col-100 elementor-top-column elementor-element elementor-element-8a38d78\" data-id=\"8a38d78\" data-element_type=\"column\" data-e-type=\"column\">\n\t\t\t<div class=\"elementor-widget-wrap elementor-element-populated\">\n\t\t\t\t\t\t<div class=\"elementor-element elementor-element-dfbd234 elementor-widget elementor-widget-accordion\" data-id=\"dfbd234\" data-element_type=\"widget\" data-e-type=\"widget\" data-widget_type=\"accordion.default\">\n\t\t\t\t<div class=\"elementor-widget-container\">\n\t\t\t\t\t\t\t<div class=\"elementor-accordion\">\n\t\t\t\t\t\t\t<div class=\"elementor-accordion-item\">\n\t\t\t\t\t<div id=\"elementor-tab-title-2341\" class=\"elementor-tab-title\" data-tab=\"1\" role=\"button\" aria-controls=\"elementor-tab-content-2341\" aria-expanded=\"false\">\n\t\t\t\t\t\t\t\t\t\t\t\t\t<span class=\"elementor-accordion-icon elementor-accordion-icon-left\" aria-hidden=\"true\">\n\t\t\t\t\t\t\t\t\t\t\t\t\t\t\t<span class=\"elementor-accordion-icon-closed\"><i class=\"fas fa-plus\"><\/i><\/span>\n\t\t\t\t\t\t\t\t<span class=\"elementor-accordion-icon-opened\"><i class=\"fas fa-minus\"><\/i><\/span>\n\t\t\t\t\t\t\t\t\t\t\t\t\t\t<\/span>\n\t\t\t\t\t\t\t\t\t\t\t\t<a class=\"elementor-accordion-title\" tabindex=\"0\">INCENTIVO EDUCACIONAL 2025<\/a>\n\t\t\t\t\t<\/div>\n\t\t\t\t\t<div id=\"elementor-tab-content-2341\" class=\"elementor-tab-content elementor-clearfix\" data-tab=\"1\" role=\"region\" aria-labelledby=\"elementor-tab-title-2341\"><p><span style=\"font-family: Helvetica, sans-serif;font-size: 14px;font-style: italic;font-weight: 200;letter-spacing: -0.2px\">Comiss\u00e3o Gestora do Programa de Incentivo Educacional \u00e0 P\u00f3s-Gradua\u00e7\u00e3o Stricto Sensu destinado aos Servidores T\u00e9cnico-Administrativos em Educa\u00e7\u00e3o, no uso de suas atribui\u00e7\u00f5es, considerando o que consta na Portaria n\u00ba 129- SAA\/SE\/MEC, na Resolu\u00e7\u00e3o n. 030\/2016-CONSU\/UNIFAP, no processo n. 23125.011163\/2025-73, bem como na Portaria n\u00ba 0945\/2025-UNIFAP, torna p\u00fablico o Processo Seletivo 2025.<\/span><\/p><p><a href=\"http:\/\/www2.unifap.br\/drh\/files\/2025\/07\/RESULTADO-FINAL-PSPIE.pdf\">RESULTADO FINAL PSPIE<\/a><\/p><p><a href=\"http:\/\/www2.unifap.br\/drh\/files\/2025\/06\/RESULTADO-PRELIMINAR-INCENTIVO-2025.pdf\">RESULTADO PRELIMINAR INCENTIVO 2025<\/a><\/p><p><a href=\"http:\/\/www2.unifap.br\/drh\/files\/2025\/06\/LISTA-DEFINITIVA-DAS-HOMOLOGACAO-DAS-INSCRICOES.pdf\">LISTA DEFINITIVA DAS HOMOLOGA\u00c7\u00c3O-DAS-INSCRI\u00c7\u00d5ES<\/a><\/p><p><a href=\"http:\/\/www2.unifap.br\/drh\/files\/2025\/06\/Retificacao-2-HOMOLOGACAO-DAS-INSCRICOES.pdf\">Retifica\u00e7\u00e3o 2 HOMOLOGA\u00c7\u00c3O-DAS-INSCRIC\u00d5ES<\/a><\/p><p><a href=\"http:\/\/www2.unifap.br\/drh\/files\/2025\/06\/HOMOLOGACAO-DAS-INSCRICOES-1.pdf\">HOMOLOGACAO-DAS-INSCRICOES<\/a><\/p><p><a href=\"http:\/\/www2.unifap.br\/drh\/files\/2025\/06\/Retificacao-01-EDITAL-No-01.2025-PSPIE.pdf\">Retifica\u00e7\u00e3o 01 EDITAL N\u00ba 01.2025 &#8211; PSPIE<\/a><\/p><p><a href=\"http:\/\/www2.unifap.br\/drh\/files\/2025\/06\/EDITAL-No-01_2025-PSPIE_PROGEP_UNIFAP-1.pdf\">EDITAL-N\u00ba01\/2025-PSPIE_PROGEP_UNIFAP<\/a><\/p><\/div>\n\t\t\t\t<\/div>\n\t\t\t\t\t\t\t<div class=\"elementor-accordion-item\">\n\t\t\t\t\t<div id=\"elementor-tab-title-2342\" class=\"elementor-tab-title\" data-tab=\"2\" role=\"button\" aria-controls=\"elementor-tab-content-2342\" aria-expanded=\"false\">\n\t\t\t\t\t\t\t\t\t\t\t\t\t<span class=\"elementor-accordion-icon elementor-accordion-icon-left\" aria-hidden=\"true\">\n\t\t\t\t\t\t\t\t\t\t\t\t\t\t\t<span class=\"elementor-accordion-icon-closed\"><i class=\"fas fa-plus\"><\/i><\/span>\n\t\t\t\t\t\t\t\t<span class=\"elementor-accordion-icon-opened\"><i class=\"fas fa-minus\"><\/i><\/span>\n\t\t\t\t\t\t\t\t\t\t\t\t\t\t<\/span>\n\t\t\t\t\t\t\t\t\t\t\t\t<a class=\"elementor-accordion-title\" tabindex=\"0\">INCENTIVO EDUCACIONAL 2024<\/a>\n\t\t\t\t\t<\/div>\n\t\t\t\t\t<div id=\"elementor-tab-content-2342\" class=\"elementor-tab-content elementor-clearfix\" data-tab=\"2\" role=\"region\" aria-labelledby=\"elementor-tab-title-2342\"><p>A Comiss\u00e3o Gestora do Programa de Incentivo Educacional \u00e0 P\u00f3s-Gradua\u00e7\u00e3o Stricto Sensu destinado aos Servidores T\u00e9cnico-Administrativos em Educa\u00e7\u00e3o, no uso de suas atribui\u00e7\u00f5es, considerando o que na consta Portaria n\u00ba 129 \u2013 SAA\/SE\/MEC, na Resolu\u00e7\u00e3o n. 030\/2016-CONSU\/UNIFAP, torna p\u00fablico o Edital 001\/2023 \u2013 PSPIE\/PROGEP\/UNIFAP.<\/p><p><a href=\"http:\/\/www2.unifap.br\/drh\/files\/2024\/07\/EDITAL-INCENTIVO-EDUCACIONAL-Final-2024.pdf\">EDITAL INCENTIVO EDUCACIONAL Final 2024<\/a><\/p><p><a href=\"http:\/\/www2.unifap.br\/drh\/files\/2024\/08\/HOMOLOGACAO-DAS-INSCRICOES.pdf\">HOMOLOGACAO-DAS-INSCRICOES<\/a><\/p><p><a href=\"http:\/\/www2.unifap.br\/drh\/files\/2024\/08\/COMUNICADO-COMISSAO-GESTORA-PSPIE-1.pdf\">COMUNICADO COMISSAO GESTORA PSPIE<\/a><\/p><p><a href=\"http:\/\/www2.unifap.br\/drh\/files\/2024\/08\/EDITAL-01-Retificacao-1-1.pdf\">EDITAL 01- Retifica\u00e7\u00e3o-01<\/a><\/p><p><a href=\"http:\/\/www2.unifap.br\/drh\/files\/2024\/08\/HOMOLOGACAO-DAS-INSCRICOES-IQ.pdf\">HOMOLOGACAO-DAS-INSCRICOES IQ<\/a><\/p><p><a href=\"http:\/\/www2.unifap.br\/drh\/files\/2024\/08\/Resultado-Preliminar.pdf\">Resultado Preliminar<\/a><\/p><p><a href=\"http:\/\/www2.unifap.br\/drh\/files\/2024\/09\/RESULTADO-FINAL.pdf\">RESULTADO FINAL<\/a><\/p><\/div>\n\t\t\t\t<\/div>\n\t\t\t\t\t\t\t<div class=\"elementor-accordion-item\">\n\t\t\t\t\t<div id=\"elementor-tab-title-2343\" class=\"elementor-tab-title\" data-tab=\"3\" role=\"button\" aria-controls=\"elementor-tab-content-2343\" aria-expanded=\"false\">\n\t\t\t\t\t\t\t\t\t\t\t\t\t<span class=\"elementor-accordion-icon elementor-accordion-icon-left\" aria-hidden=\"true\">\n\t\t\t\t\t\t\t\t\t\t\t\t\t\t\t<span class=\"elementor-accordion-icon-closed\"><i class=\"fas fa-plus\"><\/i><\/span>\n\t\t\t\t\t\t\t\t<span class=\"elementor-accordion-icon-opened\"><i class=\"fas fa-minus\"><\/i><\/span>\n\t\t\t\t\t\t\t\t\t\t\t\t\t\t<\/span>\n\t\t\t\t\t\t\t\t\t\t\t\t<a class=\"elementor-accordion-title\" tabindex=\"0\">INCENTIVO EDUCACIONAL 2023<\/a>\n\t\t\t\t\t<\/div>\n\t\t\t\t\t<div id=\"elementor-tab-content-2343\" class=\"elementor-tab-content elementor-clearfix\" data-tab=\"3\" role=\"region\" aria-labelledby=\"elementor-tab-title-2343\"><p>A Comiss\u00e3o Gestora do Programa de Incentivo Educacional \u00e0 P\u00f3s-Gradua\u00e7\u00e3o Stricto Sensu destinado aos Servidores T\u00e9cnico-Administrativos em Educa\u00e7\u00e3o, no uso de suas atribui\u00e7\u00f5es, considerando o que na consta Portaria n\u00ba 129 \u2013 SAA\/SE\/MEC, na Resolu\u00e7\u00e3o n. 030\/2016-CONSU\/UNIFAP, no processo n. 23125.007440\/2023-81, bem como na Portaria n\u00ba 0810\/2023-UNIFAP, torna p\u00fablico o Edital 001\/2023 \u2013 PSPIE\/PROGEP\/UNIFAP.<\/p><p><a href=\"http:\/\/www2.unifap.br\/drh\/files\/2023\/05\/EDITAL-No-01_2023-PSPIE_PROGEP_UNIFAP.pdf\">EDITAL N\u00ba 01_2023-PSPIE_PROGEP_UNIFAP<\/a><\/p><p><a href=\"http:\/\/www2.unifap.br\/drh\/files\/2023\/06\/HOMOLOGACAO-DAS-INSCRICOES.pdf\">HOMOLOGA\u00c7\u00c3O DAS INSCRI\u00c7\u00d5ES<\/a><\/p><p><a href=\"http:\/\/www2.unifap.br\/drh\/files\/2023\/06\/RETIFICACAO-N.-01_2023.pdf\">RETIFICA\u00c7\u00c3O N. 01_2023<\/a><\/p><p><a href=\"http:\/\/www2.unifap.br\/drh\/files\/2023\/06\/RESULTADO-PRELIMINAR-2023-PSPIE.pdf\">RESULTADO-PRELIMINAR-2023-PSPIE<\/a><\/p><p><a href=\"http:\/\/www2.unifap.br\/drh\/files\/2023\/06\/RESULTADO-FINAL_PSPIE.pdf\">RESULTADO-FINAL_PSPIE<\/a><\/p><\/div>\n\t\t\t\t<\/div>\n\t\t\t\t\t\t\t<div class=\"elementor-accordion-item\">\n\t\t\t\t\t<div id=\"elementor-tab-title-2344\" class=\"elementor-tab-title\" data-tab=\"4\" role=\"button\" aria-controls=\"elementor-tab-content-2344\" aria-expanded=\"false\">\n\t\t\t\t\t\t\t\t\t\t\t\t\t<span class=\"elementor-accordion-icon elementor-accordion-icon-left\" aria-hidden=\"true\">\n\t\t\t\t\t\t\t\t\t\t\t\t\t\t\t<span class=\"elementor-accordion-icon-closed\"><i class=\"fas fa-plus\"><\/i><\/span>\n\t\t\t\t\t\t\t\t<span class=\"elementor-accordion-icon-opened\"><i class=\"fas fa-minus\"><\/i><\/span>\n\t\t\t\t\t\t\t\t\t\t\t\t\t\t<\/span>\n\t\t\t\t\t\t\t\t\t\t\t\t<a class=\"elementor-accordion-title\" tabindex=\"0\">INCENTIVO EDUCACIONAL 2021 <\/a>\n\t\t\t\t\t<\/div>\n\t\t\t\t\t<div id=\"elementor-tab-content-2344\" class=\"elementor-tab-content elementor-clearfix\" data-tab=\"4\" role=\"region\" aria-labelledby=\"elementor-tab-title-2344\"><p><strong><a href=\"http:\/\/www2.unifap.br\/drh\/files\/2021\/04\/EDITAL-INCENTIVO-EDUCACIONAL-DE-P\u00d3S-GRADUA\u00c7\u00c3O-2021.pdf\">EDITAL INCENTIVO EDUCACIONAL DE P\u00d3S-GRADUA\u00c7\u00c3O 2021<\/a><\/strong><\/p><p><strong><\/strong><strong style=\"color: #ff6600\"><a href=\"http:\/\/www2.unifap.br\/drh\/files\/2021\/05\/HOMOLOGA\u00c7\u00c3O-DAS-INSCRI\u00c7\u00d5ES-2021.pdf\">HOMOLOGA\u00c7\u00c3O DAS INSCRI\u00c7\u00d5ES 2021<\/a><\/strong><\/p><p><strong><a href=\"http:\/\/www2.unifap.br\/drh\/files\/2021\/05\/RESULTADO-PRELIMINAR-2021-PSPIE.pdf\">RESULTADO PRELIMINAR 2021 &#8211; PSPIE<\/a><\/strong>\u00a0<\/p><p>\u00a0<\/p><\/div>\n\t\t\t\t<\/div>\n\t\t\t\t\t\t\t<div class=\"elementor-accordion-item\">\n\t\t\t\t\t<div id=\"elementor-tab-title-2345\" class=\"elementor-tab-title\" data-tab=\"5\" role=\"button\" aria-controls=\"elementor-tab-content-2345\" aria-expanded=\"false\">\n\t\t\t\t\t\t\t\t\t\t\t\t\t<span class=\"elementor-accordion-icon elementor-accordion-icon-left\" aria-hidden=\"true\">\n\t\t\t\t\t\t\t\t\t\t\t\t\t\t\t<span class=\"elementor-accordion-icon-closed\"><i class=\"fas fa-plus\"><\/i><\/span>\n\t\t\t\t\t\t\t\t<span class=\"elementor-accordion-icon-opened\"><i class=\"fas fa-minus\"><\/i><\/span>\n\t\t\t\t\t\t\t\t\t\t\t\t\t\t<\/span>\n\t\t\t\t\t\t\t\t\t\t\t\t<a class=\"elementor-accordion-title\" tabindex=\"0\">INCENTIVO EDUCACIONAL 2019<\/a>\n\t\t\t\t\t<\/div>\n\t\t\t\t\t<div id=\"elementor-tab-content-2345\" class=\"elementor-tab-content elementor-clearfix\" data-tab=\"5\" role=\"region\" aria-labelledby=\"elementor-tab-title-2345\"><p><a href=\"http:\/\/www2.unifap.br\/drh\/progep-2\/processos-seletivos\/incentivo-educacional-2019\/\"><strong>Clique Aqui para consultar os documentos do processo seletivo<\/strong><\/a><\/p><\/div>\n\t\t\t\t<\/div>\n\t\t\t\t\t\t\t<div class=\"elementor-accordion-item\">\n\t\t\t\t\t<div id=\"elementor-tab-title-2346\" class=\"elementor-tab-title\" data-tab=\"6\" role=\"button\" aria-controls=\"elementor-tab-content-2346\" aria-expanded=\"false\">\n\t\t\t\t\t\t\t\t\t\t\t\t\t<span class=\"elementor-accordion-icon elementor-accordion-icon-left\" aria-hidden=\"true\">\n\t\t\t\t\t\t\t\t\t\t\t\t\t\t\t<span class=\"elementor-accordion-icon-closed\"><i class=\"fas fa-plus\"><\/i><\/span>\n\t\t\t\t\t\t\t\t<span class=\"elementor-accordion-icon-opened\"><i class=\"fas fa-minus\"><\/i><\/span>\n\t\t\t\t\t\t\t\t\t\t\t\t\t\t<\/span>\n\t\t\t\t\t\t\t\t\t\t\t\t<a class=\"elementor-accordion-title\" tabindex=\"0\">INCENTIVO EDUCACIONAL 2018<\/a>\n\t\t\t\t\t<\/div>\n\t\t\t\t\t<div id=\"elementor-tab-content-2346\" class=\"elementor-tab-content elementor-clearfix\" data-tab=\"6\" role=\"region\" aria-labelledby=\"elementor-tab-title-2346\"><p><strong><a href=\"http:\/\/www2.unifap.br\/drh\/progep-2\/processos-seletivos\/incentivo-educacional-2018\/\">Documentos (Clique Aqui)<\/a><\/strong><\/p><\/div>\n\t\t\t\t<\/div>\n\t\t\t\t\t\t\t<div class=\"elementor-accordion-item\">\n\t\t\t\t\t<div id=\"elementor-tab-title-2347\" class=\"elementor-tab-title\" data-tab=\"7\" role=\"button\" aria-controls=\"elementor-tab-content-2347\" aria-expanded=\"false\">\n\t\t\t\t\t\t\t\t\t\t\t\t\t<span class=\"elementor-accordion-icon elementor-accordion-icon-left\" aria-hidden=\"true\">\n\t\t\t\t\t\t\t\t\t\t\t\t\t\t\t<span class=\"elementor-accordion-icon-closed\"><i class=\"fas fa-plus\"><\/i><\/span>\n\t\t\t\t\t\t\t\t<span class=\"elementor-accordion-icon-opened\"><i class=\"fas fa-minus\"><\/i><\/span>\n\t\t\t\t\t\t\t\t\t\t\t\t\t\t<\/span>\n\t\t\t\t\t\t\t\t\t\t\t\t<a class=\"elementor-accordion-title\" tabindex=\"0\"> INCENTIVO EDUCACIONAL 2017<\/a>\n\t\t\t\t\t<\/div>\n\t\t\t\t\t<div id=\"elementor-tab-content-2347\" class=\"elementor-tab-content elementor-clearfix\" data-tab=\"7\" role=\"region\" aria-labelledby=\"elementor-tab-title-2347\"><p><strong><a href=\"http:\/\/www2.unifap.br\/drh\/progep-2\/processos-seletivos\/edital-incentivo-educacional\/\">Documentos (Clique Aqui)<\/a><\/strong><\/p><\/div>\n\t\t\t\t<\/div>\n\t\t\t\t\t\t\t\t<\/div>\n\t\t\t\t\t\t<\/div>\n\t\t\t\t<\/div>\n\t\t\t\t\t<\/div>\n\t\t<\/div>\n\t\t\t\t\t<\/div>\n\t\t<\/section>\n\t\t\t\t<\/div>\n\t\t","protected":false},"excerpt":{"rendered":"<p>PROCESSOS SELETIVOS DE INCENTIVO EDUCACIONAL INCENTIVO EDUCACIONAL 2025 Comiss\u00e3o Gestora do Programa de Incentivo Educacional \u00e0 P\u00f3s-Gradua\u00e7\u00e3o Stricto Sensu destinado aos Servidores T\u00e9cnico-Administrativos em Educa\u00e7\u00e3o, no uso de suas atribui\u00e7\u00f5es, considerando o que consta na Portaria n\u00ba 129- SAA\/SE\/MEC, na Resolu\u00e7\u00e3o n. 030\/2016-CONSU\/UNIFAP, no processo n. 23125.011163\/2025-73, bem como na Portaria n\u00ba 0945\/2025-UNIFAP, torna p\u00fablico&#8230;<\/p>\n","protected":false},"author":3852,"featured_media":0,"parent":0,"menu_order":0,"comment_status":"closed","ping_status":"closed","template":"","meta":{"inline_featured_image":false,"ngg_post_thumbnail":0,"footnotes":""},"class_list":["post-15798","page","type-page","status-publish","hentry","entry"],"_links":{"self":[{"href":"https:\/\/www2.unifap.br\/drh\/wp-json\/wp\/v2\/pages\/15798","targetHints":{"allow":["GET"]}}],"collection":[{"href":"https:\/\/www2.unifap.br\/drh\/wp-json\/wp\/v2\/pages"}],"about":[{"href":"https:\/\/www2.unifap.br\/drh\/wp-json\/wp\/v2\/types\/page"}],"author":[{"embeddable":true,"href":"https:\/\/www2.unifap.br\/drh\/wp-json\/wp\/v2\/users\/3852"}],"replies":[{"embeddable":true,"href":"https:\/\/www2.unifap.br\/drh\/wp-json\/wp\/v2\/comments?post=15798"}],"version-history":[{"count":72,"href":"https:\/\/www2.unifap.br\/drh\/wp-json\/wp\/v2\/pages\/15798\/revisions"}],"predecessor-version":[{"id":20805,"href":"https:\/\/www2.unifap.br\/drh\/wp-json\/wp\/v2\/pages\/15798\/revisions\/20805"}],"wp:attachment":[{"href":"https:\/\/www2.unifap.br\/drh\/wp-json\/wp\/v2\/media?parent=15798"}],"curies":[{"name":"wp","href":"https:\/\/api.w.org\/{rel}","templated":true}]}}