{"id":15805,"date":"2023-01-10T16:41:55","date_gmt":"2023-01-10T16:41:55","guid":{"rendered":"https:\/\/www2.unifap.br\/drh\/?page_id=15805"},"modified":"2025-09-11T10:28:44","modified_gmt":"2025-09-11T13:28:44","slug":"selecao-de-instrutores","status":"publish","type":"page","link":"https:\/\/www2.unifap.br\/drh\/selecao-de-instrutores\/","title":{"rendered":"SELE\u00c7\u00c3O DE INSTRUTORES"},"content":{"rendered":"\t\t<div data-elementor-type=\"wp-page\" data-elementor-id=\"15805\" class=\"elementor elementor-15805\">\n\t\t\t\t\t\t<section class=\"elementor-section elementor-top-section elementor-element elementor-element-b4def5b elementor-section-boxed elementor-section-height-default elementor-section-height-default\" data-id=\"b4def5b\" data-element_type=\"section\" data-e-type=\"section\">\n\t\t\t\t\t\t<div class=\"elementor-container elementor-column-gap-default\">\n\t\t\t\t\t<div class=\"elementor-column elementor-col-100 elementor-top-column elementor-element elementor-element-dfdc321\" data-id=\"dfdc321\" data-element_type=\"column\" data-e-type=\"column\">\n\t\t\t<div class=\"elementor-widget-wrap elementor-element-populated\">\n\t\t\t\t\t\t<div class=\"elementor-element elementor-element-63c9e03 elementor-widget elementor-widget-heading\" data-id=\"63c9e03\" data-element_type=\"widget\" data-e-type=\"widget\" data-widget_type=\"heading.default\">\n\t\t\t\t<div class=\"elementor-widget-container\">\n\t\t\t\t\t<h2 class=\"elementor-heading-title elementor-size-default\"><b>SELE\u00c7\u00c3O DE INSTRUTORES PROGEP<\/b><\/h2>\t\t\t\t<\/div>\n\t\t\t\t<\/div>\n\t\t\t\t\t<\/div>\n\t\t<\/div>\n\t\t\t\t\t<\/div>\n\t\t<\/section>\n\t\t\t\t<section class=\"elementor-section elementor-top-section elementor-element elementor-element-ab70110 elementor-section-boxed elementor-section-height-default elementor-section-height-default\" data-id=\"ab70110\" data-element_type=\"section\" data-e-type=\"section\">\n\t\t\t\t\t\t<div class=\"elementor-container elementor-column-gap-default\">\n\t\t\t\t\t<div class=\"elementor-column elementor-col-100 elementor-top-column elementor-element elementor-element-66ec030\" data-id=\"66ec030\" data-element_type=\"column\" data-e-type=\"column\">\n\t\t\t<div class=\"elementor-widget-wrap elementor-element-populated\">\n\t\t\t\t\t\t<div class=\"elementor-element elementor-element-b06aa2a elementor-widget elementor-widget-accordion\" data-id=\"b06aa2a\" data-element_type=\"widget\" data-e-type=\"widget\" data-widget_type=\"accordion.default\">\n\t\t\t\t<div class=\"elementor-widget-container\">\n\t\t\t\t\t\t\t<div class=\"elementor-accordion\">\n\t\t\t\t\t\t\t<div class=\"elementor-accordion-item\">\n\t\t\t\t\t<div id=\"elementor-tab-title-1841\" class=\"elementor-tab-title\" data-tab=\"1\" role=\"button\" aria-controls=\"elementor-tab-content-1841\" aria-expanded=\"false\">\n\t\t\t\t\t\t\t\t\t\t\t\t\t<span class=\"elementor-accordion-icon elementor-accordion-icon-left\" aria-hidden=\"true\">\n\t\t\t\t\t\t\t\t\t\t\t\t\t\t\t<span class=\"elementor-accordion-icon-closed\"><i class=\"fas fa-plus\"><\/i><\/span>\n\t\t\t\t\t\t\t\t<span class=\"elementor-accordion-icon-opened\"><i class=\"fas fa-minus\"><\/i><\/span>\n\t\t\t\t\t\t\t\t\t\t\t\t\t\t<\/span>\n\t\t\t\t\t\t\t\t\t\t\t\t<a class=\"elementor-accordion-title\" tabindex=\"0\">CHAMADA INTERNA PARA SELE\u00c7\u00c3O DE INSTRUTORES 2025<\/a>\n\t\t\t\t\t<\/div>\n\t\t\t\t\t<div id=\"elementor-tab-content-1841\" class=\"elementor-tab-content elementor-clearfix\" data-tab=\"1\" role=\"region\" aria-labelledby=\"elementor-tab-title-1841\"><p>A Pr\u00f3-Reitoria de Gest\u00e3o de Pessoas da Universidade Federal do Amap\u00e1, com base em suas atribui\u00e7\u00f5es legais e estatut\u00e1rias, torna p\u00fablico o lan\u00e7amento da CHAMADA INTERNA DE INSTRUTORES, com o objetivo de selecionar instrutores para as A\u00e7\u00f5es de Capacita\u00e7\u00e3o (AC) oferecidas pela Divis\u00e3o de Capacita\u00e7\u00e3o e Educa\u00e7\u00e3o Profissional (DCEP), de acordo com o Plano de Desenvolvimento de Pessoas (PDP) da UNIFAP para o ano de 2025. As normas e condi\u00e7\u00f5es para participa\u00e7\u00e3o podem ser encontradas no Edital correspondente.<\/p><ul><li style=\"list-style-type: none\"><ul><li><a href=\"http:\/\/www2.unifap.br\/drh\/files\/2025\/08\/EDITAL-01-2025-SELECAO-DE-INSTRUTORES-PROGEP.docx.pdf\">EDITAL-01-2025-SELECAO-DE-INSTRUTORES-PROGEP<\/a><\/li><li><a href=\"http:\/\/www2.unifap.br\/drh\/files\/2025\/08\/RETIFICACAO-DO-EDITAL-2.pdf\">RETIFICA\u00c7\u00c3O DO EDITAL<\/a><\/li><li><a href=\"http:\/\/www2.unifap.br\/drh\/files\/2025\/08\/2\u00b0-RETIFICACAO-DO-EDITAL-2.pdf\">2\u00b0 RETIFICACAO DO EDITAL<\/a><\/li><li><a href=\"http:\/\/www2.unifap.br\/drh\/files\/2025\/08\/RESULTADO-PRELIMINAR-1-7.pdf\">RESULTADO PRELIMINAR<\/a><\/li><li><a href=\"http:\/\/www2.unifap.br\/drh\/files\/2025\/08\/RESULTADO-FINAL.pdf\">RESULTADO FINAL<\/a><\/li><\/ul><\/li><\/ul><\/div>\n\t\t\t\t<\/div>\n\t\t\t\t\t\t\t<div class=\"elementor-accordion-item\">\n\t\t\t\t\t<div id=\"elementor-tab-title-1842\" class=\"elementor-tab-title\" data-tab=\"2\" role=\"button\" aria-controls=\"elementor-tab-content-1842\" aria-expanded=\"false\">\n\t\t\t\t\t\t\t\t\t\t\t\t\t<span class=\"elementor-accordion-icon elementor-accordion-icon-left\" aria-hidden=\"true\">\n\t\t\t\t\t\t\t\t\t\t\t\t\t\t\t<span class=\"elementor-accordion-icon-closed\"><i class=\"fas fa-plus\"><\/i><\/span>\n\t\t\t\t\t\t\t\t<span class=\"elementor-accordion-icon-opened\"><i class=\"fas fa-minus\"><\/i><\/span>\n\t\t\t\t\t\t\t\t\t\t\t\t\t\t<\/span>\n\t\t\t\t\t\t\t\t\t\t\t\t<a class=\"elementor-accordion-title\" tabindex=\"0\">CHAMADA INTERNA PARA SELE\u00c7\u00c3O DE INSTRUTORES 2024<\/a>\n\t\t\t\t\t<\/div>\n\t\t\t\t\t<div id=\"elementor-tab-content-1842\" class=\"elementor-tab-content elementor-clearfix\" data-tab=\"2\" role=\"region\" aria-labelledby=\"elementor-tab-title-1842\"><p>A Pr\u00f3-Reitoria de Gest\u00e3o de Pessoas da Universidade Federal do Amap\u00e1, com base em suas atribui\u00e7\u00f5es legais e estatut\u00e1rias, torna p\u00fablico o lan\u00e7amento da CHAMADA INTERNA DE INSTRUTORES, com o objetivo de selecionar instrutores para as A\u00e7\u00f5es de Capacita\u00e7\u00e3o (AC) oferecidas pela Divis\u00e3o de Capacita\u00e7\u00e3o e Educa\u00e7\u00e3o Profissional (DCEP), de acordo com o Plano de Desenvolvimento de Pessoas (PDP) da UNIFAP para o ano de 2024. As normas e condi\u00e7\u00f5es para participa\u00e7\u00e3o podem ser encontradas no Edital correspondente.<\/p><ul><li style=\"list-style-type: none\"><ul><li><a href=\"http:\/\/www2.unifap.br\/drh\/files\/2024\/07\/EDITAL-01-2024-SELECAO-DE-INSTRUTORES-PROGEP.pdf\" target=\"_blank\" rel=\"noopener\">EDITAL 01 &#8211; 2024 &#8211; PROGEP CHAMADA INTERNA PARA INSTRUTORIA NOS CURSOS DE CAPACITA\u00c7\u00c3O DA UNIVERSIDADE FEDERAL DO AMAP\u00c1<\/a><\/li><li><a href=\"http:\/\/www2.unifap.br\/drh\/files\/2024\/08\/RETIFICACAO-EDITAL-01-2024-SELECAO-DE-INSTRUTORES-PROGEP-16-07-2024.pdf\">RETIFICA\u00c7\u00c3O EDITAL-01-2024-SELECAO-DE-INSTRUTORES-PROGEP <\/a><\/li><li><a href=\"http:\/\/www2.unifap.br\/drh\/files\/2024\/08\/RESULTADO-PRELIMINAR-CHAMADA-DE-INSTRUTORES-INTERNOS-2024.docx-1.pdf\">RESULTADO PRELIMINAR-CHAMADA-DE-INSTRUTORES INTERNOS-2024<\/a><\/li><li><a href=\"http:\/\/www2.unifap.br\/drh\/files\/2024\/08\/RESULTADO-FINAL-CHAMADA-DE-INSTRUTORES-INTERNOS-2024.docx-1.pdf\">RESULTADO FINAL-CHAMADA-DE-INSTRUTORES\u00a0INTERNOS-2024.docx (1)<\/a><\/li><\/ul><\/li><\/ul><\/div>\n\t\t\t\t<\/div>\n\t\t\t\t\t\t\t<div class=\"elementor-accordion-item\">\n\t\t\t\t\t<div id=\"elementor-tab-title-1843\" class=\"elementor-tab-title\" data-tab=\"3\" role=\"button\" aria-controls=\"elementor-tab-content-1843\" aria-expanded=\"false\">\n\t\t\t\t\t\t\t\t\t\t\t\t\t<span class=\"elementor-accordion-icon elementor-accordion-icon-left\" aria-hidden=\"true\">\n\t\t\t\t\t\t\t\t\t\t\t\t\t\t\t<span class=\"elementor-accordion-icon-closed\"><i class=\"fas fa-plus\"><\/i><\/span>\n\t\t\t\t\t\t\t\t<span class=\"elementor-accordion-icon-opened\"><i class=\"fas fa-minus\"><\/i><\/span>\n\t\t\t\t\t\t\t\t\t\t\t\t\t\t<\/span>\n\t\t\t\t\t\t\t\t\t\t\t\t<a class=\"elementor-accordion-title\" tabindex=\"0\">CHAMADA INTERNA PARA SELE\u00c7\u00c3O DE INSTRUTORES 2021 <\/a>\n\t\t\t\t\t<\/div>\n\t\t\t\t\t<div id=\"elementor-tab-content-1843\" class=\"elementor-tab-content elementor-clearfix\" data-tab=\"3\" role=\"region\" aria-labelledby=\"elementor-tab-title-1843\"><ul><li><strong>\u00a0<a href=\"http:\/\/www2.unifap.br\/drh\/files\/2021\/04\/EDITAL_CHAMADA-INTERNA-PARA-INSTRUTORES_DE_CURSOS_EAD_2021.pdf\">EDITAL_CHAMADA-INTERNA-PARA-INSTRUTORES_2021<\/a><\/strong><\/li><\/ul><ul><li><strong><a href=\"http:\/\/www2.unifap.br\/drh\/files\/2021\/04\/RESULTADO-CHAMADA-DE-INSTRUTORES-2021.pdf\">RESULTADO PARCIAL CHAMADA DE INSTRUTORES 2021<\/a><\/strong><\/li><\/ul><ul><li><strong><a href=\"http:\/\/www2.unifap.br\/drh\/files\/2021\/05\/RESULTADO-RETIFICADO-CHAMADA-DE-INSTRUTORES-2021.pdf\">RESULTADO RETIFICADO CHAMADA DE INSTRUTORES 2021\u00a0<\/a><\/strong><\/li><\/ul><\/div>\n\t\t\t\t<\/div>\n\t\t\t\t\t\t\t<div class=\"elementor-accordion-item\">\n\t\t\t\t\t<div id=\"elementor-tab-title-1844\" class=\"elementor-tab-title\" data-tab=\"4\" role=\"button\" aria-controls=\"elementor-tab-content-1844\" aria-expanded=\"false\">\n\t\t\t\t\t\t\t\t\t\t\t\t\t<span class=\"elementor-accordion-icon elementor-accordion-icon-left\" aria-hidden=\"true\">\n\t\t\t\t\t\t\t\t\t\t\t\t\t\t\t<span class=\"elementor-accordion-icon-closed\"><i class=\"fas fa-plus\"><\/i><\/span>\n\t\t\t\t\t\t\t\t<span class=\"elementor-accordion-icon-opened\"><i class=\"fas fa-minus\"><\/i><\/span>\n\t\t\t\t\t\t\t\t\t\t\t\t\t\t<\/span>\n\t\t\t\t\t\t\t\t\t\t\t\t<a class=\"elementor-accordion-title\" tabindex=\"0\">CHAMADA INTERNA PARA SELE\u00c7\u00c3O DE INSTRUTORES 2022<\/a>\n\t\t\t\t\t<\/div>\n\t\t\t\t\t<div id=\"elementor-tab-content-1844\" class=\"elementor-tab-content elementor-clearfix\" data-tab=\"4\" role=\"region\" aria-labelledby=\"elementor-tab-title-1844\"><p>A Universidade Federal do Amap\u00e1, por meio da Pr\u00f3-Reitoria de Gest\u00e3o de Pessoas no uso de suas atribui\u00e7\u00f5es, tendo em vista ainda o cen\u00e1rio da Pandemia do novo Coronav\u00edrus (COVID-19), e como estrat\u00e9gia de aproveitamento e potencializa\u00e7\u00e3o da For\u00e7a de Trabalho dos Professores e T\u00e9cnicos desta IFES e em cumprimento ao Plano de Desenvolvimento de Pessoas (PDP UNIFAP\/2022), torna p\u00fablica a CHAMADAINTERNA DE INSTRUTORES para promo\u00e7\u00e3o de Cursos de Capacita\u00e7\u00e3o na modalidade a dist\u00e2ncia, destinados aos Servidores da Universidade Federal do Amap\u00e1.<\/p><ul><li><a href=\"http:\/\/www2.unifap.br\/drh\/files\/2022\/05\/EDITAL-01-2022-PROGEP-CHAMADA-INTERNA-PARA-INSTRUTORES-DE-CURSOS-DE-CAPACITACAO-EAD-1.pdf\">EDITAL 01 &#8211; 2022 &#8211; PROGEP CHAMADA INTERNA PARA INSTRUTORES DE CURSOS DE CAPACITA\u00c7\u00c3O EAD<\/a><\/li><li><a href=\"http:\/\/www2.unifap.br\/drh\/files\/2022\/05\/RETIFICACAO-DO-EDITAL-No-01.pdf\">RETIFICA\u00c7\u00c3O DO EDITAL N\u00ba 01<\/a><\/li><li><a href=\"http:\/\/www2.unifap.br\/drh\/files\/2022\/05\/1652101080114_RETIFICACAO-2-DO-EDITAL-No-01.pdf\">RETIFICA\u00c7\u00c3O 2 DO EDITAL N\u00ba 01<\/a><\/li><li><a href=\"http:\/\/www2.unifap.br\/drh\/files\/2022\/05\/RESULTADO-PRELIMINAR-CHAMADA-DE-INSTRUTORES.pdf\">RESULTADO PRELIMINAR-CHAMADA-DE-INSTRUTORES<\/a><\/li><li><a href=\"http:\/\/www2.unifap.br\/drh\/files\/2022\/05\/RETIFICACAO-DO-RESULTADO-PRELIMINAR.pdf\">RETIFICA\u00c7\u00c3O DO RESULTADO PRELIMINAR<\/a><\/li><\/ul><\/div>\n\t\t\t\t<\/div>\n\t\t\t\t\t\t\t<div class=\"elementor-accordion-item\">\n\t\t\t\t\t<div id=\"elementor-tab-title-1845\" class=\"elementor-tab-title\" data-tab=\"5\" role=\"button\" aria-controls=\"elementor-tab-content-1845\" aria-expanded=\"false\">\n\t\t\t\t\t\t\t\t\t\t\t\t\t<span class=\"elementor-accordion-icon elementor-accordion-icon-left\" aria-hidden=\"true\">\n\t\t\t\t\t\t\t\t\t\t\t\t\t\t\t<span class=\"elementor-accordion-icon-closed\"><i class=\"fas fa-plus\"><\/i><\/span>\n\t\t\t\t\t\t\t\t<span class=\"elementor-accordion-icon-opened\"><i class=\"fas fa-minus\"><\/i><\/span>\n\t\t\t\t\t\t\t\t\t\t\t\t\t\t<\/span>\n\t\t\t\t\t\t\t\t\t\t\t\t<a class=\"elementor-accordion-title\" tabindex=\"0\">CHAMADA INTERNA PARA SELE\u00c7\u00c3O DE INSTRUTORES 2023<\/a>\n\t\t\t\t\t<\/div>\n\t\t\t\t\t<div id=\"elementor-tab-content-1845\" class=\"elementor-tab-content elementor-clearfix\" data-tab=\"5\" role=\"region\" aria-labelledby=\"elementor-tab-title-1845\"><p style=\"text-align: justify\"><span id=\"page3R_mcid10\" class=\"markedContent\"><span dir=\"ltr\" role=\"presentation\">A Pr\u00f3-Reitoria de Gest\u00e3o de Pessoas da Universidade Federal do Amap\u00e1<\/span> <span dir=\"ltr\" role=\"presentation\">no uso de <\/span><span dir=\"ltr\" role=\"presentation\">suas atribui\u00e7\u00f5es legais e estatut\u00e1rias, torna p\u00fablica a abertura da CHAMADA <\/span><span dir=\"ltr\" role=\"presentation\">INTERNA DE INSTRUTORES, com vistas \u00e0 habilita\u00e7\u00e3o de Instrutores para as A\u00e7\u00f5es de <\/span><span dir=\"ltr\" role=\"presentation\">Capacita\u00e7\u00e3o (AC) ofertados pela Divis\u00e3o de Capacita\u00e7\u00e3o e Educa\u00e7\u00e3o Profissional <\/span><span dir=\"ltr\" role=\"presentation\">(DCEP), segundo o Plano de Desenvolvimento de Pessoas (PDP) da UNIFAP no ano de <\/span><span dir=\"ltr\" role=\"presentation\">2023, e de acordo com as normas e condi\u00e7\u00f5es estabelecidas no Edital.<\/span><\/span><\/p><p><a href=\"http:\/\/www2.unifap.br\/drh\/files\/2023\/05\/EDITAL-01-2023-SELECAO-DE-INSTRUTORES-PROGEP.pdf\">EDITAL-01-2023-SELECAO-DE-INSTRUTORES-PROGEP<\/a><\/p><p><a href=\"http:\/\/www2.unifap.br\/drh\/files\/2023\/05\/1683667633104_RESULTADO-PRELIMINAR-CHAMADA-DE-INSTRUTORES-INTERNOS-2023-1.pdf\">RESULTADO PRELIMINAR-CHAMADA-DE-INSTRUTORES INTERNOS-2023<\/a><\/p><p><a href=\"http:\/\/www2.unifap.br\/drh\/files\/2023\/05\/RESULTADO-FINAL-CHAMADA-DE-INSTRUTORES-INTERNOS-2023.pdf\">RESULTADO FINAL -CHAMADA-DE-INSTRUTORES INTERNOS-2023<\/a><\/p><\/div>\n\t\t\t\t<\/div>\n\t\t\t\t\t\t\t\t<\/div>\n\t\t\t\t\t\t<\/div>\n\t\t\t\t<\/div>\n\t\t\t\t\t<\/div>\n\t\t<\/div>\n\t\t\t\t\t<\/div>\n\t\t<\/section>\n\t\t\t\t<\/div>\n\t\t","protected":false},"excerpt":{"rendered":"<p>SELE\u00c7\u00c3O DE INSTRUTORES PROGEP CHAMADA INTERNA PARA SELE\u00c7\u00c3O DE INSTRUTORES 2025 A Pr\u00f3-Reitoria de Gest\u00e3o de Pessoas da Universidade Federal do Amap\u00e1, com base em suas atribui\u00e7\u00f5es legais e estatut\u00e1rias, torna p\u00fablico o lan\u00e7amento da CHAMADA INTERNA DE INSTRUTORES, com o objetivo de selecionar instrutores para as A\u00e7\u00f5es de Capacita\u00e7\u00e3o (AC) oferecidas pela Divis\u00e3o de&#8230;<\/p>\n","protected":false},"author":3852,"featured_media":0,"parent":0,"menu_order":0,"comment_status":"closed","ping_status":"closed","template":"","meta":{"inline_featured_image":false,"ngg_post_thumbnail":0,"footnotes":""},"class_list":["post-15805","page","type-page","status-publish","hentry","entry"],"_links":{"self":[{"href":"https:\/\/www2.unifap.br\/drh\/wp-json\/wp\/v2\/pages\/15805","targetHints":{"allow":["GET"]}}],"collection":[{"href":"https:\/\/www2.unifap.br\/drh\/wp-json\/wp\/v2\/pages"}],"about":[{"href":"https:\/\/www2.unifap.br\/drh\/wp-json\/wp\/v2\/types\/page"}],"author":[{"embeddable":true,"href":"https:\/\/www2.unifap.br\/drh\/wp-json\/wp\/v2\/users\/3852"}],"replies":[{"embeddable":true,"href":"https:\/\/www2.unifap.br\/drh\/wp-json\/wp\/v2\/comments?post=15805"}],"version-history":[{"count":58,"href":"https:\/\/www2.unifap.br\/drh\/wp-json\/wp\/v2\/pages\/15805\/revisions"}],"predecessor-version":[{"id":20149,"href":"https:\/\/www2.unifap.br\/drh\/wp-json\/wp\/v2\/pages\/15805\/revisions\/20149"}],"wp:attachment":[{"href":"https:\/\/www2.unifap.br\/drh\/wp-json\/wp\/v2\/media?parent=15805"}],"curies":[{"name":"wp","href":"https:\/\/api.w.org\/{rel}","templated":true}]}}