{"id":15877,"date":"2023-01-19T19:59:22","date_gmt":"2023-01-19T19:59:22","guid":{"rendered":"https:\/\/www2.unifap.br\/drh\/?page_id=15877"},"modified":"2025-09-29T14:30:35","modified_gmt":"2025-09-29T17:30:35","slug":"clube-de-vantagens-2","status":"publish","type":"page","link":"https:\/\/www2.unifap.br\/drh\/clube-de-vantagens-2\/","title":{"rendered":"CLUBE DE VANTAGENS"},"content":{"rendered":"\t\t<div data-elementor-type=\"wp-page\" data-elementor-id=\"15877\" class=\"elementor elementor-15877\">\n\t\t\t\t\t\t<section class=\"elementor-section elementor-top-section elementor-element elementor-element-4b17bda6 elementor-section-full_width elementor-section-height-default elementor-section-height-default\" data-id=\"4b17bda6\" data-element_type=\"section\" data-e-type=\"section\">\n\t\t\t\t\t\t<div class=\"elementor-container elementor-column-gap-no\">\n\t\t\t\t\t<div class=\"elementor-column elementor-col-50 elementor-top-column elementor-element elementor-element-15fd61fd\" data-id=\"15fd61fd\" data-element_type=\"column\" data-e-type=\"column\">\n\t\t\t<div class=\"elementor-widget-wrap elementor-element-populated\">\n\t\t\t\t\t\t<div class=\"elementor-element elementor-element-299870ca elementor-widget elementor-widget-heading\" data-id=\"299870ca\" data-element_type=\"widget\" data-e-type=\"widget\" data-widget_type=\"heading.default\">\n\t\t\t\t<div class=\"elementor-widget-container\">\n\t\t\t\t\t<h2 class=\"elementor-heading-title elementor-size-default\">Conhe\u00e7a nosso Clube de Vantagens<\/h2>\t\t\t\t<\/div>\n\t\t\t\t<\/div>\n\t\t\t\t<div class=\"elementor-element elementor-element-8b6d26b elementor-widget elementor-widget-toggle\" data-id=\"8b6d26b\" data-element_type=\"widget\" data-e-type=\"widget\" data-widget_type=\"toggle.default\">\n\t\t\t\t<div class=\"elementor-widget-container\">\n\t\t\t\t\t\t\t<div class=\"elementor-toggle\">\n\t\t\t\t\t\t\t<div class=\"elementor-toggle-item\">\n\t\t\t\t\t<div id=\"elementor-tab-title-1461\" class=\"elementor-tab-title\" data-tab=\"1\" role=\"button\" aria-controls=\"elementor-tab-content-1461\" aria-expanded=\"false\">\n\t\t\t\t\t\t\t\t\t\t\t\t<span class=\"elementor-toggle-icon elementor-toggle-icon-left\" aria-hidden=\"true\">\n\t\t\t\t\t\t\t\t\t\t\t\t\t\t\t<span class=\"elementor-toggle-icon-closed\"><i class=\"fas fa-caret-right\"><\/i><\/span>\n\t\t\t\t\t\t\t\t<span class=\"elementor-toggle-icon-opened\"><i class=\"elementor-toggle-icon-opened fas fa-caret-up\"><\/i><\/span>\n\t\t\t\t\t\t\t\t\t\t\t\t\t<\/span>\n\t\t\t\t\t\t\t\t\t\t\t\t<a class=\"elementor-toggle-title\" tabindex=\"0\">EDITAL - Clique Aqui.<\/a>\n\t\t\t\t\t<\/div>\n\n\t\t\t\t\t<div id=\"elementor-tab-content-1461\" class=\"elementor-tab-content elementor-clearfix\" data-tab=\"1\" role=\"region\" aria-labelledby=\"elementor-tab-title-1461\"><p><a href=\"http:\/\/www2.unifap.br\/drh\/files\/2025\/09\/Edital-Clube-de-Vantagens-2025.docx.pdf\">Edital Clube de Vantagens-2025<\/a><\/p><p><a href=\"http:\/\/www2.unifap.br\/drh\/files\/2025\/09\/Edital-Clube-de-Vantagens-2025-2.docx\">Edital Clube de Vantagens 2025.docx<\/a><\/p><\/div>\n\t\t\t\t<\/div>\n\t\t\t\t\t\t\t\t<\/div>\n\t\t\t\t\t\t<\/div>\n\t\t\t\t<\/div>\n\t\t\t\t<div class=\"elementor-element elementor-element-2f993e3 elementor-widget elementor-widget-image\" data-id=\"2f993e3\" data-element_type=\"widget\" data-e-type=\"widget\" data-widget_type=\"image.default\">\n\t\t\t\t<div class=\"elementor-widget-container\">\n\t\t\t\t\t\t\t\t\t\t\t\t\t\t\t\t<a href=\"http:\/\/www2.unifap.br\/drh\/files\/2025\/09\/Post-instagram-dia-do-cliente-promocao-cupom-3d-colorido-azul-e-verde.png\" data-elementor-open-lightbox=\"yes\" data-e-action-hash=\"#elementor-action%3Aaction%3Dlightbox%26settings%3DeyJpZCI6IjIwMjA4IiwidXJsIjoiaHR0cHM6XC9cL3d3dzIudW5pZmFwLmJyXC9kcmhcL2ZpbGVzXC8yMDI1XC8wOVwvUG9zdC1pbnN0YWdyYW0tZGlhLWRvLWNsaWVudGUtcHJvbW9jYW8tY3Vwb20tM2QtY29sb3JpZG8tYXp1bC1lLXZlcmRlLnBuZyJ9\">\n\t\t\t\t\t\t\t<img fetchpriority=\"high\" decoding=\"async\" width=\"819\" height=\"1024\" src=\"https:\/\/www2.unifap.br\/drh\/files\/2025\/09\/Post-instagram-dia-do-cliente-promocao-cupom-3d-colorido-azul-e-verde-819x1024.png\" class=\"attachment-large size-large wp-image-20208\" alt=\"\" srcset=\"https:\/\/www2.unifap.br\/drh\/files\/2025\/09\/Post-instagram-dia-do-cliente-promocao-cupom-3d-colorido-azul-e-verde-819x1024.png 819w, https:\/\/www2.unifap.br\/drh\/files\/2025\/09\/Post-instagram-dia-do-cliente-promocao-cupom-3d-colorido-azul-e-verde-240x300.png 240w, https:\/\/www2.unifap.br\/drh\/files\/2025\/09\/Post-instagram-dia-do-cliente-promocao-cupom-3d-colorido-azul-e-verde-768x960.png 768w, https:\/\/www2.unifap.br\/drh\/files\/2025\/09\/Post-instagram-dia-do-cliente-promocao-cupom-3d-colorido-azul-e-verde.png 1080w\" sizes=\"(max-width: 819px) 100vw, 819px\" \/>\t\t\t\t\t\t\t\t<\/a>\n\t\t\t\t\t\t\t\t\t\t\t\t\t\t\t<\/div>\n\t\t\t\t<\/div>\n\t\t\t\t\t<\/div>\n\t\t<\/div>\n\t\t\t\t<div class=\"elementor-column elementor-col-50 elementor-top-column elementor-element elementor-element-4e97355a\" data-id=\"4e97355a\" data-element_type=\"column\" data-e-type=\"column\">\n\t\t\t<div class=\"elementor-widget-wrap elementor-element-populated\">\n\t\t\t\t\t\t<section class=\"elementor-section elementor-inner-section elementor-element elementor-element-1a38b313 elementor-section-full_width elementor-section-height-default elementor-section-height-default\" data-id=\"1a38b313\" data-element_type=\"section\" data-e-type=\"section\">\n\t\t\t\t\t\t<div class=\"elementor-container elementor-column-gap-no\">\n\t\t\t\t\t<div class=\"elementor-column elementor-col-50 elementor-inner-column elementor-element elementor-element-619ae710\" data-id=\"619ae710\" data-element_type=\"column\" data-e-type=\"column\">\n\t\t\t<div class=\"elementor-widget-wrap elementor-element-populated\">\n\t\t\t\t\t\t<div class=\"elementor-element elementor-element-75d70651 elementor-position-top elementor-widget elementor-widget-image-box\" data-id=\"75d70651\" data-element_type=\"widget\" data-e-type=\"widget\" data-widget_type=\"image-box.default\">\n\t\t\t\t<div class=\"elementor-widget-container\">\n\t\t\t\t\t<div class=\"elementor-image-box-wrapper\"><figure class=\"elementor-image-box-img\"><a href=\"#\" tabindex=\"-1\"><img decoding=\"async\" width=\"1080\" height=\"1080\" src=\"https:\/\/www2.unifap.br\/drh\/files\/2023\/01\/1.png\" class=\"elementor-animation-grow attachment-full size-full wp-image-15892\" alt=\"\" \/><\/a><\/figure><div class=\"elementor-image-box-content\"><h4 class=\"elementor-image-box-title\"><a href=\"#\">Conhe\u00e7a nossos Parceiros!<\/a><\/h4><\/div><\/div>\t\t\t\t<\/div>\n\t\t\t\t<\/div>\n\t\t\t\t<div class=\"elementor-element elementor-element-6612fc2 elementor-widget elementor-widget-accordion\" data-id=\"6612fc2\" data-element_type=\"widget\" data-e-type=\"widget\" data-widget_type=\"accordion.default\">\n\t\t\t\t<div class=\"elementor-widget-container\">\n\t\t\t\t\t\t\t<div class=\"elementor-accordion\">\n\t\t\t\t\t\t\t<div class=\"elementor-accordion-item\">\n\t\t\t\t\t<div id=\"elementor-tab-title-1071\" class=\"elementor-tab-title\" data-tab=\"1\" role=\"button\" aria-controls=\"elementor-tab-content-1071\" aria-expanded=\"false\">\n\t\t\t\t\t\t\t\t\t\t\t\t\t<span class=\"elementor-accordion-icon elementor-accordion-icon-left\" aria-hidden=\"true\">\n\t\t\t\t\t\t\t\t\t\t\t\t\t\t\t<span class=\"elementor-accordion-icon-closed\"><i class=\"fas fa-plus\"><\/i><\/span>\n\t\t\t\t\t\t\t\t<span class=\"elementor-accordion-icon-opened\"><i class=\"fas fa-minus\"><\/i><\/span>\n\t\t\t\t\t\t\t\t\t\t\t\t\t\t<\/span>\n\t\t\t\t\t\t\t\t\t\t\t\t<a class=\"elementor-accordion-title\" tabindex=\"0\">Educa\u00e7\u00e3o e Idiomas<\/a>\n\t\t\t\t\t<\/div>\n\t\t\t\t\t<div id=\"elementor-tab-content-1071\" class=\"elementor-tab-content elementor-clearfix\" data-tab=\"1\" role=\"region\" aria-labelledby=\"elementor-tab-title-1071\"><p style=\"text-align: justify\">A Universidade Federal do Amap\u00e1 &#8211; UNIFAP, por meio da Pr\u00f3-Reitoria de Gest\u00e3o de Pessoas &#8211; PROGEP, informa as parcerias que concedem descontos, vantagens e servi\u00e7os aos servidores desta IFE.<\/p><p><a href=\"http:\/\/www2.unifap.br\/drh\/files\/2023\/01\/CLUBE-DE-VANTAGENS_COLEGIO-SANTA-BARTOLOMEA-CAPITANIO.pdf\">COL\u00c9GIO SANTA BARTOLOMEA CAPITANIO<\/a><\/p><p><a href=\"http:\/\/www2.unifap.br\/drh\/files\/2023\/01\/CLUBE-DE-VANTAGENS_COLEGIO-MAXIMUS-2023.pdf\">COL\u00c9GIO MAXIMUS<\/a><\/p><p><a href=\"http:\/\/www2.unifap.br\/drh\/files\/2023\/01\/CLUBE-DE-VANTAGENS_INSTITUTO-EDUCACIONAL-CULTIVAR.pdf\">INSTITUTO EDUCACIONAL CULTIVAR<\/a><\/p><p><a href=\"http:\/\/www2.unifap.br\/drh\/files\/2023\/01\/INTERGENIUS-2023.pdf\">COL\u00c9GIO INTERGENIUS<\/a><\/p><p><a href=\"http:\/\/www2.unifap.br\/drh\/files\/2023\/02\/CamScanner-01-27-2023-11.09.pdf\">COL\u00c9GIO EQUIPE<\/a><\/p><p><a href=\"http:\/\/www2.unifap.br\/drh\/files\/2023\/11\/CONVENIO_026-2023_-_UNIFAP_assinado-1.pdf\">SESI<\/a><\/p><p>COL\u00c9GIO ADVENTISTA<\/p><p><a href=\"http:\/\/www2.unifap.br\/drh\/files\/2023\/02\/Documento-Jamaira.pdf\">FISK &#8211; IDIOMAS<\/a><\/p><p><a href=\"http:\/\/www2.unifap.br\/drh\/files\/2023\/02\/Edital-Clube-de-Vantagens-2023-Minds-Macapa\u0301.pdf\">MINDS &#8211; IDIOMAS<\/a><\/p><p><a href=\"http:\/\/www2.unifap.br\/drh\/files\/2024\/01\/EDITAL-OFICIAL_CLUBE-DE-VANTAGENS_2024-UNIFAP-completo.pdf\">MAPEL CENTER PAPELARIA<\/a><\/p><\/div>\n\t\t\t\t<\/div>\n\t\t\t\t\t\t\t\t<\/div>\n\t\t\t\t\t\t<\/div>\n\t\t\t\t<\/div>\n\t\t\t\t\t<\/div>\n\t\t<\/div>\n\t\t\t\t<div class=\"elementor-column elementor-col-50 elementor-inner-column elementor-element elementor-element-5a5ff96c\" data-id=\"5a5ff96c\" data-element_type=\"column\" data-e-type=\"column\">\n\t\t\t<div class=\"elementor-widget-wrap elementor-element-populated\">\n\t\t\t\t\t\t<div class=\"elementor-element elementor-element-4550e36c elementor-position-top elementor-widget elementor-widget-image-box\" data-id=\"4550e36c\" data-element_type=\"widget\" data-e-type=\"widget\" data-widget_type=\"image-box.default\">\n\t\t\t\t<div class=\"elementor-widget-container\">\n\t\t\t\t\t<div class=\"elementor-image-box-wrapper\"><figure class=\"elementor-image-box-img\"><a href=\"#\" tabindex=\"-1\"><img decoding=\"async\" width=\"1080\" height=\"1080\" src=\"https:\/\/www2.unifap.br\/drh\/files\/2023\/01\/2-1.png\" class=\"elementor-animation-grow attachment-full size-full wp-image-15893\" alt=\"\" \/><\/a><\/figure><div class=\"elementor-image-box-content\"><h4 class=\"elementor-image-box-title\"><a href=\"#\">Conhe\u00e7a Nossos Parceiros!<\/a><\/h4><\/div><\/div>\t\t\t\t<\/div>\n\t\t\t\t<\/div>\n\t\t\t\t<div class=\"elementor-element elementor-element-1c9066e elementor-widget elementor-widget-accordion\" data-id=\"1c9066e\" data-element_type=\"widget\" data-e-type=\"widget\" data-widget_type=\"accordion.default\">\n\t\t\t\t<div class=\"elementor-widget-container\">\n\t\t\t\t\t\t\t<div class=\"elementor-accordion\">\n\t\t\t\t\t\t\t<div class=\"elementor-accordion-item\">\n\t\t\t\t\t<div id=\"elementor-tab-title-2991\" class=\"elementor-tab-title\" data-tab=\"1\" role=\"button\" aria-controls=\"elementor-tab-content-2991\" aria-expanded=\"false\">\n\t\t\t\t\t\t\t\t\t\t\t\t\t<span class=\"elementor-accordion-icon elementor-accordion-icon-left\" aria-hidden=\"true\">\n\t\t\t\t\t\t\t\t\t\t\t\t\t\t\t<span class=\"elementor-accordion-icon-closed\"><i class=\"fas fa-plus\"><\/i><\/span>\n\t\t\t\t\t\t\t\t<span class=\"elementor-accordion-icon-opened\"><i class=\"fas fa-minus\"><\/i><\/span>\n\t\t\t\t\t\t\t\t\t\t\t\t\t\t<\/span>\n\t\t\t\t\t\t\t\t\t\t\t\t<a class=\"elementor-accordion-title\" tabindex=\"0\">Sa\u00fade<\/a>\n\t\t\t\t\t<\/div>\n\t\t\t\t\t<div id=\"elementor-tab-content-2991\" class=\"elementor-tab-content elementor-clearfix\" data-tab=\"1\" role=\"region\" aria-labelledby=\"elementor-tab-title-2991\"><p>A Universidade Federal do Amap\u00e1 &#8211; UNIFAP, por meio da Pr\u00f3-Reitoria de Gest\u00e3o de Pessoas &#8211; PROGEP, informa as parcerias que concedem descontos, vantagens e servi\u00e7os aos servidores desta IFE.<\/p><\/div>\n\t\t\t\t<\/div>\n\t\t\t\t\t\t\t\t<\/div>\n\t\t\t\t\t\t<\/div>\n\t\t\t\t<\/div>\n\t\t\t\t\t<\/div>\n\t\t<\/div>\n\t\t\t\t\t<\/div>\n\t\t<\/section>\n\t\t\t\t<section class=\"elementor-section elementor-inner-section elementor-element elementor-element-27621a7e elementor-section-full_width elementor-section-height-default elementor-section-height-default\" data-id=\"27621a7e\" data-element_type=\"section\" data-e-type=\"section\">\n\t\t\t\t\t\t<div class=\"elementor-container elementor-column-gap-no\">\n\t\t\t\t\t<div class=\"elementor-column elementor-col-50 elementor-inner-column elementor-element elementor-element-17214d2f\" data-id=\"17214d2f\" data-element_type=\"column\" data-e-type=\"column\">\n\t\t\t<div class=\"elementor-widget-wrap elementor-element-populated\">\n\t\t\t\t\t\t<div class=\"elementor-element elementor-element-4945e720 elementor-position-top elementor-widget elementor-widget-image-box\" data-id=\"4945e720\" data-element_type=\"widget\" data-e-type=\"widget\" data-widget_type=\"image-box.default\">\n\t\t\t\t<div class=\"elementor-widget-container\">\n\t\t\t\t\t<div class=\"elementor-image-box-wrapper\"><figure class=\"elementor-image-box-img\"><a href=\"#\" tabindex=\"-1\"><img loading=\"lazy\" decoding=\"async\" width=\"1080\" height=\"1080\" src=\"https:\/\/www2.unifap.br\/drh\/files\/2023\/01\/3.png\" class=\"elementor-animation-grow attachment-full size-full wp-image-15894\" alt=\"\" \/><\/a><\/figure><div class=\"elementor-image-box-content\"><h4 class=\"elementor-image-box-title\"><a href=\"#\">Conhe\u00e7a Nossos Parceiros!<\/a><\/h4><\/div><\/div>\t\t\t\t<\/div>\n\t\t\t\t<\/div>\n\t\t\t\t<div class=\"elementor-element elementor-element-0b8b353 elementor-widget elementor-widget-accordion\" data-id=\"0b8b353\" data-element_type=\"widget\" data-e-type=\"widget\" data-widget_type=\"accordion.default\">\n\t\t\t\t<div class=\"elementor-widget-container\">\n\t\t\t\t\t\t\t<div class=\"elementor-accordion\">\n\t\t\t\t\t\t\t<div class=\"elementor-accordion-item\">\n\t\t\t\t\t<div id=\"elementor-tab-title-1211\" class=\"elementor-tab-title\" data-tab=\"1\" role=\"button\" aria-controls=\"elementor-tab-content-1211\" aria-expanded=\"false\">\n\t\t\t\t\t\t\t\t\t\t\t\t\t<span class=\"elementor-accordion-icon elementor-accordion-icon-left\" aria-hidden=\"true\">\n\t\t\t\t\t\t\t\t\t\t\t\t\t\t\t<span class=\"elementor-accordion-icon-closed\"><i class=\"fas fa-plus\"><\/i><\/span>\n\t\t\t\t\t\t\t\t<span class=\"elementor-accordion-icon-opened\"><i class=\"fas fa-minus\"><\/i><\/span>\n\t\t\t\t\t\t\t\t\t\t\t\t\t\t<\/span>\n\t\t\t\t\t\t\t\t\t\t\t\t<a class=\"elementor-accordion-title\" tabindex=\"0\">Lazer\/Esporte<\/a>\n\t\t\t\t\t<\/div>\n\t\t\t\t\t<div id=\"elementor-tab-content-1211\" class=\"elementor-tab-content elementor-clearfix\" data-tab=\"1\" role=\"region\" aria-labelledby=\"elementor-tab-title-1211\"><p>A Universidade Federal do Amap\u00e1 &#8211; UNIFAP, por meio da Pr\u00f3-Reitoria de Gest\u00e3o de Pessoas &#8211; PROGEP, informa as parcerias que concedem descontos, vantagens e servi\u00e7os aos servidores desta IFE.<\/p><p><a href=\"http:\/\/www2.unifap.br\/drh\/files\/2023\/01\/CLUBE-DE-VANTAGENS_ACADEMIA-T30.pdf\">ACADEMIA T30<\/a><\/p><p><a href=\"http:\/\/www2.unifap.br\/drh\/files\/2023\/11\/UNIVERSIDADE-FEDERAL-DO-AMAPA\u0301.pdf\">FORT CROSS TRAINNING<\/a><\/p><\/div>\n\t\t\t\t<\/div>\n\t\t\t\t\t\t\t\t<\/div>\n\t\t\t\t\t\t<\/div>\n\t\t\t\t<\/div>\n\t\t\t\t\t<\/div>\n\t\t<\/div>\n\t\t\t\t<div class=\"elementor-column elementor-col-50 elementor-inner-column elementor-element elementor-element-71ba2789\" data-id=\"71ba2789\" data-element_type=\"column\" data-e-type=\"column\">\n\t\t\t<div class=\"elementor-widget-wrap elementor-element-populated\">\n\t\t\t\t\t\t<div class=\"elementor-element elementor-element-48ff0b7 elementor-position-top elementor-widget elementor-widget-image-box\" data-id=\"48ff0b7\" data-element_type=\"widget\" data-e-type=\"widget\" data-widget_type=\"image-box.default\">\n\t\t\t\t<div class=\"elementor-widget-container\">\n\t\t\t\t\t<div class=\"elementor-image-box-wrapper\"><figure class=\"elementor-image-box-img\"><a href=\"#\" tabindex=\"-1\"><img loading=\"lazy\" decoding=\"async\" width=\"1080\" height=\"1080\" src=\"https:\/\/www2.unifap.br\/drh\/files\/2023\/01\/4.png\" class=\"elementor-animation-grow attachment-full size-full wp-image-15895\" alt=\"\" \/><\/a><\/figure><div class=\"elementor-image-box-content\"><h4 class=\"elementor-image-box-title\"><a href=\"#\">Conhe\u00e7a Nossos Parceiros!<\/a><\/h4><\/div><\/div>\t\t\t\t<\/div>\n\t\t\t\t<\/div>\n\t\t\t\t<div class=\"elementor-element elementor-element-72ac107 elementor-widget elementor-widget-accordion\" data-id=\"72ac107\" data-element_type=\"widget\" data-e-type=\"widget\" data-widget_type=\"accordion.default\">\n\t\t\t\t<div class=\"elementor-widget-container\">\n\t\t\t\t\t\t\t<div class=\"elementor-accordion\">\n\t\t\t\t\t\t\t<div class=\"elementor-accordion-item\">\n\t\t\t\t\t<div id=\"elementor-tab-title-1201\" class=\"elementor-tab-title\" data-tab=\"1\" role=\"button\" aria-controls=\"elementor-tab-content-1201\" aria-expanded=\"false\">\n\t\t\t\t\t\t\t\t\t\t\t\t\t<span class=\"elementor-accordion-icon elementor-accordion-icon-left\" aria-hidden=\"true\">\n\t\t\t\t\t\t\t\t\t\t\t\t\t\t\t<span class=\"elementor-accordion-icon-closed\"><i class=\"fas fa-plus\"><\/i><\/span>\n\t\t\t\t\t\t\t\t<span class=\"elementor-accordion-icon-opened\"><i class=\"fas fa-minus\"><\/i><\/span>\n\t\t\t\t\t\t\t\t\t\t\t\t\t\t<\/span>\n\t\t\t\t\t\t\t\t\t\t\t\t<a class=\"elementor-accordion-title\" tabindex=\"0\">Alimeta\u00e7\u00e3o<\/a>\n\t\t\t\t\t<\/div>\n\t\t\t\t\t<div id=\"elementor-tab-content-1201\" class=\"elementor-tab-content elementor-clearfix\" data-tab=\"1\" role=\"region\" aria-labelledby=\"elementor-tab-title-1201\"><p>A Universidade Federal do Amap\u00e1 &#8211; UNIFAP, por meio da Pr\u00f3-Reitoria de Gest\u00e3o de Pessoas &#8211; PROGEP, informa as parcerias que concedem descontos, vantagens e servi\u00e7os aos servidores desta IFE.<\/p><\/div>\n\t\t\t\t<\/div>\n\t\t\t\t\t\t\t\t<\/div>\n\t\t\t\t\t\t<\/div>\n\t\t\t\t<\/div>\n\t\t\t\t\t<\/div>\n\t\t<\/div>\n\t\t\t\t\t<\/div>\n\t\t<\/section>\n\t\t\t\t\t<\/div>\n\t\t<\/div>\n\t\t\t\t\t<\/div>\n\t\t<\/section>\n\t\t\t\t<section class=\"elementor-section elementor-top-section elementor-element elementor-element-33dab0ac elementor-section-height-min-height elementor-section-content-middle elementor-section-full_width elementor-section-height-default elementor-section-items-middle\" data-id=\"33dab0ac\" data-element_type=\"section\" data-e-type=\"section\" data-settings=\"{&quot;background_background&quot;:&quot;classic&quot;}\">\n\t\t\t\t\t\t<div class=\"elementor-container elementor-column-gap-no\">\n\t\t\t\t\t<div class=\"elementor-column elementor-col-100 elementor-top-column elementor-element elementor-element-53e7514c\" data-id=\"53e7514c\" data-element_type=\"column\" data-e-type=\"column\">\n\t\t\t<div class=\"elementor-widget-wrap elementor-element-populated\">\n\t\t\t\t\t\t<div class=\"elementor-element elementor-element-75ac3fd elementor-widget elementor-widget-heading\" data-id=\"75ac3fd\" data-element_type=\"widget\" data-e-type=\"widget\" data-widget_type=\"heading.default\">\n\t\t\t\t<div class=\"elementor-widget-container\">\n\t\t\t\t\t<h3 class=\"elementor-heading-title elementor-size-large\">NOSSOS PARCEIROS<\/h3>\t\t\t\t<\/div>\n\t\t\t\t<\/div>\n\t\t\t\t\t<\/div>\n\t\t<\/div>\n\t\t\t\t\t<\/div>\n\t\t<\/section>\n\t\t\t\t<section class=\"elementor-section elementor-top-section elementor-element elementor-element-d675d6b elementor-section-boxed elementor-section-height-default elementor-section-height-default\" data-id=\"d675d6b\" data-element_type=\"section\" data-e-type=\"section\">\n\t\t\t\t\t\t<div class=\"elementor-container elementor-column-gap-default\">\n\t\t\t\t\t<div class=\"elementor-column elementor-col-100 elementor-top-column elementor-element elementor-element-6634f65\" data-id=\"6634f65\" data-element_type=\"column\" data-e-type=\"column\">\n\t\t\t<div class=\"elementor-widget-wrap elementor-element-populated\">\n\t\t\t\t\t\t<div class=\"elementor-element elementor-element-d8fd734 elementor-arrows-position-inside elementor-pagination-position-outside elementor-widget elementor-widget-image-carousel\" data-id=\"d8fd734\" data-element_type=\"widget\" data-e-type=\"widget\" data-settings=\"{&quot;navigation&quot;:&quot;both&quot;,&quot;autoplay&quot;:&quot;yes&quot;,&quot;pause_on_hover&quot;:&quot;yes&quot;,&quot;pause_on_interaction&quot;:&quot;yes&quot;,&quot;autoplay_speed&quot;:5000,&quot;infinite&quot;:&quot;yes&quot;,&quot;speed&quot;:500}\" data-widget_type=\"image-carousel.default\">\n\t\t\t\t<div class=\"elementor-widget-container\">\n\t\t\t\t\t\t\t<div class=\"elementor-image-carousel-wrapper swiper\" role=\"region\" aria-roledescription=\"carousel\" aria-label=\"Carrossel de imagens\" dir=\"ltr\">\n\t\t\t<div class=\"elementor-image-carousel swiper-wrapper\" aria-live=\"off\">\n\t\t\t\t\t\t\t\t<div class=\"swiper-slide\" role=\"group\" aria-roledescription=\"slide\" aria-label=\"1 de 11\"><figure class=\"swiper-slide-inner\"><img decoding=\"async\" class=\"swiper-slide-image\" src=\"https:\/\/www2.unifap.br\/drh\/files\/2023\/01\/11.png\" alt=\"11\" \/><\/figure><\/div><div class=\"swiper-slide\" role=\"group\" aria-roledescription=\"slide\" aria-label=\"2 de 11\"><figure class=\"swiper-slide-inner\"><img decoding=\"async\" class=\"swiper-slide-image\" src=\"https:\/\/www2.unifap.br\/drh\/files\/2023\/01\/21.png\" alt=\"21\" \/><\/figure><\/div><div class=\"swiper-slide\" role=\"group\" aria-roledescription=\"slide\" aria-label=\"3 de 11\"><figure class=\"swiper-slide-inner\"><img decoding=\"async\" class=\"swiper-slide-image\" src=\"https:\/\/www2.unifap.br\/drh\/files\/2023\/01\/31.png\" alt=\"31\" \/><\/figure><\/div><div class=\"swiper-slide\" role=\"group\" aria-roledescription=\"slide\" aria-label=\"4 de 11\"><figure class=\"swiper-slide-inner\"><img decoding=\"async\" class=\"swiper-slide-image\" src=\"https:\/\/www2.unifap.br\/drh\/files\/2023\/01\/41.png\" alt=\"41\" \/><\/figure><\/div><div class=\"swiper-slide\" role=\"group\" aria-roledescription=\"slide\" aria-label=\"5 de 11\"><figure class=\"swiper-slide-inner\"><img decoding=\"async\" class=\"swiper-slide-image\" src=\"https:\/\/www2.unifap.br\/drh\/files\/2023\/01\/Sky-Blue-Gradient-Thank-You-Card.png\" alt=\"Sky Blue Gradient Thank You Card\" \/><\/figure><\/div><div class=\"swiper-slide\" role=\"group\" aria-roledescription=\"slide\" aria-label=\"6 de 11\"><figure class=\"swiper-slide-inner\"><img decoding=\"async\" class=\"swiper-slide-image\" src=\"https:\/\/www2.unifap.br\/drh\/files\/2023\/02\/Sky-Blue-Gradient-Thank-You-Card-1.png\" alt=\"Sky Blue Gradient Thank You Card (1)\" \/><\/figure><\/div><div class=\"swiper-slide\" role=\"group\" aria-roledescription=\"slide\" aria-label=\"7 de 11\"><figure class=\"swiper-slide-inner\"><img decoding=\"async\" class=\"swiper-slide-image\" src=\"https:\/\/www2.unifap.br\/drh\/files\/2023\/02\/Sky-Blue-Gradient-Thank-You-Card-2.png\" alt=\"Sky Blue Gradient Thank You Card (2)\" \/><\/figure><\/div><div class=\"swiper-slide\" role=\"group\" aria-roledescription=\"slide\" aria-label=\"8 de 11\"><figure class=\"swiper-slide-inner\"><img decoding=\"async\" class=\"swiper-slide-image\" src=\"https:\/\/www2.unifap.br\/drh\/files\/2023\/11\/PARCEIROS-CV-1-300x213.jpg\" alt=\"PARCEIROS CV (1)\" \/><\/figure><\/div><div class=\"swiper-slide\" role=\"group\" aria-roledescription=\"slide\" aria-label=\"9 de 11\"><figure class=\"swiper-slide-inner\"><img decoding=\"async\" class=\"swiper-slide-image\" src=\"https:\/\/www2.unifap.br\/drh\/files\/2023\/11\/PARCEIROS-CV-300x213.jpg\" alt=\"PARCEIROS CV\" \/><\/figure><\/div><div class=\"swiper-slide\" role=\"group\" aria-roledescription=\"slide\" aria-label=\"10 de 11\"><figure class=\"swiper-slide-inner\"><img decoding=\"async\" class=\"swiper-slide-image\" src=\"https:\/\/www2.unifap.br\/drh\/files\/2023\/11\/4-300x213.jpg\" alt=\"4\" \/><\/figure><\/div><div class=\"swiper-slide\" role=\"group\" aria-roledescription=\"slide\" aria-label=\"11 de 11\"><figure class=\"swiper-slide-inner\"><img decoding=\"async\" class=\"swiper-slide-image\" src=\"https:\/\/www2.unifap.br\/drh\/files\/2024\/01\/PARCEIROS-CV-300x213.png\" alt=\"PARCEIROS CV\" \/><\/figure><\/div>\t\t\t<\/div>\n\t\t\t\t\t\t\t\t\t\t\t\t<div class=\"elementor-swiper-button elementor-swiper-button-prev\" role=\"button\" tabindex=\"0\">\n\t\t\t\t\t\t<i aria-hidden=\"true\" class=\"eicon-chevron-left\"><\/i>\t\t\t\t\t<\/div>\n\t\t\t\t\t<div class=\"elementor-swiper-button elementor-swiper-button-next\" role=\"button\" tabindex=\"0\">\n\t\t\t\t\t\t<i aria-hidden=\"true\" class=\"eicon-chevron-right\"><\/i>\t\t\t\t\t<\/div>\n\t\t\t\t\n\t\t\t\t\t\t\t\t\t<div class=\"swiper-pagination\"><\/div>\n\t\t\t\t\t\t\t\t\t<\/div>\n\t\t\t\t\t\t<\/div>\n\t\t\t\t<\/div>\n\t\t\t\t\t<\/div>\n\t\t<\/div>\n\t\t\t\t\t<\/div>\n\t\t<\/section>\n\t\t\t\t<\/div>\n\t\t","protected":false},"excerpt":{"rendered":"<p>Conhe\u00e7a nosso Clube de Vantagens EDITAL &#8211; Clique Aqui. Edital Clube de Vantagens-2025 Edital Clube de Vantagens 2025.docx Conhe\u00e7a nossos Parceiros! Educa\u00e7\u00e3o e Idiomas A Universidade Federal do Amap\u00e1 &#8211; UNIFAP, por meio da Pr\u00f3-Reitoria de Gest\u00e3o de Pessoas &#8211; PROGEP, informa as parcerias que concedem descontos, vantagens e servi\u00e7os aos servidores desta IFE. COL\u00c9GIO&#8230;<\/p>\n","protected":false},"author":3896,"featured_media":0,"parent":0,"menu_order":0,"comment_status":"closed","ping_status":"closed","template":"","meta":{"inline_featured_image":false,"ngg_post_thumbnail":0,"footnotes":""},"class_list":["post-15877","page","type-page","status-publish","hentry","entry"],"_links":{"self":[{"href":"https:\/\/www2.unifap.br\/drh\/wp-json\/wp\/v2\/pages\/15877","targetHints":{"allow":["GET"]}}],"collection":[{"href":"https:\/\/www2.unifap.br\/drh\/wp-json\/wp\/v2\/pages"}],"about":[{"href":"https:\/\/www2.unifap.br\/drh\/wp-json\/wp\/v2\/types\/page"}],"author":[{"embeddable":true,"href":"https:\/\/www2.unifap.br\/drh\/wp-json\/wp\/v2\/users\/3896"}],"replies":[{"embeddable":true,"href":"https:\/\/www2.unifap.br\/drh\/wp-json\/wp\/v2\/comments?post=15877"}],"version-history":[{"count":60,"href":"https:\/\/www2.unifap.br\/drh\/wp-json\/wp\/v2\/pages\/15877\/revisions"}],"predecessor-version":[{"id":20215,"href":"https:\/\/www2.unifap.br\/drh\/wp-json\/wp\/v2\/pages\/15877\/revisions\/20215"}],"wp:attachment":[{"href":"https:\/\/www2.unifap.br\/drh\/wp-json\/wp\/v2\/media?parent=15877"}],"curies":[{"name":"wp","href":"https:\/\/api.w.org\/{rel}","templated":true}]}}