{"id":16095,"date":"2023-03-20T13:57:21","date_gmt":"2023-03-20T13:57:21","guid":{"rendered":"https:\/\/www2.unifap.br\/drh\/?page_id=16095"},"modified":"2024-04-23T07:14:16","modified_gmt":"2024-04-23T07:14:16","slug":"plano-de-desenvolvimento-de-pessoas-pdp","status":"publish","type":"page","link":"https:\/\/www2.unifap.br\/drh\/plano-de-desenvolvimento-de-pessoas-pdp\/","title":{"rendered":"PLANO DE DESENVOLVIMENTO DE PESSOAS &#8211; PDP"},"content":{"rendered":"\t\t<div data-elementor-type=\"wp-page\" data-elementor-id=\"16095\" class=\"elementor elementor-16095\">\n\t\t\t\t\t\t<section class=\"elementor-section elementor-top-section elementor-element elementor-element-b8c9f94 elementor-section-boxed elementor-section-height-default elementor-section-height-default\" data-id=\"b8c9f94\" data-element_type=\"section\" data-e-type=\"section\">\n\t\t\t\t\t\t<div class=\"elementor-container elementor-column-gap-default\">\n\t\t\t\t\t<div class=\"elementor-column elementor-col-100 elementor-top-column elementor-element elementor-element-5b4b0f9d\" data-id=\"5b4b0f9d\" data-element_type=\"column\" data-e-type=\"column\">\n\t\t\t<div class=\"elementor-widget-wrap elementor-element-populated\">\n\t\t\t\t\t\t<div class=\"elementor-element elementor-element-1f08bd0c elementor-widget elementor-widget-text-editor\" data-id=\"1f08bd0c\" data-element_type=\"widget\" data-e-type=\"widget\" data-widget_type=\"text-editor.default\">\n\t\t\t\t<div class=\"elementor-widget-container\">\n\t\t\t\t\t\t\t\t\t<p><span style=\"color: #000000\"><a href=\"http:\/\/www2.unifap.br\/drh\/files\/2021\/03\/PDP.png\"><img fetchpriority=\"high\" decoding=\"async\" class=\"aligncenter\" src=\"http:\/\/www2.unifap.br\/drh\/files\/2021\/03\/PDP.png\" alt=\"\" width=\"360\" height=\"140\"\/><\/a><\/span><\/p>\n<p><span style=\"color: #000000\">A&nbsp; Pr\u00f3-Reitoria de Gest\u00e3o de Pessoas, por meio da Divis\u00e3o de Capacita\u00e7\u00e3o e Educa\u00e7\u00e3o Profissional, divulga para conhecimento dos servidores da Unifap, o Plano de Desenvolvimento de Pessoas &#8211; PDP, que \u00e9 um dos instrumentos da Pol\u00edtica de Desenvolvimento de Pessoas dos Servidores da Universidade Federal do Amap\u00e1..<\/span><\/p>\n<p style=\"margin-bottom: 20px;letter-spacing: normal;text-align: start\"><span style=\"font-weight: inherit;font-style: inherit\">A&nbsp;<span style=\"font-weight: bold\">Pol\u00edtica Nacional de Desenvolvimento de Pessoas (PNDP)<\/span>&nbsp;tem como objetivo promover o desenvolvimento dos servidores p\u00fablicos nas compet\u00eancias necess\u00e1rias \u00e0 consecu\u00e7\u00e3o da excel\u00eancia na atua\u00e7\u00e3o dos \u00f3rg\u00e3os e das entidades da administra\u00e7\u00e3o p\u00fablica federal direta, aut\u00e1rquica e fundacional.<\/span><\/p>\n<p style=\"margin-bottom: 20px;letter-spacing: normal;text-align: start\"><span style=\"font-weight: inherit;font-style: inherit\">Em virtude de novas determina\u00e7\u00f5es governamentais para essa Pol\u00edtica Nacional de Desenvolvimento de Pessoas (PNDP), a UNIFAP passou a utilizar o LNC (<a style=\"color: #428bca\" href=\"https:\/\/docs.google.com\/forms\/d\/e\/1FAIpQLSfn4M62PV7yextzc9kNZxs_cPJC6N2_NbiagYT7hSSAk5o0wA\/closedform\">Levantamento de Necessidades de Capacita\u00e7\u00e3o<\/a>) como uma ferramenta oficial de formaliza\u00e7\u00e3o dos pedidos de capacita\u00e7\u00e3o e de afastamento. Sendo assim,&nbsp;<span style=\"font-weight: bold\">os servidores com necessidades de realizar atividades de capacita\u00e7\u00e3o e\/ou afastamentos dever\u00e3o, obrigatoriamente, preencher o LNC<\/span>.<\/span><\/p>\n<p style=\"margin-bottom: 20px;letter-spacing: normal;text-align: start\"><span style=\"font-weight: inherit;font-style: inherit\">Ademais, em atendimento \u00e0s delibera\u00e7\u00f5es do governo federal para o PNDP,&nbsp;<\/span><span style=\"font-weight: inherit;font-style: inherit\">a certifica\u00e7\u00e3o de alguns cursos transversais ofertados pela&nbsp;<span style=\"font-weight: bold\">Escola Nacional&nbsp;<\/span><\/span><span style=\"font-weight: bold\">de Administra\u00e7\u00e3o P\u00fablica \u2013<\/span><span style=\"font-weight: inherit;font-style: inherit\"><span style=\"font-weight: bold\">&nbsp;ENAP<\/span>&nbsp;passar\u00e1 a ter a mesma equival\u00eancia dos certificados das atividades da Divis\u00e3o de Capacita\u00e7\u00e3o e Educa\u00e7\u00e3o Profissional \u2013 DCEP\/PROGEP.<\/span><\/p>\n<p style=\"margin-bottom: 20px;letter-spacing: normal;text-align: start\"><span style=\"font-weight: inherit;font-style: inherit\">Por meio dos documentos a seguir, voc\u00ea ter\u00e1 acesso ao levantamento de cursos de capacita\u00e7\u00e3o a serem ofertados pela DCEP\/PROGEP e pela ENAP, bem como, aos eventos e cursos de educa\u00e7\u00e3o formal solicitados pelos servidores no LNC.<\/span><\/p>\t\t\t\t\t\t\t\t<\/div>\n\t\t\t\t<\/div>\n\t\t\t\t\t<\/div>\n\t\t<\/div>\n\t\t\t\t\t<\/div>\n\t\t<\/section>\n\t\t\t\t<section class=\"elementor-section elementor-top-section elementor-element elementor-element-dbc78c5 elementor-section-boxed elementor-section-height-default elementor-section-height-default\" data-id=\"dbc78c5\" data-element_type=\"section\" data-e-type=\"section\">\n\t\t\t\t\t\t<div class=\"elementor-container elementor-column-gap-default\">\n\t\t\t\t\t<div class=\"elementor-column elementor-col-100 elementor-top-column elementor-element elementor-element-44469ca\" data-id=\"44469ca\" data-element_type=\"column\" data-e-type=\"column\">\n\t\t\t<div class=\"elementor-widget-wrap elementor-element-populated\">\n\t\t\t\t\t\t<div class=\"elementor-element elementor-element-d3ec1af elementor-widget elementor-widget-toggle\" data-id=\"d3ec1af\" data-element_type=\"widget\" data-e-type=\"widget\" data-widget_type=\"toggle.default\">\n\t\t\t\t<div class=\"elementor-widget-container\">\n\t\t\t\t\t\t\t<div class=\"elementor-toggle\">\n\t\t\t\t\t\t\t<div class=\"elementor-toggle-item\">\n\t\t\t\t\t<div id=\"elementor-tab-title-2221\" class=\"elementor-tab-title\" data-tab=\"1\" role=\"button\" aria-controls=\"elementor-tab-content-2221\" aria-expanded=\"false\">\n\t\t\t\t\t\t\t\t\t\t\t\t<span class=\"elementor-toggle-icon elementor-toggle-icon-left\" aria-hidden=\"true\">\n\t\t\t\t\t\t\t\t\t\t\t\t\t\t\t<span class=\"elementor-toggle-icon-closed\"><i class=\"fas fa-caret-right\"><\/i><\/span>\n\t\t\t\t\t\t\t\t<span class=\"elementor-toggle-icon-opened\"><i class=\"elementor-toggle-icon-opened fas fa-caret-up\"><\/i><\/span>\n\t\t\t\t\t\t\t\t\t\t\t\t\t<\/span>\n\t\t\t\t\t\t\t\t\t\t\t\t<a class=\"elementor-toggle-title\" tabindex=\"0\">PDP\/2024<\/a>\n\t\t\t\t\t<\/div>\n\n\t\t\t\t\t<div id=\"elementor-tab-content-2221\" class=\"elementor-tab-content elementor-clearfix\" data-tab=\"1\" role=\"region\" aria-labelledby=\"elementor-tab-title-2221\"><p><a href=\"http:\/\/www2.unifap.br\/drh\/files\/2024\/04\/PDP_EXECUCAO_2024.pdf\">Manifesta\u00e7\u00e3o T\u00e9cnica -PDP 2024<\/a><\/p><\/div>\n\t\t\t\t<\/div>\n\t\t\t\t\t\t\t<div class=\"elementor-toggle-item\">\n\t\t\t\t\t<div id=\"elementor-tab-title-2222\" class=\"elementor-tab-title\" data-tab=\"2\" role=\"button\" aria-controls=\"elementor-tab-content-2222\" aria-expanded=\"false\">\n\t\t\t\t\t\t\t\t\t\t\t\t<span class=\"elementor-toggle-icon elementor-toggle-icon-left\" aria-hidden=\"true\">\n\t\t\t\t\t\t\t\t\t\t\t\t\t\t\t<span class=\"elementor-toggle-icon-closed\"><i class=\"fas fa-caret-right\"><\/i><\/span>\n\t\t\t\t\t\t\t\t<span class=\"elementor-toggle-icon-opened\"><i class=\"elementor-toggle-icon-opened fas fa-caret-up\"><\/i><\/span>\n\t\t\t\t\t\t\t\t\t\t\t\t\t<\/span>\n\t\t\t\t\t\t\t\t\t\t\t\t<a class=\"elementor-toggle-title\" tabindex=\"0\">PDP\/2023<\/a>\n\t\t\t\t\t<\/div>\n\n\t\t\t\t\t<div id=\"elementor-tab-content-2222\" class=\"elementor-tab-content elementor-clearfix\" data-tab=\"2\" role=\"region\" aria-labelledby=\"elementor-tab-title-2222\"><p><a href=\"http:\/\/www2.unifap.br\/drh\/files\/2023\/03\/MANIFESTACAO-TECNICA-PDP-2023.pdf\">MANIFESTA\u00c7\u00c3O T\u00c9CNICA &#8211; PDP 2023<\/a><\/p><p>\u00a0<\/p><\/div>\n\t\t\t\t<\/div>\n\t\t\t\t\t\t\t<div class=\"elementor-toggle-item\">\n\t\t\t\t\t<div id=\"elementor-tab-title-2223\" class=\"elementor-tab-title\" data-tab=\"3\" role=\"button\" aria-controls=\"elementor-tab-content-2223\" aria-expanded=\"false\">\n\t\t\t\t\t\t\t\t\t\t\t\t<span class=\"elementor-toggle-icon elementor-toggle-icon-left\" aria-hidden=\"true\">\n\t\t\t\t\t\t\t\t\t\t\t\t\t\t\t<span class=\"elementor-toggle-icon-closed\"><i class=\"fas fa-caret-right\"><\/i><\/span>\n\t\t\t\t\t\t\t\t<span class=\"elementor-toggle-icon-opened\"><i class=\"elementor-toggle-icon-opened fas fa-caret-up\"><\/i><\/span>\n\t\t\t\t\t\t\t\t\t\t\t\t\t<\/span>\n\t\t\t\t\t\t\t\t\t\t\t\t<a class=\"elementor-toggle-title\" tabindex=\"0\">PDP\/2022<\/a>\n\t\t\t\t\t<\/div>\n\n\t\t\t\t\t<div id=\"elementor-tab-content-2223\" class=\"elementor-tab-content elementor-clearfix\" data-tab=\"3\" role=\"region\" aria-labelledby=\"elementor-tab-title-2223\"><p><a href=\"http:\/\/www2.unifap.br\/drh\/files\/2022\/02\/PDP-OFICIAL-2022.pdf\">PDP UNIFAP 2022<\/a><\/p><p><a href=\"http:\/\/www2.unifap.br\/drh\/files\/2022\/02\/MANIFESTA\u00c7\u00c3O-T\u00c9CNICA-SIPEC_PDP-UNIFAP-2022.pdf\">Manifesta\u00e7\u00e3o T\u00e9cnica PDP 2022- SIPEC<\/a><\/p><p><a href=\"http:\/\/www2.unifap.br\/drh\/files\/2022\/02\/PORTIFOLIO-CURSOS-ENAP-2022.pdf\">Portif\u00f3lio de Cursos Dispon\u00edveis -ENAP 2022<\/a><\/p><\/div>\n\t\t\t\t<\/div>\n\t\t\t\t\t\t\t<div class=\"elementor-toggle-item\">\n\t\t\t\t\t<div id=\"elementor-tab-title-2224\" class=\"elementor-tab-title\" data-tab=\"4\" role=\"button\" aria-controls=\"elementor-tab-content-2224\" aria-expanded=\"false\">\n\t\t\t\t\t\t\t\t\t\t\t\t<span class=\"elementor-toggle-icon elementor-toggle-icon-left\" aria-hidden=\"true\">\n\t\t\t\t\t\t\t\t\t\t\t\t\t\t\t<span class=\"elementor-toggle-icon-closed\"><i class=\"fas fa-caret-right\"><\/i><\/span>\n\t\t\t\t\t\t\t\t<span class=\"elementor-toggle-icon-opened\"><i class=\"elementor-toggle-icon-opened fas fa-caret-up\"><\/i><\/span>\n\t\t\t\t\t\t\t\t\t\t\t\t\t<\/span>\n\t\t\t\t\t\t\t\t\t\t\t\t<a class=\"elementor-toggle-title\" tabindex=\"0\">PDP\/2021<\/a>\n\t\t\t\t\t<\/div>\n\n\t\t\t\t\t<div id=\"elementor-tab-content-2224\" class=\"elementor-tab-content elementor-clearfix\" data-tab=\"4\" role=\"region\" aria-labelledby=\"elementor-tab-title-2224\"><p><a href=\"https:\/\/www2.unifap.br\/drh\/files\/2021\/03\/CURSOS-DE-CAPACITA%c3%87%c3%83O-2021-3.pdf\">CURSOS DE CAPACITA\u00c7\u00c3O 2021<\/a><\/p><p><a href=\"https:\/\/www2.unifap.br\/drh\/files\/2021\/03\/CURSOS-DE-EDUCA%c3%87%c3%83O-FORMAL.pdf\">CURSOS DE EDUCA\u00c7\u00c3O FORMAL<\/a><\/p><p><a href=\"http:\/\/www2.unifap.br\/drh\/files\/2021\/03\/PARTICIPA\u00c7\u00c3O-EM-EVENTOS-2.pdf\">PARTICIPA\u00c7\u00c3O EM EVENTOS<\/a><\/p><\/div>\n\t\t\t\t<\/div>\n\t\t\t\t\t\t\t<div class=\"elementor-toggle-item\">\n\t\t\t\t\t<div id=\"elementor-tab-title-2225\" class=\"elementor-tab-title\" data-tab=\"5\" role=\"button\" aria-controls=\"elementor-tab-content-2225\" aria-expanded=\"false\">\n\t\t\t\t\t\t\t\t\t\t\t\t<span class=\"elementor-toggle-icon elementor-toggle-icon-left\" aria-hidden=\"true\">\n\t\t\t\t\t\t\t\t\t\t\t\t\t\t\t<span class=\"elementor-toggle-icon-closed\"><i class=\"fas fa-caret-right\"><\/i><\/span>\n\t\t\t\t\t\t\t\t<span class=\"elementor-toggle-icon-opened\"><i class=\"elementor-toggle-icon-opened fas fa-caret-up\"><\/i><\/span>\n\t\t\t\t\t\t\t\t\t\t\t\t\t<\/span>\n\t\t\t\t\t\t\t\t\t\t\t\t<a class=\"elementor-toggle-title\" tabindex=\"0\">PDP\/2020<\/a>\n\t\t\t\t\t<\/div>\n\n\t\t\t\t\t<div id=\"elementor-tab-content-2225\" class=\"elementor-tab-content elementor-clearfix\" data-tab=\"5\" role=\"region\" aria-labelledby=\"elementor-tab-title-2225\"><ul><li><span style=\"color: #008000\"><strong><a href=\"http:\/\/www2.unifap.br\/drh\/files\/2020\/02\/PLANO-DE-DESENVOLVIMENTO-DE-PESSOAS-2020.pdf\" target=\"_blank\" rel=\"noopener\">PLANO DE DESENVOLVIMENTO DE PESSOAS &#8211; 2020<\/a><\/strong><\/span><\/li><\/ul><\/div>\n\t\t\t\t<\/div>\n\t\t\t\t\t\t\t<div class=\"elementor-toggle-item\">\n\t\t\t\t\t<div id=\"elementor-tab-title-2226\" class=\"elementor-tab-title\" data-tab=\"6\" role=\"button\" aria-controls=\"elementor-tab-content-2226\" aria-expanded=\"false\">\n\t\t\t\t\t\t\t\t\t\t\t\t<span class=\"elementor-toggle-icon elementor-toggle-icon-left\" aria-hidden=\"true\">\n\t\t\t\t\t\t\t\t\t\t\t\t\t\t\t<span class=\"elementor-toggle-icon-closed\"><i class=\"fas fa-caret-right\"><\/i><\/span>\n\t\t\t\t\t\t\t\t<span class=\"elementor-toggle-icon-opened\"><i class=\"elementor-toggle-icon-opened fas fa-caret-up\"><\/i><\/span>\n\t\t\t\t\t\t\t\t\t\t\t\t\t<\/span>\n\t\t\t\t\t\t\t\t\t\t\t\t<a class=\"elementor-toggle-title\" tabindex=\"0\">PAC - 2019<\/a>\n\t\t\t\t\t<\/div>\n\n\t\t\t\t\t<div id=\"elementor-tab-content-2226\" class=\"elementor-tab-content elementor-clearfix\" data-tab=\"6\" role=\"region\" aria-labelledby=\"elementor-tab-title-2226\"><p><a href=\"http:\/\/www2.unifap.br\/drh\/files\/2020\/04\/PAC-2019.pdf\">PAC &#8211; 2019<\/a><\/p><\/div>\n\t\t\t\t<\/div>\n\t\t\t\t\t\t\t\t<\/div>\n\t\t\t\t\t\t<\/div>\n\t\t\t\t<\/div>\n\t\t\t\t\t<\/div>\n\t\t<\/div>\n\t\t\t\t\t<\/div>\n\t\t<\/section>\n\t\t\t\t<\/div>\n\t\t","protected":false},"excerpt":{"rendered":"<p>A&nbsp; Pr\u00f3-Reitoria de Gest\u00e3o de Pessoas, por meio da Divis\u00e3o de Capacita\u00e7\u00e3o e Educa\u00e7\u00e3o Profissional, divulga para conhecimento dos servidores da Unifap, o Plano de Desenvolvimento de Pessoas &#8211; PDP, que \u00e9 um dos instrumentos da Pol\u00edtica de Desenvolvimento de Pessoas dos Servidores da Universidade Federal do Amap\u00e1.. A&nbsp;Pol\u00edtica Nacional de Desenvolvimento de Pessoas (PNDP)&nbsp;tem&#8230;<\/p>\n","protected":false},"author":813,"featured_media":0,"parent":0,"menu_order":0,"comment_status":"closed","ping_status":"closed","template":"","meta":{"inline_featured_image":false,"ngg_post_thumbnail":0,"footnotes":""},"class_list":["post-16095","page","type-page","status-publish","hentry","entry"],"_links":{"self":[{"href":"https:\/\/www2.unifap.br\/drh\/wp-json\/wp\/v2\/pages\/16095","targetHints":{"allow":["GET"]}}],"collection":[{"href":"https:\/\/www2.unifap.br\/drh\/wp-json\/wp\/v2\/pages"}],"about":[{"href":"https:\/\/www2.unifap.br\/drh\/wp-json\/wp\/v2\/types\/page"}],"author":[{"embeddable":true,"href":"https:\/\/www2.unifap.br\/drh\/wp-json\/wp\/v2\/users\/813"}],"replies":[{"embeddable":true,"href":"https:\/\/www2.unifap.br\/drh\/wp-json\/wp\/v2\/comments?post=16095"}],"version-history":[{"count":32,"href":"https:\/\/www2.unifap.br\/drh\/wp-json\/wp\/v2\/pages\/16095\/revisions"}],"predecessor-version":[{"id":17924,"href":"https:\/\/www2.unifap.br\/drh\/wp-json\/wp\/v2\/pages\/16095\/revisions\/17924"}],"wp:attachment":[{"href":"https:\/\/www2.unifap.br\/drh\/wp-json\/wp\/v2\/media?parent=16095"}],"curies":[{"name":"wp","href":"https:\/\/api.w.org\/{rel}","templated":true}]}}