{"id":16387,"date":"2023-05-18T18:36:27","date_gmt":"2023-05-18T18:36:27","guid":{"rendered":"https:\/\/www2.unifap.br\/drh\/?page_id=16387"},"modified":"2023-05-18T18:58:38","modified_gmt":"2023-05-18T18:58:38","slug":"saude-em-foco","status":"publish","type":"page","link":"https:\/\/www2.unifap.br\/drh\/saude-em-foco\/","title":{"rendered":"SA\u00daDE EM FOCO"},"content":{"rendered":"<p><a href=\"http:\/\/www2.unifap.br\/drh\/files\/2023\/05\/Post-para-instagram-3d-aviso-de-loja-fechada-amarelo-e-laranja-Cartao-de-visita-Paisagem-6.png\"><img fetchpriority=\"high\" decoding=\"async\" class=\"aligncenter size-full wp-image-16394\" src=\"http:\/\/www2.unifap.br\/drh\/files\/2023\/05\/Post-para-instagram-3d-aviso-de-loja-fechada-amarelo-e-laranja-Cartao-de-visita-Paisagem-6.png\" alt=\"\" width=\"1004\" height=\"591\" srcset=\"https:\/\/www2.unifap.br\/drh\/files\/2023\/05\/Post-para-instagram-3d-aviso-de-loja-fechada-amarelo-e-laranja-Cartao-de-visita-Paisagem-6.png 1004w, https:\/\/www2.unifap.br\/drh\/files\/2023\/05\/Post-para-instagram-3d-aviso-de-loja-fechada-amarelo-e-laranja-Cartao-de-visita-Paisagem-6-300x177.png 300w, https:\/\/www2.unifap.br\/drh\/files\/2023\/05\/Post-para-instagram-3d-aviso-de-loja-fechada-amarelo-e-laranja-Cartao-de-visita-Paisagem-6-768x452.png 768w\" sizes=\"(max-width: 1004px) 100vw, 1004px\" \/><\/a><\/p>\n<h6 style=\"text-align: justify\"><span class=\"WdYUQQ\">O Projeto de inciativa da Pr\u00f3 &#8211; Reitoria de Gest\u00e3o de Pessoas (PROGEP\/UNIFAP), Departamento de Desenvolvimento de Pessoas (DDP) e Divis\u00e3o de Qualidade de Vida ( DQV), visa identificar e acompanhar, de forma sistem\u00e1tica, os servidores da UNIFAP acometidos por <\/span><span class=\"WdYUQQ\">Doen\u00e7as Cr\u00f4nicas N\u00e3o Transmiss\u00edveis- DCNT<\/span><span class=\"WdYUQQ\"> (doen\u00e7as cardiovasculares, doen\u00e7as respirat\u00f3rias cr\u00f4nicas, diabetes mellitus e neoplasias (c\u00e2nceres).<\/span><\/h6>\n<h6>&nbsp;<\/h6>\n<h6 style=\"text-align: justify\"><span class=\"WdYUQQ\">O foco \u00e9 buscar estrat\u00e9gias voltadas para a melhoria das condi\u00e7\u00f5es de sa\u00fade e melhoria da qualidade de vida.<\/span><\/h6>\n<h6>&nbsp;<\/h6>\n<h6 style=\"text-align: justify\"><span class=\"WdYUQQ\">Para participar do Projeto basta preencher o formul\u00e1rio:<\/span><\/h6>\n<h6>&nbsp;<\/h6>\n<p><a href=\"https:\/\/docs.google.com\/forms\/d\/e\/1FAIpQLScNfs9SEsR95EcSVvPvwzQvIyRJogTju7rL_5KnA_zVhu6l8g\/viewform\">https:\/\/docs.google.com\/forms\/d\/e\/1FAIpQLScNfs9SEsR95EcSVvPvwzQvIyRJogTju7rL_5KnA_zVhu6l8g\/viewform?usp=sf_link<\/a><\/p>\n","protected":false},"excerpt":{"rendered":"<p>O Projeto de inciativa da Pr\u00f3 &#8211; Reitoria de Gest\u00e3o de Pessoas (PROGEP\/UNIFAP), Departamento de Desenvolvimento de Pessoas (DDP) e Divis\u00e3o de Qualidade de Vida ( DQV), visa identificar e acompanhar, de forma sistem\u00e1tica, os servidores da UNIFAP acometidos por Doen\u00e7as Cr\u00f4nicas N\u00e3o Transmiss\u00edveis- DCNT (doen\u00e7as cardiovasculares, doen\u00e7as respirat\u00f3rias cr\u00f4nicas, diabetes mellitus e neoplasias (c\u00e2nceres)&#8230;.<\/p>\n","protected":false},"author":3896,"featured_media":0,"parent":0,"menu_order":0,"comment_status":"closed","ping_status":"closed","template":"","meta":{"inline_featured_image":false,"ngg_post_thumbnail":0,"footnotes":""},"class_list":["post-16387","page","type-page","status-publish","hentry","entry"],"_links":{"self":[{"href":"https:\/\/www2.unifap.br\/drh\/wp-json\/wp\/v2\/pages\/16387","targetHints":{"allow":["GET"]}}],"collection":[{"href":"https:\/\/www2.unifap.br\/drh\/wp-json\/wp\/v2\/pages"}],"about":[{"href":"https:\/\/www2.unifap.br\/drh\/wp-json\/wp\/v2\/types\/page"}],"author":[{"embeddable":true,"href":"https:\/\/www2.unifap.br\/drh\/wp-json\/wp\/v2\/users\/3896"}],"replies":[{"embeddable":true,"href":"https:\/\/www2.unifap.br\/drh\/wp-json\/wp\/v2\/comments?post=16387"}],"version-history":[{"count":4,"href":"https:\/\/www2.unifap.br\/drh\/wp-json\/wp\/v2\/pages\/16387\/revisions"}],"predecessor-version":[{"id":16397,"href":"https:\/\/www2.unifap.br\/drh\/wp-json\/wp\/v2\/pages\/16387\/revisions\/16397"}],"wp:attachment":[{"href":"https:\/\/www2.unifap.br\/drh\/wp-json\/wp\/v2\/media?parent=16387"}],"curies":[{"name":"wp","href":"https:\/\/api.w.org\/{rel}","templated":true}]}}