{"id":1809,"date":"2014-11-03T00:34:24","date_gmt":"2014-11-03T00:34:24","guid":{"rendered":"http:\/\/www2.unifap.br\/drh\/?page_id=1809"},"modified":"2025-03-17T14:29:47","modified_gmt":"2025-03-17T17:29:47","slug":"progep-2","status":"publish","type":"page","link":"https:\/\/www2.unifap.br\/drh\/progep-2\/","title":{"rendered":"PROGEP"},"content":{"rendered":"\t\t<div data-elementor-type=\"wp-post\" data-elementor-id=\"1809\" class=\"elementor elementor-1809\">\n\t\t\t\t\t\t<section class=\"elementor-section elementor-top-section elementor-element elementor-element-1a95092f elementor-section-boxed elementor-section-height-default elementor-section-height-default\" data-id=\"1a95092f\" data-element_type=\"section\" data-e-type=\"section\">\n\t\t\t\t\t\t<div class=\"elementor-container elementor-column-gap-default\">\n\t\t\t\t\t<div class=\"elementor-column elementor-col-100 elementor-top-column elementor-element elementor-element-5733106b\" data-id=\"5733106b\" data-element_type=\"column\" data-e-type=\"column\">\n\t\t\t<div class=\"elementor-widget-wrap elementor-element-populated\">\n\t\t\t\t\t\t<div class=\"elementor-element elementor-element-97fa837 elementor-tabs-view-vertical elementor-invisible elementor-widget elementor-widget-tabs\" data-id=\"97fa837\" data-element_type=\"widget\" data-e-type=\"widget\" data-settings=\"{&quot;_animation&quot;:&quot;fadeInUp&quot;}\" data-widget_type=\"tabs.default\">\n\t\t\t\t<div class=\"elementor-widget-container\">\n\t\t\t\t\t\t\t<div class=\"elementor-tabs\">\n\t\t\t<div class=\"elementor-tabs-wrapper\" role=\"tablist\" >\n\t\t\t\t\t\t\t\t\t<div id=\"elementor-tab-title-1591\" class=\"elementor-tab-title elementor-tab-desktop-title\" aria-selected=\"true\" data-tab=\"1\" role=\"tab\" tabindex=\"0\" aria-controls=\"elementor-tab-content-1591\" aria-expanded=\"false\">Quem Somos<\/div>\n\t\t\t\t\t\t\t\t\t<div id=\"elementor-tab-title-1592\" class=\"elementor-tab-title elementor-tab-desktop-title\" aria-selected=\"false\" data-tab=\"2\" role=\"tab\" tabindex=\"-1\" aria-controls=\"elementor-tab-content-1592\" aria-expanded=\"false\">Equipe<\/div>\n\t\t\t\t\t\t\t\t\t<div id=\"elementor-tab-title-1593\" class=\"elementor-tab-title elementor-tab-desktop-title\" aria-selected=\"false\" data-tab=\"3\" role=\"tab\" tabindex=\"-1\" aria-controls=\"elementor-tab-content-1593\" aria-expanded=\"false\">Organograma<\/div>\n\t\t\t\t\t\t\t\t\t<div id=\"elementor-tab-title-1594\" class=\"elementor-tab-title elementor-tab-desktop-title\" aria-selected=\"false\" data-tab=\"4\" role=\"tab\" tabindex=\"-1\" aria-controls=\"elementor-tab-content-1594\" aria-expanded=\"false\">Miss\u00e3o<\/div>\n\t\t\t\t\t\t\t\t\t<div id=\"elementor-tab-title-1595\" class=\"elementor-tab-title elementor-tab-desktop-title\" aria-selected=\"false\" data-tab=\"5\" role=\"tab\" tabindex=\"-1\" aria-controls=\"elementor-tab-content-1595\" aria-expanded=\"false\">Documentos<\/div>\n\t\t\t\t\t\t\t<\/div>\n\t\t\t<div class=\"elementor-tabs-content-wrapper\" role=\"tablist\" aria-orientation=\"vertical\">\n\t\t\t\t\t\t\t\t\t<div class=\"elementor-tab-title elementor-tab-mobile-title\" aria-selected=\"true\" data-tab=\"1\" role=\"tab\" tabindex=\"0\" aria-controls=\"elementor-tab-content-1591\" aria-expanded=\"false\">Quem Somos<\/div>\n\t\t\t\t\t<div id=\"elementor-tab-content-1591\" class=\"elementor-tab-content elementor-clearfix\" data-tab=\"1\" role=\"tabpanel\" aria-labelledby=\"elementor-tab-title-1591\" tabindex=\"0\" hidden=\"false\"><p><img fetchpriority=\"high\" decoding=\"async\" class=\"aligncenter size-full wp-image-18091\" src=\"http:\/\/www2.unifap.br\/drh\/files\/2024\/04\/quem-somos.png\" alt=\"\" width=\"851\" height=\"315\" srcset=\"https:\/\/www2.unifap.br\/drh\/files\/2024\/04\/quem-somos.png 851w, https:\/\/www2.unifap.br\/drh\/files\/2024\/04\/quem-somos-300x111.png 300w, https:\/\/www2.unifap.br\/drh\/files\/2024\/04\/quem-somos-768x284.png 768w\" sizes=\"(max-width: 851px) 100vw, 851px\" \/><\/p><p style=\"text-align: justify\">A Pr\u00f3-Reitoria de Gest\u00e3o de Pessoas \u00e9 o \u00f3rg\u00e3o respons\u00e1vel pelo planejamento, execu\u00e7\u00e3o e avalia\u00e7\u00e3o das a\u00e7\u00f5es de administra\u00e7\u00e3o e desenvolvimento de recursos humanos. Compete a Pr\u00f3-Reitoria realizar a\u00e7\u00f5es e projetos voltados \u00e0 melhoria da qualidade de vida dos servidores, \u00e0 sa\u00fade e o bem-estar social de todos os servidores da UNIFAP.<\/p><p style=\"text-align: justify\">Abrange as atividades referentes \u00e0 capacita\u00e7\u00e3o e qualifica\u00e7\u00e3o de pessoal; planejamento da for\u00e7a de trabalho de t\u00e9cnico-administrativo, acompanhamento da execu\u00e7\u00e3o da folha de pagamento, provimentos, vac\u00e2ncias, bem como as demais atividades na \u00e1rea de pessoal, acompanhamento e controle de cargos e fun\u00e7\u00f5es, do Banco de Professor Equivalente e Quadro de Refer\u00eancia dos Servidores T\u00e9cnico-Administrativos da UNIFAP.<\/p><p style=\"text-align: justify\">Compete a PROGEP, al\u00e9m de outras atribui\u00e7\u00f5es que vierem a ser estabelecida no Estatuto e no Regimento Geral, a execu\u00e7\u00e3o, atrav\u00e9s de seus departamentos, das seguintes atribui\u00e7\u00f5es:<\/p><ul style=\"text-align: justify\"><li>Planejar, coordenar, orientar, promover a execu\u00e7\u00e3o, acompanhar pol\u00edticas de Gest\u00e3o de Pessoas;<\/li><li>Gerir o sistema de gest\u00e3o de pessoas no \u00e2mbito da UNIFAP;<\/li><li>Planejar, organizar e promover pol\u00edticas de desenvolvimento profissional aos<br \/>servidores e colaboradores;<\/li><li>Realizar a\u00e7\u00f5es e projetos voltados \u00e0 melhoria da qualidade de vida, \u00e0 sa\u00fade<br \/>e o bem-estar social de todos os servidores da UNIFAP;<\/li><li>Assessorar o Reitor nos assuntos de gest\u00e3o de pessoas no \u00e2mbito da UNIFAP.<\/li><\/ul><p style=\"text-align: justify\"><a href=\"http:\/\/www2.unifap.br\/drh\/files\/2014\/11\/Res.-n%C2%BA-01-2013-Cria-Pr%C3%B3-reitorias.pdf\" target=\"_blank\" rel=\"noopener\">RESOLU\u00c7\u00c3O n\u00ba 01\/13-CONDIR \u2013 Cria\u00e7\u00e3o da PROGEP<\/a><\/p><p style=\"text-align: left\">Pr\u00f3-Reitora: Emanuelle Silva Barbosa &#8211; Nomeada pela Portaria n\u00ba 0461\/2024\/UNIFAP<\/p><p style=\"text-align: justify\"><a href=\"http:\/\/www2.unifap.br\/drh\/files\/2017\/02\/email.png\"><img decoding=\"async\" src=\"http:\/\/www2.unifap.br\/drh\/files\/2017\/02\/email.png\" alt=\"email\" width=\"102\" height=\"89\" \/><\/a><a href=\"mailto:progep@unifap.br\">progep@unifap.br<\/a><\/p><\/div>\n\t\t\t\t\t\t\t\t\t<div class=\"elementor-tab-title elementor-tab-mobile-title\" aria-selected=\"false\" data-tab=\"2\" role=\"tab\" tabindex=\"-1\" aria-controls=\"elementor-tab-content-1592\" aria-expanded=\"false\">Equipe<\/div>\n\t\t\t\t\t<div id=\"elementor-tab-content-1592\" class=\"elementor-tab-content elementor-clearfix\" data-tab=\"2\" role=\"tabpanel\" aria-labelledby=\"elementor-tab-title-1592\" tabindex=\"0\" hidden=\"hidden\"><p><img decoding=\"async\" class=\"aligncenter size-full wp-image-18097\" src=\"http:\/\/www2.unifap.br\/drh\/files\/2024\/04\/quem-somos-1.png\" alt=\"\" width=\"851\" height=\"315\" srcset=\"https:\/\/www2.unifap.br\/drh\/files\/2024\/04\/quem-somos-1.png 851w, https:\/\/www2.unifap.br\/drh\/files\/2024\/04\/quem-somos-1-300x111.png 300w, https:\/\/www2.unifap.br\/drh\/files\/2024\/04\/quem-somos-1-768x284.png 768w\" sizes=\"(max-width: 851px) 100vw, 851px\" \/><\/p><h4 style=\"text-align: center\"><span style=\"color: #000080\"><strong>PR\u00d3-REITORIA DE GEST\u00c3O DE PESSOAS<\/strong><\/span><\/h4><p style=\"text-align: justify\"><strong>Pr\u00f3-Reitora: Emanuelle Silva Barbosa<\/strong><\/p><p style=\"text-align: justify\">Portaria n\u00ba 0461\/2024\/UNIFAP<\/p><p style=\"text-align: justify\">E-mail: progep@unifap.br\u00a0 \/ WhatsApp: 96 99168-5600<\/p><h4>\u00a0<\/h4><h4 style=\"text-align: center\"><strong>\u00a0<\/strong><span style=\"color: #000080\"><strong>ASSESSORIA DA PROGEP<\/strong><\/span><\/h4><p><strong>Atribui\u00e7\u00f5es:<\/strong><\/p><ul><li style=\"text-align: justify\">Assessorar a Pr\u00f3-Reitoria no planejamento, coordena\u00e7\u00e3o, orienta\u00e7\u00e3o,<br \/>promo\u00e7\u00e3o da execu\u00e7\u00e3o de pol\u00edticas de Gest\u00e3o de Pessoas;<\/li><li style=\"text-align: justify\">Auxiliar na promo\u00e7\u00e3o das a\u00e7\u00f5es estabelecidas no Plano de Desenvolvimento Institucional e no Plano de Gest\u00e3o;<\/li><li style=\"text-align: justify\">Auxiliar o(a) Pr\u00f3-reitor(a) nas an\u00e1lises de solicita\u00e7\u00f5es\\requisi\u00e7\u00f5es,<br \/>determina\u00e7\u00f5es e recomenda\u00e7\u00f5es derivadas de auditorias interna e externas;<\/li><li style=\"text-align: justify\">Auxiliar o(a) Pr\u00f3-Reitor (a) nos despachos internos e encaminhamentos;<\/li><li>Gerenciar o e-mail institucional da PROGEP;<\/li><li style=\"text-align: justify\">Analisar portarias de compet\u00eancia da PROGEP, emitidas pelo SRMS para que sejam homologadas pelo Pr\u00f3-Reitor (a).<\/li><\/ul><p style=\"text-align: justify\"><strong>Assessora: Prici da Silva e Silva<\/strong><\/p><p style=\"text-align: justify\">Portaria n\u00ba 0846\/2024\/UNIFAP<\/p><p style=\"text-align: justify\">E-mail: progep@unifap.br \/ WhatsApp: 96 98119-4277<\/p><h4>\u00a0<\/h4><h4 style=\"text-align: center\"><span style=\"color: #000080\"><strong>SECRETARIA DA PROGEP<\/strong><\/span><\/h4><p style=\"text-align: justify\"><strong>Atribui\u00e7\u00f5es:<\/strong><\/p><ul><li style=\"text-align: justify\">Organizar, coordenar e executar os servi\u00e7os de secretaria da PROGEP;<\/li><li style=\"text-align: justify\">Manter em ordem a agenda de compromissos do(a) Pr\u00f3-Reitor(a);<\/li><li style=\"text-align: justify\">Responsabilizar-se pelo arquivamento de memorandos e of\u00edcios expedidos e recebidos;<\/li><li style=\"text-align: justify\">Receber, elaborar e encaminhar memorandos e of\u00edcios da PROGEP;<\/li><li style=\"text-align: justify\">Operacionalizar sistemas de informa\u00e7\u00e3o e de comunica\u00e7\u00e3o a n\u00edvel de secretaria;<\/li><li style=\"text-align: justify\">Dar ci\u00eancia e realizar a notifica\u00e7\u00e3o dos servidores e interessados sobre os atos praticados nos processos que tramitam na PROGEP;<\/li><li style=\"text-align: justify\">Gerenciar o e-mail institucional da PROGEP;<\/li><li style=\"text-align: justify\">Coordenar o recebimento das frequ\u00eancias dos servidores ativos, cedidos e requisitados;<\/li><li style=\"text-align: justify\">Realizar atendimento ao p\u00fablico da comunidade interna e externa quanto aos assuntos de gest\u00e3o de pessoas;<\/li><li style=\"text-align: justify\">Orientar sobre a utiliza\u00e7\u00e3o do sistema SIGRH, SIPAC, SOUGOV;<\/li><li style=\"text-align: justify\">Desbloquear o acesso dos servidores ao Sistema Integrado de Gest\u00e3o de Pessoas &#8211; SIGEPE;<\/li><li style=\"text-align: justify\">Altera\u00e7\u00e3o\/atualiza\u00e7\u00e3o cadastral junto aos sistemas de gest\u00e3o de pessoas;<\/li><li style=\"text-align: justify\">Altera\u00e7\u00e3o de conta banc\u00e1ria junto ao sistema SIAPE;<\/li><li style=\"text-align: justify\">Inclus\u00e3o de dependentes para Imposto de Renda e para acompanhamento de tratamento de sa\u00fade;<\/li><li style=\"text-align: justify\">Emiss\u00e3o de documentos funcionais;<\/li><li style=\"text-align: justify\">Cadastro e acompanhamento do Programa Bolsa Trabalho.<\/li><\/ul><p style=\"text-align: justify\"><strong>Chefe: Luanda Amoras Pinto de Melo<\/strong><\/p><p style=\"text-align: justify\">Portaria n\u00ba 0365\/2024\/UNIFAP<strong><br \/><\/strong>E-mail: atendimentoprogep@unifap.br \/ WhatsApp: 96 98117-4287<\/p><h4>\u00a0<\/h4><h4 style=\"text-align: center\"><span style=\"color: #000080\"><strong>DEPARTAMENTO DE ADMINISTRA\u00c7\u00c3O PESSOAL \u2013 DAP<\/strong><\/span><\/h4><p style=\"text-align: justify\">Compete ao\u00a0Departamento de Administra\u00e7\u00e3o de Pessoal \u2013 DAP, manter atualizados os registros referentes \u00e0 vida funcional de servidores e pensionistas da UNIFAP, visando \u00e0 garantia de seus direitos e deveres, subsidiar, com informa\u00e7\u00f5es precisas e just-in-time, o processo decis\u00f3rio nos v\u00e1rios n\u00edveis hier\u00e1rquicos da Institui\u00e7\u00e3o, formular diretrizes, exarar pareceres, responder a consultas, efetuar a classifica\u00e7\u00e3o de cargos e fun\u00e7\u00f5es e realizar pagamento e registro do pessoal da Universidade em articula\u00e7\u00e3o com o Sistema de Pessoal da Administra\u00e7\u00e3o Federal.<\/p><p style=\"text-align: justify\"><strong>Diretor: Nalimilson Gomes Pinheiro<\/strong><\/p><p style=\"text-align: justify\">Portaria n\u00ba 1903\/2024\/UNIFAP<\/p><p style=\"text-align: justify\">E-mail: dap@unifap.br \/ WhatsApp: 96 99115-6442<\/p><h4>\u00a0<\/h4><h4 style=\"text-align: center\"><strong style=\"color: #000080;text-align: center\">DEPARTAMENTO DE DESENVOLVIMENTO DE PESSOAS \u2013 DDP<\/strong><\/h4><p style=\"text-align: justify\">Compete ao\u00a0Departamento de Desenvolvimento de Pessoas \u2013 DDP, Gest\u00e3o das a\u00e7\u00f5es relativas a planejamento, acompanhamento, capacita\u00e7\u00e3o e avalia\u00e7\u00e3o dos servidores da UNIFAP, mobilidade interna dos servidores t\u00e9cnico-administrativos, recep\u00e7\u00e3o, integra\u00e7\u00e3o e socializa\u00e7\u00e3o dos novos servidores, al\u00e9m de outras atribui\u00e7\u00f5es que vierem a ser estabelecida no Estatuto e no Regimento Geral.<\/p><p style=\"text-align: justify\"><strong>Diretor: <\/strong><strong>Rosivaldo Souza Cruz<\/strong><\/p><p style=\"text-align: justify\">Portaria n\u00ba 0460\/2024\/UNIFAP<\/p><p style=\"text-align: justify\">E-mail: ddp@unifap.br \/ WhatsApp: 96 99124-5632<\/p><div>\u00a0<\/div><\/div>\n\t\t\t\t\t\t\t\t\t<div class=\"elementor-tab-title elementor-tab-mobile-title\" aria-selected=\"false\" data-tab=\"3\" role=\"tab\" tabindex=\"-1\" aria-controls=\"elementor-tab-content-1593\" aria-expanded=\"false\">Organograma<\/div>\n\t\t\t\t\t<div id=\"elementor-tab-content-1593\" class=\"elementor-tab-content elementor-clearfix\" data-tab=\"3\" role=\"tabpanel\" aria-labelledby=\"elementor-tab-title-1593\" tabindex=\"0\" hidden=\"hidden\"><article id=\"post-2429\" class=\"post-2429 page type-page status-publish hentry\"><h1><img loading=\"lazy\" decoding=\"async\" class=\"aligncenter size-full wp-image-18121\" src=\"http:\/\/www2.unifap.br\/drh\/files\/2024\/04\/Carta-de-Servicos-1.png\" alt=\"\" width=\"1237\" height=\"1750\" srcset=\"https:\/\/www2.unifap.br\/drh\/files\/2024\/04\/Carta-de-Servicos-1.png 1237w, https:\/\/www2.unifap.br\/drh\/files\/2024\/04\/Carta-de-Servicos-1-212x300.png 212w, https:\/\/www2.unifap.br\/drh\/files\/2024\/04\/Carta-de-Servicos-1-724x1024.png 724w, https:\/\/www2.unifap.br\/drh\/files\/2024\/04\/Carta-de-Servicos-1-768x1086.png 768w, https:\/\/www2.unifap.br\/drh\/files\/2024\/04\/Carta-de-Servicos-1-1086x1536.png 1086w\" sizes=\"(max-width: 1237px) 100vw, 1237px\" \/><\/h1><p>\u00a0<\/p><div class=\"clearfix entry-content\"><p><span style=\"text-decoration: underline\"><span style=\"color: #008000\"><strong><a style=\"color: #008000;text-decoration: underline\" href=\"http:\/\/www2.unifap.br\/drh\/files\/2014\/11\/Res.-n%C2%BA-01-2013-Cria-Pr%C3%B3-reitorias.pdf\">RESOLU\u00c7\u00c3O N\u00ba 01\/13 \u2013 CONDIR \u2013 CRIA E ESTRUTURA A PROGEP<\/a><\/strong><\/span><\/span><\/p><\/div><\/article><div id=\"comments\" class=\"comments-area\">\u00a0<\/div><\/div>\n\t\t\t\t\t\t\t\t\t<div class=\"elementor-tab-title elementor-tab-mobile-title\" aria-selected=\"false\" data-tab=\"4\" role=\"tab\" tabindex=\"-1\" aria-controls=\"elementor-tab-content-1594\" aria-expanded=\"false\">Miss\u00e3o<\/div>\n\t\t\t\t\t<div id=\"elementor-tab-content-1594\" class=\"elementor-tab-content elementor-clearfix\" data-tab=\"4\" role=\"tabpanel\" aria-labelledby=\"elementor-tab-title-1594\" tabindex=\"0\" hidden=\"hidden\"><p><img loading=\"lazy\" decoding=\"async\" class=\"aligncenter size-full wp-image-18123\" src=\"http:\/\/www2.unifap.br\/drh\/files\/2024\/04\/Carta-de-Servicos-2.png\" alt=\"\" width=\"1237\" height=\"1750\" srcset=\"https:\/\/www2.unifap.br\/drh\/files\/2024\/04\/Carta-de-Servicos-2.png 1237w, https:\/\/www2.unifap.br\/drh\/files\/2024\/04\/Carta-de-Servicos-2-212x300.png 212w, https:\/\/www2.unifap.br\/drh\/files\/2024\/04\/Carta-de-Servicos-2-724x1024.png 724w, https:\/\/www2.unifap.br\/drh\/files\/2024\/04\/Carta-de-Servicos-2-768x1086.png 768w, https:\/\/www2.unifap.br\/drh\/files\/2024\/04\/Carta-de-Servicos-2-1086x1536.png 1086w\" sizes=\"(max-width: 1237px) 100vw, 1237px\" \/><\/p><\/div>\n\t\t\t\t\t\t\t\t\t<div class=\"elementor-tab-title elementor-tab-mobile-title\" aria-selected=\"false\" data-tab=\"5\" role=\"tab\" tabindex=\"-1\" aria-controls=\"elementor-tab-content-1595\" aria-expanded=\"false\">Documentos<\/div>\n\t\t\t\t\t<div id=\"elementor-tab-content-1595\" class=\"elementor-tab-content elementor-clearfix\" data-tab=\"5\" role=\"tabpanel\" aria-labelledby=\"elementor-tab-title-1595\" tabindex=\"0\" hidden=\"hidden\"><h4><span style=\"color: #ff0000\"><strong>ORDEM DE SERVI\u00c7O<\/strong><\/span><\/h4><p><b>2024<\/b><\/p><ul><li><b>\u00a0<\/b><a href=\"http:\/\/www2.unifap.br\/drh\/files\/2024\/02\/Ordem-de-Servico-n.-3_2024-PROGEP.pdf\"><strong>ORDEM DE SERVI\u00c7O N\u00ba 03\/2024 \u2013 PROGEP<\/strong> &#8211; Procedimento de solicita\u00e7\u00e3o de remo\u00e7\u00e3o intracampus por permuta, definindo esta como o deslocamento de servidor t\u00e9cnico-administrativo em educa\u00e7\u00e3o.<\/a><\/li><\/ul><div><p><strong>2019<\/strong><\/p><ul><li><h4><a title=\"Ordem de Servi\u00e7o n\u00ba 01\/2019 \u2013 PROGEP\" href=\"http:\/\/www2.unifap.br\/drh\/2019\/02\/11\/ordem-de-servico-no-012019-progep\/\" target=\"_blank\" rel=\"noopener\"><strong>ORDEM DE SERVI\u00c7O N\u00ba 01\/2019 \u2013 PROGEP<\/strong><\/a><\/h4><\/li><\/ul><div><p><strong>2018<\/strong><\/p><ul><li><h4><a href=\"http:\/\/www2.unifap.br\/drh\/files\/2018\/12\/Ordem-de-Servi%C3%A7o-n%C2%BA-01-2018-PROGEP1.pdf\" target=\"_blank\" rel=\"noopener\"><strong>ORDEM DE SERVI\u00c7O N\u00ba 01\/2018 \u2013 PROGEP \u2013 Certificados Capacita\u00e7\u00e3o<\/strong><\/a><\/h4><\/li><\/ul><\/div><\/div><p><strong>2017<\/strong><\/p><ul><li><h4><strong><a href=\"http:\/\/www2.unifap.br\/drh\/files\/2017\/02\/Ordem-de-Servi%C3%A7o-N%C2%BA-001-2017-PROGEP-Dimensionamento-da-For%C3%A7a-de-Trabalho.pdf\">ORDEM DE SERVI\u00c7O N\u00ba 001\/2017-PROGEP \u2013 Dimensionamento da For\u00e7a de Trabalho<\/a><\/strong><\/h4><\/li><li><h4><strong><a href=\"http:\/\/www2.unifap.br\/drh\/files\/2017\/02\/FERIAS-DOCENTES-2017.pdf\">ORDEM DE SERVI\u00c7O N\u00ba 002\/2017-PROGEP \u2013 F\u00e9rias Docente 2017<\/a><\/strong><\/h4><\/li><\/ul><p><strong>2016<\/strong><\/p><ul><li><h4><strong><a href=\"http:\/\/www2.unifap.br\/drh\/files\/2017\/01\/Ordem-de-Servi%C3%A7o-N%C2%B0001-2016-PROGEP-1.pdf\">ORDEM DE SERVI\u00c7O N\u00b0001\/2016-PROGE<\/a><\/strong><strong>P <\/strong><strong>(Acumula\u00e7\u00e3o de Cargos)<\/strong><\/h4><\/li><\/ul><ul><li><h4><strong><a href=\"http:\/\/www2.unifap.br\/drh\/files\/2017\/01\/ORDEM-DE-SERVI%C3%87O-PROGEP-F%C3%89RIAS-3.pdf\">ORDEM DE SERVI\u00c7O\/PROGEP \u2013 F\u00c9RIAS\u00a0<\/a><\/strong><\/h4><\/li><\/ul><ul><li><h4><strong><a href=\"http:\/\/www2.unifap.br\/drh\/files\/2017\/01\/ORDEM-DE-SERVI%C3%87O-N%C2%BA-003-PROGEP-HORARIO-ESPECIAL.pdf\">ORDEM DE SERVI\u00c7O N\u00ba 003\/2016-PROGEP \u2013 HORARIO ESPECIAL<\/a><\/strong><\/h4><\/li><\/ul><h4><strong><a href=\"http:\/\/www2.unifap.br\/drh\/files\/2017\/01\/ORDEM-DE-SERVI%C3%87O-N%C2%BA-003-PROGEP-HORARIO-ESPECIAL.pdf\"> (Servidor Estudante e Servidor Portador de Defici\u00eancia)<\/a><\/strong><\/h4><ul><li><h4><strong><a href=\"http:\/\/www2.unifap.br\/drh\/files\/2021\/07\/Descentralizac\u0327a\u0303o-das-Portarias_-O.S-n\u00ba-001_2016.pdf\">Descentralizac\u0327a\u0303o das Portarias_ O.S n\u00ba 001_2016 &#8211; REITORIA<\/a><\/strong><\/h4><\/li><\/ul><h4><span style=\"color: #ff0000\"><strong>INSTRU\u00c7\u00c3O NORMATIVA<\/strong><\/span><\/h4><ul><li><a href=\"http:\/\/www2.unifap.br\/drh\/files\/2022\/12\/INSTRUO_NORMATIVA_PROGEP_UNIFAP_N_1_2022_ok.pdf\"><strong>INSTRU\u00c7\u00c3O NORMATIVA 001\/2022 PROGEP\/UNIFAP-\u00a0<\/strong> Estabelece as orienta\u00e7\u00f5es ao retorno das atividades presenciais dos servidores da UNIFAP<\/a>.<\/li><li><a href=\"http:\/\/www2.unifap.br\/drh\/files\/2022\/12\/INSTRUCAO-NORMATIVA-002-2022-PROGEP-FERIAS.pdf\"><strong>INSTRU\u00c7\u00c3O NORMATIVA 002\/2022 PROGEP\/UNIFAP-<\/strong> Disp\u00f5e sobre os procedimentos de concess\u00e3o de f\u00e9rias e estabelece crit\u00e9rios e uniformiza procedimentos para garantir o funcionamento adequado das atividades administrativas e acad\u00eamicas aos servidores no \u00e2mbito da Universidade Federal do Amap\u00e1<\/a>.<\/li><li><a href=\"http:\/\/www2.unifap.br\/drh\/files\/2022\/12\/IN_03-2022_PROGEP_CARGO_DE_DIREO_E_FUNO_GRATIFICADA-1.pdf\"><strong>INSTRU\u00c7\u00c3O NORMATIVA 003\/2022 PROGEP\/UNIFAP-<\/strong> Disp\u00f5e sobre os procedimentos de exonera\u00e7\u00e3o e nomea\u00e7\u00e3o para Cargos de Dire\u00e7\u00e3o (CD) e dispensa e designa\u00e7\u00e3o para Fun\u00e7\u00f5es Gratificadas (FG e FUC) da Universidade Federal do Amap\u00e1<\/a><\/li><\/ul><div><ul><li><a style=\"font-style: inherit;font-weight: inherit;background-color: #ffffff\" href=\"http:\/\/www2.unifap.br\/cis\/files\/2017\/08\/IN-001.pdf\"><strong>INSTRU\u00c7\u00c3O NORMATIVA 001\/2017-PROGEP-CIS \u2013 <\/strong><\/a><strong><a style=\"font-style: inherit;font-size: 1.3em;background-color: #ffffff;font-weight: normal\" href=\"http:\/\/www2.unifap.br\/cis\/files\/2017\/08\/IN-001.pdf\">Procedimentos acerca dos processos de Jornada Ininterrupta<\/a><\/strong><\/li><\/ul><\/div><h4><span style=\"color: #ff0000\"><strong>LAUDOS<\/strong><\/span><\/h4><ul><li><h4><strong><a href=\"http:\/\/www2.unifap.br\/dsmt\/files\/2015\/03\/laudo-de-avalia%C3%A7%C3%A3o-ambiental-Num.-0001-2016.pdf\">Laudo de Avalia\u00e7\u00e3o Ambiental Num. 0001-2016<\/a><\/strong><\/h4><\/li><\/ul><ul><li><h4><strong><a href=\"http:\/\/www2.unifap.br\/dsmt\/files\/2015\/03\/Laudo-de-avalia%C3%A7%C3%A3o-ambiental-Num.-0002-2016.pdf\">Laudo de Avalia\u00e7\u00e3o Ambiental Num. 0002-2016<\/a><\/strong><\/h4><\/li><\/ul><ul><li><h4><strong><a href=\"http:\/\/www2.unifap.br\/drh\/files\/2017\/01\/Laudo-de-Avalia%C3%A7%C3%A3o-Ambiental-FARM%C3%81CIA-2016.doc\">Laudo de Avalia\u00e7\u00e3o Ambiental Num 0003-2016<\/a><\/strong><\/h4><\/li><\/ul><\/div>\n\t\t\t\t\t\t\t<\/div>\n\t\t<\/div>\n\t\t\t\t\t\t<\/div>\n\t\t\t\t<\/div>\n\t\t\t\t\t<\/div>\n\t\t<\/div>\n\t\t\t\t\t<\/div>\n\t\t<\/section>\n\t\t\t\t<\/div>\n\t\t","protected":false},"excerpt":{"rendered":"<p>Quem Somos Equipe Organograma Miss\u00e3o Documentos Quem Somos A Pr\u00f3-Reitoria de Gest\u00e3o de Pessoas \u00e9 o \u00f3rg\u00e3o respons\u00e1vel pelo planejamento, execu\u00e7\u00e3o e avalia\u00e7\u00e3o das a\u00e7\u00f5es de administra\u00e7\u00e3o e desenvolvimento de recursos humanos. Compete a Pr\u00f3-Reitoria realizar a\u00e7\u00f5es e projetos voltados \u00e0 melhoria da qualidade de vida dos servidores, \u00e0 sa\u00fade e o bem-estar social de&#8230;<\/p>\n","protected":false},"author":592,"featured_media":0,"parent":0,"menu_order":0,"comment_status":"closed","ping_status":"closed","template":"","meta":{"inline_featured_image":false,"ngg_post_thumbnail":0,"footnotes":""},"class_list":["post-1809","page","type-page","status-publish","hentry","entry"],"_links":{"self":[{"href":"https:\/\/www2.unifap.br\/drh\/wp-json\/wp\/v2\/pages\/1809","targetHints":{"allow":["GET"]}}],"collection":[{"href":"https:\/\/www2.unifap.br\/drh\/wp-json\/wp\/v2\/pages"}],"about":[{"href":"https:\/\/www2.unifap.br\/drh\/wp-json\/wp\/v2\/types\/page"}],"author":[{"embeddable":true,"href":"https:\/\/www2.unifap.br\/drh\/wp-json\/wp\/v2\/users\/592"}],"replies":[{"embeddable":true,"href":"https:\/\/www2.unifap.br\/drh\/wp-json\/wp\/v2\/comments?post=1809"}],"version-history":[{"count":239,"href":"https:\/\/www2.unifap.br\/drh\/wp-json\/wp\/v2\/pages\/1809\/revisions"}],"predecessor-version":[{"id":19454,"href":"https:\/\/www2.unifap.br\/drh\/wp-json\/wp\/v2\/pages\/1809\/revisions\/19454"}],"wp:attachment":[{"href":"https:\/\/www2.unifap.br\/drh\/wp-json\/wp\/v2\/media?parent=1809"}],"curies":[{"name":"wp","href":"https:\/\/api.w.org\/{rel}","templated":true}]}}