{"id":1831,"date":"2014-11-03T01:42:29","date_gmt":"2014-11-03T01:42:29","guid":{"rendered":"http:\/\/www2.unifap.br\/drh\/?page_id=1831"},"modified":"2024-07-31T14:20:50","modified_gmt":"2024-07-31T17:20:50","slug":"manual-do-servidor","status":"publish","type":"page","link":"https:\/\/www2.unifap.br\/drh\/manual-do-servidor\/","title":{"rendered":"SERVI\u00c7OS DA PROGEP"},"content":{"rendered":"<h2>Nos links abaixo, acesse informa\u00e7\u00f5es pertinentes a servi\u00e7os relacionados a gest\u00e3o de pessoas no \u00e2mbito da PROGEP\/ UNIFAP<\/h2>\n<p><strong><a href=\"http:\/\/www2.unifap.br\/drh\/servicos-de-recursos-humanos\/abandono-de-cargo-e-inassiduidade-habitual\/\" rel=\"nofollow\"><br \/>\nAbandono de Cargo e Inassiduidade habitual<br \/>\n<\/a><\/strong><strong><a href=\"http:\/\/www2.unifap.br\/drh\/servicos-de-recursos-humanos\/abono-permanencia\/\" rel=\"nofollow\"><br \/>\nAbono Perman\u00eancia<\/a><\/strong><br \/>\n<strong><a href=\"https:\/\/www2.unifap.br\/drh\/acesso-aos-sistemas-siape-sigepe-siass-gecc-dw-e-extrator\/\"><br \/>\nACESSO AOS SISTEMAS SIAPE, SIGEPE, DW E EXTRATOR<\/a><\/strong><\/p>\n<p><a href=\"https:\/\/www2.unifap.br\/drh\/afastamento-para-servir-ao-tribunal-regional-eleitoral-juri-e-outros-servicos-obrigatorios-por-lei\/\"><strong>Afastamento para Servir ao Tribunal Regional Eleitoral, J\u00fari e outros servi\u00e7os obrigat\u00f3rios por lei<\/strong><\/a><br \/>\n<strong><a href=\"http:\/\/www2.unifap.br\/drh\/servicos-de-recursos-humanos\/assistencia-a-saude-suplementar\/\" rel=\"nofollow\"><br \/>\nAssist\u00eancia \u00e0 Sa\u00fade Suplementar<\/a><\/strong><\/p>\n<p><strong><a href=\"https:\/\/www2.unifap.br\/drh\/manual-do-servidor\/auxilios\/auxilio-saude\/\"><span style=\"color: #0000ff\">Aux\u00edlio Sa\u00fade<\/span><\/a><\/strong><\/p>\n<p><strong><a href=\"https:\/\/www2.unifap.br\/drh\/manual-do-servidor\/auxilios\/auxilio-natalidade-e-pre-escolar\/\"><span style=\"color: #0000ff\">Aux\u00edlio Natalidade<\/span><\/a><\/strong><\/p>\n<p><strong><a href=\"https:\/\/www2.unifap.br\/drh\/auxilio-pre-escolar\/\"><span style=\"font-size: 19px\"><span style=\"font-size: 19px\">Aux\u00edlio Pr\u00e9-escola<\/span><\/span><\/a><\/strong><\/p>\n<p><strong><span style=\"color: #0000ff\"><a href=\"http:\/\/www2.unifap.br\/drh\/servicos-de-recursos-humanos\/auxilios\/auxilio-alimentacao\/\">Aux\u00edlio Alimenta\u00e7\u00e3o<\/a><\/span><\/strong><\/p>\n<p><strong><a href=\"http:\/\/www2.unifap.br\/drh\/servicos-de-recursos-humanos\/auxilios\/auxilio-transporte\/\"><span style=\"color: #0000ff\">Aux\u00edlio Transporte<\/span><\/a><\/strong><\/p>\n<p><strong><a href=\"http:\/\/www2.unifap.br\/drh\/servicos-de-recursos-humanos\/auxilios\/auxilio-funeral\/\"><span style=\"color: #0000ff\">Aux\u00edlio Funeral<\/span><\/a><\/strong><\/p>\n<p><strong><a href=\"http:\/\/www2.unifap.br\/drh\/servicos-de-recursos-humanos\/afastamentos\/afastamento-em-razao-de-casamento\/\">Aus\u00eancia por motivo de Casamento<\/a><\/strong><\/p>\n<p><strong><a href=\"http:\/\/www2.unifap.br\/drh\/servicos-de-recursos-humanos\/afastamentos\/afastamento-em-razao-de-falecimento-de-pessoa-da-familia\/\">Aus\u00eancia por Falecimento de Pessoa da Fam\u00edlia<\/a><\/strong><br \/>\n<strong><a href=\"https:\/\/www2.unifap.br\/drh\/?page_id=15622&amp;preview=true\"><br \/>\nCargo de Comiss\u00e3o e Fun\u00e7\u00e3o Gratificada<\/a><\/strong><br \/>\n<strong><a href=\"http:\/\/www2.unifap.br\/drh\/desenvolvimento-na-carreira\/docente\/plano-de-cargos-carreira-docente\/\" rel=\"nofollow\"><br \/>\nCarreira Docente \u2013 Estrutura<br \/>\n<\/a><\/strong><br \/>\n<strong><a href=\"http:\/\/www2.unifap.br\/drh\/servicos-de-recursos-humanos\/comissao-interna-de-supervisao\/\" rel=\"nofollow\">Comiss\u00e3o Interna de Supervis\u00e3o \u2013 CIS<\/a><\/strong><br \/>\n<strong><a href=\"http:\/\/www2.unifap.br\/drh\/servicos-de-recursos-humanos\/conflitos-de-interesses\/\" rel=\"nofollow\"><br \/>\nConflito de Interesses<\/a><\/strong><br \/>\n<strong><a href=\"http:\/\/www2.unifap.br\/drh\/perfil-dos-servidores\/consulta-servidores\/\" rel=\"nofollow\"><br \/>\nConsulta de Servidores \u2013 Portal Transpar\u00eancia<\/a><\/strong><br \/>\n<strong><a href=\"http:\/\/www2.unifap.br\/drh\/servicos-de-recursos-humanos\/atribuicoes-dos-cargos-pcctae\/\" rel=\"nofollow\"><br \/>\nDescri\u00e7\u00e3o dos Cargos \u2013 PCCTAE<\/a><\/strong><br \/>\n<strong><a href=\"http:\/\/www2.unifap.br\/drh\/servicos-de-recursos-humanos\/relatorio-de-concessao-de-diarias-passagens-e-deslocamentos\/\" rel=\"nofollow\"><br \/>\nDi\u00e1rias, Passagens e Deslocamentos<\/a><\/strong><br \/>\n<strong><a href=\"http:\/\/www2.unifap.br\/drh\/servicos-de-recursos-humanos\/exoneracao-e-vacancia-por-posse-em-outro-cargo-inacumulavel\/\" rel=\"nofollow\"><br \/>\nExonera\u00e7\u00e3o e Vac\u00e2ncia Por Posse em Outro Cargo Inacumul\u00e1vel<\/a><\/strong><br \/>\n<strong><a href=\"http:\/\/www2.unifap.br\/drh\/ferias\/\" rel=\"nofollow\"><br \/>\nF\u00e9rias<\/a><\/strong><br \/>\n<strong><a href=\"http:\/\/www2.unifap.br\/drh\/servicos-de-recursos-humanos\/funpresp\/\" rel=\"nofollow\"><br \/>\nFUNPRESP<\/a><\/strong><\/p>\n<p><strong><a href=\"http:\/\/www2.unifap.br\/drh\/manual-do-servidor\/horario-especial\/\" rel=\"nofollow\">Hor\u00e1rio Especial<\/a><\/strong><br \/>\n<strong><a href=\"http:\/\/www2.unifap.br\/drh\/servicos-de-recursos-humanos\/jornada-de-trabalho\/\" rel=\"nofollow\"><br \/>\nJornada de Trabalho<\/a><\/strong><br \/>\n<strong><a href=\"http:\/\/www2.unifap.br\/drh\/servicos-de-recursos-humanos\/legislacao\/\" rel=\"nofollow\"><br \/>\nLegisla\u00e7\u00e3o<\/a><\/strong><\/p>\n<div class=\"elementor-element elementor-element-edit-mode elementor-element-364a877a elementor-element--toggle-edit-tools elementor-widget elementor-widget-text-editor ui-resizable\" data-id=\"364a877a\" data-element_type=\"widget\" data-model-cid=\"c32\" data-widget_type=\"text-editor.default\">\n<div class=\"elementor-widget-container\">\n<div class=\"elementor-text-editor elementor-clearfix elementor-inline-editing\" data-elementor-setting-key=\"editor\" data-elementor-inline-editing-toolbar=\"advanced\">\n<p><strong><a href=\"http:\/\/www2.unifap.br\/drh\/servicos-de-recursos-humanos\/licencas\/licencas-medicas\/\">Licen\u00e7a M\u00e9dica<\/a><\/strong><\/p>\n<p><strong><a href=\"http:\/\/www2.unifap.br\/drh\/servicos-de-recursos-humanos\/licencas\/licenca-a-gestante-e-prorrogacao\/\">Licen\u00e7a \u00e0 Gestante e Prorroga\u00e7\u00e3o<\/a><\/strong><\/p>\n<p><strong><a href=\"http:\/\/www2.unifap.br\/drh\/servicos-de-recursos-humanos\/licencas\/licenca-a-adotante-ou-prorrogacao\/\">Licen\u00e7a \u00e0 Adotante e Prorroga\u00e7\u00e3o<\/a><\/strong><\/p>\n<p><strong><a href=\"http:\/\/www2.unifap.br\/drh\/servicos-de-recursos-humanos\/licencas\/licenca-paternidade-e-prorrogacao\/\">Licen\u00e7a Paternidade e Prorroga\u00e7\u00e3o<\/a><\/strong><\/p>\n<p><strong><a href=\"http:\/\/www2.unifap.br\/drh\/servicos-de-recursos-humanos\/licencas\/licenca-para-tratar-de-interesses-particulares\/\">Licen\u00e7a para Tratar de Interesses Particulares<\/a><\/strong><\/p>\n<p><strong><a href=\"http:\/\/www2.unifap.br\/drh\/servicos-de-recursos-humanos\/licencas\/licenca-para-atividade-politica\/\">Licen\u00e7a para Atividade Pol\u00edtica<\/a><\/strong><\/p>\n<p><strong><a href=\"http:\/\/www2.unifap.br\/drh\/servicos-de-recursos-humanos\/licencas\/licenca-para-desempenho-de-mandato-classista\/\">Licen\u00e7a para desempenho de Mandato Classista<\/a><\/strong><\/p>\n<p><strong><a href=\"http:\/\/www2.unifap.br\/drh\/servicos-de-recursos-humanos\/licencas\/licenca-por-motivo-de-afastamento-do-conjuge\/\">Licen\u00e7a por Motivo de Afastamento do C\u00f4njuge<\/a><\/strong><\/p>\n<p><strong><a href=\"http:\/\/www2.unifap.br\/drh\/servicos-de-recursos-humanos\/licencas\/licenca-por-motivo-de-afastamento-do-conjuge-ou-companheiro-sem-remuneracao\/\">Licen\u00e7a por motivo de afastamento do C\u00f4njuge ou Companheiro (sem remunera\u00e7\u00e3o)<\/a><\/strong><\/p>\n<p><strong><a href=\"http:\/\/www2.unifap.br\/drh\/servicos-de-recursos-humanos\/licencas\/licenca-para-tratamento-de-saude\/\">Licen\u00e7a para Tratamento de Sa\u00fade<\/a><\/strong><\/p>\n<p><strong><a href=\"http:\/\/www2.unifap.br\/drh\/servicos-de-recursos-humanos\/licencas\/licenca-por-motivo-de-doenca-em-pessoa-da-familia\/\">Licen\u00e7a por motivo de Doen\u00e7a em Pessoa da Fam\u00edlia<\/a><\/strong><\/p>\n<p><strong><a href=\"http:\/\/www2.unifap.br\/drh\/capacitacao-do-servidor-tecnico\/tecnico-administrativo\/licenca-para-capacitacao\/\">Licen\u00e7a para Capacita\u00e7\u00e3o<\/a><\/strong><\/p>\n<p><strong><a href=\"http:\/\/www2.unifap.br\/drh\/servicos-de-recursos-humanos\/licencas\/licenca-premio-por-assiduidade\/\">Licen\u00e7a Pr\u00eamio por Assiduidade<\/a><\/strong><\/p>\n<\/div>\n<\/div>\n<\/div>\n<p><strong><a href=\"http:\/\/www2.unifap.br\/drh\/servicos-de-recursos-humanos\/manual-de-avaliacao-de-desempenho\/\" rel=\"nofollow\">Manual de Avalia\u00e7\u00e3o de Desempenho<\/a><\/strong><br \/>\n<strong><a href=\"http:\/\/www2.unifap.br\/drh\/servicos-de-recursos-humanos\/manual-do-servidor\/\" rel=\"nofollow\"><br \/>\nManual do Servidor<\/a><\/strong><br \/>\n<strong><a href=\"https:\/\/www2.unifap.br\/drh\/movimentacao-de-servidor-compor-forca-de-trabalho\/\" target=\"_blank\" rel=\"nofollow noopener\"><br \/>\nMovimenta\u00e7\u00e3o de Servidor &#8211; Compor For\u00e7a de Trabalho<\/a><\/strong><br \/>\n<strong><a href=\"http:\/\/www2.unifap.br\/drh\/servicos-de-recursos-humanos\/movimentacao\/\" rel=\"nofollow\"><br \/>\nMovimenta\u00e7\u00e3o Interna<\/a><\/strong><br \/>\n<strong><a href=\"http:\/\/www2.unifap.br\/drh\/servicos-de-recursos-humanos\/remuneracao\/tabela-remuneratoria-fg-e-cd\/\" rel=\"nofollow\"><br \/>\nPagamento de Substitui\u00e7\u00e3o<\/a><\/strong><br \/>\n<strong><a href=\"http:\/\/www2.unifap.br\/drh\/servicos-de-recursos-humanos\/portal-do-servidor\/\" rel=\"nofollow\"><br \/>\nPortal do Servidor &#8211; Governo Federal<\/a><\/strong><br \/>\n<strong><a href=\"http:\/\/www2.unifap.br\/drh\/servicos-de-recursos-humanos\/portarias\/\" rel=\"nofollow\"><br \/>\nPortarias<\/a><\/strong><br \/>\n<strong><a href=\"http:\/\/www2.unifap.br\/drh\/servicos-de-recursos-humanos\/processo-eletronico\/\" rel=\"nofollow\"><br \/>\nProcesso Eletr\u00f4nico<\/a><\/strong><br \/>\n<strong><a href=\"https:\/\/www2.unifap.br\/drh\/manual-do-servidor\/professor-substituto\/\" rel=\"nofollow\"><br \/>\nProfessor Substituto<\/a><\/strong><br \/>\n<strong><a href=\"http:\/\/www2.unifap.br\/drh\/servicos-de-recursos-humanos\/processo-administrativo-disciplinar\/\" rel=\"nofollow\"><br \/>\nProcesso Administrativo Disciplinar<\/a><\/strong><br \/>\n<strong><a href=\"http:\/\/www2.unifap.br\/drh\/servicos-de-recursos-humanos\/recadastramento-de-aposentados-e-pensionistas\/\" rel=\"nofollow\"><br \/>\nRecadastramento Anual de Aposentados e Pensionistas<\/a><\/strong><br \/>\n<strong><a href=\"http:\/\/www.portaldatransparencia.gov.br\/servidores\/consulta?orgaosServidorLotacao=OR26286&amp;orgaosServidorExercicio=OR26286&amp;ordenarPor=nome&amp;direcao=asc\"><br \/>\nRela\u00e7\u00e3o de Servidores Lotados ou em Exerc\u00edcio na Unifap<\/a><\/strong><br \/>\n<strong><a href=\"http:\/\/www2.unifap.br\/drh\/servicos-de-recursos-humanos\/remuneracao\/\" rel=\"nofollow\"><br \/>\nRemunera\u00e7\u00e3o<\/a><\/strong><br \/>\n<strong><a href=\"http:\/\/www2.unifap.br\/drh\/servicos-de-recursos-humanos\/banco-de-professor-equivalente\/\" rel=\"nofollow\"><br \/>\nBPEq &#8211; Banco de Professor Equivalente<\/a><\/strong><br \/>\n<a href=\"http:\/\/www2.unifap.br\/drh\/servicos-de-recursos-humanos\/qrsta-quadro-de-referencia-dos-servidores-tecnico-administrativos\/\" rel=\"nofollow\"><br \/>\n<strong>QRSTA \u2013 Quadro de Refer\u00eancia dos Servidores T\u00e9cnico-Administrativos<\/strong><br \/>\n<\/a><\/p>\n<p>&nbsp;<\/p>\n","protected":false},"excerpt":{"rendered":"<p>Nos links abaixo, acesse informa\u00e7\u00f5es pertinentes a servi\u00e7os relacionados a gest\u00e3o de pessoas no \u00e2mbito da PROGEP\/ UNIFAP Abandono de Cargo e Inassiduidade habitual Abono Perman\u00eancia ACESSO AOS SISTEMAS SIAPE, SIGEPE, DW E EXTRATOR Afastamento para Servir ao Tribunal Regional Eleitoral, J\u00fari e outros servi\u00e7os obrigat\u00f3rios por lei Assist\u00eancia \u00e0 Sa\u00fade Suplementar Aux\u00edlio Sa\u00fade Aux\u00edlio&#8230;<\/p>\n","protected":false},"author":592,"featured_media":0,"parent":0,"menu_order":7,"comment_status":"closed","ping_status":"closed","template":"","meta":{"inline_featured_image":false,"ngg_post_thumbnail":0,"footnotes":""},"class_list":["post-1831","page","type-page","status-publish","hentry","entry"],"_links":{"self":[{"href":"https:\/\/www2.unifap.br\/drh\/wp-json\/wp\/v2\/pages\/1831","targetHints":{"allow":["GET"]}}],"collection":[{"href":"https:\/\/www2.unifap.br\/drh\/wp-json\/wp\/v2\/pages"}],"about":[{"href":"https:\/\/www2.unifap.br\/drh\/wp-json\/wp\/v2\/types\/page"}],"author":[{"embeddable":true,"href":"https:\/\/www2.unifap.br\/drh\/wp-json\/wp\/v2\/users\/592"}],"replies":[{"embeddable":true,"href":"https:\/\/www2.unifap.br\/drh\/wp-json\/wp\/v2\/comments?post=1831"}],"version-history":[{"count":159,"href":"https:\/\/www2.unifap.br\/drh\/wp-json\/wp\/v2\/pages\/1831\/revisions"}],"predecessor-version":[{"id":18739,"href":"https:\/\/www2.unifap.br\/drh\/wp-json\/wp\/v2\/pages\/1831\/revisions\/18739"}],"wp:attachment":[{"href":"https:\/\/www2.unifap.br\/drh\/wp-json\/wp\/v2\/media?parent=1831"}],"curies":[{"name":"wp","href":"https:\/\/api.w.org\/{rel}","templated":true}]}}