{"id":18377,"date":"2024-05-16T12:40:24","date_gmt":"2024-05-16T15:40:24","guid":{"rendered":"https:\/\/www2.unifap.br\/drh\/?page_id=18377"},"modified":"2024-05-28T22:59:36","modified_gmt":"2024-05-29T01:59:36","slug":"auxilio-pre-escolar","status":"publish","type":"page","link":"https:\/\/www2.unifap.br\/drh\/auxilio-pre-escolar\/","title":{"rendered":"Aux\u00edlio pr\u00e9-escolar"},"content":{"rendered":"\t\t<div data-elementor-type=\"wp-page\" data-elementor-id=\"18377\" class=\"elementor elementor-18377\">\n\t\t\t\t\t\t<section class=\"elementor-section elementor-top-section elementor-element elementor-element-ba53467 elementor-section-boxed elementor-section-height-default elementor-section-height-default\" data-id=\"ba53467\" data-element_type=\"section\" data-e-type=\"section\">\n\t\t\t\t\t\t<div class=\"elementor-container elementor-column-gap-default\">\n\t\t\t\t\t<div class=\"elementor-column elementor-col-100 elementor-top-column elementor-element elementor-element-21b95df\" data-id=\"21b95df\" data-element_type=\"column\" data-e-type=\"column\">\n\t\t\t<div class=\"elementor-widget-wrap elementor-element-populated\">\n\t\t\t\t\t\t<div class=\"elementor-element elementor-element-d85bcc6 elementor-widget elementor-widget-heading\" data-id=\"d85bcc6\" data-element_type=\"widget\" data-e-type=\"widget\" data-widget_type=\"heading.default\">\n\t\t\t\t<div class=\"elementor-widget-container\">\n\t\t\t\t\t<h2 class=\"elementor-heading-title elementor-size-default\">aUX\u00cdLIO PR\u00c9-ESCOLAR<\/h2>\t\t\t\t<\/div>\n\t\t\t\t<\/div>\n\t\t\t\t\t<\/div>\n\t\t<\/div>\n\t\t\t\t\t<\/div>\n\t\t<\/section>\n\t\t\t\t<section class=\"elementor-section elementor-top-section elementor-element elementor-element-5ab52009 elementor-section-boxed elementor-section-height-default elementor-section-height-default\" data-id=\"5ab52009\" data-element_type=\"section\" data-e-type=\"section\">\n\t\t\t\t\t\t<div class=\"elementor-container elementor-column-gap-default\">\n\t\t\t\t\t<div class=\"elementor-column elementor-col-100 elementor-top-column elementor-element elementor-element-36273597\" data-id=\"36273597\" data-element_type=\"column\" data-e-type=\"column\">\n\t\t\t<div class=\"elementor-widget-wrap elementor-element-populated\">\n\t\t\t\t\t\t<div class=\"elementor-element elementor-element-1beb653b elementor-widget elementor-widget-text-editor\" data-id=\"1beb653b\" data-element_type=\"widget\" data-e-type=\"widget\" data-widget_type=\"text-editor.default\">\n\t\t\t\t<div class=\"elementor-widget-container\">\n\t\t\t\t\t\t\t\t\t<p><span style=\"font-family: Helvetica, sans-serif;font-size: 18px;font-style: italic;font-weight: bold;letter-spacing: -0.2px\">DEFINI\u00c7\u00c3O:<\/span><\/p>\n<p><b style=\"font-size: 14px;letter-spacing: -0.2px\">&nbsp;<\/b><\/p>\n<p><span style=\"font-weight: 400\">Benef\u00edcio concedido ao servidor para auxiliar nas despesas pr\u00e9-escolares de filhos ou dependentes.<\/span><\/p>\n<p><span style=\"font-weight: 400\">&nbsp;<\/span><\/p>\n<p><b>REQUISITOS B\u00c1SICOS:<\/b><\/p>\n<p><b>&nbsp;<\/b><\/p>\n<p><span style=\"font-weight: 400\">Filhos e menores sob a comprovada tutela do servidor, at\u00e9 os 6 anos incompletos (5 anos, 11 meses e 29 dias de idade)<\/span><\/p>\n<p><span style=\"font-weight: 400\">&nbsp;<\/span><\/p>\n<p><b>INFORMA\u00c7\u00d5ES IMPORTANTES:<\/b><\/p>\n<ul>\n<li><span style=\"font-weight: 400\"> A assist\u00eancia pr\u00e9-escolar ser\u00e1 prestada aos dependentes dos servidores p\u00fablicos ativos e Professor Substituto da Administra\u00e7\u00e3o P\u00fablica Federal direta, aut\u00e1rquica e fundacional;&nbsp;<\/span><\/li>\n<li><span style=\"font-weight: 400\"> Para efeito da assist\u00eancia pr\u00e9-escolar, consideram-se como dependentes o filho e\/ou o menor sob tutela do servidor, desde que se encontre na faixa et\u00e1ria estabelecida;&nbsp;<\/span><\/li>\n<li><span style=\"font-weight: 400\"> Tratando-se de dependentes com necessidades especiais, ser\u00e1 considerada como limite para atendimento a idade mental, comprovada mediante laudo m\u00e9dico;&nbsp;<\/span><\/li>\n<li><span style=\"font-weight: 400\"> O valor estabelecido \u00e9 de R$ 484,90 (mensal) por dependente;&nbsp;<\/span><\/li>\n<li><span style=\"font-weight: 400\"> O aux\u00edlio pr\u00e9-escolar ser\u00e1 concedido:&nbsp;<\/span><\/li>\n<\/ul>\n<p><span style=\"font-weight: 400\">a) Somente a um dos c\u00f4njuges, quando ambos forem servidores da Administra\u00e7\u00e3o P\u00fablica Federal direta, aut\u00e1rquica ou fundacional;&nbsp;<\/span><\/p>\n<p><span style=\"font-weight: 400\">b) Ao que detiver a guarda legal dos dependentes, em caso de pais separados;&nbsp;<\/span><\/p>\n<p><span style=\"font-weight: 400\">c) A partir da data do nascimento.&nbsp;<\/span><\/p>\n<ul>\n<li><span style=\"font-weight: 400\">O servidor perder\u00e1 o benef\u00edcio:&nbsp;<\/span><\/li>\n<\/ul>\n<p><span style=\"font-weight: 400\">a) No m\u00eas subsequente ao que o dependente completar 6 (seis) anos de idade cronol\u00f3gica e mental;&nbsp;<\/span><\/p>\n<p><span style=\"font-weight: 400\">b) Quando ocorrer o \u00f3bito do dependente;&nbsp;<\/span><\/p>\n<p><span style=\"font-weight: 400\">c) Enquanto o servidor estiver em licen\u00e7a para tratar de interesses particulares;&nbsp;<\/span><\/p>\n<p><span style=\"font-weight: 400\">d) Enquanto estiver o servidor afastado ou em licen\u00e7a com perda da remunera\u00e7\u00e3o.&nbsp;<\/span><\/p>\n<p><\/p>\n<p><b>PROCEDIMENTO E DOCUMENTA\u00c7\u00c3O:<\/b><\/p>\n<p><b>&nbsp;<\/b><\/p>\n<p><span style=\"font-weight: 400\">A solicita\u00e7\u00e3o para inclus\u00e3o de dependentes para fins de aux\u00edlio-natalidade, aux\u00edlio pr\u00e9-escolar, acompanhamento de pessoa da fam\u00edlia e dedu\u00e7\u00e3o de imposto dever\u00e1 ser requerida por meio do \u201cCadastro\/Altera\u00e7\u00e3o de Dependente\u201d, no SOUGOV, selecionando as op\u00e7\u00f5es dispon\u00edveis em &#8220;Benef\u00edcio Requerido&#8221;.<\/span><\/p>\n<p><a style=\"font-weight: 200;background-color: #ffffff;letter-spacing: -0.2px\" href=\"https:\/\/catalogo-colaboragov.sistema.gov.br\/servico\/alterar-dependente-para-fins-de-assistencia-pre-escolar\"><span style=\"font-size: 19px;font-weight: 400\">SOUGOV TUTORIAL<\/span><\/a><span style=\"font-weight: 400\"><br \/><\/span><\/p>\n<p><span style=\"font-weight: 400\">&nbsp;<\/span><\/p>\n<p><span style=\"font-weight: 400\">&nbsp;<\/span><\/p>\n<p><b>DOCUMENTA\u00c7\u00c3O&nbsp; NECESS\u00c1RIA:<\/b><\/p>\n<ol>\n<li><span style=\"font-weight: 400\"> Certid\u00e3o de nascimento<\/span><\/li>\n<li><span style=\"font-weight: 400\"> No caso de dependente excepcional: laudo m\u00e9dico comprovando que o desenvolvimento biol\u00f3gico, psicol\u00f3gico e a motricidade do dependente corresponde a idade mental relativa a no m\u00e1ximo 5 (cinco) anos.<\/span><\/li>\n<li><span style=\"font-weight: 400\"> No caso de servidor separado ou divorciado: comprovante de guarda legal do dependente.<\/span><\/li>\n<li><span style=\"font-weight: 400\"> No caso de dependente sob tutela do servidor, acrescentar o Termo de tutela ou ado\u00e7\u00e3o.<\/span><\/li>\n<\/ol>\n<p><span style=\"font-weight: 400\">*Todos os documentos devem ser assinados eletronicamente no sistema.<\/span><\/p>\n<p><span style=\"font-weight: 400\">&nbsp;<\/span><\/p>\n<p><b>PROCEDIMENTO:<\/b><\/p>\n<p><b>&nbsp;<\/b><\/p>\n<p><span style=\"font-weight: 400\">Etapa<\/span> <span style=\"font-weight: 400\">Unidade<\/span> <span style=\"font-weight: 400\">Procedimento<\/span><\/p>\n<p><span style=\"font-weight: 400\">1<\/span> <span style=\"font-weight: 400\">SERVIDOR<\/span> <span style=\"font-weight: 400\">Requerimento via SOUGOV&nbsp;<\/span><\/p>\n<p><span style=\"font-weight: 400\">2<\/span> <span style=\"font-weight: 400\">DAP<\/span> <span style=\"font-weight: 400\">An\u00e1lise da instru\u00e7\u00e3o processual<\/span><\/p>\n<p><span style=\"font-weight: 400\">3<\/span> <span style=\"font-weight: 400\">DIPSA<\/span> <span style=\"font-weight: 400\">Ajustes financeiros e conclus\u00e3o da solicita\u00e7\u00e3o<\/span><\/p>\n<p><span style=\"font-weight: 400\">4<\/span> <span style=\"font-weight: 400\">SERVIDOR<\/span> <span style=\"font-weight: 400\">Tomar ci\u00eancia do Processo<\/span><\/p>\n<p><span style=\"font-weight: 400\">&nbsp;<\/span><\/p>\n<p><span style=\"font-weight: 400\">&nbsp;<\/span><\/p>\n<p><b>OBSERVA\u00c7\u00c3O:&nbsp;<\/b><\/p>\n<p><span style=\"font-weight: 400\">A solicita\u00e7\u00e3o para inclus\u00e3o de dependentes para fins de aux\u00edlio-natalidade, aux\u00edlio pr\u00e9-escolar, acompanhamento de pessoa da fam\u00edlia e dedu\u00e7\u00e3o de imposto poder\u00e3o ser solicitados em um \u00fanico pedido.<\/span><\/p>\n<p><span style=\"font-weight: 400\">&nbsp;<\/span><\/p>\n<p><span style=\"font-weight: 400\">&nbsp;<\/span><\/p>\n<p><b>BASE LEGAL:<\/b><\/p>\n<p><span style=\"font-weight: 400\">&#8211; Decreto n\u00ba 977, de 10 de novembro de 1993;<\/span><\/p>\n<p><span style=\"font-weight: 400\">-Instru\u00e7\u00e3o Normativa SAF n\u00b0 12, de 23 de dezembro de 1993;<\/span><\/p>\n<p><span style=\"font-weight: 400\">-Emenda Constitucional n\u00ba 53, de 19\/12\/2006 e Mensagem SIAPE 512812, de 15\/05\/2007.<\/span><\/p>\n<p><span style=\"font-weight: 400\">-Nota t\u00e9cnica N\u00ba 713\/2009\/COGES\/DENOP\/SRH\/MP: Aux\u00edlio pr\u00e9-escolar<\/span><\/p>\n<p><span style=\"font-weight: 400\">-Nota informativa N\u00ba 546\/2010\/CGNOR\/DENOP\/SRH\/MP: Aux\u00edlio pr\u00e9-escolar a contratadas tempor\u00e1rias<\/span><\/p>\n<p><span style=\"font-weight: 400\">-Of\u00edcio N\u00ba 83\/2004 COGES\/SRH\/MP: Aux\u00edlio pr\u00e9-escolar \u2013 servidor que det\u00e9m a guarda provis\u00f3ria.<\/span><\/p><p><span style=\"font-weight: 400\"><br \/><\/span><\/p><p><span style=\"font-weight: 400\">Data da \u00faltima atualiza\u00e7\u00e3o: 28\/05\/2024<\/span><\/p>\n<p><\/p>\t\t\t\t\t\t\t\t<\/div>\n\t\t\t\t<\/div>\n\t\t\t\t\t<\/div>\n\t\t<\/div>\n\t\t\t\t\t<\/div>\n\t\t<\/section>\n\t\t\t\t<\/div>\n\t\t","protected":false},"excerpt":{"rendered":"<p>aUX\u00cdLIO PR\u00c9-ESCOLAR DEFINI\u00c7\u00c3O: &nbsp; Benef\u00edcio concedido ao servidor para auxiliar nas despesas pr\u00e9-escolares de filhos ou dependentes. &nbsp; REQUISITOS B\u00c1SICOS: &nbsp; Filhos e menores sob a comprovada tutela do servidor, at\u00e9 os 6 anos incompletos (5 anos, 11 meses e 29 dias de idade) &nbsp; INFORMA\u00c7\u00d5ES IMPORTANTES: A assist\u00eancia pr\u00e9-escolar ser\u00e1 prestada aos dependentes dos&#8230;<\/p>\n","protected":false},"author":297,"featured_media":0,"parent":0,"menu_order":0,"comment_status":"closed","ping_status":"closed","template":"","meta":{"inline_featured_image":false,"ngg_post_thumbnail":0,"footnotes":""},"class_list":["post-18377","page","type-page","status-publish","hentry","entry"],"_links":{"self":[{"href":"https:\/\/www2.unifap.br\/drh\/wp-json\/wp\/v2\/pages\/18377","targetHints":{"allow":["GET"]}}],"collection":[{"href":"https:\/\/www2.unifap.br\/drh\/wp-json\/wp\/v2\/pages"}],"about":[{"href":"https:\/\/www2.unifap.br\/drh\/wp-json\/wp\/v2\/types\/page"}],"author":[{"embeddable":true,"href":"https:\/\/www2.unifap.br\/drh\/wp-json\/wp\/v2\/users\/297"}],"replies":[{"embeddable":true,"href":"https:\/\/www2.unifap.br\/drh\/wp-json\/wp\/v2\/comments?post=18377"}],"version-history":[{"count":4,"href":"https:\/\/www2.unifap.br\/drh\/wp-json\/wp\/v2\/pages\/18377\/revisions"}],"predecessor-version":[{"id":18472,"href":"https:\/\/www2.unifap.br\/drh\/wp-json\/wp\/v2\/pages\/18377\/revisions\/18472"}],"wp:attachment":[{"href":"https:\/\/www2.unifap.br\/drh\/wp-json\/wp\/v2\/media?parent=18377"}],"curies":[{"name":"wp","href":"https:\/\/api.w.org\/{rel}","templated":true}]}}