{"id":18584,"date":"2024-07-10T11:55:25","date_gmt":"2024-07-10T14:55:25","guid":{"rendered":"https:\/\/www2.unifap.br\/drh\/?page_id=18584"},"modified":"2024-07-17T10:33:53","modified_gmt":"2024-07-17T13:33:53","slug":"acesso-aos-sistemas-siape-sigepe-siass-gecc-dw-e-extrator","status":"publish","type":"page","link":"https:\/\/www2.unifap.br\/drh\/acesso-aos-sistemas-siape-sigepe-siass-gecc-dw-e-extrator\/","title":{"rendered":"ACESSO AOS SISTEMAS SIAPE, SIGEPE, SIASS, GECC, DW E EXTRATOR"},"content":{"rendered":"\t\t<div data-elementor-type=\"wp-page\" data-elementor-id=\"18584\" class=\"elementor elementor-18584\">\n\t\t\t\t\t\t<section class=\"elementor-section elementor-top-section elementor-element elementor-element-1613d10 elementor-section-boxed elementor-section-height-default elementor-section-height-default\" data-id=\"1613d10\" data-element_type=\"section\" data-e-type=\"section\">\n\t\t\t\t\t\t<div class=\"elementor-container elementor-column-gap-default\">\n\t\t\t\t\t<div class=\"elementor-column elementor-col-100 elementor-top-column elementor-element elementor-element-c659e32\" data-id=\"c659e32\" data-element_type=\"column\" data-e-type=\"column\">\n\t\t\t<div class=\"elementor-widget-wrap elementor-element-populated\">\n\t\t\t\t\t\t<div class=\"elementor-element elementor-element-57db67f elementor-widget__width-initial elementor-widget elementor-widget-heading\" data-id=\"57db67f\" data-element_type=\"widget\" data-e-type=\"widget\" data-widget_type=\"heading.default\">\n\t\t\t\t<div class=\"elementor-widget-container\">\n\t\t\t\t\t<h2 class=\"elementor-heading-title elementor-size-default\">ACESSO AOS SISTEMAS SIAPE, SIGEPE, GECC, DW e eXTRATOR <span style=\"font-weight:normal\"><span style=\"font-size: 18pt;font-family: Arial, sans-serif;font-weight: 700;font-style: normal;font-variant: normal\">&nbsp;<\/span><\/span><\/h2>\t\t\t\t<\/div>\n\t\t\t\t<\/div>\n\t\t\t\t\t<\/div>\n\t\t<\/div>\n\t\t\t\t\t<\/div>\n\t\t<\/section>\n\t\t\t\t<section class=\"elementor-section elementor-top-section elementor-element elementor-element-6e6b5c08 elementor-section-boxed elementor-section-height-default elementor-section-height-default\" data-id=\"6e6b5c08\" data-element_type=\"section\" data-e-type=\"section\">\n\t\t\t\t\t\t<div class=\"elementor-container elementor-column-gap-default\">\n\t\t\t\t\t<div class=\"elementor-column elementor-col-100 elementor-top-column elementor-element elementor-element-27ef725c\" data-id=\"27ef725c\" data-element_type=\"column\" data-e-type=\"column\">\n\t\t\t<div class=\"elementor-widget-wrap elementor-element-populated\">\n\t\t\t\t\t\t<div class=\"elementor-element elementor-element-10fb6538 elementor-widget__width-initial elementor-widget elementor-widget-text-editor\" data-id=\"10fb6538\" data-element_type=\"widget\" data-e-type=\"widget\" data-widget_type=\"text-editor.default\">\n\t\t\t\t<div class=\"elementor-widget-container\">\n\t\t\t\t\t\t\t\t\t<p><span style=\"text-decoration: underline\"><b>DEFINI\u00c7\u00c3O<\/b><\/span><\/p><p><span style=\"font-weight: 400\">\u00a0<\/span><\/p><p><span style=\"font-weight: 400\">\u00c9 o cadastro nos sistemas do governo federal para quem opera com os sistemas SIAPE\/ SIGEPE\/ GECC\/ DW e Extrator<\/span><\/p><p><b>\u00a0<\/b><\/p><p><span style=\"text-decoration: underline\"><b>COMO SOLICITA<\/b><\/span><\/p><p><span style=\"font-weight: 400\">O servidor(a) interessado(a) solicita o acesso considerando demandas nos sistemas, diretamenta no SIPAC e com autoriza\u00e7\u00e3o e anu\u00eancia de sua chefia imediata.<\/span><\/p><p><span style=\"font-weight: 400\">\u00a0<\/span><\/p><p><span style=\"text-decoration: underline\"><b>FLUXO<\/b><\/span><\/p><table><tbody><tr><td><span style=\"font-weight: 400\">Servidor(a)<\/span><\/td><td><p><span style=\"font-weight: 400\">1. <\/span> <span style=\"font-weight: 400\">Abre processo no SIPAC :\u00a0<\/span><\/p><p><span style=\"font-weight: 400\">Tipo: SOLICITA\u00c7\u00c3O<\/span><\/p><p><span style=\"font-weight: 400\">Assunto: <\/span><b>Solicita\u00e7\u00e3o de Acesso SIAPE\/SIGEPE\/ GECC\/ DW e EXTRATOR<\/b><\/p><p><span style=\"font-weight: 400\">2. <\/span> <span style=\"font-weight: 400\">Preenche o formul\u00e1rio correspondente ao acesso sistema que necessita ter acesso, e anexa no formato PDF Preenchivel.<\/span><\/p><p>3. Encaminha o processo diretamente ao DAP.<\/p><\/td><\/tr><tr><td><span style=\"font-weight: 400\">DAP<\/span><\/td><td><span style=\"font-weight: 400\">Analisa a solicita\u00e7\u00e3o e realiza a assinatura nos formul\u00e1rios , campo Dirigente de Gest\u00e3o de Pessoas, em seguida, encaminha o processo para o Cadastrador Parcial.<\/span><\/td><\/tr><tr><td><span style=\"font-weight: 400\">Cadastrador(a) Parcial<\/span><\/td><td><span style=\"font-weight: 400\">Realiza o cadastro nos sistemas solicitados e devolve o processo para ci\u00eancia dos solicitantes.<\/span><\/td><\/tr><tr><td><span style=\"font-weight: 400\">Servidor<\/span><\/td><td><span style=\"font-weight: 400\">Conclui processo na unidade.<\/span><\/td><\/tr><\/tbody><\/table><p><span style=\"text-decoration: underline\"><b>REQUERIMENTOS<\/b><\/span><\/p><p><b>\u00a0<\/b><\/p><h2><span style=\"text-decoration: underline\"><b>SISTEMA SIAPE<\/b><\/span><\/h2><p><strong><a href=\"https:\/\/www.gov.br\/servidor\/pt-br\/acesso-a-informacao\/faq\/duvidas-frequentes-de-acesso\/arquivos\/formulario_siape_unidade-gestao-de-pessoas_v2-0-1.pdf\">https:\/\/www.gov.br\/servidor\/pt-br\/acesso-a-informacao\/faq\/duvidas-frequentes-de-acesso\/arquivos\/formulario_siape_unidade-gestao-de-pessoas_v2-0-1.pdf<\/a><\/strong><\/p><p><strong>\u00a0<\/strong><\/p><p><strong>OBS: Preencher nos seguintes campos:<\/strong><\/p><p><span style=\"font-weight: 400\">C\u00f3digo do \u00d3rg\u00e3o: 26286\u00a0 \u00a0 \u00a0 <\/span><\/p><p><span style=\"font-weight: 400\">Sigla do \u00d3rg\u00e3o: UNIFAP\u00a0 \u00a0 \u00a0 \u00a0 <\/span><\/p><p>\u00a0<\/p><p><span style=\"text-decoration: underline\"><em>N\u00edvel de Acesso: ( x ) UNIDADE PAGADORA<\/em><\/span><\/p><p>\u00a0<\/p><p><span style=\"font-weight: 400\"><span style=\"text-decoration: underline\"><em>C\u00f3digo UPAG: 126<\/em><\/span><\/span><\/p><p>\u00a0<\/p><p><span style=\"text-decoration: underline\"><em><span style=\"font-weight: 400\">Categoria de Habilita\u00e7\u00e3o:\u00a0<\/span><\/em><\/span><\/p><p>Unidade administrativas da UNIFAP: ( x ) SOMENTE CONSULTA<\/p><p>Unidades administrativas do DAP: ( x ) OPERACIONAL<\/p><p><span style=\"font-weight: 400\"><span style=\"text-decoration: underline\"><em>\u00a0<\/em><\/span><\/span><\/p><p><span style=\"font-weight: 400\"><span style=\"text-decoration: underline\"><em>Justificativa:<\/em><\/span> Colocar a justificativa quanto a necessidade de acesso ao Sistema Siape e ao n\u00edvel selecionado.<\/span><\/p><p><span style=\"text-decoration: underline\"><b>\u00a0<\/b><\/span><\/p><h2><span style=\"text-decoration: underline\"><b>SISTEMA SIGEPE<\/b><\/span><\/h2><p><a href=\"https:\/\/www.gov.br\/servidor\/pt-br\/acesso-a-informacao\/faq\/duvidas-frequentes-de-acesso\/arquivos\/formulario_sigepe_v1-56s.pdf\"><strong>https:\/\/www.gov.br\/servidor\/pt-br\/acesso-a-informacao\/faq\/duvidas-frequentes-de-acesso\/arquivos\/formulario_sigepe_v1-56s.pdf\u00a0<\/strong><\/a><\/p><p><strong>\u00a0<\/strong><\/p><p><strong>OBS: Preencher nos seguintes campos:<\/strong><\/p><p><span style=\"font-weight: 400\"><span style=\"text-decoration: underline\">C\u00f3digo do \u00d3rg\u00e3o:<\/span> 26286\u00a0 \u00a0 \u00a0 <\/span><\/p><p><span style=\"font-weight: 400\"><span style=\"text-decoration: underline\">Sigla do \u00d3rg\u00e3o:<\/span> UNIFAP\u00a0\u00a0<\/span><\/p><p>\u00a0<\/p><p><span style=\"text-decoration: underline\"><em>N\u00edvel de Acesso: ( x ) UNIDADE PAGADORA<\/em><\/span><\/p><p>\u00a0<\/p><p><span style=\"font-weight: 400\"><span style=\"text-decoration: underline\"><em>C\u00f3digo UPAG: 126<\/em><\/span><\/span><\/p><p>\u00a0<\/p><p><span style=\"font-weight: 400\"><span style=\"text-decoration: underline\"><em>Justificativa:<\/em><\/span> Colocar a justificativa quanto a necessidade de acesso aos sistemas solicitados.<\/span><\/p><p>\u00a0<\/p><p><span style=\"text-decoration: underline\"><span style=\"font-weight: 400\">Nas p\u00e1ginas 02 e 03, marcar os m\u00f3dulos que necessita de acesso<\/span><\/span><\/p><p><span style=\"text-decoration: underline\"><b>\u00a0<\/b><\/span><\/p><h2><span style=\"text-decoration: underline\"><b>SISTEMA DW e EXTRATOR<\/b><\/span><\/h2><p><a href=\"https:\/\/www.gov.br\/servidor\/pt-br\/acesso-a-informacao\/faq\/duvidas-frequentes-de-acesso\/arquivos\/formulario-de-acesso-siape_extrator-de-dados-e-dw-siape-e-siass-_v1-21.pdf\"><strong>https:\/\/www.gov.br\/servidor\/pt-br\/acesso-a-informacao\/faq\/duvidas-frequentes-de-acesso\/arquivos\/formulario-de-acesso-siape_extrator-de-dados-e-dw-siape-e-siass-_v1-21.pdf<\/strong><\/a><\/p><p><strong>\u00a0<\/strong><\/p><p><strong>OBS: Preencher nos seguintes campos:<\/strong><\/p><p><span style=\"font-weight: 400\">C\u00f3digo do \u00d3rg\u00e3o: 26286\u00a0 \u00a0 \u00a0 <\/span><\/p><p><span style=\"font-weight: 400\">Sigla do \u00d3rg\u00e3o: UNIFAP\u00a0<\/span><\/p><p><span style=\"text-decoration: underline\"><em>\u00a0<\/em><\/span><\/p><p><span style=\"text-decoration: underline\"><em>Sistemas\/ N\u00edveis de Acesso: <\/em><\/span><\/p><p>SIAPE : (X) outros: UPAG<\/p><p>DW Siape: (X) \u00d3rg\u00e3o<\/p><p>DW Siass: N\u00e3o Marcar<\/p><p>Extrator: ( X ) \u00d3rg\u00e3o\u00a0 \u00a0<\/p><p>C\u00f3digo UPAG: 126<\/p><p><span style=\"font-weight: 400\"><span style=\"text-decoration: underline\"><em>\u00a0<\/em><\/span><\/span><\/p><p><span style=\"font-weight: 400\"><span style=\"text-decoration: underline\"><em>Justificativa:<\/em><\/span> Colocar a justificativa quanto a necessidade de acesso aos sistemas solicitados.<\/span><\/p><p><b>\u00a0<\/b><\/p><h2><span style=\"text-decoration: underline\"><b>SISTEMA GECC<\/b><\/span><\/h2><p><strong><a href=\"https:\/\/www.gov.br\/servidor\/pt-br\/acesso-a-informacao\/faq\/duvidas-frequentes-de-acesso\/arquivos\/formulario_sigepe_v1-56s.pdf\">https:\/\/www.gov.br\/servidor\/pt-br\/acesso-a-informacao\/faq\/duvidas-frequentes-de-acesso\/arquivos\/formulario_sigepe_v1-56s.pdf\u00a0<\/a><\/strong><\/p><p><strong>\u00a0<\/strong><\/p><p><strong>OBS: Preencher nos seguintes campos:<\/strong><\/p><p><span style=\"font-weight: 400\">C\u00f3digo do \u00d3rg\u00e3o: 26286\u00a0 \u00a0 \u00a0 Sigla do \u00d3rg\u00e3o: UNIFAP\u00a0 <\/span><\/p><p><span style=\"text-decoration: underline\"><em>N\u00edvel de Acesso:(\u00a0 \u00a0) \u00d3RG\u00c3O<\/em><\/span><\/p><p><span style=\"font-weight: 400\">C\u00f3digo UPAG: 126<\/span><\/p><p><span style=\"font-weight: 400\"><span style=\"text-decoration: underline\"><em>\u00a0<\/em><\/span><\/span><\/p><p><span style=\"font-weight: 400\"><span style=\"text-decoration: underline\"><em>Justificativa:<\/em><\/span> Colocar a justificativa quanto a necessidade de acesso ao sistemas GECC.<\/span><\/p><p><span style=\"font-weight: 400\">Na p\u00e1gina 03, marca no campo GRATIFICA\u00c7\u00c3O, o m\u00f3dulo de acesso ao GECC:<\/span><\/p><p><span style=\"font-weight: 400\">( X) GRA_GESTOR_PESSOAS &#8211; Gest\u00e3o de pessoas<\/span><\/p><p><b>\u00a0<\/b><\/p><p>\u00a0<\/p><p><b>BASE LEGAL<\/b><\/p><p><span style=\"font-weight: 400\">Portaria n\u00ba 236, de 08 de dezembro de 2014.<\/span><\/p><p><span style=\"font-weight: 400\">.<\/span><\/p><p>\u00a0<\/p><p><strong>SETOR RESPONS\u00c1VEL<\/strong><\/p><p>Departamento de Administra\u00e7\u00e3o de Pessoa- DAP<\/p><p>E-mail: dap@unifap.br<\/p>\t\t\t\t\t\t\t\t<\/div>\n\t\t\t\t<\/div>\n\t\t\t\t\t<\/div>\n\t\t<\/div>\n\t\t\t\t\t<\/div>\n\t\t<\/section>\n\t\t\t\t<\/div>\n\t\t","protected":false},"excerpt":{"rendered":"<p>ACESSO AOS SISTEMAS SIAPE, SIGEPE, GECC, DW e eXTRATOR &nbsp; DEFINI\u00c7\u00c3O \u00a0 \u00c9 o cadastro nos sistemas do governo federal para quem opera com os sistemas SIAPE\/ SIGEPE\/ GECC\/ DW e Extrator \u00a0 COMO SOLICITA O servidor(a) interessado(a) solicita o acesso considerando demandas nos sistemas, diretamenta no SIPAC e com autoriza\u00e7\u00e3o e anu\u00eancia de sua&#8230;<\/p>\n","protected":false},"author":3852,"featured_media":0,"parent":0,"menu_order":0,"comment_status":"closed","ping_status":"closed","template":"","meta":{"inline_featured_image":false,"ngg_post_thumbnail":0,"footnotes":""},"class_list":["post-18584","page","type-page","status-publish","hentry","entry"],"_links":{"self":[{"href":"https:\/\/www2.unifap.br\/drh\/wp-json\/wp\/v2\/pages\/18584","targetHints":{"allow":["GET"]}}],"collection":[{"href":"https:\/\/www2.unifap.br\/drh\/wp-json\/wp\/v2\/pages"}],"about":[{"href":"https:\/\/www2.unifap.br\/drh\/wp-json\/wp\/v2\/types\/page"}],"author":[{"embeddable":true,"href":"https:\/\/www2.unifap.br\/drh\/wp-json\/wp\/v2\/users\/3852"}],"replies":[{"embeddable":true,"href":"https:\/\/www2.unifap.br\/drh\/wp-json\/wp\/v2\/comments?post=18584"}],"version-history":[{"count":28,"href":"https:\/\/www2.unifap.br\/drh\/wp-json\/wp\/v2\/pages\/18584\/revisions"}],"predecessor-version":[{"id":18653,"href":"https:\/\/www2.unifap.br\/drh\/wp-json\/wp\/v2\/pages\/18584\/revisions\/18653"}],"wp:attachment":[{"href":"https:\/\/www2.unifap.br\/drh\/wp-json\/wp\/v2\/media?parent=18584"}],"curies":[{"name":"wp","href":"https:\/\/api.w.org\/{rel}","templated":true}]}}