{"id":20478,"date":"2026-01-09T17:09:15","date_gmt":"2026-01-09T20:09:15","guid":{"rendered":"https:\/\/www2.unifap.br\/drh\/?page_id=20478"},"modified":"2026-01-13T10:35:02","modified_gmt":"2026-01-13T13:35:02","slug":"pericias","status":"publish","type":"page","link":"https:\/\/www2.unifap.br\/drh\/pericias\/","title":{"rendered":"Per\u00edcias"},"content":{"rendered":"\t\t<div data-elementor-type=\"wp-page\" data-elementor-id=\"20478\" class=\"elementor elementor-20478\">\n\t\t\t\t\t\t<section class=\"elementor-section elementor-top-section elementor-element elementor-element-57dd18b5 elementor-section-boxed elementor-section-height-default elementor-section-height-default\" data-id=\"57dd18b5\" data-element_type=\"section\" data-e-type=\"section\">\n\t\t\t\t\t\t<div class=\"elementor-container elementor-column-gap-default\">\n\t\t\t\t\t<div class=\"elementor-column elementor-col-100 elementor-top-column elementor-element elementor-element-46483816\" data-id=\"46483816\" data-element_type=\"column\" data-e-type=\"column\">\n\t\t\t<div class=\"elementor-widget-wrap elementor-element-populated\">\n\t\t\t\t\t\t<div class=\"elementor-element elementor-element-12047cd2 elementor-widget elementor-widget-text-editor\" data-id=\"12047cd2\" data-element_type=\"widget\" data-e-type=\"widget\" data-widget_type=\"text-editor.default\">\n\t\t\t\t<div class=\"elementor-widget-container\">\n\t\t\t\t\t\t\t\t\t<h2><strong>Per\u00edcia<\/strong><\/h2>\t\t\t\t\t\t\t\t<\/div>\n\t\t\t\t<\/div>\n\t\t\t\t\t<\/div>\n\t\t<\/div>\n\t\t\t\t\t<\/div>\n\t\t<\/section>\n\t\t\t\t<section class=\"elementor-section elementor-top-section elementor-element elementor-element-068b43e elementor-section-boxed elementor-section-height-default elementor-section-height-default\" data-id=\"068b43e\" data-element_type=\"section\" data-e-type=\"section\">\n\t\t\t\t\t\t<div class=\"elementor-container elementor-column-gap-default\">\n\t\t\t\t\t<div class=\"elementor-column elementor-col-100 elementor-top-column elementor-element elementor-element-3c39a9a\" data-id=\"3c39a9a\" data-element_type=\"column\" data-e-type=\"column\">\n\t\t\t<div class=\"elementor-widget-wrap elementor-element-populated\">\n\t\t\t\t\t\t<div class=\"elementor-element elementor-element-e312174 elementor-widget elementor-widget-text-editor\" data-id=\"e312174\" data-element_type=\"widget\" data-e-type=\"widget\" data-widget_type=\"text-editor.default\">\n\t\t\t\t<div class=\"elementor-widget-container\">\n\t\t\t\t\t\t\t\t\t<p><strong><a href=\"http:\/\/www2.unifap.br\/samaumatech\/files\/2025\/01\/INSCRITOS-TURMAS-ROBOTICA-NAS-FERIAS-2025-1.pdf\"><img decoding=\"async\" class=\"alignnone\" src=\"https:\/\/e7.pngegg.com\/pngimages\/415\/881\/png-clipart-graphics-computer-icons-pdf-text-rectangle-thumbnail.png\" alt=\"Gr\u00e1ficos \u00cdcones de computador, pdf, texto, ret\u00e2ngulo png | PNGEgg\" width=\"37\" height=\"39\" \/>\u00a0 <\/a><a href=\"https:\/\/www.gov.br\/anac\/pt-br\/centrais-de-conteudo\/publicacoes\/arquivos\/manual-de-pericia-oficial-em-saude-do-servidor-publico-federal-3a-edicao-ano-2017-versao-28abr2017-3.pdf\/view\">MANUAL DE PER\u00cdCIA OFICIAL EM SA\u00daDE DO SERVIDOR P\u00daBLICO FEDERAL &#8211; 3\u00aa EDI\u00c7\u00c3O<\/a><\/strong><\/p>\t\t\t\t\t\t\t\t<\/div>\n\t\t\t\t<\/div>\n\t\t\t\t\t<\/div>\n\t\t<\/div>\n\t\t\t\t\t<\/div>\n\t\t<\/section>\n\t\t\t\t<section class=\"elementor-section elementor-top-section elementor-element elementor-element-817c3a1 elementor-section-boxed elementor-section-height-default elementor-section-height-default\" data-id=\"817c3a1\" data-element_type=\"section\" data-e-type=\"section\">\n\t\t\t\t\t\t<div class=\"elementor-container elementor-column-gap-default\">\n\t\t\t\t\t<div class=\"elementor-column elementor-col-100 elementor-top-column elementor-element elementor-element-c0ab085\" data-id=\"c0ab085\" data-element_type=\"column\" data-e-type=\"column\">\n\t\t\t<div class=\"elementor-widget-wrap elementor-element-populated\">\n\t\t\t\t\t\t<div class=\"elementor-element elementor-element-80d4501 elementor-widget elementor-widget-heading\" data-id=\"80d4501\" data-element_type=\"widget\" data-e-type=\"widget\" data-widget_type=\"heading.default\">\n\t\t\t\t<div class=\"elementor-widget-container\">\n\t\t\t\t\t<h2 class=\"elementor-heading-title elementor-size-default\">Per\u00edcia Admissional<\/h2>\t\t\t\t<\/div>\n\t\t\t\t<\/div>\n\t\t\t\t\t<\/div>\n\t\t<\/div>\n\t\t\t\t\t<\/div>\n\t\t<\/section>\n\t\t\t\t<section class=\"elementor-section elementor-top-section elementor-element elementor-element-3302486 elementor-section-boxed elementor-section-height-default elementor-section-height-default\" data-id=\"3302486\" data-element_type=\"section\" data-e-type=\"section\">\n\t\t\t\t\t\t<div class=\"elementor-container elementor-column-gap-default\">\n\t\t\t\t\t<div class=\"elementor-column elementor-col-100 elementor-top-column elementor-element elementor-element-e1d774a\" data-id=\"e1d774a\" data-element_type=\"column\" data-e-type=\"column\">\n\t\t\t<div class=\"elementor-widget-wrap elementor-element-populated\">\n\t\t\t\t\t\t<div class=\"elementor-element elementor-element-2082845 elementor-widget elementor-widget-text-editor\" data-id=\"2082845\" data-element_type=\"widget\" data-e-type=\"widget\" data-widget_type=\"text-editor.default\">\n\t\t\t\t<div class=\"elementor-widget-container\">\n\t\t\t\t\t\t\t\t\t<p><strong><img decoding=\"async\" class=\"alignnone\" src=\"https:\/\/e7.pngegg.com\/pngimages\/415\/881\/png-clipart-graphics-computer-icons-pdf-text-rectangle-thumbnail.png\" alt=\"Gr\u00e1ficos \u00cdcones de computador, pdf, texto, ret\u00e2ngulo png | PNGEgg\" width=\"37\" height=\"39\" \/> <a href=\"http:\/\/www2.unifap.br\/drh\/files\/2026\/01\/PORTARIA-SRT_MGI-No-4.515-DE-26-DE-JUNHO-DE-2024-PORTARIA-SRT_MGI-No-4.pdf\">PORTARIA SRT_MGI N\u00ba 4.515, DE 26 DE JUNHO DE 2024 &#8211; PORTARIA SRT_MGI N\u00ba 4<\/a><\/strong><\/p><p><strong><img decoding=\"async\" class=\"alignnone\" src=\"https:\/\/e7.pngegg.com\/pngimages\/415\/881\/png-clipart-graphics-computer-icons-pdf-text-rectangle-thumbnail.png\" alt=\"Gr\u00e1ficos \u00cdcones de computador, pdf, texto, ret\u00e2ngulo png | PNGEgg\" width=\"37\" height=\"39\" \/> <a href=\"http:\/\/www2.unifap.br\/drh\/files\/2026\/01\/PORTARIA-SRT-MGI-No-7.809-DE-12-DE-SETEMBRO-DE-2025-PORTARIA-SRT-MGI-No-7.809.pdf\">PORTARIA SRT-MGI N\u00ba 7.809, DE 12 DE SETEMBRO DE 2025 &#8211; PORTARIA SRT-MGI N\u00ba 7.809<\/a><\/strong><\/p>\t\t\t\t\t\t\t\t<\/div>\n\t\t\t\t<\/div>\n\t\t\t\t\t<\/div>\n\t\t<\/div>\n\t\t\t\t\t<\/div>\n\t\t<\/section>\n\t\t\t\t<\/div>\n\t\t","protected":false},"excerpt":{"rendered":"<p>Per\u00edcia \u00a0 MANUAL DE PER\u00cdCIA OFICIAL EM SA\u00daDE DO SERVIDOR P\u00daBLICO FEDERAL &#8211; 3\u00aa EDI\u00c7\u00c3O Per\u00edcia Admissional PORTARIA SRT_MGI N\u00ba 4.515, DE 26 DE JUNHO DE 2024 &#8211; PORTARIA SRT_MGI N\u00ba 4 PORTARIA SRT-MGI N\u00ba 7.809, DE 12 DE SETEMBRO DE 2025 &#8211; PORTARIA SRT-MGI N\u00ba 7.809<\/p>\n","protected":false},"author":3860,"featured_media":0,"parent":0,"menu_order":0,"comment_status":"closed","ping_status":"closed","template":"","meta":{"inline_featured_image":false,"ngg_post_thumbnail":0,"footnotes":""},"class_list":["post-20478","page","type-page","status-publish","hentry","entry"],"_links":{"self":[{"href":"https:\/\/www2.unifap.br\/drh\/wp-json\/wp\/v2\/pages\/20478","targetHints":{"allow":["GET"]}}],"collection":[{"href":"https:\/\/www2.unifap.br\/drh\/wp-json\/wp\/v2\/pages"}],"about":[{"href":"https:\/\/www2.unifap.br\/drh\/wp-json\/wp\/v2\/types\/page"}],"author":[{"embeddable":true,"href":"https:\/\/www2.unifap.br\/drh\/wp-json\/wp\/v2\/users\/3860"}],"replies":[{"embeddable":true,"href":"https:\/\/www2.unifap.br\/drh\/wp-json\/wp\/v2\/comments?post=20478"}],"version-history":[{"count":12,"href":"https:\/\/www2.unifap.br\/drh\/wp-json\/wp\/v2\/pages\/20478\/revisions"}],"predecessor-version":[{"id":20512,"href":"https:\/\/www2.unifap.br\/drh\/wp-json\/wp\/v2\/pages\/20478\/revisions\/20512"}],"wp:attachment":[{"href":"https:\/\/www2.unifap.br\/drh\/wp-json\/wp\/v2\/media?parent=20478"}],"curies":[{"name":"wp","href":"https:\/\/api.w.org\/{rel}","templated":true}]}}