{"id":238,"date":"2010-02-22T14:46:52","date_gmt":"2010-02-22T17:46:52","guid":{"rendered":"http:\/\/pororoca.unifap.br\/drh\/?page_id=238"},"modified":"2024-05-28T21:30:16","modified_gmt":"2024-05-29T00:30:16","slug":"auxilio-saude","status":"publish","type":"page","link":"https:\/\/www2.unifap.br\/drh\/manual-do-servidor\/auxilios\/auxilio-saude\/","title":{"rendered":"AUX\u00cdLIO SA\u00daDE &#8211; RESSARCIMENTO \u00c0 SA\u00daDE SUPLEMENTAR"},"content":{"rendered":"\t\t<div data-elementor-type=\"wp-page\" data-elementor-id=\"238\" class=\"elementor elementor-238\">\n\t\t\t\t\t\t<section class=\"elementor-section elementor-top-section elementor-element elementor-element-50deb3c5 elementor-section-boxed elementor-section-height-default elementor-section-height-default\" data-id=\"50deb3c5\" data-element_type=\"section\" data-e-type=\"section\">\n\t\t\t\t\t\t<div class=\"elementor-container elementor-column-gap-default\">\n\t\t\t\t\t<div class=\"elementor-column elementor-col-100 elementor-top-column elementor-element elementor-element-6b168d64\" data-id=\"6b168d64\" data-element_type=\"column\" data-e-type=\"column\">\n\t\t\t<div class=\"elementor-widget-wrap elementor-element-populated\">\n\t\t\t\t\t\t<div class=\"elementor-element elementor-element-d9c51d8 elementor-widget elementor-widget-heading\" data-id=\"d9c51d8\" data-element_type=\"widget\" data-e-type=\"widget\" data-widget_type=\"heading.default\">\n\t\t\t\t<div class=\"elementor-widget-container\">\n\t\t\t\t\t<h2 class=\"elementor-heading-title elementor-size-default\">AUX\u00cdLIO SA\u00daDE\/ Assist\u00eancia \u00e0 Saude Suplementar<\/h2>\t\t\t\t<\/div>\n\t\t\t\t<\/div>\n\t\t\t\t<div class=\"elementor-element elementor-element-a9f8e9b elementor-widget elementor-widget-heading\" data-id=\"a9f8e9b\" data-element_type=\"widget\" data-e-type=\"widget\" data-widget_type=\"heading.default\">\n\t\t\t\t<div class=\"elementor-widget-container\">\n\t\t\t\t\t<h2 class=\"elementor-heading-title elementor-size-default\">DEFINI\u00c7\u00c3O<\/h2>\t\t\t\t<\/div>\n\t\t\t\t<\/div>\n\t\t\t\t<div class=\"elementor-element elementor-element-cf8517e elementor-widget elementor-widget-text-editor\" data-id=\"cf8517e\" data-element_type=\"widget\" data-e-type=\"widget\" data-widget_type=\"text-editor.default\">\n\t\t\t\t<div class=\"elementor-widget-container\">\n\t\t\t\t\t\t\t\t\t<p style=\"text-align: justify\"><span style=\"font-size: 16px;text-align: justify\">A assist\u00eancia \u00e0 sa\u00fade suplementar compreende assist\u00eancia m\u00e9dica, hospitalar, odontol\u00f3gica, psicol\u00f3gica e farmac\u00eautica, e \u00e9 prestada diretamente pelo \u00f3rg\u00e3o ou entidade ao qual estiver vinculado o servidor, mediante conv\u00eanio ou contrato, ou na forma de aux\u00edlio, mediante ressarcimento parcial do valor despendido pelo servidor, ativo ou inativo, e seus dependentes ou pensionistas com planos ou seguros privados de assist\u00eancia \u00e0 sa\u00fade.<\/span><\/p><p style=\"text-align: justify\">\u00c9 destinado ao custeio da assist\u00eancia \u00e0 sa\u00fade suplementar dos servidores ocupantes de cargos efetivos, dos inativos, dos cargos comissionados ou de natureza especial e dos empregados p\u00fablicos e seus dependentes e os pensionistas, desde que o pr\u00f3prio servidor seja o titular do plano de sa\u00fade contratado.<\/p><p style=\"text-align: justify\">A <a href=\"http:\/\/www2.unifap.br\/drh\/files\/2024\/05\/PORTARIA-MGI-No-2.829-DE-29-DE-ABRIL-DE-2024.pdf\">Portaria MGI n\u00ba 2.829, DE 29 DE ABRIL DE 2024 <\/a>define os valores per capita conforme faixas de renda e de idade relativos \u00e0 participa\u00e7\u00e3o da Uni\u00e3o no custeio da assist\u00eancia \u00e0 sa\u00fade suplementar dos servidores ativos, aposentados e dependentes (plano de sa\u00fade).\u00a0<\/p><p style=\"text-align: justify\"><a href=\"http:\/\/www2.unifap.br\/drh\/servicos-de-recursos-humanos\/auxilios\/auxilio-saude\/tabela-de-auxilio-saude\/\"><span style=\"text-decoration: underline\"><span style=\"color: #008000;text-decoration: underline\"><b>TABELA DE VALORES PER CAPITA<\/b><\/span><\/span><\/a><\/p><p style=\"text-align: justify\">\u00a0<\/p><p style=\"text-align: justify\"><u><strong>ATEN\u00c7\u00c3O<\/strong>:<\/u> Para fazer jus ao aux\u00edlio relativamente a seus dependentes, o servidor dever\u00e1 inscrev\u00ea-los como tais\u00a0<strong>no mesmo plano de sa\u00fade do qual seja o titular<\/strong>\u00a0e tenha sido por ele contratado na forma da\u00a0<a href=\"http:\/\/www.in.gov.br\/materia\/-\/asset_publisher\/Kujrw0TZC2Mb\/content\/id\/20826333\">Portaria Normativa n\u00ba 1, de 9 de mar\u00e7o de 2017<\/a>.<\/p><p style=\"text-align: justify\">\u00a0<\/p>\t\t\t\t\t\t\t\t<\/div>\n\t\t\t\t<\/div>\n\t\t\t\t<div class=\"elementor-element elementor-element-196331f elementor-widget elementor-widget-heading\" data-id=\"196331f\" data-element_type=\"widget\" data-e-type=\"widget\" data-widget_type=\"heading.default\">\n\t\t\t\t<div class=\"elementor-widget-container\">\n\t\t\t\t\t<h2 class=\"elementor-heading-title elementor-size-default\">MODALIDADES<\/h2>\t\t\t\t<\/div>\n\t\t\t\t<\/div>\n\t\t\t\t<div class=\"elementor-element elementor-element-6de1e4c elementor-widget elementor-widget-text-editor\" data-id=\"6de1e4c\" data-element_type=\"widget\" data-e-type=\"widget\" data-widget_type=\"text-editor.default\">\n\t\t\t\t<div class=\"elementor-widget-container\">\n\t\t\t\t\t\t\t\t\t<p style=\"text-align: justify\">Na UNIFAP, a assist\u00eancia \u00e0 sa\u00fade de forma suplementar \u00e9 prestada nas seguintes modalidades, devendo o servidor optar por uma delas:<\/p><p style=\"text-align: justify\"><br \/><\/p>\n<p style=\"text-align: justify\">1)&nbsp;Modalidade de Autogest\u00e3o \u2013 <b>Conv\u00eanio GEAP:<\/b><\/p><p style=\"text-align: justify\"><span style=\"font-style: inherit;font-weight: inherit;letter-spacing: 0.3px\">2) Modalidade de Ressarcimento &#8211; <\/span><b style=\"font-style: inherit;letter-spacing: 0.3px\">Plano Particular<\/b><br \/><\/p><p style=\"text-align: justify\"><b><br \/><\/b><\/p>\n<p style=\"text-align: justify\">Em abas as modalidades a ades\u00e3o, bem como altera\u00e7\u00f5es e cancelamento do plano de sa\u00fade devem ser realizados diretamente com as operadoras. A Unifap n\u00e3o possui gest\u00e3o cadastral e nem financeira nos planos de sa\u00fade contratados pelos seus servidores diretamente com as operadoras ou administradora de planode sa\u00fade.<\/p>\t\t\t\t\t\t\t\t<\/div>\n\t\t\t\t<\/div>\n\t\t\t\t<div class=\"elementor-element elementor-element-1290e69 elementor-widget elementor-widget-heading\" data-id=\"1290e69\" data-element_type=\"widget\" data-e-type=\"widget\" data-widget_type=\"heading.default\">\n\t\t\t\t<div class=\"elementor-widget-container\">\n\t\t\t\t\t<h2 class=\"elementor-heading-title elementor-size-default\"><p>* MODALIDADE DE AUGEST\u00c3O - CONV\u00caNIO GEAP OU aSSEFAZ<span style=\"font-family: Garamond, serif;font-size: 20px;font-style: normal;font-weight: 600;letter-spacing: -0.4px\"><\/span><\/p><\/h2>\t\t\t\t<\/div>\n\t\t\t\t<\/div>\n\t\t\t\t<div class=\"elementor-element elementor-element-47c2784 elementor-widget elementor-widget-text-editor\" data-id=\"47c2784\" data-element_type=\"widget\" data-e-type=\"widget\" data-widget_type=\"text-editor.default\">\n\t\t\t\t<div class=\"elementor-widget-container\">\n\t\t\t\t\t\t\t\t\t<p style=\"text-align: justify\">Ao optar por um dos planos oferecidos pela GEAP ou ASSEFAZ, o valor da mensalidade, assim como os valores cobrados na utiliza\u00e7\u00e3o do plano ser\u00e3o descontados diretamente no contracheque do servidor. Al\u00e9m disso, o valor relativo \u00e0 participa\u00e7\u00e3o da Uni\u00e3o no custeio da assist\u00eancia \u00e0 sa\u00fade suplementar do servidor e demais benefici\u00e1rios \u2013 <em>per capita<\/em> \u2013 ser\u00e1 repassado diretamente para a GEAP ou ASSEFAZ, e n\u00e3o para o servidor, como nos outros planos.<\/p><p style=\"text-align: justify\"><b>\u00a0<\/b><\/p><p style=\"text-align: justify\"><u style=\"font-style: inherit;font-weight: inherit;letter-spacing: 0.3px\"><b>COMO SOLICITAR:<\/b><\/u><\/p><p style=\"text-align: justify\"><span style=\"font-style: inherit;font-weight: inherit;letter-spacing: 0.3px\">Para realizar a\u00a0<\/span><span style=\"letter-spacing: 0.3px\">ADES\u00c3O\/ ALTERA\u00c7\u00c3O OU CANCELAMENTO do seu plano de sa\u00fade<strong> GEAP<\/strong>, o s<\/span><span style=\"font-style: inherit;font-weight: inherit;letter-spacing: 0.3px\">ervidor dever\u00e1 comparecer \u00e0 uma Unidade do Geap ou realizar a sua solicita\u00e7\u00e3o pela internet na p\u00e1gina:\u00a0<a href=\"https:\/\/www.geap.org.br\/institucional\/servicos\/como-se-inscrever\/\">https:\/\/www.geap.org.br\/institucional\/servicos\/como-se-inscrever\/<\/a><\/span><\/p><p>\u00a0<\/p><p><span style=\"font-style: inherit;font-weight: inherit;letter-spacing: 0.3px\">Para realizar a\u00a0<\/span><span style=\"letter-spacing: 0.3px\">ADES\u00c3O\/ ALTERA\u00c7\u00c3O OU CANCELAMENTO do seu plano de sa\u00fade ASSEFAZ, o s<\/span><span style=\"font-style: inherit;font-weight: inherit;letter-spacing: 0.3px\">ervidor dever\u00e1 comparecer \u00e0 uma Unidade da <strong>ASSEFAZ<\/strong> ou realizar a sua solicita\u00e7\u00e3o pela internet na p\u00e1gina:\u00a0<a href=\"https:\/\/www.assefaz.org.br\/faca-sua-adesao\"> https:\/\/www.assefaz.org.br\/faca-sua-adesao\u00a0<\/a><\/span><\/p><p>\u00a0<\/p><p style=\"text-align: justify\"><span style=\"font-style: inherit;font-weight: inherit;letter-spacing: 0.3px\">\u00a0<\/span><\/p><p style=\"text-align: justify\">Ap\u00f3s realizar sua solicita\u00e7\u00e3o junto ao GEAP ou ASSEFAZ o servidor dever\u00e1 encaminhar sua solicita\u00e7\u00e3o, juntamente com a documenta\u00e7\u00e3o abaixo descrito, para o e-mail da Divis\u00e3o de Cadastro: dic@unifap.br<\/p><p style=\"text-align: justify\">Se preferir, o servidor tamb\u00e9m podera encaminhar sua solicita\u00e7\u00e3o para a Progep, atrav\u00e9s de processo eletr\u00f4nico\/administrativo, instru\u00eddo no SIPAC, da seguinte forma:\u00a0<\/p><p style=\"text-align: justify\"><i>Interessado:<\/i> NOME DO SERVIDOR<\/p><p style=\"text-align: justify\"><i>Tipo de Processo:<\/i> PLANO DE SA\u00daDE<\/p><p style=\"text-align: justify\"><i>Assunto:<\/i> Adessao ou Altera\u00e7\u00e3o ou Cancelamento de Plano de Sa\u00fade\/ Geap ou Assefaz<\/p><p style=\"text-align: justify\"><span style=\"text-decoration: underline\"><strong>\u00a0<\/strong><\/span><\/p><p style=\"text-align: justify\"><span style=\"text-decoration: underline\"><strong>E dever\u00e1 anexar os seguintes documentos:<\/strong><\/span><\/p><ul><li>Termo\/Formul\u00e1rio com a solicita\u00e7\u00e3o do GEAP ou ASSEFAZ (Ades\u00e3o\/ Altera\u00e7\u00e3o ou Cancelamento de Plano de Sa\u00fade) ;<\/li><li>C\u00f3pia do RG e CPF do servidor solicitante (titular do plano de sa\u00fade);<\/li><li>C\u00f3pia do \u00faltimo contracheque;<\/li><li>C\u00f3pia do comprovante de endere\u00e7o atualizado.<\/li><\/ul><div>\u00a0<\/div><div><span style=\"letter-spacing: 0.3px\">Lembrando que se houver solicita\u00e7\u00e3o de ades\u00e3o ou altera\u00e7\u00e3o de plano de sa\u00fade Geap ou Assefaz de DEPENDENTES, o pr\u00f3prio servidor dever\u00e1 antes de encaminhar sua solicita\u00e7\u00e3o para a Progep, cadastrar os seus dependentes na plataforma do SouGov.br, dispon\u00edvel nas vers\u00f5es aplicativo e web e conforme orienta\u00e7\u00f5es dos itens abaixo.<\/span><\/div><div><span style=\"letter-spacing: 0.3px\"><br \/><\/span><br \/>OBS: N\u00e3o \u00e9 responsabilidade da UNIFAP explicar os tipos de planos, seus valores, rede credenciada, mas apenas receber os formul\u00e1rios preenchidos, fazer os registros sist\u00eamicos e posteriormente encaminhar ao GEAP ou ASSEFAZ.<span style=\"letter-spacing: 0.3px\"><br \/><\/span><br \/><span style=\"font-style: inherit;font-weight: inherit;letter-spacing: 0.3px\">Mais informa\u00e7\u00f5es sobre plano de sa\u00fade GEAP, ligar para a <\/span><strong style=\"font-style: inherit;letter-spacing: 0.3px\">Central Nacional de Teleatendimento do Geap<\/strong><span style=\"font-style: inherit;font-weight: inherit;letter-spacing: 0.3px\">\u00a0<\/span><strong style=\"font-style: inherit;letter-spacing: 0.3px\">(0800 728 8300)<\/strong><strong style=\"font-style: inherit;letter-spacing: 0.3px\">\u00a0<\/strong><\/div><div>\u00a0<\/div><div><span style=\"font-style: inherit;font-weight: inherit;letter-spacing: 0.3px\">Mais informa\u00e7\u00f5es sobre plano de sa\u00fade GEAP, ligar para a <\/span><strong style=\"font-style: inherit;letter-spacing: 0.3px\">Central de Atendimento da ASSEFAZ <\/strong><strong style=\"font-style: inherit;letter-spacing: 0.3px\">(0800 703 4545)<\/strong><strong style=\"font-style: inherit;letter-spacing: 0.3px\">\u00a0<\/strong><\/div><p style=\"text-align: justify\">\u00a0<\/p>\t\t\t\t\t\t\t\t<\/div>\n\t\t\t\t<\/div>\n\t\t\t\t<div class=\"elementor-element elementor-element-1ed43de elementor-widget elementor-widget-heading\" data-id=\"1ed43de\" data-element_type=\"widget\" data-e-type=\"widget\" data-widget_type=\"heading.default\">\n\t\t\t\t<div class=\"elementor-widget-container\">\n\t\t\t\t\t<h2 class=\"elementor-heading-title elementor-size-default\">* MODALIDADE RESSARCIMENTO - PLANO PARTICULAR<\/h2>\t\t\t\t<\/div>\n\t\t\t\t<\/div>\n\t\t\t\t<div class=\"elementor-element elementor-element-e1f0a93 elementor-widget elementor-widget-text-editor\" data-id=\"e1f0a93\" data-element_type=\"widget\" data-e-type=\"widget\" data-widget_type=\"text-editor.default\">\n\t\t\t\t<div class=\"elementor-widget-container\">\n\t\t\t\t\t\t\t\t\t<p style=\"text-align: justify\">Na modalidade de aux\u00edlio de car\u00e1ter indenizat\u00f3rio, o servidor recebe o ressarcimento parcial do valor pago por benefici\u00e1rio, pela contrata\u00e7\u00e3o de plano de sa\u00fade privado, desde que comprovada a contrata\u00e7\u00e3o particular de plano de assist\u00eancia \u00e0 sa\u00fade que atenda \u00e0s exig\u00eancias contidas no termo de refer\u00eancia b\u00e1sico da Portaria Normativa n\u00ba 1 de 9 de mar\u00e7o de 2017 \u2013 MPOG. Esta modalidade \u00e9 devida aos servidores ativos ou inativos, e tamb\u00e9m a seus dependentes ou pensionistas.<\/p>\n<p style=\"text-align: justify\"><span style=\"color: #ffffff;font-family: Rubik, sans-serif;font-size: 1rem;font-style: inherit;letter-spacing: -0.2px\">&nbsp;<\/span><\/p>\n<p style=\"text-align: justify\"><span style=\"text-decoration: underline\"><strong>COMO SOLICITAR:<\/strong><\/span><\/p>\n<p style=\"text-align: justify\">O servidor ap\u00f3s realizar a sua ades\u00e3o\/contrata\u00e7\u00e3o do seu Plano de Sa\u00fade, diretamente com a operadora ou administradora, dever\u00e1 realizar a solicita\u00e7\u00e3o de Assist\u00eancia \u00e0 Sa\u00fade Suplementar, EXCLUSIVAMENTE, pela plataforma SouGov.br, dispon\u00edvel nas vers\u00f5es aplicativo e web (<a href=\"https:\/\/sougov.economia.gov.br\/sougov\/\">https:\/\/sougov.economia.gov.br\/sougov\/<\/a>).<\/p><p style=\"text-align: justify\"><br \/><\/p>\n<p style=\"text-align: justify\"><strong>Para a inclus\u00e3o do benef\u00edcio:&nbsp;<\/strong><\/p>\n<p style=\"text-align: justify\"><strong><a href=\"https:\/\/www.gov.br\/servidor\/pt-br\/acesso-a-informacao\/faq\/sou-gov.br\/saude-suplementar\/copy3_of_como-solicitar-assistencia-a-saude-suplementar\">https:\/\/www.gov.br\/servidor\/pt-br\/acesso-a-informacao\/faq\/sou-gov.br\/saude-suplementar\/copy3_of_como-solicitar-assistencia-a-saude-suplementar<\/a><\/strong><\/p>\n<p style=\"text-align: justify\"><strong>Para a altera\u00e7\u00e3o do benef\u00edcio:<\/strong><\/p>\n<p style=\"text-align: justify\"><strong><a href=\"https:\/\/www.gov.br\/servidor\/pt-br\/acesso-a-informacao\/faq\/sou-gov.br\/saude-suplementar\/copy_of_como-solicitar-assistencia-a-saude-suplementar\">https:\/\/www.gov.br\/servidor\/pt-br\/acesso-a-informacao\/faq\/sou-gov.br\/saude-suplementar\/copy_of_como-solicitar-assistencia-a-saude-suplementar<\/a><\/strong><\/p>\n<p style=\"text-align: justify\"><strong>Para o encerramento do benef\u00edcio:<\/strong><\/p>\n<p style=\"text-align: justify\"><strong><a href=\"https:\/\/www.gov.br\/servidor\/pt-br\/acesso-a-informacao\/faq\/sou-gov.br\/saude-suplementar\/encerrar-plano\">https:\/\/www.gov.br\/servidor\/pt-br\/acesso-a-informacao\/faq\/sou-gov.br\/saude-suplementar\/encerrar-plano<\/a><\/strong><\/p>\n<p style=\"text-align: justify\"><strong>Para recadastramento do benef\u00edcio:&nbsp;<a href=\"https:\/\/www.gov.br\/servidor\/pt-br\/acesso-a-informacao\/faq\/sou-gov.br\/saude-suplementar\/copy2_of_como-solicitar-assistencia-a-saude-suplementar\">https:\/\/www.gov.br\/servidor\/pt-br\/acesso-a-informacao\/faq\/sou-gov.br\/saude-suplementar\/copy2_of_como-solicitar-assistencia-a-saude-suplementar<\/a><\/strong><\/p><p style=\"text-align: justify\"><br \/><\/p>\n<p style=\"text-align: justify\">\n<\/p><p style=\"text-align: justify\"><span style=\"text-decoration: underline\"><strong>DOCUMENTA\u00c7\u00c3O NECESS\u00c1RIA:<\/strong><\/span><\/p>\n<p style=\"text-align: justify\"><strong style=\"font-style: inherit;letter-spacing: 0.3px\">&#8211; Ades\u00e3o \/ Altera\u00e7\u00e3o<\/strong><strong style=\"font-style: inherit;letter-spacing: 0.3px\">:<\/strong><br \/><\/p>\n<ul>\n<li style=\"text-align: justify\"><strong>&nbsp;<\/strong>Contrato do Plano de Sa\u00fade constando: que o s<u>ervidor \u00e9 o&nbsp;<\/u><u><strong>titular<\/strong><\/u><u><strong>&nbsp;e contratante&nbsp;<\/strong><\/u><u>do plano e os nomes<\/u><u>&nbsp;<\/u><u>dos demais benefici\u00e1rios (dependentes) com a identifica\u00e7\u00e3o do valor devido por cada benefici\u00e1rio<\/u>; tipo e c\u00f3digo de plano contratado; c\u00f3digo da ANS;<\/li>\n<li style=\"text-align: justify\"><span style=\"font-style: inherit;font-weight: inherit;letter-spacing: -0.2px\">Boleto de cobran\u00e7a do \u00faltimo m\u00eas (com detalhamento das mensalidades de cada usu\u00e1rio: titular + dependentes);<\/span><\/li>\n<li style=\"text-align: justify\"><span style=\"font-style: inherit;font-weight: inherit;letter-spacing: -0.2px\">Comprovante banc\u00e1rio de pagamento (ou da efetiva\u00e7\u00e3o do d\u00e9bito em conta).<\/span><\/li>\n<\/ul>\n<p style=\"text-align: justify\"><span style=\"font-style: inherit;font-weight: inherit;letter-spacing: -0.2px\">&nbsp;<\/span><\/p>\n<p style=\"text-align: justify\"><strong>&#8211; Encerramento \/ Reativa\u00e7\u00e3o:<\/strong><\/p>\n<ul>\n<li style=\"text-align: justify\">Declara\u00e7\u00e3o de Quita\u00e7\u00e3o ou Valores Pagos.<\/li>\n<\/ul>\n<p style=\"text-align: justify\"><strong>&#8211; Recadastramento<\/strong><strong>:<\/strong><\/p>\n<ul>\n<li style=\"text-align: justify\">Contrato do Plano de Sa\u00fade constando: que o servidor \u00e9 o&nbsp;<strong>titular<\/strong><strong>&nbsp;e contratante&nbsp;<\/strong>do plano e os nomes&nbsp;dos demais benefici\u00e1rios (dependentes) com a identifica\u00e7\u00e3o do valor devido por cada benefici\u00e1rio; tipo e c\u00f3digo de plano contratado; c\u00f3digo da ANS;<\/li>\n<li style=\"text-align: justify\">Boleto de cobran\u00e7a do \u00faltimo m\u00eas (com detalhamento das mensalidades de cada usu\u00e1rio: titular + dependentes);<\/li>\n<li style=\"text-align: justify\">Comprovante banc\u00e1rio de pagamento (ou da efetiva\u00e7\u00e3o do d\u00e9bito em conta).<\/li>\n<li style=\"text-align: justify\">Declara\u00e7\u00e3o Anual de Quita\u00e7\u00e3o ou Valores Pagos.<\/li>\n<\/ul>\t\t\t\t\t\t\t\t<\/div>\n\t\t\t\t<\/div>\n\t\t\t\t<div class=\"elementor-element elementor-element-1951e4e elementor-widget elementor-widget-heading\" data-id=\"1951e4e\" data-element_type=\"widget\" data-e-type=\"widget\" data-widget_type=\"heading.default\">\n\t\t\t\t<div class=\"elementor-widget-container\">\n\t\t\t\t\t<h2 class=\"elementor-heading-title elementor-size-default\">PARA SOLICITA\u00c7\u00c3O DE RESSARCIMENTO SA\u00daDE PARA DEPENDENTES<\/h2>\t\t\t\t<\/div>\n\t\t\t\t<\/div>\n\t\t\t\t<div class=\"elementor-element elementor-element-4c1df68 elementor-widget elementor-widget-text-editor\" data-id=\"4c1df68\" data-element_type=\"widget\" data-e-type=\"widget\" data-widget_type=\"text-editor.default\">\n\t\t\t\t<div class=\"elementor-widget-container\">\n\t\t\t\t\t\t\t\t\t<p>Em qualquer uma das modalidades os dependentes dever\u00e3o ser previamente cadastrados pelo servidor titular na plataforma do SouGov.br, dispon\u00edvel nas vers\u00f5es aplicativo e web:<\/p>\n<p><strong><a href=\"https:\/\/www.gov.br\/servidor\/pt-br\/acesso-a-informacao\/faq\/sou-gov.br\/cadastrar-dependentes\/capa-cadastrar-dependente\">https:\/\/www.gov.br\/servidor\/pt-br\/acesso-a-informacao\/faq\/sou-gov.br\/cadastrar-dependentes\/capa-cadastrar-dependente<\/a><\/strong><\/p><p><br \/><\/p>\n<p><strong>PARA CADASTRAR DEPENDENTE:&nbsp;<\/strong><\/p>\n<p><strong><a href=\"https:\/\/www.gov.br\/servidor\/pt-br\/acesso-a-informacao\/faq\/sou-gov.br\/cadastrar-dependentes\/cadastrar-dependente\">https:\/\/www.gov.br\/servidor\/pt-br\/acesso-a-informacao\/faq\/sou-gov.br\/cadastrar-dependentes\/cadastrar-dependente<\/a><\/strong><\/p><p><br \/><\/p>\n<p><strong>PARA ALTERAR DEPENDENTE:&nbsp;<\/strong><\/p>\n<p><strong><a href=\"https:\/\/www.gov.br\/servidor\/pt-br\/acesso-a-informacao\/faq\/sou-gov.br\/cadastrar-dependentes\/copy_of_cadastrar-dependente\">https:\/\/www.gov.br\/servidor\/pt-br\/acesso-a-informacao\/faq\/sou-gov.br\/cadastrar-dependentes\/copy_of_cadastrar-dependente<\/a><\/strong><\/p><p><br \/><\/p>\n<p><strong><u>Pode ser&nbsp;benefici\u00e1rios do plano de assist\u00eancia \u00e0 sa\u00fade suplementar, na condi\u00e7\u00e3o de dependente do servidor:<\/u><\/strong><\/p>\n<p><strong>&nbsp;<\/strong><\/p>\n<p>a) o c\u00f4njuge ou companheiro, inclusive de uni\u00e3o homoafetiva;<\/p>\n<p>b) a pessoa separada judicialmente, divorciada, ou que teve a sua uni\u00e3o est\u00e1vel reconhecida e dissolvida judicialmente, que receba pens\u00e3o aliment\u00edcia;<\/p>\n<p>c) os filhos e enteados, solteiros, at\u00e9 21 (vinte e um) anos de idade ou, se inv\u00e1lidos, enquanto durar a invalidez;<\/p>\n<p>d) os filhos e enteados, entre 21 (vinte e um) e 24 (vinte e quatro) anos de idade, dependentes economicamente do servidor e estudantes de curso regular reconhecido pelo Minist\u00e9rio da Educa\u00e7\u00e3o;<\/p><p><br \/><\/p>\n<p><\/p>\n<p><strong><u>DOCUMENTA\u00c7\u00c3O NECESS\u00c1RIA PARA CADASTRAR DEPENDENTE:<\/u><\/strong><\/p>\n<p><\/p>\n<ul>\n<li>Certid\u00e3o de nascimento\/casamento\/declara\u00e7\u00e3o de uni\u00e3o est\u00e1vel e CPF do dependente;<\/li>\n<li>No caso de dependente excepcional: laudo m\u00e9dico comprovando que o desenvolvimento biol\u00f3gico, psicol\u00f3gico e a motricidade do dependente corresponde a idade mental relativa a no m\u00e1ximo 5 (cinco) anos.<\/li>\n<li>No caso de dependente sob tutela do servidor, acrescentar&nbsp; Termo de tutela ou ado\u00e7\u00e3o.<\/li>\n<li>No caso de servidor separado ou divorciado: comprovante de guarda legal do dependente.<\/li>\n<li>Declara\u00e7\u00e3o da Institui\u00e7\u00e3o de Ensino informando que o(a) filho(a) \u00e9 estudante e matriculado em curso regular reconhecido pelo MEC, nos casos de maiores de 21 anos. (comprovante de matr\u00edcula dever<\/li>\n<li>\u00e1 ser entregue no in\u00edcio de cada semestre letivo);<\/li>\n<\/ul>\t\t\t\t\t\t\t\t<\/div>\n\t\t\t\t<\/div>\n\t\t\t\t<div class=\"elementor-element elementor-element-f0c0028 elementor-widget elementor-widget-heading\" data-id=\"f0c0028\" data-element_type=\"widget\" data-e-type=\"widget\" data-widget_type=\"heading.default\">\n\t\t\t\t<div class=\"elementor-widget-container\">\n\t\t\t\t\t<h2 class=\"elementor-heading-title elementor-size-default\">PREVIS\u00c3O LEGAL<\/h2>\t\t\t\t<\/div>\n\t\t\t\t<\/div>\n\t\t\t\t<div class=\"elementor-element elementor-element-d5124be elementor-widget elementor-widget-text-editor\" data-id=\"d5124be\" data-element_type=\"widget\" data-e-type=\"widget\" data-widget_type=\"text-editor.default\">\n\t\t\t\t<div class=\"elementor-widget-container\">\n\t\t\t\t\t\t\t\t\t<p><span style=\"font-style: inherit;font-weight: inherit;letter-spacing: -0.2px\">\u00a0<\/span><\/p><p><span style=\"font-style: inherit;font-weight: inherit;letter-spacing: -0.2px\">\u2013 Lei n\u00ba 8.112\/90, art. 230 (reda\u00e7\u00e3o dada pela Lei n\u00ba 11.302\/2006).<\/span><\/p><p style=\"text-align: justify\">\u2013 Decreto n\u00ba 4.978, de 03\/02\/2004.<\/p><p style=\"text-align: justify\">\u2013 Portaria Normativa MP n\u00ba 1, de 09\/03\/2017.<\/p><p style=\"text-align: justify\">\u2013 Termo de Refer\u00eancia B\u00e1sico.<\/p><p style=\"text-align: justify\">\u2013 Resolu\u00e7\u00e3o Normativa N\u00ba 167\/2007 \u2013 ANS.<\/p>\t\t\t\t\t\t\t\t<\/div>\n\t\t\t\t<\/div>\n\t\t\t\t\t<\/div>\n\t\t<\/div>\n\t\t\t\t\t<\/div>\n\t\t<\/section>\n\t\t\t\t<\/div>\n\t\t","protected":false},"excerpt":{"rendered":"<p>AUX\u00cdLIO SA\u00daDE\/ Assist\u00eancia \u00e0 Saude Suplementar DEFINI\u00c7\u00c3O A assist\u00eancia \u00e0 sa\u00fade suplementar compreende assist\u00eancia m\u00e9dica, hospitalar, odontol\u00f3gica, psicol\u00f3gica e farmac\u00eautica, e \u00e9 prestada diretamente pelo \u00f3rg\u00e3o ou entidade ao qual estiver vinculado o servidor, mediante conv\u00eanio ou contrato, ou na forma de aux\u00edlio, mediante ressarcimento parcial do valor despendido pelo servidor, ativo ou inativo, e&#8230;<\/p>\n","protected":false},"author":860,"featured_media":0,"parent":6412,"menu_order":1,"comment_status":"closed","ping_status":"closed","template":"","meta":{"inline_featured_image":false,"ngg_post_thumbnail":0,"footnotes":""},"class_list":["post-238","page","type-page","status-publish","hentry","entry"],"_links":{"self":[{"href":"https:\/\/www2.unifap.br\/drh\/wp-json\/wp\/v2\/pages\/238","targetHints":{"allow":["GET"]}}],"collection":[{"href":"https:\/\/www2.unifap.br\/drh\/wp-json\/wp\/v2\/pages"}],"about":[{"href":"https:\/\/www2.unifap.br\/drh\/wp-json\/wp\/v2\/types\/page"}],"author":[{"embeddable":true,"href":"https:\/\/www2.unifap.br\/drh\/wp-json\/wp\/v2\/users\/860"}],"replies":[{"embeddable":true,"href":"https:\/\/www2.unifap.br\/drh\/wp-json\/wp\/v2\/comments?post=238"}],"version-history":[{"count":51,"href":"https:\/\/www2.unifap.br\/drh\/wp-json\/wp\/v2\/pages\/238\/revisions"}],"predecessor-version":[{"id":18468,"href":"https:\/\/www2.unifap.br\/drh\/wp-json\/wp\/v2\/pages\/238\/revisions\/18468"}],"up":[{"embeddable":true,"href":"https:\/\/www2.unifap.br\/drh\/wp-json\/wp\/v2\/pages\/6412"}],"wp:attachment":[{"href":"https:\/\/www2.unifap.br\/drh\/wp-json\/wp\/v2\/media?parent=238"}],"curies":[{"name":"wp","href":"https:\/\/api.w.org\/{rel}","templated":true}]}}