{"id":2706,"date":"2016-02-18T13:34:29","date_gmt":"2016-02-18T13:34:29","guid":{"rendered":"http:\/\/www2.unifap.br\/drh\/?page_id=2706"},"modified":"2024-04-23T13:40:13","modified_gmt":"2024-04-23T13:40:13","slug":"fluxo-do-processo-de-progressao-funcional-por-capacitacao","status":"publish","type":"page","link":"https:\/\/www2.unifap.br\/drh\/desenvolvimento-na-carreira\/tecnico-administrativo\/progressao-por-capacitacao\/fluxo-do-processo-de-progressao-funcional-por-capacitacao\/","title":{"rendered":"Fluxo do processo"},"content":{"rendered":"<p align=\"center\"><a href=\"http:\/\/www2.unifap.br\/drh\/files\/2016\/02\/banner_fluxo.png\"><img fetchpriority=\"high\" decoding=\"async\" class=\"alignnone size-full wp-image-3801\" src=\"http:\/\/www2.unifap.br\/drh\/files\/2016\/02\/banner_fluxo.png\" alt=\"banner_fluxo\" width=\"234\" height=\"260\" \/><\/a><\/p>\n<p style=\"text-align: justify\" align=\"center\"><span style=\"color: #008000\"><b>Confira O FLUXO DO PROCESSO DE PROGRESS\u00c3O FUNCIONAL POR CAPACITA\u00c7\u00c3O<\/b><\/span><\/p>\n<p style=\"text-align: justify\"><span style=\"color: #008000\"><b>ATIVIDADE (entrada com o pedido)<\/b><\/span><\/p>\n<p style=\"text-align: justify\"><strong>Ao completar o interst\u00edcio de 18 meses para Progress\u00e3o por Capacita\u00e7\u00e3o, o servidor deve criar processo eletr\u00f4nico no SIPAC solicitando sua progress\u00e3o por capacita\u00e7\u00e3o. O processo iniciar\u00e1 da unidade em que o servidor est\u00e1 lotado, caso o servidor n\u00e3o tenha acesso no SIPAC ao m\u00f3dulo Protocolo para cadastro e recebimento de processos, este dever\u00e1 solicitar ao secretario da unidade o cadastro do processo e pedir para ser colocado como interessado para acompanhamento.<\/strong><\/p>\n<p style=\"text-align: justify\"><span style=\"color: #008000\"><strong>TAREFAS<\/strong><\/span><\/p>\n<ul>\n<li style=\"text-align: justify\"><strong>Servidor interessado<\/strong> &#8211; Abre Processo Eletr\u00f4nico no SIPAC. Insere o <strong>Requerimento de Progress\u00e3o por Capacita\u00e7\u00e3o<\/strong> (<strong>Modelo dispon\u00edvel no SIPAC<\/strong>), assina digitalmente o requerimento. Anexa ao processo os certificados dos cursos que realizou no per\u00edodo de 18 meses antes da data de sua Progress\u00e3o por Capacita\u00e7\u00e3o em PDF, caso tenha saldo de horas de processos anteriores, dever\u00e1 informar no Requerimento o n\u00famero do processo anterior e a carga hor\u00e1ria de saldo disposta no parecer da DCEP; <strong>Os cursos para serem considerados v\u00e1lidos n\u00e3o podem ter a carga hor\u00e1ria inferior a 20h\/a. <\/strong>Ap\u00f3s cadastrar requerimento e anexar os certificados, a unidade demandante envia o processo a DCEP\/DDP\/PROGEP para an\u00e1lise.<\/li>\n<li><strong>DCEP:<\/strong> recebe o processo, analisa (carga hor\u00e1ria, validade dos certificados, interst\u00edcio), e emite parecer. Caso an\u00e1lise favor\u00e1vel envia ao DAP para emiss\u00e3o de portaria. Caso negativo, o processo retorna a unidade do servidor interessado;<\/li>\n<li><strong>SRMS:<\/strong> Recebe o processo, cadastra a portaria e submete a homologa\u00e7\u00e3o da PROGEP;<\/li>\n<li><strong>PROGEP:<\/strong> Pr\u00f3-reitor recebe o processo, analisa os despachos, homologa a portaria e encaminha para DIC para lan\u00e7amento no sistema;<\/li>\n<li><strong>DIC:<\/strong> recebe o processo, cadastra no sistema a progress\u00e3o e encaminha \u00e0 DIPSA para lan\u00e7amento em Folha de Pagamento.<\/li>\n<li><strong>DIPSA:<\/strong> recebe o processo, lan\u00e7a na folha do servidor e depois encaminha para arquivo.<\/li>\n<\/ul>\n<p>&nbsp;<\/p>\n<p><a href=\"http:\/\/www2.unifap.br\/drh\/files\/2021\/12\/FLUXO-PROGRESS\u00c3O.png\"><img decoding=\"async\" class=\"aligncenter size-full wp-image-14261\" src=\"http:\/\/www2.unifap.br\/drh\/files\/2021\/12\/FLUXO-PROGRESS\u00c3O.png\" alt=\"\" width=\"613\" height=\"396\" srcset=\"https:\/\/www2.unifap.br\/drh\/files\/2021\/12\/FLUXO-PROGRESS\u00c3O.png 613w, https:\/\/www2.unifap.br\/drh\/files\/2021\/12\/FLUXO-PROGRESS\u00c3O-300x194.png 300w\" sizes=\"(max-width: 613px) 100vw, 613px\" \/><\/a><\/p>\n","protected":false},"excerpt":{"rendered":"<p>Confira O FLUXO DO PROCESSO DE PROGRESS\u00c3O FUNCIONAL POR CAPACITA\u00c7\u00c3O ATIVIDADE (entrada com o pedido) Ao completar o interst\u00edcio de 18 meses para Progress\u00e3o por Capacita\u00e7\u00e3o, o servidor deve criar processo eletr\u00f4nico no SIPAC solicitando sua progress\u00e3o por capacita\u00e7\u00e3o. O processo iniciar\u00e1 da unidade em que o servidor est\u00e1 lotado, caso o servidor n\u00e3o tenha&#8230;<\/p>\n","protected":false},"author":685,"featured_media":0,"parent":2189,"menu_order":3,"comment_status":"closed","ping_status":"closed","template":"","meta":{"inline_featured_image":false,"ngg_post_thumbnail":0,"footnotes":""},"class_list":["post-2706","page","type-page","status-publish","hentry","entry"],"_links":{"self":[{"href":"https:\/\/www2.unifap.br\/drh\/wp-json\/wp\/v2\/pages\/2706","targetHints":{"allow":["GET"]}}],"collection":[{"href":"https:\/\/www2.unifap.br\/drh\/wp-json\/wp\/v2\/pages"}],"about":[{"href":"https:\/\/www2.unifap.br\/drh\/wp-json\/wp\/v2\/types\/page"}],"author":[{"embeddable":true,"href":"https:\/\/www2.unifap.br\/drh\/wp-json\/wp\/v2\/users\/685"}],"replies":[{"embeddable":true,"href":"https:\/\/www2.unifap.br\/drh\/wp-json\/wp\/v2\/comments?post=2706"}],"version-history":[{"count":46,"href":"https:\/\/www2.unifap.br\/drh\/wp-json\/wp\/v2\/pages\/2706\/revisions"}],"predecessor-version":[{"id":14266,"href":"https:\/\/www2.unifap.br\/drh\/wp-json\/wp\/v2\/pages\/2706\/revisions\/14266"}],"up":[{"embeddable":true,"href":"https:\/\/www2.unifap.br\/drh\/wp-json\/wp\/v2\/pages\/2189"}],"wp:attachment":[{"href":"https:\/\/www2.unifap.br\/drh\/wp-json\/wp\/v2\/media?parent=2706"}],"curies":[{"name":"wp","href":"https:\/\/api.w.org\/{rel}","templated":true}]}}