{"id":278,"date":"2010-04-27T10:29:22","date_gmt":"2010-04-27T10:29:22","guid":{"rendered":"http:\/\/pororoca.unifap.br\/drh\/?page_id=278"},"modified":"2026-03-11T16:58:12","modified_gmt":"2026-03-11T19:58:12","slug":"requerimentos","status":"publish","type":"page","link":"https:\/\/www2.unifap.br\/drh\/requerimentos\/","title":{"rendered":"REQUERIMENTOS"},"content":{"rendered":"<p>Acesse as informa\u00e7\u00f5es acerca do <strong>PROCESSO ELETR\u00d4NICO<\/strong> na Unifap clicando <a href=\"http:\/\/www2.unifap.br\/drh\/servicos-de-recursos-humanos\/processo-eletronico\/\" target=\"_blank\" rel=\"noopener noreferrer\"><strong>Aqui<\/strong><\/a><\/p>\n<h2 style=\"text-align: justify\"><strong>AVISO<\/strong><\/h2>\n<p><strong>Os requerimentos de&nbsp;<a href=\"http:\/\/www2.unifap.br\/drh\/desenvolvimento-na-carreira\/tecnico-administrativo\/progressao-por-capacitacao\/\">Progress\u00e3o por Capacita\u00e7\u00e3o<\/a>&nbsp;e&nbsp;<a href=\"http:\/\/www2.unifap.br\/drh\/capacitacao-do-servidor-tecnico\/tecnico-administrativo\/incentivo-a-qualificacao\/\">Incentivo \u00e0 Qualifica\u00e7\u00e3o<\/a>&nbsp;s\u00e3o solicitados exclusivamente no<a href=\"https:\/\/sipac.unifap.br\/public\/jsp\/portal.jsf\" target=\"_blank\" rel=\"noopener\"> SIPAC<\/a><\/strong><\/p>\n<p>Clique no link abaixo para acessar as orienta\u00e7\u00f5es de como obter os requerimentos:<\/p>\n<ul>\n<li><strong style=\"color: #ff6600\"><a href=\"http:\/\/www2.unifap.br\/drh\/files\/2010\/04\/SIGRH-FORMUL\u00c1RIOS-INCENTIVO-E-PROGRESS\u00c3O1.pdf\">SIGRH &#8211; FORMUL\u00c1RIOS INCENTIVO E PROGRESS\u00c3O<\/a><img decoding=\"async\" src=\"http:\/\/www2.unifap.br\/drh\/files\/2017\/01\/novo.gif\" alt=\"novo\" width=\"31\" height=\"12\"\/><\/strong><\/li>\n<\/ul>\n<p>&#8212;&#8212;&#8212;&#8212;&#8212;&#8212;&#8212;&#8212;&#8212;&#8212;&#8212;&#8212;&#8212;&#8212;&#8212;&#8212;&#8212;&#8212;&#8212;&#8212;&#8212;&#8212;&#8212;&#8212;&#8212;&#8212;&#8212;&#8212;&#8212;&#8212;&#8212;&#8212;&#8212;&#8212;&#8211;<\/p>\n<p>Clique nos links abaixo para ter acesso aos arquivos em <strong>PDF<\/strong>:<\/p>\n<h3><strong>REQUERIMENTOS E FORMUL\u00c1RIOS<\/strong><\/h3>\n<ul>\n<li><strong><a href=\"http:\/\/www2.unifap.br\/drh\/files\/2021\/11\/REQUERIMENTO-GERAL-2.pdf\">REQUERIMENTO GERAL<\/a><\/strong><\/li>\n<li>&nbsp;<\/li>\n<li><strong>Altera\u00e7\u00e3o de Dados Banc\u00e1rios <\/strong><a href=\"https:\/\/www.gov.br\/servidor\/pt-br\/acesso-a-informacao\/faq\/sou-gov.br\/alteracao-de-dados-bancarios\/alteracao-de-dados-bancarios\">(Somente pelo SouGov)<\/a><a href=\"https:\/\/www.gov.br\/servidor\/pt-br\/acesso-a-informacao\/faq\/sou-gov.br\/alteracao-de-dados-bancarios\/alteracao-de-dados-bancarios\"><img decoding=\"async\" class=\"wp-image-15540 alignnone\" src=\"http:\/\/www2.unifap.br\/drh\/files\/2022\/10\/Sou-Gov3.jpg\" alt=\"\" width=\"30\" height=\"29\"\/><\/a><\/li>\n<li><strong>Aux\u00edlio Sa\u00fade &#8211; Ressarcimento de Plano de Sa\u00fade <\/strong><a href=\"https:\/\/www.gov.br\/servidor\/pt-br\/acesso-a-informacao\/faq\/sou-gov.br\/saude-suplementar\/saude-suplementar\">(Somente pelo SouGov)<\/a> <a href=\"https:\/\/www.gov.br\/servidor\/pt-br\/acesso-a-informacao\/faq\/sou-gov.br\/saude-suplementar\/saude-suplementar\"><img decoding=\"async\" class=\"wp-image-15540 alignnone\" src=\"http:\/\/www2.unifap.br\/drh\/files\/2022\/10\/Sou-Gov3.jpg\" alt=\"\" width=\"30\" height=\"29\"\/><\/a><\/li>\n<li><strong>Aux\u00edlio Alimenta\u00e7\u00e3o <\/strong><a href=\"https:\/\/www.gov.br\/servidor\/pt-br\/acesso-a-informacao\/faq\/sou-gov.br\/auxilio-alimentacao-e-refeicao\/auxilio-alimentacao-e-refeicao\">(Somente pelo SouGov)<\/a> <a href=\"https:\/\/www.gov.br\/servidor\/pt-br\/acesso-a-informacao\/faq\/sou-gov.br\/auxilio-alimentacao-e-refeicao\/auxilio-alimentacao-e-refeicao\"><img decoding=\"async\" class=\"wp-image-15540 alignnone\" src=\"http:\/\/www2.unifap.br\/drh\/files\/2022\/10\/Sou-Gov3.jpg\" alt=\"\" width=\"30\" height=\"29\"\/><\/a><\/li>\n<li><strong>Aux\u00edlio Funeral <\/strong><a href=\"https:\/\/www.gov.br\/servidor\/pt-br\/acesso-a-informacao\/faq\/sou-gov.br\/auxilio-funeral\/auxilio-funeral-1\">(Somente pelo SouGov)<\/a> <a href=\"https:\/\/www.gov.br\/servidor\/pt-br\/acesso-a-informacao\/faq\/sou-gov.br\/auxilio-funeral\/auxilio-funeral-1\"><img decoding=\"async\" class=\"wp-image-15540 alignnone\" src=\"http:\/\/www2.unifap.br\/drh\/files\/2022\/10\/Sou-Gov3.jpg\" alt=\"\" width=\"30\" height=\"29\"\/><\/a><\/li>\n<li><strong>Auxilio Transporte <\/strong><a href=\"https:\/\/www.gov.br\/servidor\/pt-br\/acesso-a-informacao\/faq\/sou-gov.br\/auxilio-transporte\/4\"><span style=\"font-size: 16px\">(Somente pelo SouGo<\/span><span style=\"font-size: 16px\">v) <\/span><\/a><a href=\"https:\/\/www.gov.br\/servidor\/pt-br\/acesso-a-informacao\/faq\/sou-gov.br\/auxilio-transporte\/4\"><img decoding=\"async\" class=\"wp-image-15540 alignnone\" src=\"http:\/\/www2.unifap.br\/drh\/files\/2022\/10\/Sou-Gov3.jpg\" alt=\"\" width=\"30\" height=\"29\"\/><\/a><\/li>\n<li><strong>Auxilio Pr\u00e9-Escolar&nbsp; <\/strong><a href=\"https:\/\/www.gov.br\/servidor\/pt-br\/acesso-a-informacao\/faq\/sou-gov.br\/cadastrar-dependentes\/cadastrar-dependente\"><span style=\"font-size: 16px\">(Somente pelo SouGo<\/span><span style=\"font-size: 16px\">v) <\/span><\/a><a href=\"https:\/\/www.gov.br\/servidor\/pt-br\/acesso-a-informacao\/faq\/sou-gov.br\/cadastrar-dependentes\/cadastrar-dependente\"><img decoding=\"async\" class=\"wp-image-15540 alignnone\" src=\"http:\/\/www2.unifap.br\/drh\/files\/2022\/10\/Sou-Gov3.jpg\" alt=\"\" width=\"30\" height=\"29\"\/><\/a><\/li>\n<li><strong>Auxilio Natalidade <\/strong><a href=\"https:\/\/www.gov.br\/servidor\/pt-br\/acesso-a-informacao\/faq\/sou-gov.br\/auxilio-natalidade\"><span style=\"font-size: 16px\">(Somente pelo SouGo<\/span><span style=\"font-size: 16px\">v) <\/span><\/a><a href=\"https:\/\/www.gov.br\/servidor\/pt-br\/acesso-a-informacao\/faq\/sou-gov.br\/auxilio-natalidade\"><img decoding=\"async\" class=\"alignnone wp-image-15540\" src=\"http:\/\/www2.unifap.br\/drh\/files\/2022\/10\/Sou-Gov3.jpg\" alt=\"\" width=\"30\" height=\"29\"\/><\/a><\/li>\n<\/ul>\n<p>&nbsp;<\/p>\n<ul>\n<li><strong><a href=\"http:\/\/www2.unifap.br\/drh\/files\/2010\/04\/Formul\u00e1rio-de-Hor\u00e1rio-Especial-para-Estudante.pdf\">Formul\u00e1rio de Hor\u00e1rio Especial para Estudante<\/a><\/strong><\/li>\n<li><strong><a href=\"http:\/\/www2.unifap.br\/drh\/files\/2024\/01\/Requerimento-de-Horario-Especial-servidor-com-deficiencia-ou-familiar.pdf\">Requerimento de Hor\u00e1rio Especial &#8211; servidor com defici\u00eancia ou familiar<\/a><\/strong><\/li>\n<li><strong><a href=\"http:\/\/www2.unifap.br\/drh\/files\/2022\/03\/REQUERIMENTO-ADICIONAL-DE-INSALUBRIDADE-E-PELICULOSIDADE.pdf\">Requerimento de Adicional de Insalubridade e Peliculosidade<\/a><\/strong><\/li>\n<\/ul>\n<ul>\n<li><a href=\"http:\/\/www2.unifap.br\/dsmt\/files\/2016\/06\/COMUNICA%C3%87%C3%83O-DE-ACIDENTE-DE-TRABALHO-DO-SERVI%C3%87O-P%C3%9ABLICO.pdf\"><strong>Comunica\u00e7\u00e3o de Acidente de Trabalho do Servi\u00e7o P\u00fablico &#8211; CAT\/SP<\/strong><\/a><\/li>\n<li><strong><a href=\"http:\/\/www2.unifap.br\/drh\/files\/2024\/01\/FORMULARIO-COMPROVACAO-PLANO-DE-SAUDE-2022-e-2023-UNIFAP.pdf\">Formul\u00e1rio de Comprova\u00e7\u00e3o Plano de Sa\u00fade 2022 e 2023- DAP\/PROGEP\/UNIFAP<\/a><\/strong><\/li>\n<li><strong><a href=\"http:\/\/www2.unifap.br\/drh\/files\/2010\/04\/REQUERIMENTO-PROGRESS\u00c3O-POR-CAPACITA\u00c7\u00c3O-T\u00c9CNICO-Disciplinas-Isoladas-Mestrado-e-Doutorado.pdf\" target=\"_blank\" rel=\"noopener noreferrer\">Requerimento &#8211; Progress\u00e3o por Capacita\u00e7\u00e3o<\/a><\/strong><strong><a href=\"http:\/\/www2.unifap.br\/drh\/files\/2010\/04\/REQUERIMENTO-PROGRESS\u00c3O-POR-CAPACITA\u00c7\u00c3O-T\u00c9CNICO-Disciplinas-Isoladas-Mestrado-e-Doutorado.pdf\" target=\"_blank\" rel=\"noopener noreferrer\"> &#8211; T\u00c9CNICO &#8211; Disciplinas Isoladas Mestrado e Doutorado<\/a><\/strong><\/li>\n<li><strong><a href=\"http:\/\/www2.unifap.br\/drh\/files\/2026\/02\/FORMULARIO-DE-COMUNICACAO-DE-FALECIMENTO_PROGEP_UNIFAP.pdf\">Formul\u00e1rio de comunica\u00e7\u00e3o de falecimento<\/a><\/strong><\/li>\n<\/ul>\n<p>&nbsp;<\/p>\n<h3><strong>F\u00c9RIAS<\/strong><\/h3>\n<ul>\n<li><strong><a href=\"http:\/\/www2.unifap.br\/drh\/files\/2022\/09\/FORMULARIO-DE-REPROGRAMACAO-ALTERACAO-DE-FERIAS.pdf\">Formul\u00e1rio de Reprograma\u00e7\u00e3o\/ Altera\u00e7\u00e3o de F\u00e9rias<\/a><\/strong><\/li>\n<li><strong><a href=\"http:\/\/www2.unifap.br\/drh\/files\/2022\/09\/FORMULARIO-DE-INTERRUPCAO-DE-FERIAS.pdf\">Formul\u00e1rio de Interrup\u00e7\u00e3o de F\u00e9rias<\/a><\/strong><\/li>\n<\/ul>\n<h3>&nbsp;<\/h3>\n<h3><strong>LICEN\u00c7AS E AFASTAMENTOS<\/strong><\/h3>\n<ul>\n<li><strong>Licen\u00e7a Adotante e Prorroga\u00e7\u00e3o <\/strong><strong>&nbsp;<\/strong><a href=\"https:\/\/www.gov.br\/servidor\/pt-br\/acesso-a-informacao\/faq\/sou-gov.br\/solicitacao-de-licenca-gestante-paternidade-e-adotante\/copy_of_1-como-solicitar-licenca-gestante-pelo-aplicativo-sougov\"><span style=\"font-size: 16px\">(Somente pelo SouGo<\/span><span style=\"font-size: 16px\">v)<\/span><\/a><strong>&nbsp;<a href=\"https:\/\/www.gov.br\/servidor\/pt-br\/acesso-a-informacao\/faq\/sou-gov.br\/solicitacao-de-licenca-gestante-paternidade-e-adotante\/copy_of_1-como-solicitar-licenca-gestante-pelo-aplicativo-sougov\"><img decoding=\"async\" class=\"wp-image-15540 alignnone\" src=\"http:\/\/www2.unifap.br\/drh\/files\/2022\/10\/Sou-Gov3.jpg\" alt=\"\" width=\"30\" height=\"29\"\/><\/a><\/strong><\/li>\n<li><strong>Licen\u00e7a Maternidade e Prorroga\u00e7\u00e3o <\/strong><strong>&nbsp;<\/strong><a href=\"https:\/\/www.gov.br\/servidor\/pt-br\/acesso-a-informacao\/faq\/sou-gov.br\/solicitacao-de-licenca-gestante-paternidade-e-adotante\/copy_of_1-como-solicitar-licenca-gestante-pelo-aplicativo-sougov\"><span style=\"font-size: 16px\">(Somente pelo SouGo<\/span><span style=\"font-size: 16px\">v)<\/span><\/a><strong><a href=\"https:\/\/www.gov.br\/servidor\/pt-br\/acesso-a-informacao\/faq\/sou-gov.br\/solicitacao-de-licenca-gestante-paternidade-e-adotante\/copy_of_1-como-solicitar-licenca-gestante-pelo-aplicativo-sougov\"><img decoding=\"async\" class=\"wp-image-15540 alignnone\" src=\"http:\/\/www2.unifap.br\/drh\/files\/2022\/10\/Sou-Gov3.jpg\" alt=\"\" width=\"30\" height=\"29\"\/><\/a><\/strong><\/li>\n<li><strong>Licen\u00e7a Paternidade e Prorroga\u00e7\u00e3o&nbsp;<\/strong><a href=\"https:\/\/www.gov.br\/servidor\/pt-br\/acesso-a-informacao\/faq\/sou-gov.br\/solicitacao-de-licenca-gestante-paternidade-e-adotante\/copy_of_2-como-solicitar-licenca-paternidade-pelo-aplicativo-sougov\"><span style=\"font-size: 16px\">(Somente pelo SouGo<\/span><span style=\"font-size: 16px\">v)<\/span><\/a><strong><a href=\"https:\/\/www.gov.br\/servidor\/pt-br\/acesso-a-informacao\/faq\/sou-gov.br\/solicitacao-de-licenca-gestante-paternidade-e-adotante\/copy_of_2-como-solicitar-licenca-paternidade-pelo-aplicativo-sougov\"><img decoding=\"async\" class=\"alignnone wp-image-15540\" src=\"http:\/\/www2.unifap.br\/drh\/files\/2022\/10\/Sou-Gov3.jpg\" alt=\"\" width=\"30\" height=\"29\"\/><\/a><\/strong><\/li>\n<li><strong><a href=\"http:\/\/www2.unifap.br\/drh\/files\/2016\/05\/Requerimento-para-Licen\u00e7a-Capacita\u00e7\u00e3o.pdf\">Requerimento para Licen\u00e7a Capacita\u00e7\u00e3o<\/a><\/strong><\/li>\n<li><a href=\"https:\/\/www2.unifap.br\/drh\/requerimentos\/requerimento-de-licenca-para-atividade-politica-docx-2\/\" rel=\"attachment wp-att-18664\"><strong>Requerimento de Licen\u00e7a para Atividade Pol\u00edtica<\/strong><\/a><\/li>\n<li><a href=\"https:\/\/www2.unifap.br\/drh\/manual-do-servidor\/licencas\/licenca-para-tratar-de-interesses-particulares\/formulario-de-licenca-para-tratar-interesses-particulares\/\" rel=\"attachment wp-att-18706\"><strong>Requerimento de Licen\u00e7a para Tratar de Interesses Particulares<\/strong><\/a><\/li>\n<li><strong><a href=\"https:\/\/www2.unifap.br\/drh\/requerimentos\/formulario-de-licenca-para-acompanhar-conjugue\/\" rel=\"attachment wp-att-18955\">Requerimento de Licen\u00e7a para Acompanhar C\u00f4njuge<\/a><\/strong><\/li>\n<li><strong><a href=\"https:\/\/www2.unifap.br\/drh\/requerimentos\/termo-de-opcao-de-contribuicao-de-pss-docx-2\/\" rel=\"attachment wp-att-18956\">Termo de Op\u00e7\u00e3o de Contribui\u00e7\u00e3o de PSS<\/a><\/strong><\/li>\n<li><strong><a href=\"https:\/\/www2.unifap.br\/drh\/requerimentos\/formulario-afastamento-para-missao_-evento-no-exterior\/\" rel=\"attachment wp-att-18874\">Afastamento para miss\u00e3o ou evento no exterior<\/a><\/strong><\/li>\n<\/ul>\n<h3><strong>MOVIMENTA\u00c7\u00c3O DE SERVIDOR<\/strong><\/h3>\n<ul>\n<li><strong><a href=\"http:\/\/www2.unifap.br\/drh\/files\/2024\/05\/FORMULARIO-DE-SOLICITACAO-PARA-COMPOR-FORCA-DE-TRABALHO-Servidor-da-Unifap.pdf\">Formul\u00e1rio de Solicita\u00e7\u00e3o para Compor For\u00e7a de Trabalho- Servidor da Unifap<\/a><\/strong><\/li>\n<li><strong><a href=\"http:\/\/www2.unifap.br\/drh\/files\/2024\/05\/FORMULARIO-DE-SOLICITACAO-PARA-COMPOR-FORCA-DE-TRABALHO-Servidor-Externo.pdf\">Formul\u00e1rio de Solicita\u00e7\u00e3o para Compor For\u00e7a de Trabalho- Servidor Externo<\/a><\/strong><\/li>\n<li><strong><a href=\"http:\/\/www2.unifap.br\/drh\/files\/2024\/05\/FORMULARIO-DE-SOLICITACAO-PARA-COMPOR-FORCA-DE-TRABALHO-Servidor-do-Ex-Territorio.pdf\">Formul\u00e1rio de Solicita\u00e7\u00e3o para Compor For\u00e7a de Trabalho- Servidor do Ex- Territ\u00f3rio<\/a><\/strong><\/li>\n<li><strong><a href=\"https:\/\/www2.unifap.br\/drh\/requerimentos\/formulario-de-solicitacao-de-redistribuicao-unifap\/\" rel=\"attachment wp-att-18690\">Formul\u00e1rio de Solicita\u00e7\u00e3o de Redistribui\u00e7\u00e3o<\/a><\/strong><\/li>\n<\/ul>\n<p>&nbsp;<\/p>\n<ul>\n<li><strong><a href=\"http:\/\/www2.unifap.br\/drh\/files\/2024\/05\/DECLARACAO-DE-CONCORDANCIA-DE-MOVIMENTACAO-DE-SERVIDOR-Compor-Forca.pdf\">Declara\u00e7\u00e3o de concord\u00e2ncia expressa do(a) servidor(a) &#8211; Compor For\u00e7a<\/a><\/strong><\/li>\n<li><strong><a href=\"http:\/\/www2.unifap.br\/drh\/files\/2024\/07\/DECLARACAO-DE-CONCORDANCIA-DE-MOVIMENTACAO-DE-SERVIDOR-REMOCAO.docx.pdf\">Declara\u00e7\u00e3o de concord\u00e2ncia expressa do(a) servidor(a)- REMO\u00c7\u00c3O<\/a><\/strong><\/li>\n<li><strong><a href=\"http:\/\/www2.unifap.br\/drh\/files\/2024\/07\/1-DECLARACAO-CONCORDANCIA-REDISTRIBUICAO.pdf\">Declara\u00e7\u00e3o de concord\u00e2ncia expressa do(a) servidor(a) &#8211; REDISTRIBUI\u00c7\u00c3O<\/a><\/strong><\/li>\n<li><strong><a href=\"https:\/\/www2.unifap.br\/drh\/requerimentos\/termo-de-ciencia-cessao-requisicao\/\" rel=\"attachment wp-att-18838\">Termo de Ci\u00eancia &#8211; CESS\u00c3O\/REQUISI\u00c7\u00c3O<\/a><\/strong><\/li>\n<li><strong><a href=\"https:\/\/www2.unifap.br\/drh\/requerimentos\/termo-de-opcao-pelo-auxilio-alimentacao-movimentacao-de-servidor\/\" rel=\"attachment wp-att-18839\">Termo de Op\u00e7\u00e3o pelo Aux\u00edlio Alimenta\u00e7\u00e3o &#8211; CESS\u00c3O\/ REQUISI\u00c7\u00c3O<\/a><\/strong><\/li>\n<\/ul>\n<p>&nbsp;<\/p>\n<ul>\n<li><strong><a href=\"http:\/\/www2.unifap.br\/drh\/files\/2024\/05\/DECLARACAO-DE-RENUNCIA-DE-AJUDA-DE-CUSTO-Movimentacao-de-Servidor.pdf\">Declara\u00e7\u00e3o de Ren\u00fancia \u00e0 Ajuda de custo<\/a><\/strong><\/li>\n<li><strong><a href=\"http:\/\/www2.unifap.br\/drh\/files\/2024\/05\/DECLARACAO-DE-ACUMULO-DE-VINCULO-PROGEP-UNIFAP.pdf\">Declara\u00e7\u00e3o de Ac\u00famulo de V\u00ednculo<\/a><\/strong><\/li>\n<li><strong><a href=\"http:\/\/www2.unifap.br\/drh\/files\/2024\/05\/FORMULARIO-CANCELAMENTO-AUXILIO-TRANSPORTE-Movimentacao-de-Servidor.pdf\">Formul\u00e1rio de Cancelamento de Aux\u00edlio transporte para movimenta\u00e7\u00e3o de servidor<\/a><\/strong><\/li>\n<li><strong><a href=\"http:\/\/www2.unifap.br\/drh\/files\/2024\/07\/DECLARACAO-DE-PLANO-DE-SAUDE.pdf\">Declara\u00e7\u00e3o de Plano de Sa\u00fade<\/a><\/strong><\/li>\n<li><strong><a href=\"http:\/\/www2.unifap.br\/drh\/files\/2024\/05\/FICHA-ADMISSIONAL-DE-DADOS-PESSOAIS-NOVO-SERVIDOR.pdf\">Ficha Admissional de Dados Pessoais<\/a><\/strong><\/li>\n<\/ul>\n<p>&nbsp;<\/p>\n<ul>\n<li><strong><a href=\"http:\/\/www2.unifap.br\/drh\/files\/2024\/07\/FORMULARIO-DE-SOLICITACAO-DE-VACANCIA-POR-POSSE-EM-OUTRO-CARGO.docx.pdf\">Requerimento para Vac\u00e2ncia por Posse em outro Cargo Inacumul\u00e1vel<\/a><\/strong><\/li>\n<li><strong><a href=\"http:\/\/www2.unifap.br\/drh\/files\/2024\/07\/FORMULARIO-DE-SOLICITACAO-DE-EXONERACAO-DO-CARGO-EFETIVO.docx.pdf\">Requerimento de Exonera\u00e7\u00e3o de Cargo Efetivo<\/a><\/strong><\/li>\n<\/ul>\n<p>&nbsp;<\/p>\n<h3><strong>PROVIMENTO<\/strong><\/h3>\n<ul>\n<li><strong><a href=\"http:\/\/www2.unifap.br\/drh\/files\/2022\/12\/1-REQUERIMENTO-EXONERACAO.NOMEACAO-DISP.DESIG-Documentos-Google.pdf\">Requerimento para Exonera\u00e7\u00e3o\/Nomea\u00e7\u00e3o (CD) Dispensa\/Designa\u00e7\u00e3o (FG\/FUC)<\/a><\/strong><\/li>\n<li><strong><a href=\"http:\/\/www2.unifap.br\/drh\/files\/2022\/12\/REQUERIMENTO-DE-SUBSTITUICAO-DE-CARGO-DE-DIRECAO-CD-OU-FUNCAO-GRATIFICADA-FG-FUC.pdf\">Requerimento de Substitui\u00e7\u00e3o de Cargo de Dire\u00e7\u00e3o (CD) ou Fun\u00e7\u00e3o Gratificada (FG\/FUC)<\/a><\/strong><\/li>\n<li><strong><a href=\"http:\/\/www2.unifap.br\/drh\/files\/2022\/12\/DISPENSA-DESIGNACAO-DE-FUNCAO-SEM-REMUNERACAO-SR.pdf\">Requerimento de Dispensa\/Designa\u00e7\u00e3o de Fun\u00e7\u00e3o Sem Remunera\u00e7\u00e3o (SR)<\/a><\/strong><\/li>\n<\/ul>\n<p>&nbsp;<\/p>\n<ul>\n<li><strong><a href=\"http:\/\/www2.unifap.br\/drh\/files\/2022\/12\/DECLARACAO-DE-ACUMULACAO-DE-CARGO-FUNCAO-\u2013-CD-FG-FUC.pdf\">Declara\u00e7\u00e3o de Acumula\u00e7\u00e3o de Cargo\/Fun\u00e7\u00e3o\u2013 CD\/FG\/FUC<\/a><\/strong><\/li>\n<li><strong><a href=\"http:\/\/www2.unifap.br\/drh\/files\/2022\/12\/DECLARACAO-DE-INELEGIBILIDADE-E-PROCESSO-ADMINISTRATIVO-DISCIPLINAR.pdf\">Declara\u00e7\u00e3o de Inelegibilidade e Processo Administrativo Disciplinar<\/a><\/strong><\/li>\n<li><strong><a href=\"http:\/\/www2.unifap.br\/drh\/files\/2022\/12\/DECLARACAO-DE-PARENTESCO.pdf\">Declara\u00e7\u00e3o de Parentesco<\/a><\/strong><\/li>\n<li><strong><a href=\"http:\/\/www2.unifap.br\/drh\/files\/2024\/03\/Declaracao-de-Acumulacao-de-Cargos-Funcoes-ou-Empregos-Publicos.pdf\">Declara\u00e7\u00e3o de Acumula\u00e7\u00e3o de Cargos, Fun\u00e7\u00f5es ou Empregos P\u00fablicos<\/a><\/strong><\/li>\n<\/ul>\n<ul>\n<li><strong><a href=\"http:\/\/www2.unifap.br\/drh\/files\/2022\/09\/1-FORMULARIO-DE-CONTRATACAO-DE-PROFESSOR-SUBSTITUTOpdf.pdf\">Formul\u00e1rio de Contrata\u00e7\u00e3o de Professor Substituto<\/a><\/strong><\/li>\n<li><strong><a href=\"http:\/\/www2.unifap.br\/drh\/files\/2022\/09\/2-FORMULARIO-DE-RENOVACAO-DE-CONTRATO-DE-PROFESSOR-SUBSTITUTO.pdf\">Fomul\u00e1rio de Renova\u00e7\u00e3o de Contrato de Professor Substituto<\/a><\/strong><\/li>\n<li><strong><a href=\"http:\/\/www2.unifap.br\/drh\/files\/2022\/09\/3-FORMULARIO-DE-NAO-RENOVACAO-DE-CONTRATO-DE-PROFESSOR-SUBSTITUTO.pdf\">Formul\u00e1rio de N\u00e3o Renova\u00e7\u00e3o de Contrato de Professor Substituto<\/a><\/strong><\/li>\n<li><strong><a href=\"http:\/\/www2.unifap.br\/drh\/files\/2022\/09\/4-TERMO-DE-CIENCIA-DE-ENCERRAMENTO-DE-CONTRATO.pdf\">Termo de Ci\u00eancia de Encerramento de Contrato de Professor Substituto<\/a><\/strong><\/li>\n<li><strong><a href=\"http:\/\/www2.unifap.br\/drh\/files\/2022\/09\/5-FORMULARIO-DE-RESCISAO-DE-CONTRATO-DE-PROFESSOR-SUBSTITUTO.pdf\">Formul\u00e1rio de Rescis\u00e3o de Contrato de Professor Substituto<\/a><\/strong><\/li>\n<li><strong><a href=\"http:\/\/www2.unifap.br\/drh\/files\/2022\/09\/6-PEDIDO-DE-RESCISAO-DE-CONTRATO.pdf\">Pedido de Rescis\u00e3o de Contrato de Professor Substituto<\/a><\/strong><\/li>\n<li><strong><a href=\"http:\/\/www2.unifap.br\/drh\/files\/2022\/09\/7-TERMO-DE-CIENCIA-DE-RESCISAO-DE-CONTRATO.pdf\">Termo de Ci\u00eancia de Rescis\u00e3o (antecipada) de Contrato de Professor Substituto<\/a><\/strong><\/li>\n<\/ul>\n<h3><strong>APOSENTADORIA E PENS\u00c3O<\/strong><\/h3>\n<ul>\n<li><strong><a href=\"http:\/\/www2.unifap.br\/drh\/files\/2010\/04\/Requerimento-de-Averba\u00e7\u00e3o-de-Tempo-de-Servi\u00e7o.pdf\">Requerimento de Averba\u00e7\u00e3o de Tempo de Servi\u00e7o<\/a><\/strong> (Solicita\u00e7\u00e3o pode ser feita pelo SouGov <a href=\"https:\/\/www.gov.br\/servidor\/pt-br\/acesso-a-informacao\/faq\/sou-gov.br\/tempo-de-contribuicao\"><strong>CLIQUE AQUI<\/strong><\/a> )<\/li>\n<li><strong><a href=\"http:\/\/www2.unifap.br\/drh\/files\/2010\/04\/Requerimento-Abono-Perman\u00eancia.pdf\">Requerimento Abono Perman\u00eancia<\/a>(<\/strong>Solicita\u00e7\u00e3o pode ser feita pelo SouGov <strong><a href=\"https:\/\/www.gov.br\/servidor\/pt-br\/acesso-a-informacao\/faq\/sou-gov.br\/abono-permanencia\/solicitar\">CLIQUE AQUI<\/a>&nbsp;) <\/strong><\/li>\n<li><strong><a href=\"http:\/\/www2.unifap.br\/drh\/files\/2026\/03\/Requerimento-de-Aposentadoria-DIPAP.pdf\">Requerimento de Aposentadoria &#8211; DIPAP<\/a><\/strong><\/li>\n<li><strong><a href=\"http:\/\/www2.unifap.br\/drh\/files\/2010\/04\/Requerimento-de-Isen\u00e7\u00e3o-de-Imposto-de-Renda.pdf\" target=\"_blank\" rel=\"noopener noreferrer\">Requerimento de Isen\u00e7\u00e3o de Imposto de Renda <\/a><\/strong><\/li>\n<li><strong><a href=\"http:\/\/www2.unifap.br\/drh\/files\/2010\/04\/Requerimento-de-Concess\u00e3o-de-Pens\u00e3o-Civil.pdf\">Requerimento de Concess\u00e3o de Pens\u00e3o Civil<\/a><\/strong><\/li>\n<\/ul>\n<h3>&nbsp;<\/h3>\n","protected":false},"excerpt":{"rendered":"<p>Acesse as informa\u00e7\u00f5es acerca do PROCESSO ELETR\u00d4NICO na Unifap clicando Aqui AVISO Os requerimentos de&nbsp;Progress\u00e3o por Capacita\u00e7\u00e3o&nbsp;e&nbsp;Incentivo \u00e0 Qualifica\u00e7\u00e3o&nbsp;s\u00e3o solicitados exclusivamente no SIPAC Clique no link abaixo para acessar as orienta\u00e7\u00f5es de como obter os requerimentos: SIGRH &#8211; FORMUL\u00c1RIOS INCENTIVO E PROGRESS\u00c3O &#8212;&#8212;&#8212;&#8212;&#8212;&#8212;&#8212;&#8212;&#8212;&#8212;&#8212;&#8212;&#8212;&#8212;&#8212;&#8212;&#8212;&#8212;&#8212;&#8212;&#8212;&#8212;&#8212;&#8212;&#8212;&#8212;&#8212;&#8212;&#8212;&#8212;&#8212;&#8212;&#8212;&#8212;&#8211; Clique nos links abaixo para ter acesso aos arquivos em PDF: REQUERIMENTOS&#8230;<\/p>\n","protected":false},"author":655,"featured_media":0,"parent":0,"menu_order":6,"comment_status":"closed","ping_status":"closed","template":"","meta":{"inline_featured_image":false,"ngg_post_thumbnail":0,"footnotes":""},"class_list":["post-278","page","type-page","status-publish","hentry","entry"],"_links":{"self":[{"href":"https:\/\/www2.unifap.br\/drh\/wp-json\/wp\/v2\/pages\/278","targetHints":{"allow":["GET"]}}],"collection":[{"href":"https:\/\/www2.unifap.br\/drh\/wp-json\/wp\/v2\/pages"}],"about":[{"href":"https:\/\/www2.unifap.br\/drh\/wp-json\/wp\/v2\/types\/page"}],"author":[{"embeddable":true,"href":"https:\/\/www2.unifap.br\/drh\/wp-json\/wp\/v2\/users\/655"}],"replies":[{"embeddable":true,"href":"https:\/\/www2.unifap.br\/drh\/wp-json\/wp\/v2\/comments?post=278"}],"version-history":[{"count":259,"href":"https:\/\/www2.unifap.br\/drh\/wp-json\/wp\/v2\/pages\/278\/revisions"}],"predecessor-version":[{"id":20685,"href":"https:\/\/www2.unifap.br\/drh\/wp-json\/wp\/v2\/pages\/278\/revisions\/20685"}],"wp:attachment":[{"href":"https:\/\/www2.unifap.br\/drh\/wp-json\/wp\/v2\/media?parent=278"}],"curies":[{"name":"wp","href":"https:\/\/api.w.org\/{rel}","templated":true}]}}