{"id":3120,"date":"2016-03-23T14:36:30","date_gmt":"2016-03-23T14:36:30","guid":{"rendered":"http:\/\/www2.unifap.br\/drh\/?page_id=3120"},"modified":"2025-06-26T18:08:21","modified_gmt":"2025-06-26T21:08:21","slug":"planejamento-estrategico-da-progep","status":"publish","type":"page","link":"https:\/\/www2.unifap.br\/drh\/planejamento-estrategico-da-progep\/","title":{"rendered":"PLANEJAMENTO ESTRAT\u00c9GICO"},"content":{"rendered":"<h2 style=\"text-align: justify\"><a href=\"http:\/\/www2.unifap.br\/drh\/files\/2025\/06\/PLANEJAMENTO-ESTRATEGICO.pdf\">PLANEJAMENTO ESTRATEGICO<\/a>&nbsp;(2023-2026)<\/h2>\n<h2 style=\"text-align: justify\"><strong>Breve Hist\u00f3rico&nbsp;<\/strong><\/h2>\n<p>Clique no link abaixo para ter acesso ao breve hist\u00f3rico do Planejamento Estrat\u00e9gico da PROGEP (<strong>PDF<\/strong>)<\/p>\n<ul>\n<li><strong style=\"color: #ff0000\"><a href=\"http:\/\/www2.unifap.br\/drh\/files\/2016\/03\/PLANEJAMENTO-ESTRAT\u00c9GICO-ATUALIZA\u00c7\u00c3O-DE-INDICADORES-PANORAMA-.pdf\">PLANEJAMENTO ESTRAT\u00c9GICO &#8211; PROGEP<\/a><\/strong><\/li>\n<\/ul>\n<p style=\"text-align: justify\"><strong><a href=\"http:\/\/www2.unifap.br\/drh\/progep\/missao\/\">MISS\u00c3O<\/a>: Promover pol\u00edticas cont\u00ednuas e eficazes nos processos de gest\u00e3o de pessoas, por meio da valoriza\u00e7\u00e3o humana e profissional dos servidores como aspecto essencial ao alcance dos objetivos institucionais.<\/strong><\/p>\n<p style=\"text-align: justify\"><strong><a href=\"http:\/\/www2.unifap.br\/drh\/progep\/visao\/\">VIS\u00c3O<\/a>: Ser reconhecida regionalmente pela qualidade e efetividade da execu\u00e7\u00e3o e gerenciamento de pol\u00edticas de gest\u00e3o de pessoas<\/strong><\/p>\n<p style=\"text-align: justify\"><strong><a href=\"http:\/\/www2.unifap.br\/drh\/progep\/valores\/\">VALORES<\/a>: Transpar\u00eancia, Comprometimento, \u00c9tica e respeito, Gest\u00e3o Participativa, Sustentabilidade, Inova\u00e7\u00e3o e Informatiza\u00e7\u00e3o, Valoriza\u00e7\u00e3o Humana<\/strong><\/p>\n<p style=\"text-align: justify\"><strong>&nbsp;<\/strong><\/p>\n<p><strong><a href=\"http:\/\/www2.unifap.br\/drh\/files\/2016\/03\/MAPA-ESTRAT\u00c9GICO-PROGEP.jpg\"><img fetchpriority=\"high\" decoding=\"async\" src=\"http:\/\/www2.unifap.br\/drh\/files\/2016\/03\/MAPA-ESTRAT\u00c9GICO-PROGEP.jpg\" alt=\"MAPA ESTRAT\u00c9GICO - PROGEP\" width=\"1365\" height=\"1023\"\/><\/a><\/strong><\/p>\n<p><strong>&nbsp;<\/strong><\/p>\n<p><strong>Indicadores PDI 2015-2016-UNIFAP&nbsp;<\/strong><\/p>\n<p>Acesse os &lt;&lt;<a href=\"http:\/\/www2.unifap.br\/drh\/planejamento-estrategico-da-progep\/indicadores\/\">indicadores<\/a>&gt;&gt; do PDI 2015-2019<\/p>\n<p>Clique no link abaixo para ter acesso ao RELAT\u00d3RIO DO PLANEJAMENTO ESTRAT\u00c9GICO da Progep do ano de 2018:<\/p>\n<p><a role=\"button\" href=\"http:\/\/www2.unifap.br\/drh\/planejamento-estrategico-da-progep\/relatorio-2018\/\"><br \/>\nRELAT\u00d3RIO 2018<br \/>\n<\/a><\/p>\n","protected":false},"excerpt":{"rendered":"<p>PLANEJAMENTO ESTRATEGICO&nbsp;(2023-2026) Breve Hist\u00f3rico&nbsp; Clique no link abaixo para ter acesso ao breve hist\u00f3rico do Planejamento Estrat\u00e9gico da PROGEP (PDF) PLANEJAMENTO ESTRAT\u00c9GICO &#8211; PROGEP MISS\u00c3O: Promover pol\u00edticas cont\u00ednuas e eficazes nos processos de gest\u00e3o de pessoas, por meio da valoriza\u00e7\u00e3o humana e profissional dos servidores como aspecto essencial ao alcance dos objetivos institucionais. VIS\u00c3O: Ser&#8230;<\/p>\n","protected":false},"author":685,"featured_media":0,"parent":0,"menu_order":5,"comment_status":"closed","ping_status":"closed","template":"","meta":{"inline_featured_image":false,"ngg_post_thumbnail":0,"footnotes":""},"class_list":["post-3120","page","type-page","status-publish","hentry","entry"],"_links":{"self":[{"href":"https:\/\/www2.unifap.br\/drh\/wp-json\/wp\/v2\/pages\/3120","targetHints":{"allow":["GET"]}}],"collection":[{"href":"https:\/\/www2.unifap.br\/drh\/wp-json\/wp\/v2\/pages"}],"about":[{"href":"https:\/\/www2.unifap.br\/drh\/wp-json\/wp\/v2\/types\/page"}],"author":[{"embeddable":true,"href":"https:\/\/www2.unifap.br\/drh\/wp-json\/wp\/v2\/users\/685"}],"replies":[{"embeddable":true,"href":"https:\/\/www2.unifap.br\/drh\/wp-json\/wp\/v2\/comments?post=3120"}],"version-history":[{"count":44,"href":"https:\/\/www2.unifap.br\/drh\/wp-json\/wp\/v2\/pages\/3120\/revisions"}],"predecessor-version":[{"id":19859,"href":"https:\/\/www2.unifap.br\/drh\/wp-json\/wp\/v2\/pages\/3120\/revisions\/19859"}],"wp:attachment":[{"href":"https:\/\/www2.unifap.br\/drh\/wp-json\/wp\/v2\/media?parent=3120"}],"curies":[{"name":"wp","href":"https:\/\/api.w.org\/{rel}","templated":true}]}}