{"id":525,"date":"2013-04-02T17:35:45","date_gmt":"2013-04-02T17:35:45","guid":{"rendered":"http:\/\/www2.unifap.br\/drh\/?page_id=525"},"modified":"2024-04-23T13:38:24","modified_gmt":"2024-04-23T13:38:24","slug":"endereco-geap","status":"publish","type":"page","link":"https:\/\/www2.unifap.br\/drh\/saude-do-servidor\/noticias-geap\/endereco-geap\/","title":{"rendered":"Endere\u00e7o e Telefone GEAP"},"content":{"rendered":"<p style=\"text-align: justify\"><span style=\"color: #0000ff\"><strong>CENTRAL DE ATENDIMENTO GEAP<\/strong><\/span><\/p>\n<p style=\"text-align: justify\"><strong>0800 728 8300<\/strong><\/p>\n<p style=\"text-align: justify\"><strong>Endere\u00e7o Macap\u00e1(AP)<\/strong><\/p>\n<p style=\"text-align: justify\"><strong>Avenida Coaracy Nunes, 536 &#8211; Bairro: Centro<\/strong><\/p>\n<p style=\"text-align: justify\"><strong>CEP 68900-010 Fone (96) 2101-4312<\/strong><\/p>\n<p style=\"text-align: justify\"><strong>Macap\u00e1-AP<\/strong><\/p>\n","protected":false},"excerpt":{"rendered":"<p>CENTRAL DE ATENDIMENTO GEAP 0800 728 8300 Endere\u00e7o Macap\u00e1(AP) Avenida Coaracy Nunes, 536 &#8211; Bairro: Centro CEP 68900-010 Fone (96) 2101-4312 Macap\u00e1-AP<\/p>\n","protected":false},"author":860,"featured_media":0,"parent":100,"menu_order":2,"comment_status":"closed","ping_status":"closed","template":"","meta":{"inline_featured_image":false,"ngg_post_thumbnail":0,"footnotes":""},"class_list":["post-525","page","type-page","status-publish","hentry","entry"],"_links":{"self":[{"href":"https:\/\/www2.unifap.br\/drh\/wp-json\/wp\/v2\/pages\/525","targetHints":{"allow":["GET"]}}],"collection":[{"href":"https:\/\/www2.unifap.br\/drh\/wp-json\/wp\/v2\/pages"}],"about":[{"href":"https:\/\/www2.unifap.br\/drh\/wp-json\/wp\/v2\/types\/page"}],"author":[{"embeddable":true,"href":"https:\/\/www2.unifap.br\/drh\/wp-json\/wp\/v2\/users\/860"}],"replies":[{"embeddable":true,"href":"https:\/\/www2.unifap.br\/drh\/wp-json\/wp\/v2\/comments?post=525"}],"version-history":[{"count":11,"href":"https:\/\/www2.unifap.br\/drh\/wp-json\/wp\/v2\/pages\/525\/revisions"}],"predecessor-version":[{"id":9735,"href":"https:\/\/www2.unifap.br\/drh\/wp-json\/wp\/v2\/pages\/525\/revisions\/9735"}],"up":[{"embeddable":true,"href":"https:\/\/www2.unifap.br\/drh\/wp-json\/wp\/v2\/pages\/100"}],"wp:attachment":[{"href":"https:\/\/www2.unifap.br\/drh\/wp-json\/wp\/v2\/media?parent=525"}],"curies":[{"name":"wp","href":"https:\/\/api.w.org\/{rel}","templated":true}]}}