{"id":5709,"date":"2017-01-12T19:10:35","date_gmt":"2017-01-12T19:10:35","guid":{"rendered":"http:\/\/www2.unifap.br\/drh\/?page_id=5709"},"modified":"2024-04-23T13:41:10","modified_gmt":"2024-04-23T13:41:10","slug":"tecnico-administrativo","status":"publish","type":"page","link":"https:\/\/www2.unifap.br\/drh\/desenvolvimento-na-carreira\/tecnico-administrativo\/","title":{"rendered":"T\u00e9cnico-Administrativo"},"content":{"rendered":"<p><a href=\"http:\/\/www2.unifap.br\/drh\/files\/2020\/02\/CAPA.png\"><img fetchpriority=\"high\" decoding=\"async\" class=\"aligncenter size-large wp-image-12768\" src=\"http:\/\/www2.unifap.br\/drh\/files\/2020\/02\/CAPA-1024x575.png\" alt=\"\" width=\"550\" height=\"309\" srcset=\"https:\/\/www2.unifap.br\/drh\/files\/2020\/02\/CAPA-1024x575.png 1024w, https:\/\/www2.unifap.br\/drh\/files\/2020\/02\/CAPA-300x168.png 300w, https:\/\/www2.unifap.br\/drh\/files\/2020\/02\/CAPA-768x431.png 768w, https:\/\/www2.unifap.br\/drh\/files\/2020\/02\/CAPA.png 1450w\" sizes=\"(max-width: 550px) 100vw, 550px\" \/><\/a><\/p>\n<ul>\n<li>\n<h4><a href=\"http:\/\/www2.unifap.br\/drh\/desenvolvimento-2\/\">Desenvolvimento<\/a><\/h4>\n<\/li>\n<li>\n<h4><a href=\"http:\/\/www2.unifap.br\/drh\/legislacao\">Legisla\u00e7\u00e3o<\/a><\/h4>\n<\/li>\n<li>\n<h4><a href=\"https:\/\/www2.unifap.br\/drh\/progressao-por-merito\/\">Progress\u00e3o por M\u00e9rito<\/a><\/h4>\n<\/li>\n<li>\n<h4><a href=\"https:\/\/www2.unifap.br\/drh\/progressao-por-capacitacao\/\">Progress\u00e3o por Capacita\u00e7\u00e3o<\/a><\/h4>\n<\/li>\n<li>\n<h4><a href=\"https:\/\/www2.unifap.br\/drh\/incentivo-a-qualificacao\/\">Incentivo \u00e0 Qualifica\u00e7\u00e3o<\/a><\/h4>\n<\/li>\n<li>\n<h4><a href=\"http:\/\/www2.unifap.br\/drh\/licenca-para-capacitacao\/\">Licen\u00e7a para Capacita\u00e7\u00e3o<\/a><\/h4>\n<\/li>\n<li>\n<h4><a href=\"http:\/\/www2.unifap.br\/drh\/afastamento-para-qualificacao\/\">Afastamento para Qualifica\u00e7\u00e3o<\/a><\/h4>\n<\/li>\n<li>\n<h4><a href=\"http:\/\/www2.unifap.br\/drh\/incentivo-educacional\/\">Incentivo Educacional<\/a><\/h4>\n<\/li>\n<li>\n<h4><a href=\"https:\/\/www2.unifap.br\/drh\/plano-de-desenvolvimento-de-pessoas-2\/\">PLANO DE DESENVOLVIMENTO DE PESSOAS<\/a><\/h4>\n<\/li>\n<\/ul>\n","protected":false},"excerpt":{"rendered":"<p>Desenvolvimento Legisla\u00e7\u00e3o Progress\u00e3o por M\u00e9rito Progress\u00e3o por Capacita\u00e7\u00e3o Incentivo \u00e0 Qualifica\u00e7\u00e3o Licen\u00e7a para Capacita\u00e7\u00e3o Afastamento para Qualifica\u00e7\u00e3o Incentivo Educacional PLANO DE DESENVOLVIMENTO DE PESSOAS<\/p>\n","protected":false},"author":685,"featured_media":0,"parent":3256,"menu_order":0,"comment_status":"closed","ping_status":"closed","template":"","meta":{"inline_featured_image":false,"ngg_post_thumbnail":0,"footnotes":""},"class_list":["post-5709","page","type-page","status-publish","hentry","entry"],"_links":{"self":[{"href":"https:\/\/www2.unifap.br\/drh\/wp-json\/wp\/v2\/pages\/5709","targetHints":{"allow":["GET"]}}],"collection":[{"href":"https:\/\/www2.unifap.br\/drh\/wp-json\/wp\/v2\/pages"}],"about":[{"href":"https:\/\/www2.unifap.br\/drh\/wp-json\/wp\/v2\/types\/page"}],"author":[{"embeddable":true,"href":"https:\/\/www2.unifap.br\/drh\/wp-json\/wp\/v2\/users\/685"}],"replies":[{"embeddable":true,"href":"https:\/\/www2.unifap.br\/drh\/wp-json\/wp\/v2\/comments?post=5709"}],"version-history":[{"count":89,"href":"https:\/\/www2.unifap.br\/drh\/wp-json\/wp\/v2\/pages\/5709\/revisions"}],"predecessor-version":[{"id":13798,"href":"https:\/\/www2.unifap.br\/drh\/wp-json\/wp\/v2\/pages\/5709\/revisions\/13798"}],"up":[{"embeddable":true,"href":"https:\/\/www2.unifap.br\/drh\/wp-json\/wp\/v2\/pages\/3256"}],"wp:attachment":[{"href":"https:\/\/www2.unifap.br\/drh\/wp-json\/wp\/v2\/media?parent=5709"}],"curies":[{"name":"wp","href":"https:\/\/api.w.org\/{rel}","templated":true}]}}