{"id":6415,"date":"2017-01-25T19:08:33","date_gmt":"2017-01-25T19:08:33","guid":{"rendered":"http:\/\/www2.unifap.br\/drh\/?page_id=6415"},"modified":"2024-05-16T12:38:09","modified_gmt":"2024-05-16T15:38:09","slug":"auxilio-natalidade-e-pre-escolar","status":"publish","type":"page","link":"https:\/\/www2.unifap.br\/drh\/manual-do-servidor\/auxilios\/auxilio-natalidade-e-pre-escolar\/","title":{"rendered":"Auxilio Natalidade"},"content":{"rendered":"<p><b>Aux\u00edlio natalidade<\/b><\/p>\n<p>&nbsp;<\/p>\n<p><b>DEFINI\u00c7\u00c3O:<\/b><\/p>\n<p><span style=\"font-weight: 400\">Benef\u00edcio concedido \u00e0 servidora por motivo de nascimento de filho, inclusive no caso de natimorto (crian\u00e7a que nasce sem vida). Se a parturiente (aquela que deu \u00e0 luz) n\u00e3o for servidora, o aux\u00edlio ser\u00e1 requerido pelo pai, na condi\u00e7\u00e3o de servidor.<\/span><\/p>\n<p>&nbsp;<\/p>\n<p><b>REQUISITOS B\u00c1SICOS:<\/b><\/p>\n<p><span style=\"font-weight: 400\">Comprova\u00e7\u00e3o do nascimento de filho(s) do servidor.<\/span><\/p>\n<p>&nbsp;<\/p>\n<p><b>INFORMA\u00c7\u00d5ES IMPORTANTES:<\/b><\/p>\n<p><span style=\"font-weight: 400\">Na hip\u00f3tese de parto m\u00faltiplo (g\u00eameos, trig\u00eameos, etc.) o valor ser\u00e1 acrescido de 50% (cinq\u00fcenta por cento) por nascituro (por crian\u00e7a que nascer com vida);<\/span><\/p>\n<p><span style=\"font-weight: 400\">O aux\u00edlio ser\u00e1 pago ao c\u00f4njuge ou companheiro servidor da Institui\u00e7\u00e3o, quando a parturiente (aquela que deu a luz) n\u00e3o for servidora de \u00f3rg\u00e3o p\u00fablico.<\/span><\/p>\n<p>&nbsp;<\/p>\n<p><b>PROCEDIMENTO E DOCUMENTA\u00c7\u00c3O:<\/b><\/p>\n<p><span style=\"font-weight: 400\">A solicita\u00e7\u00e3o para inclus\u00e3o de dependentes para fins de aux\u00edlio-natalidade, aux\u00edlio pr\u00e9-escolar, acompanhamento de pessoa da fam\u00edlia e dedu\u00e7\u00e3o de imposto dever\u00e1 ser requerida por meio do \u201cCadastro\/Altera\u00e7\u00e3o de Dependente\u201d, no SOUGOV, selecionando as op\u00e7\u00f5es dispon\u00edveis em &#8220;Benef\u00edcio Requerido&#8221;.<\/span><\/p>\n<p>&nbsp;<\/p>\n<p><b>DOCUMENTA\u00c7\u00c3O&nbsp; NECESS\u00c1RIA:<\/b><\/p>\n<ol>\n<li><span style=\"font-weight: 400\"> Certid\u00e3o de nascimento de filho(s), inclusive no caso de natimorto;&nbsp;<\/span><\/li>\n<li><span style=\"font-weight: 400\"> Cadastrar o(s) filho(s) como dependente(s) no m\u00f3dulo de cadastro de dependentes no SouGov;&nbsp;<\/span><\/li>\n<\/ol>\n<p><span style=\"font-weight: 400\">3 . Se a solicita\u00e7\u00e3o for feita pelo pai, informar o CPF da m\u00e3e da crian\u00e7a.<\/span><\/p>\n<p>&nbsp;<\/p>\n<p><span style=\"font-weight: 400\">*Todos os documentos devem ser assinados eletronicamente no sistema<\/span><\/p>\n<p>&nbsp;<\/p>\n<p><b>PROCEDIMENTO:<\/b><\/p>\n<p>&nbsp;<\/p>\n<p><i><span style=\"font-weight: 400\">Etapa<\/span><\/i> <i><span style=\"font-weight: 400\">Unidade<\/span><\/i> <i><span style=\"font-weight: 400\">Procedimento<\/span><\/i><\/p>\n<p><span style=\"font-weight: 400\">1<\/span> <span style=\"font-weight: 400\">SERVIDOR<\/span> <span style=\"font-weight: 400\">Requerimento via SOUGOV&nbsp;<\/span><\/p>\n<p><span style=\"font-weight: 400\">2<\/span> <span style=\"font-weight: 400\">DAP<\/span> <span style=\"font-weight: 400\">An\u00e1lise da instru\u00e7\u00e3o processual<\/span><\/p>\n<p><span style=\"font-weight: 400\">3<\/span> <span style=\"font-weight: 400\">DIPSA<\/span> <span style=\"font-weight: 400\">Ajustes financeiros e conclus\u00e3o da solicita\u00e7\u00e3o<\/span><\/p>\n<p><span style=\"font-weight: 400\">4<\/span> <span style=\"font-weight: 400\">SERVIDOR<\/span> <span style=\"font-weight: 400\">Tomar ci\u00eancia do Processo<\/span><\/p>\n<p>&nbsp;<\/p>\n<p><b>OBSERVA\u00c7\u00c3O:<\/b><span style=\"font-weight: 400\">&nbsp;<\/span><\/p>\n<p><span style=\"font-weight: 400\">A solicita\u00e7\u00e3o para inclus\u00e3o de dependentes para fins de aux\u00edlio-natalidade, aux\u00edlio pr\u00e9-escolar, acompanhamento de pessoa da fam\u00edlia e dedu\u00e7\u00e3o de imposto poder\u00e3o ser solicitados em um \u00fanico pedido.<\/span><\/p>\n<p>&nbsp;<\/p>\n<p><b>BASE LEGAL:<\/b><\/p>\n<p><span style=\"font-weight: 400\">&nbsp;&#8211; Art. 196 da Lei n\u00ba 8.112, de 11\/12\/90&nbsp;<\/span><\/p>\n<p><span style=\"font-weight: 400\">&#8211; Nota T\u00e9cnica n\u00ba. 1008\/2010-CGNOR\/DNOP\/SRH\/MP&nbsp;<\/span><\/p>\n<p><span style=\"font-weight: 400\">&#8211; Lei n\u00ba. 10.855, de 1\u00ba\/07\/2004, com altera\u00e7\u00f5es da Lei n\u00ba. 11.907\/2009&nbsp;<\/span><\/p>\n<p><span style=\"font-weight: 400\">&#8211; Of\u00edcio n\u00ba. 233\/2003\/SRH\/MP&nbsp;<\/span><\/p>\n<p><span style=\"font-weight: 400\">&#8211; Of\u00edcio-Circular n\u00ba 11\/1996\/SRH\/MARE<\/span><\/p>\n<p>&nbsp;<\/p>\n<p><a href=\"https:\/\/www.gov.br\/servidor\/pt-br\/acesso-a-informacao\/faq\/sou-gov.br\/auxilio-natalidade\"><b>SOUGOV TUTORIAL<\/b><\/a><\/p>\n","protected":false},"excerpt":{"rendered":"<p>Aux\u00edlio natalidade &nbsp; DEFINI\u00c7\u00c3O: Benef\u00edcio concedido \u00e0 servidora por motivo de nascimento de filho, inclusive no caso de natimorto (crian\u00e7a que nasce sem vida). Se a parturiente (aquela que deu \u00e0 luz) n\u00e3o for servidora, o aux\u00edlio ser\u00e1 requerido pelo pai, na condi\u00e7\u00e3o de servidor. &nbsp; REQUISITOS B\u00c1SICOS: Comprova\u00e7\u00e3o do nascimento de filho(s) do servidor&#8230;.<\/p>\n","protected":false},"author":685,"featured_media":0,"parent":6412,"menu_order":2,"comment_status":"open","ping_status":"open","template":"","meta":{"inline_featured_image":false,"ngg_post_thumbnail":0,"footnotes":""},"class_list":["post-6415","page","type-page","status-publish","hentry","entry"],"_links":{"self":[{"href":"https:\/\/www2.unifap.br\/drh\/wp-json\/wp\/v2\/pages\/6415","targetHints":{"allow":["GET"]}}],"collection":[{"href":"https:\/\/www2.unifap.br\/drh\/wp-json\/wp\/v2\/pages"}],"about":[{"href":"https:\/\/www2.unifap.br\/drh\/wp-json\/wp\/v2\/types\/page"}],"author":[{"embeddable":true,"href":"https:\/\/www2.unifap.br\/drh\/wp-json\/wp\/v2\/users\/685"}],"replies":[{"embeddable":true,"href":"https:\/\/www2.unifap.br\/drh\/wp-json\/wp\/v2\/comments?post=6415"}],"version-history":[{"count":18,"href":"https:\/\/www2.unifap.br\/drh\/wp-json\/wp\/v2\/pages\/6415\/revisions"}],"predecessor-version":[{"id":18370,"href":"https:\/\/www2.unifap.br\/drh\/wp-json\/wp\/v2\/pages\/6415\/revisions\/18370"}],"up":[{"embeddable":true,"href":"https:\/\/www2.unifap.br\/drh\/wp-json\/wp\/v2\/pages\/6412"}],"wp:attachment":[{"href":"https:\/\/www2.unifap.br\/drh\/wp-json\/wp\/v2\/media?parent=6415"}],"curies":[{"name":"wp","href":"https:\/\/api.w.org\/{rel}","templated":true}]}}