{"id":8980,"date":"2017-10-19T13:31:47","date_gmt":"2017-10-19T13:31:47","guid":{"rendered":"http:\/\/www2.unifap.br\/drh\/?page_id=8980"},"modified":"2019-05-21T19:31:52","modified_gmt":"2019-05-21T19:31:52","slug":"licenca-medica","status":"publish","type":"page","link":"https:\/\/www2.unifap.br\/drh\/saude-do-servidor\/licenca-medica\/","title":{"rendered":"Licen\u00e7a M\u00e9dica"},"content":{"rendered":"<p><a href=\"http:\/\/www2.unifap.br\/drh\/files\/2017\/10\/licen\u00e7a-m\u00e9dica.jpg\"><img fetchpriority=\"high\" decoding=\"async\" class=\"alignnone size-full wp-image-8982\" src=\"http:\/\/www2.unifap.br\/drh\/files\/2017\/10\/licen\u00e7a-m\u00e9dica.jpg\" alt=\"licen\u00e7a m\u00e9dica\" width=\"840\" height=\"400\" srcset=\"https:\/\/www2.unifap.br\/drh\/files\/2017\/10\/licen\u00e7a-m\u00e9dica.jpg 840w, https:\/\/www2.unifap.br\/drh\/files\/2017\/10\/licen\u00e7a-m\u00e9dica-300x142.jpg 300w\" sizes=\"(max-width: 840px) 100vw, 840px\" \/><\/a><\/p>\n<p><strong>Segue para conhecimento dos Servidores da Unifap informa\u00e7\u00f5es a respeito de como proceder diante de casos de&nbsp;<span style=\"color: #008000\">LICEN\u00c7A M\u00c9DICA<\/span><\/strong><\/p>\n<ul>\n<li><a href=\"http:\/\/www2.unifap.br\/drh\/2018\/12\/18\/manual-do-servidor-e-familiar-siass\/\" target=\"_blank\" rel=\"noopener\"><span style=\"color: #0000ff\"><strong>&nbsp;MANUAL DO SERVIDOR E FAMILIAR &#8211; SIASS<\/strong><\/span><\/a><\/li>\n<\/ul>\n<p>Clique no link abaixo para obter as instru\u00e7\u00f5es:<\/p>\n<ul>\n<li><span style=\"color: #0000ff\"><strong><a href=\"http:\/\/www2.unifap.br\/drh\/files\/2017\/10\/LICEN%C3%87A-M%C3%89DICA-INFORMA%C3%87%C3%95ES-ACOLHIMENTO.pdf\"><span style=\"color: #0000ff\">LICEN\u00c7A M\u00c9DICA \u2013 INFORMA\u00c7\u00d5ES ACOLHIMENTO<\/span><\/a><\/strong><\/span><\/li>\n<\/ul>\n","protected":false},"excerpt":{"rendered":"<p>Segue para conhecimento dos Servidores da Unifap informa\u00e7\u00f5es a respeito de como proceder diante de casos de&nbsp;LICEN\u00c7A M\u00c9DICA &nbsp;MANUAL DO SERVIDOR E FAMILIAR &#8211; SIASS Clique no link abaixo para obter as instru\u00e7\u00f5es: LICEN\u00c7A M\u00c9DICA \u2013 INFORMA\u00c7\u00d5ES ACOLHIMENTO<\/p>\n","protected":false},"author":685,"featured_media":0,"parent":5270,"menu_order":2,"comment_status":"open","ping_status":"open","template":"fullwidth.php","meta":{"inline_featured_image":false,"ngg_post_thumbnail":0,"footnotes":""},"class_list":["post-8980","page","type-page","status-publish","hentry","entry"],"_links":{"self":[{"href":"https:\/\/www2.unifap.br\/drh\/wp-json\/wp\/v2\/pages\/8980","targetHints":{"allow":["GET"]}}],"collection":[{"href":"https:\/\/www2.unifap.br\/drh\/wp-json\/wp\/v2\/pages"}],"about":[{"href":"https:\/\/www2.unifap.br\/drh\/wp-json\/wp\/v2\/types\/page"}],"author":[{"embeddable":true,"href":"https:\/\/www2.unifap.br\/drh\/wp-json\/wp\/v2\/users\/685"}],"replies":[{"embeddable":true,"href":"https:\/\/www2.unifap.br\/drh\/wp-json\/wp\/v2\/comments?post=8980"}],"version-history":[{"count":5,"href":"https:\/\/www2.unifap.br\/drh\/wp-json\/wp\/v2\/pages\/8980\/revisions"}],"predecessor-version":[{"id":11298,"href":"https:\/\/www2.unifap.br\/drh\/wp-json\/wp\/v2\/pages\/8980\/revisions\/11298"}],"up":[{"embeddable":true,"href":"https:\/\/www2.unifap.br\/drh\/wp-json\/wp\/v2\/pages\/5270"}],"wp:attachment":[{"href":"https:\/\/www2.unifap.br\/drh\/wp-json\/wp\/v2\/media?parent=8980"}],"curies":[{"name":"wp","href":"https:\/\/api.w.org\/{rel}","templated":true}]}}